{"id":12757,"date":"2021-11-30T23:58:20","date_gmt":"2021-11-30T22:58:20","guid":{"rendered":"https:\/\/ifa.uwr.edu.pl\/?page_id=12757"},"modified":"2022-03-15T11:31:43","modified_gmt":"2022-03-15T10:31:43","slug":"anglica-wratislaviensia","status":"publish","type":"page","link":"https:\/\/ifa.uwr.edu.pl\/en\/anglica-wratislaviensia\/","title":{"rendered":"Anglica Wratislaviensia"},"content":{"rendered":"\n<div class=\"wp-block-ugb-container ugb-container ugb-8dda971 ugb-container--v2 ugb-container--design-plain ugb-main-block\"><div class=\"ugb-inner-block\"><div class=\"ugb-block-content\"><div class=\"ugb-container__wrapper ugb-8dda971-wrapper\"><div class=\"ugb-container__side\"><div class=\"ugb-container__content-wrapper ugb-8dda971-content-wrapper\">\n<div class=\"wp-block-columns bs-news-page is-layout-flex wp-block-columns-is-layout-flex\">\n<div class=\"wp-block-column bs-kontakt-photo is-layout-flow wp-block-column-is-layout-flow\">\n<figure class=\"wp-block-image size-large\"><img decoding=\"async\" src=\"https:\/\/ifa.uwr.edu.pl\/wp-content\/uploads\/sites\/18\/2021\/05\/P7A2417-1024x683.jpg\" alt=\"\" class=\"wp-image-2135\"\/><\/figure>\n<\/div>\n\n\n\n<div class=\"wp-block-column bs-contact-right-column is-layout-flow wp-block-column-is-layout-flow\">\n<div class=\"wp-block-bonasoft-modular-breadcrumbs-block\"><div class=\"bs_add_breadcrumb_trail\"><\/div><\/div>\n\n\n\n<hr class=\"wp-block-separator has-text-color has-background has-black-background-color has-black-color is-style-wide bs-border-kontakt\"\/>\n\n\n\n<h1 class=\"has-text-align-center bs-naglowek-podstrony wp-block-heading\" id=\"anglica-wratislaviensia\"><strong>Anglica Wratislaviensia<\/strong><\/h1>\n\n\n\n<p class=\"has-text-align-center\"><a href=\"https:\/\/ifa.uwr.edu.pl\/anglica-wratislaviensia\/about-us\/\"><strong>About Us<\/strong><\/a><br><a href=\"https:\/\/ifa.uwr.edu.pl\/anglica-wratislaviensia\/editorial-information\/\">Editorial Information<\/a><br><a href=\"https:\/\/ifa.uwr.edu.pl\/anglica-wratislaviensia\/contact\/\">Contact<\/a><br><br><strong>Policies<\/strong><br><a href=\"https:\/\/ifa.uwr.edu.pl\/anglica-wratislaviensia\/focus-and-scope\/\">Focus and Scope<\/a><br><a href=\"https:\/\/ifa.uwr.edu.pl\/anglica-wratislaviensia\/open-access-policy\/\">Open Access Policy<\/a><br><a href=\"https:\/\/ifa.uwr.edu.pl\/anglica-wratislaviensia\/section-policies\/\">Section Policies<\/a><br><a href=\"https:\/\/ifa.uwr.edu.pl\/anglica-wratislaviensia\/peer-review-process\/\">Peer Review Process<\/a><br><a href=\"https:\/\/ifa.uwr.edu.pl\/anglica-wratislaviensia\/publishing-ethics\/\">Publishing Ethics<\/a><br><a href=\"https:\/\/ifa.uwr.edu.pl\/anglica-wratislaviensia\/reviewers\/\">Reviewers<\/a><br><br><strong>Submissions<\/strong><br><a href=\"https:\/\/ifa.uwr.edu.pl\/anglica-wratislaviensia\/online-submissions\/\">Online Submissions<\/a><br><a href=\"https:\/\/ifa.uwr.edu.pl\/anglica-wratislaviensia\/advice-to-authors\/\">Advice to Authors<\/a><br><a href=\"https:\/\/ifa.uwr.edu.pl\/anglica-wratislaviensia\/statement-of-originality\/\">Statement of Originality<\/a><br><a href=\"https:\/\/ifa.uwr.edu.pl\/anglica-wratislaviensia\/privacy-statement\/\">Privacy Statement<\/a><br><strong><br>Current Issue &amp; Back Issues<\/strong><br><a href=\"https:\/\/ifa.uwr.edu.pl\/anglica-wratislaviensia\/current-issue\/\">Current Issue<\/a><br><a href=\"https:\/\/ifa.uwr.edu.pl\/anglica-wratislaviensia\/back-issues-in-pdf\/\">Back Issues in PDF<\/a><br><br><strong>Documents for Downloading<\/strong><br><a href=\"https:\/\/ifa.uwr.edu.pl\/anglica-wratislaviensia\/publishing-guidelines\/\">Publishing Guidelines<\/a><br><a href=\"https:\/\/ifa.uwr.edu.pl\/wp-content\/uploads\/sites\/18\/2022\/01\/Guidelines-for-Reviewers-AW.docx\">Guidelines for Reviewers<\/a><br><br><strong>Announcements<br><\/strong><a href=\"https:\/\/ifa.uwr.edu.pl\/anglica-wratislaviensia\/current-information\/\">Current Information<\/a><\/p>\n<\/div>\n<\/div>\n\n\n\n<div class=\"wp-block-ugb-container ugb-container bs-news-page-under ugb-f8694ce ugb-container--v2 ugb-container--design-plain ugb-main-block\"><div class=\"ugb-inner-block\"><div class=\"ugb-block-content\"><div class=\"ugb-container__wrapper ugb-f8694ce-wrapper\"><div class=\"ugb-container__side\"><div class=\"ugb-container__content-wrapper ugb-f8694ce-content-wrapper\"><\/div><\/div><\/div><\/div><\/div><\/div>\n<\/div><\/div><\/div><\/div><\/div><\/div>\n","protected":false},"excerpt":{"rendered":"<p>Anglica Wratislaviensia About UsEditorial InformationContact PoliciesFocus and ScopeOpen Access PolicySection PoliciesPeer Review ProcessPublishing EthicsReviewers SubmissionsOnline SubmissionsAdvice to AuthorsStatement of OriginalityPrivacy StatementCurrent Issue &amp; Back IssuesCurrent IssueBack Issues in PDF Documents for DownloadingPublishing GuidelinesGuidelines for Reviewers AnnouncementsCurrent Information<\/p>\n","protected":false},"author":57,"featured_media":0,"parent":0,"menu_order":0,"comment_status":"closed","ping_status":"closed","template":"","meta":{"_acf_changed":false,"inline_featured_image":false,"site-sidebar-layout":"","site-content-layout":"","ast-site-content-layout":"default","site-content-style":"default","site-sidebar-style":"default","ast-global-header-display":"","ast-banner-title-visibility":"","ast-main-header-display":"","ast-hfb-above-header-display":"","ast-hfb-below-header-display":"","ast-hfb-mobile-header-display":"","site-post-title":"","ast-breadcrumbs-content":"","ast-featured-img":"","footer-sml-layout":"","ast-disable-related-posts":"","theme-transparent-header-meta":"","adv-header-id-meta":"","stick-header-meta":"","header-above-stick-meta":"","header-main-stick-meta":"","header-below-stick-meta":"","astra-migrate-meta-layouts":"default","ast-page-background-enabled":"default","ast-page-background-meta":{"desktop":{"background-color":"","background-image":"","background-repeat":"repeat","background-position":"center center","background-size":"auto","background-attachment":"scroll","background-type":"","background-media":"","overlay-type":"","overlay-color":"","overlay-opacity":"","overlay-gradient":""},"tablet":{"background-color":"","background-image":"","background-repeat":"repeat","background-position":"center center","background-size":"auto","background-attachment":"scroll","background-type":"","background-media":"","overlay-type":"","overlay-color":"","overlay-opacity":"","overlay-gradient":""},"mobile":{"background-color":"","background-image":"","background-repeat":"repeat","background-position":"center center","background-size":"auto","background-attachment":"scroll","background-type":"","background-media":"","overlay-type":"","overlay-color":"","overlay-opacity":"","overlay-gradient":""}},"ast-content-background-meta":{"desktop":{"background-color":"var(--ast-global-color-5)","background-image":"","background-repeat":"repeat","background-position":"center center","background-size":"auto","background-attachment":"scroll","background-type":"","background-media":"","overlay-type":"","overlay-color":"","overlay-opacity":"","overlay-gradient":""},"tablet":{"background-color":"var(--ast-global-color-5)","background-image":"","background-repeat":"repeat","background-position":"center center","background-size":"auto","background-attachment":"scroll","background-type":"","background-media":"","overlay-type":"","overlay-color":"","overlay-opacity":"","overlay-gradient":""},"mobile":{"background-color":"var(--ast-global-color-5)","background-image":"","background-repeat":"repeat","background-position":"center center","background-size":"auto","background-attachment":"scroll","background-type":"","background-media":"","overlay-type":"","overlay-color":"","overlay-opacity":"","overlay-gradient":""}},"footnotes":""},"categories":[],"tags":[],"class_list":["post-12757","page","type-page","status-publish","hentry"],"featured_image_urls_v2":{"full":"","thumbnail":"","medium":"","medium_large":"","large":"","1536x1536":"","2048x2048":"","menu-24x24":"","menu-36x36":"","menu-48x48":""},"post_excerpt_stackable_v2":"<p>Anglica Wratislaviensia About UsEditorial InformationContactPoliciesFocus and ScopeOpen Access PolicySection PoliciesPeer Review ProcessPublishing EthicsReviewersSubmissionsOnline SubmissionsAdvice to AuthorsStatement of OriginalityPrivacy StatementCurrent Issue &amp; Back IssuesCurrent IssueBack Issues in PDFDocuments for DownloadingPublishing GuidelinesGuidelines for ReviewersAnnouncementsCurrent Information<\/p>\n","category_list_v2":"Uncategorized","author_info_v2":{"name":"ikubon","url":"https:\/\/ifa.uwr.edu.pl\/en\/author\/ikubon\/"},"comments_num_v2":"0 comments","acf":[],"yoast_head":"<!-- This site is optimized with the Yoast SEO plugin v27.1.1 - https:\/\/yoast.com\/product\/yoast-seo-wordpress\/ -->\n<title>Anglica Wratislaviensia - Instytut Filologii Angielskiej<\/title>\n<meta name=\"description\" content=\"Instytut Filologii Angielskiej Uniwersytetu Wroc\u0142awskiego \u2013 jednostka dydaktyczno-naukowa nale\u017c\u0105ca do struktur Wydzia\u0142u Filologicznego Uniwersytetu Wroc\u0142awskiego.\" \/>\n<meta name=\"robots\" content=\"index, follow, max-snippet:-1, max-image-preview:large, max-video-preview:-1\" \/>\n<link rel=\"canonical\" href=\"https:\/\/ifa.uwr.edu.pl\/en\/anglica-wratislaviensia\/\" \/>\n<meta property=\"og:locale\" content=\"en_US\" \/>\n<meta property=\"og:type\" content=\"article\" \/>\n<meta property=\"og:title\" content=\"Anglica Wratislaviensia - Instytut Filologii Angielskiej\" \/>\n<meta property=\"og:description\" content=\"Instytut Filologii Angielskiej Uniwersytetu Wroc\u0142awskiego \u2013 jednostka dydaktyczno-naukowa nale\u017c\u0105ca do struktur Wydzia\u0142u Filologicznego Uniwersytetu Wroc\u0142awskiego.\" \/>\n<meta property=\"og:url\" content=\"https:\/\/ifa.uwr.edu.pl\/en\/anglica-wratislaviensia\/\" \/>\n<meta property=\"og:site_name\" content=\"Instytut Filologii Angielskiej\" \/>\n<meta property=\"article:modified_time\" content=\"2022-03-15T10:31:43+00:00\" \/>\n<meta property=\"og:image\" content=\"https:\/\/ifa.uwr.edu.pl\/wp-content\/uploads\/sites\/18\/2021\/05\/P7A2417-1024x683.jpg\" \/>\n<meta name=\"twitter:card\" content=\"summary_large_image\" \/>\n<meta name=\"twitter:label1\" content=\"Est. reading time\" \/>\n\t<meta name=\"twitter:data1\" content=\"1 minute\" \/>\n<script type=\"application\/ld+json\" class=\"yoast-schema-graph\">{\"@context\":\"https:\/\/schema.org\",\"@graph\":[{\"@type\":\"WebPage\",\"@id\":\"https:\/\/ifa.uwr.edu.pl\/en\/anglica-wratislaviensia\/\",\"url\":\"https:\/\/ifa.uwr.edu.pl\/en\/anglica-wratislaviensia\/\",\"name\":\"Anglica Wratislaviensia - Instytut Filologii Angielskiej\",\"isPartOf\":{\"@id\":\"https:\/\/ifa.uwr.edu.pl\/#website\"},\"primaryImageOfPage\":{\"@id\":\"https:\/\/ifa.uwr.edu.pl\/en\/anglica-wratislaviensia\/#primaryimage\"},\"image\":{\"@id\":\"https:\/\/ifa.uwr.edu.pl\/en\/anglica-wratislaviensia\/#primaryimage\"},\"thumbnailUrl\":\"https:\/\/ifa.uwr.edu.pl\/wp-content\/uploads\/sites\/18\/2021\/05\/P7A2417-1024x683.jpg\",\"datePublished\":\"2021-11-30T22:58:20+00:00\",\"dateModified\":\"2022-03-15T10:31:43+00:00\",\"description\":\"Instytut Filologii Angielskiej Uniwersytetu Wroc\u0142awskiego \u2013 jednostka dydaktyczno-naukowa nale\u017c\u0105ca do struktur Wydzia\u0142u Filologicznego Uniwersytetu Wroc\u0142awskiego.\",\"breadcrumb\":{\"@id\":\"https:\/\/ifa.uwr.edu.pl\/en\/anglica-wratislaviensia\/#breadcrumb\"},\"inLanguage\":\"en-US\",\"potentialAction\":[{\"@type\":\"ReadAction\",\"target\":[\"https:\/\/ifa.uwr.edu.pl\/en\/anglica-wratislaviensia\/\"]}]},{\"@type\":\"ImageObject\",\"inLanguage\":\"en-US\",\"@id\":\"https:\/\/ifa.uwr.edu.pl\/en\/anglica-wratislaviensia\/#primaryimage\",\"url\":\"https:\/\/ifa.uwr.edu.pl\/wp-content\/uploads\/sites\/18\/2021\/05\/P7A2417-1024x683.jpg\",\"contentUrl\":\"https:\/\/ifa.uwr.edu.pl\/wp-content\/uploads\/sites\/18\/2021\/05\/P7A2417-1024x683.jpg\"},{\"@type\":\"BreadcrumbList\",\"@id\":\"https:\/\/ifa.uwr.edu.pl\/en\/anglica-wratislaviensia\/#breadcrumb\",\"itemListElement\":[{\"@type\":\"ListItem\",\"position\":1,\"name\":\"Strona g\u0142\u00f3wna\",\"item\":\"https:\/\/ifa.uwr.edu.pl\/en\/\"},{\"@type\":\"ListItem\",\"position\":2,\"name\":\"Anglica Wratislaviensia\"}]},{\"@type\":\"WebSite\",\"@id\":\"https:\/\/ifa.uwr.edu.pl\/#website\",\"url\":\"https:\/\/ifa.uwr.edu.pl\/\",\"name\":\"Instytut Filologii Angielskiej\",\"description\":\"Instytut Filologii Angielskiej\",\"publisher\":{\"@id\":\"https:\/\/ifa.uwr.edu.pl\/#organization\"},\"potentialAction\":[{\"@type\":\"SearchAction\",\"target\":{\"@type\":\"EntryPoint\",\"urlTemplate\":\"https:\/\/ifa.uwr.edu.pl\/?s={search_term_string}\"},\"query-input\":{\"@type\":\"PropertyValueSpecification\",\"valueRequired\":true,\"valueName\":\"search_term_string\"}}],\"inLanguage\":\"en-US\"},{\"@type\":\"Organization\",\"@id\":\"https:\/\/ifa.uwr.edu.pl\/#organization\",\"name\":\"Instytut Filologii Angielskiej\",\"url\":\"https:\/\/ifa.uwr.edu.pl\/\",\"logo\":{\"@type\":\"ImageObject\",\"inLanguage\":\"en-US\",\"@id\":\"https:\/\/ifa.uwr.edu.pl\/#\/schema\/logo\/image\/\",\"url\":\"https:\/\/ifa.uwr.edu.pl\/wp-content\/uploads\/sites\/18\/2025\/10\/cropped-UWr-logotyp-2025.png\",\"contentUrl\":\"https:\/\/ifa.uwr.edu.pl\/wp-content\/uploads\/sites\/18\/2025\/10\/cropped-UWr-logotyp-2025.png\",\"width\":764,\"height\":269,\"caption\":\"Instytut Filologii Angielskiej\"},\"image\":{\"@id\":\"https:\/\/ifa.uwr.edu.pl\/#\/schema\/logo\/image\/\"}}]}<\/script>\n<!-- \/ Yoast SEO plugin. -->","yoast_head_json":{"title":"Anglica Wratislaviensia - Instytut Filologii Angielskiej","description":"Instytut Filologii Angielskiej Uniwersytetu Wroc\u0142awskiego \u2013 jednostka dydaktyczno-naukowa nale\u017c\u0105ca do struktur Wydzia\u0142u Filologicznego Uniwersytetu Wroc\u0142awskiego.","robots":{"index":"index","follow":"follow","max-snippet":"max-snippet:-1","max-image-preview":"max-image-preview:large","max-video-preview":"max-video-preview:-1"},"canonical":"https:\/\/ifa.uwr.edu.pl\/en\/anglica-wratislaviensia\/","og_locale":"en_US","og_type":"article","og_title":"Anglica Wratislaviensia - Instytut Filologii Angielskiej","og_description":"Instytut Filologii Angielskiej Uniwersytetu Wroc\u0142awskiego \u2013 jednostka dydaktyczno-naukowa nale\u017c\u0105ca do struktur Wydzia\u0142u Filologicznego Uniwersytetu Wroc\u0142awskiego.","og_url":"https:\/\/ifa.uwr.edu.pl\/en\/anglica-wratislaviensia\/","og_site_name":"Instytut Filologii Angielskiej","article_modified_time":"2022-03-15T10:31:43+00:00","og_image":[{"url":"https:\/\/ifa.uwr.edu.pl\/wp-content\/uploads\/sites\/18\/2021\/05\/P7A2417-1024x683.jpg","type":"","width":"","height":""}],"twitter_card":"summary_large_image","twitter_misc":{"Est. reading time":"1 minute"},"schema":{"@context":"https:\/\/schema.org","@graph":[{"@type":"WebPage","@id":"https:\/\/ifa.uwr.edu.pl\/en\/anglica-wratislaviensia\/","url":"https:\/\/ifa.uwr.edu.pl\/en\/anglica-wratislaviensia\/","name":"Anglica Wratislaviensia - Instytut Filologii Angielskiej","isPartOf":{"@id":"https:\/\/ifa.uwr.edu.pl\/#website"},"primaryImageOfPage":{"@id":"https:\/\/ifa.uwr.edu.pl\/en\/anglica-wratislaviensia\/#primaryimage"},"image":{"@id":"https:\/\/ifa.uwr.edu.pl\/en\/anglica-wratislaviensia\/#primaryimage"},"thumbnailUrl":"https:\/\/ifa.uwr.edu.pl\/wp-content\/uploads\/sites\/18\/2021\/05\/P7A2417-1024x683.jpg","datePublished":"2021-11-30T22:58:20+00:00","dateModified":"2022-03-15T10:31:43+00:00","description":"Instytut Filologii Angielskiej Uniwersytetu Wroc\u0142awskiego \u2013 jednostka dydaktyczno-naukowa nale\u017c\u0105ca do struktur Wydzia\u0142u Filologicznego Uniwersytetu Wroc\u0142awskiego.","breadcrumb":{"@id":"https:\/\/ifa.uwr.edu.pl\/en\/anglica-wratislaviensia\/#breadcrumb"},"inLanguage":"en-US","potentialAction":[{"@type":"ReadAction","target":["https:\/\/ifa.uwr.edu.pl\/en\/anglica-wratislaviensia\/"]}]},{"@type":"ImageObject","inLanguage":"en-US","@id":"https:\/\/ifa.uwr.edu.pl\/en\/anglica-wratislaviensia\/#primaryimage","url":"https:\/\/ifa.uwr.edu.pl\/wp-content\/uploads\/sites\/18\/2021\/05\/P7A2417-1024x683.jpg","contentUrl":"https:\/\/ifa.uwr.edu.pl\/wp-content\/uploads\/sites\/18\/2021\/05\/P7A2417-1024x683.jpg"},{"@type":"BreadcrumbList","@id":"https:\/\/ifa.uwr.edu.pl\/en\/anglica-wratislaviensia\/#breadcrumb","itemListElement":[{"@type":"ListItem","position":1,"name":"Strona g\u0142\u00f3wna","item":"https:\/\/ifa.uwr.edu.pl\/en\/"},{"@type":"ListItem","position":2,"name":"Anglica Wratislaviensia"}]},{"@type":"WebSite","@id":"https:\/\/ifa.uwr.edu.pl\/#website","url":"https:\/\/ifa.uwr.edu.pl\/","name":"Instytut Filologii Angielskiej","description":"Instytut Filologii Angielskiej","publisher":{"@id":"https:\/\/ifa.uwr.edu.pl\/#organization"},"potentialAction":[{"@type":"SearchAction","target":{"@type":"EntryPoint","urlTemplate":"https:\/\/ifa.uwr.edu.pl\/?s={search_term_string}"},"query-input":{"@type":"PropertyValueSpecification","valueRequired":true,"valueName":"search_term_string"}}],"inLanguage":"en-US"},{"@type":"Organization","@id":"https:\/\/ifa.uwr.edu.pl\/#organization","name":"Instytut Filologii Angielskiej","url":"https:\/\/ifa.uwr.edu.pl\/","logo":{"@type":"ImageObject","inLanguage":"en-US","@id":"https:\/\/ifa.uwr.edu.pl\/#\/schema\/logo\/image\/","url":"https:\/\/ifa.uwr.edu.pl\/wp-content\/uploads\/sites\/18\/2025\/10\/cropped-UWr-logotyp-2025.png","contentUrl":"https:\/\/ifa.uwr.edu.pl\/wp-content\/uploads\/sites\/18\/2025\/10\/cropped-UWr-logotyp-2025.png","width":764,"height":269,"caption":"Instytut Filologii Angielskiej"},"image":{"@id":"https:\/\/ifa.uwr.edu.pl\/#\/schema\/logo\/image\/"}}]}},"publishpress_future_action":{"enabled":false,"date":"2026-05-01 21:38:20","action":"change-status","newStatus":"draft","terms":[],"taxonomy":"category","extraData":[]},"publishpress_future_workflow_manual_trigger":{"enabledWorkflows":[]},"_links":{"self":[{"href":"https:\/\/ifa.uwr.edu.pl\/en\/wp-json\/wp\/v2\/pages\/12757\/"}],"collection":[{"href":"https:\/\/ifa.uwr.edu.pl\/en\/wp-json\/wp\/v2\/pages\/"}],"about":[{"href":"https:\/\/ifa.uwr.edu.pl\/en\/wp-json\/wp\/v2\/types\/page\/"}],"author":[{"embeddable":true,"href":"https:\/\/ifa.uwr.edu.pl\/en\/wp-json\/wp\/v2\/users\/57\/"}],"replies":[{"embeddable":true,"href":"https:\/\/ifa.uwr.edu.pl\/en\/wp-json\/wp\/v2\/comments\/?post=12757"}],"version-history":[{"count":2,"href":"https:\/\/ifa.uwr.edu.pl\/en\/wp-json\/wp\/v2\/pages\/12757\/revisions\/"}],"predecessor-version":[{"id":18197,"href":"https:\/\/ifa.uwr.edu.pl\/en\/wp-json\/wp\/v2\/pages\/12757\/revisions\/18197\/"}],"wp:attachment":[{"href":"https:\/\/ifa.uwr.edu.pl\/en\/wp-json\/wp\/v2\/media\/?parent=12757"}],"wp:term":[{"taxonomy":"category","embeddable":true,"href":"https:\/\/ifa.uwr.edu.pl\/en\/wp-json\/wp\/v2\/categories\/?post=12757"},{"taxonomy":"post_tag","embeddable":true,"href":"https:\/\/ifa.uwr.edu.pl\/en\/wp-json\/wp\/v2\/tags\/?post=12757"}],"curies":[{"name":"wp","href":"https:\/\/api.w.org\/{rel}","templated":true}]}}