{"id":19530,"date":"2023-01-05T11:44:20","date_gmt":"2023-01-05T10:44:20","guid":{"rendered":"https:\/\/ifa.uwr.edu.pl\/?page_id=19530"},"modified":"2026-03-02T17:46:17","modified_gmt":"2026-03-02T16:46:17","slug":"staff","status":"publish","type":"page","link":"https:\/\/ifa.uwr.edu.pl\/en\/staff\/","title":{"rendered":"Staff"},"content":{"rendered":"\n<div class=\"wp-block-ugb-container ugb-container ugb-8dda971 ugb-container--v2 ugb-container--design-plain ugb-main-block\"><div class=\"ugb-inner-block\"><div class=\"ugb-block-content\"><div class=\"ugb-container__wrapper ugb-8dda971-wrapper\"><div class=\"ugb-container__side\"><div class=\"ugb-container__content-wrapper ugb-8dda971-content-wrapper\">\n<div class=\"wp-block-columns bs-news-page is-layout-flex wp-block-columns-is-layout-flex\">\n<div class=\"wp-block-column bs-kontakt-photo is-layout-flow wp-block-column-is-layout-flow\">\n<figure class=\"wp-block-image size-full\"><img loading=\"lazy\" decoding=\"async\" width=\"4000\" height=\"2670\" src=\"https:\/\/ifa.uwr.edu.pl\/wp-content\/uploads\/sites\/18\/2026\/03\/IFA-wczoraj-9.jpg\" alt=\"OM\" class=\"wp-image-32473\" srcset=\"https:\/\/ifa.uwr.edu.pl\/wp-content\/uploads\/sites\/18\/2026\/03\/IFA-wczoraj-9.jpg 4000w, https:\/\/ifa.uwr.edu.pl\/wp-content\/uploads\/sites\/18\/2026\/03\/IFA-wczoraj-9-300x200.jpg 300w, https:\/\/ifa.uwr.edu.pl\/wp-content\/uploads\/sites\/18\/2026\/03\/IFA-wczoraj-9-1024x684.jpg 1024w, https:\/\/ifa.uwr.edu.pl\/wp-content\/uploads\/sites\/18\/2026\/03\/IFA-wczoraj-9-768x513.jpg 768w, https:\/\/ifa.uwr.edu.pl\/wp-content\/uploads\/sites\/18\/2026\/03\/IFA-wczoraj-9-1536x1025.jpg 1536w, https:\/\/ifa.uwr.edu.pl\/wp-content\/uploads\/sites\/18\/2026\/03\/IFA-wczoraj-9-2048x1367.jpg 2048w, https:\/\/ifa.uwr.edu.pl\/wp-content\/uploads\/sites\/18\/2026\/03\/IFA-wczoraj-9-24x16.jpg 24w, https:\/\/ifa.uwr.edu.pl\/wp-content\/uploads\/sites\/18\/2026\/03\/IFA-wczoraj-9-36x24.jpg 36w, https:\/\/ifa.uwr.edu.pl\/wp-content\/uploads\/sites\/18\/2026\/03\/IFA-wczoraj-9-48x32.jpg 48w\" sizes=\"auto, (max-width: 4000px) 100vw, 4000px\" \/><\/figure>\n<\/div>\n\n\n\n<div class=\"wp-block-column bs-contact-right-column is-layout-flow wp-block-column-is-layout-flow\">\n<div class=\"wp-block-bonasoft-modular-breadcrumbs-block\"><div class=\"bs_add_breadcrumb_trail\"><\/div><\/div>\n\n\n\n<hr class=\"wp-block-separator has-text-color has-black-color has-css-opacity has-black-background-color has-background is-style-wide bs-border-kontakt\"\/>\n\n\n\n<h1 class=\"wp-block-heading has-text-align-center bs-naglowek-podstrony\" id=\"anglica-wratislaviensia\"><strong>Staff<\/strong><\/h1>\n\n\n\n<p class=\"has-text-align-left\"><a href=\"https:\/\/ifa.uwr.edu.pl\/en\/staff\/dr-malgorzata-baran-lucarz\/\">dr Ma\u0142gorzata Baran-\u0141ucarz<\/a><br>mgr Anna Bartnicka<br><a href=\"https:\/\/ifa.uwr.edu.pl\/en\/staff\/dr-izabela-bartosz\/\">dr Izabela Bartosz<\/a><br><a href=\"https:\/\/ifa.uwr.edu.pl\/en\/staff\/dr-renata-barzycka-szydelko\/\">dr Renata Barzycka-Szyde\u0142ko<\/a><a href=\"https:\/\/ifa.uwr.edu.pl\/en\/staff\/prof-dr-hab-leszek-berezowski\/\"><br>prof. dr hab. Leszek Berezowski<\/a><br>dr Adam Bia\u0142y<br><a href=\"https:\/\/ifa.uwr.edu.pl\/en\/staff\/dr-hab-teresa-brus-prof-uwr\/\">prof. dr hab. Teresa Bru\u015b<\/a><br><a href=\"https:\/\/ifa.uwr.edu.pl\/en\/staff\/dr-hab-anna-budziak-prof-uwr\/\">prof. dr hab. Anna Budziak<\/a><br>prof. dr hab. Piotr Chruszczewski<br>dr Piotr Czajka<br>dr Anna Czura<br><a href=\"https:\/\/ifa.uwr.edu.pl\/en\/staff\/dr-hab-justyna-deszcz-tryhubczak-prof-uwr\/\">dr hab. Justyna Deszcz-Tryhubczak, prof. UWr<\/a><br><a href=\"https:\/\/ifa.uwr.edu.pl\/en\/staff\/dr-hab-wojciech-drag\/\">dr hab. Wojciech Dr\u0105g, prof. UWr<\/a><br><a href=\"https:\/\/ifa.uwr.edu.pl\/en\/staff\/dr-hab-dominika-ferens-prof-uwr\/\">dr hab. Dominika Ferens, prof. UWr<\/a><br><a href=\"https:\/\/ifa.uwr.edu.pl\/en\/staff\/dr-alberto-frasson\/\">dr Alberto Frasson<\/a><br><a href=\"https:\/\/ifa.uwr.edu.pl\/en\/staff\/dr-hab-michal-garcarz-prof-uwr\/\">dr hab. Micha\u0142 Garcarz, prof. UWr<\/a><br>mgr Marek Herda<br><a href=\"https:\/\/ifa.uwr.edu.pl\/en\/staff\/elaine-horyza-ma\/\">Elaine Horyza, MA<\/a><br>dr Krzysztof Hwaszcz<br><a href=\"https:\/\/ifa.uwr.edu.pl\/en\/staff\/mgr-eleonora-imbierowicz\/\">dr Eleonora Imbierowicz<\/a><br>dr Ma\u0142gorzata Jedynak<br><a href=\"https:\/\/ifa.uwr.edu.pl\/en\/staff\/prof-dr-hab-ewa-keblowska-lawniczak\/\">prof. dr hab. Ewa K\u0119b\u0142owska-\u0141awniczak<\/a><br><a href=\"https:\/\/ifa.uwr.edu.pl\/en\/staff\/mgr-hanna-kedzierska\/\">dr Hanna K\u0119dzierska<\/a><br>dr Anna Klimas<br>dr El\u017cbieta Klimek-Dominiak<br><a href=\"https:\/\/ifa.uwr.edu.pl\/en\/staff\/dr-dorota-klimek-jankowska\/\">dr Dorota Klimek-Jankowska<\/a><br>dr hab. Zofia Kolbuszewska, prof. UWr<br><a href=\"https:\/\/ifa.uwr.edu.pl\/en\/staff\/dr-hab-dorota-kolodziejczyk\/\">dr hab. Dorota Ko\u0142odziejczyk, prof. UWr<\/a><br><a href=\"https:\/\/ifa.uwr.edu.pl\/en\/staff\/prof-dr-hab-marek-kuzniak\/\">prof. dr hab. Marek Ku\u017aniak<\/a><br><a href=\"https:\/\/ifa.uwr.edu.pl\/en\/staff\/dr-maciej-litwin\/\">dr Maciej Litwin<\/a><br><a href=\"https:\/\/ifa.uwr.edu.pl\/en\/staff\/dr-maja-lubanska\/\">dr Maja Luba\u0144ska<\/a><br><a href=\"https:\/\/ifa.uwr.edu.pl\/en\/staff\/mgr-oliwia-majchrowska\/\">mgr Oliwia Majchrowska<\/a><br>dr hab. Krzysztof Migdalski, prof. UWr<br><a href=\"https:\/\/ifa.uwr.edu.pl\/en\/staff\/dr-hab-anna-mystkowska-wiertelak\/\">dr hab. Anna Mystkowska-Wiertelak, prof. UWr<\/a><br><a href=\"https:\/\/ifa.uwr.edu.pl\/en\/staff\/dr-hab-katarzyna-nowak-mcneice-prof-uwr\/\">dr hab. Katarzyna Nowak-McNeice, prof. UWr<\/a><br><a href=\"https:\/\/ifa.uwr.edu.pl\/en\/staff\/mgr-jonathan-owen\/\">mgr Jonathan Owen<\/a><br><a href=\"https:\/\/ifa.uwr.edu.pl\/en\/staff\/dr-paulina-pajak\/\">dr Paulina Paj\u0105k<\/a><br>dr Przemys\u0142aw Pawelec<br><a href=\"https:\/\/ifa.uwr.edu.pl\/en\/staff\/mgr-zofia-pigon\/\">mgr Zofia Pigo\u0144<\/a><br><a href=\"https:\/\/ifa.uwr.edu.pl\/en\/staff\/mgr-anna-pilinska\/\">mgr Anna Pili\u0144ska<\/a><br><a href=\"https:\/\/ifa.uwr.edu.pl\/en\/staff\/dr-agnieszka-pozanska\/\">dr Agnieszka Pozna\u0144ska<\/a><br>prof. dr hab. Bo\u017cena Rozwadowska<br><a href=\"https:\/\/ifa.uwr.edu.pl\/en\/staff\/mgr-jason-schock\/\">mgr Jason Schock<\/a><br><a href=\"https:\/\/ifa.uwr.edu.pl\/en\/staff\/dr-agata-slowik-krogulec\/\">dr Agata S\u0142owik-Krogulec<\/a><br><a href=\"https:\/\/ifa.uwr.edu.pl\/en\/staff\/mgr-radoslaw-siewierski\/\">mgr Rados\u0142aw Siewierski<\/a><br>dr Katarzyna Sradomska<br><a href=\"https:\/\/ifa.uwr.edu.pl\/en\/staff\/dr-katarzyna-sowka-pietraszewska\/\">dr Katarzyna S\u00f3wka-Pietraszewska<\/a><br><a href=\"https:\/\/ifa.uwr.edu.pl\/en\/staff\/dr-laura-suchostawska\/\">dr Laura Suchostawska<\/a><br><a href=\"https:\/\/ifa.uwr.edu.pl\/en\/staff\/dr-hab-michal-szawerna\/\">dr hab. Micha\u0142 Szawerna, prof. UWr<\/a><br><a href=\"https:\/\/ifa.uwr.edu.pl\/en\/staff\/dr-mateusz-swietlicki\/\">dr hab. Mateusz \u015awietlicki, prof. UWr<\/a><br><a href=\"https:\/\/ifa.uwr.edu.pl\/en\/staff\/dr-marcin-tereszewski\/\">dr Marcin Tereszewski<\/a><br>dr hab. Anna Turula, prof. Uwr<br><a href=\"https:\/\/ifa.uwr.edu.pl\/en\/staff\/dr-hab-marcin-walczynski\/\">dr hab. Marcin Walczy\u0144ski, prof. UWr<\/a><br>dr Wojciech Witkowski<br><a href=\"https:\/\/ifa.uwr.edu.pl\/en\/staff\/dr-jacek-wozny\/\">dr Jacek Wo\u017any<\/a><br><a href=\"https:\/\/ifa.uwr.edu.pl\/en\/staff\/dr-agata-zarzycka\/\">dr hab. Agata Zarzycka, prof. UWr<\/a><br><a href=\"https:\/\/ifa.uwr.edu.pl\/en\/staff\/dr-lech-zdunkiewicz\/\">dr Lech Zdunkiewicz<\/a><\/p>\n<\/div>\n<\/div>\n\n\n\n<div class=\"wp-block-ugb-container ugb-container bs-news-page-under ugb-f8694ce ugb-container--v2 ugb-container--design-plain ugb-main-block\"><div class=\"ugb-inner-block\"><div class=\"ugb-block-content\"><div class=\"ugb-container__wrapper ugb-f8694ce-wrapper\"><div class=\"ugb-container__side\"><div class=\"ugb-container__content-wrapper ugb-f8694ce-content-wrapper\"><\/div><\/div><\/div><\/div><\/div><\/div>\n<\/div><\/div><\/div><\/div><\/div><\/div>\n","protected":false},"excerpt":{"rendered":"<p>Staff dr Ma\u0142gorzata Baran-\u0141ucarzmgr Anna Bartnickadr Izabela Bartoszdr Renata Barzycka-Szyde\u0142koprof. dr hab. Leszek Berezowskidr Adam Bia\u0142yprof. dr hab. Teresa Bru\u015bprof. dr hab. Anna Budziakprof. dr hab. Piotr Chruszczewskidr Piotr Czajkadr Anna Czuradr hab. Justyna Deszcz-Tryhubczak, prof. UWrdr hab. Wojciech Dr\u0105g, prof. UWrdr hab. Dominika Ferens, prof. UWrdr Alberto Frassondr hab. Micha\u0142 Garcarz, prof. UWrmgr Marek [&hellip;]<\/p>\n","protected":false},"author":57,"featured_media":0,"parent":0,"menu_order":0,"comment_status":"closed","ping_status":"closed","template":"","meta":{"_acf_changed":false,"inline_featured_image":false,"site-sidebar-layout":"","site-content-layout":"","ast-site-content-layout":"default","site-content-style":"default","site-sidebar-style":"default","ast-global-header-display":"","ast-banner-title-visibility":"","ast-main-header-display":"","ast-hfb-above-header-display":"","ast-hfb-below-header-display":"","ast-hfb-mobile-header-display":"","site-post-title":"","ast-breadcrumbs-content":"","ast-featured-img":"","footer-sml-layout":"","ast-disable-related-posts":"","theme-transparent-header-meta":"","adv-header-id-meta":"","stick-header-meta":"","header-above-stick-meta":"","header-main-stick-meta":"","header-below-stick-meta":"","astra-migrate-meta-layouts":"set","ast-page-background-enabled":"default","ast-page-background-meta":{"desktop":{"background-color":"","background-image":"","background-repeat":"repeat","background-position":"center center","background-size":"auto","background-attachment":"scroll","background-type":"","background-media":"","overlay-type":"","overlay-color":"","overlay-opacity":"","overlay-gradient":""},"tablet":{"background-color":"","background-image":"","background-repeat":"repeat","background-position":"center center","background-size":"auto","background-attachment":"scroll","background-type":"","background-media":"","overlay-type":"","overlay-color":"","overlay-opacity":"","overlay-gradient":""},"mobile":{"background-color":"","background-image":"","background-repeat":"repeat","background-position":"center center","background-size":"auto","background-attachment":"scroll","background-type":"","background-media":"","overlay-type":"","overlay-color":"","overlay-opacity":"","overlay-gradient":""}},"ast-content-background-meta":{"desktop":{"background-color":"var(--ast-global-color-5)","background-image":"","background-repeat":"repeat","background-position":"center center","background-size":"auto","background-attachment":"scroll","background-type":"","background-media":"","overlay-type":"","overlay-color":"","overlay-opacity":"","overlay-gradient":""},"tablet":{"background-color":"var(--ast-global-color-5)","background-image":"","background-repeat":"repeat","background-position":"center center","background-size":"auto","background-attachment":"scroll","background-type":"","background-media":"","overlay-type":"","overlay-color":"","overlay-opacity":"","overlay-gradient":""},"mobile":{"background-color":"var(--ast-global-color-5)","background-image":"","background-repeat":"repeat","background-position":"center center","background-size":"auto","background-attachment":"scroll","background-type":"","background-media":"","overlay-type":"","overlay-color":"","overlay-opacity":"","overlay-gradient":""}},"footnotes":""},"categories":[],"tags":[],"class_list":["post-19530","page","type-page","status-publish","hentry"],"featured_image_urls_v2":{"full":"","thumbnail":"","medium":"","medium_large":"","large":"","1536x1536":"","2048x2048":"","menu-24x24":"","menu-36x36":"","menu-48x48":""},"post_excerpt_stackable_v2":"<p>Staff dr Ma\u0142gorzata Baran-\u0141ucarzmgr Anna Bartnickadr Izabela Bartoszdr Renata Barzycka-Szyde\u0142koprof. dr hab. Leszek Berezowskidr Adam Bia\u0142yprof. dr hab. Teresa Bru\u015bprof. dr hab. Anna Budziakprof. dr hab. Piotr Chruszczewskidr Piotr Czajkadr Anna Czuradr hab. Justyna Deszcz-Tryhubczak, prof. UWrdr hab. Wojciech Dr\u0105g, prof. UWrdr hab. Dominika Ferens, prof. UWrdr Alberto Frassondr hab. Micha\u0142 Garcarz, prof. UWrmgr Marek HerdaElaine Horyza, MAdr Krzysztof Hwaszczdr Eleonora Imbierowiczdr Ma\u0142gorzata Jedynakprof. dr hab. Ewa K\u0119b\u0142owska-\u0141awniczakdr Hanna K\u0119dzierskadr Anna Klimasdr El\u017cbieta Klimek-Dominiakdr Dorota Klimek-Jankowskadr hab. Zofia Kolbuszewska, prof. UWrdr hab. Dorota Ko\u0142odziejczyk, prof. UWrprof. dr hab. Marek Ku\u017aniakdr Maciej Litwindr Maja Luba\u0144skamgr Oliwia Majchrowskadr hab. Krzysztof Migdalski, prof.&hellip;<\/p>\n","category_list_v2":"Uncategorized","author_info_v2":{"name":"ikubon","url":"https:\/\/ifa.uwr.edu.pl\/en\/author\/ikubon\/"},"comments_num_v2":"0 comments","acf":[],"yoast_head":"<!-- This site is optimized with the Yoast SEO plugin v27.1.1 - https:\/\/yoast.com\/product\/yoast-seo-wordpress\/ -->\n<title>Staff - Instytut Filologii Angielskiej<\/title>\n<meta name=\"description\" content=\"Instytut Filologii Angielskiej Uniwersytetu Wroc\u0142awskiego \u2013 jednostka dydaktyczno-naukowa nale\u017c\u0105ca do struktur Wydzia\u0142u Filologicznego Uniwersytetu Wroc\u0142awskiego.\" \/>\n<meta name=\"robots\" content=\"index, follow, max-snippet:-1, max-image-preview:large, max-video-preview:-1\" \/>\n<link rel=\"canonical\" href=\"https:\/\/ifa.uwr.edu.pl\/en\/staff\/\" \/>\n<meta property=\"og:locale\" content=\"en_US\" \/>\n<meta property=\"og:type\" content=\"article\" \/>\n<meta property=\"og:title\" content=\"Staff - Instytut Filologii Angielskiej\" \/>\n<meta property=\"og:description\" content=\"Instytut Filologii Angielskiej Uniwersytetu Wroc\u0142awskiego \u2013 jednostka dydaktyczno-naukowa nale\u017c\u0105ca do struktur Wydzia\u0142u Filologicznego Uniwersytetu Wroc\u0142awskiego.\" \/>\n<meta property=\"og:url\" content=\"https:\/\/ifa.uwr.edu.pl\/en\/staff\/\" \/>\n<meta property=\"og:site_name\" content=\"Instytut Filologii Angielskiej\" \/>\n<meta property=\"article:modified_time\" content=\"2026-03-02T16:46:17+00:00\" \/>\n<meta property=\"og:image\" content=\"https:\/\/ifa.uwr.edu.pl\/wp-content\/uploads\/sites\/18\/2026\/03\/IFA-wczoraj-9.jpg\" \/>\n\t<meta property=\"og:image:width\" content=\"4000\" \/>\n\t<meta property=\"og:image:height\" content=\"2670\" \/>\n\t<meta property=\"og:image:type\" content=\"image\/jpeg\" \/>\n<meta name=\"twitter:card\" content=\"summary_large_image\" \/>\n<meta name=\"twitter:label1\" content=\"Est. reading time\" \/>\n\t<meta name=\"twitter:data1\" content=\"2 minutes\" \/>\n<script type=\"application\/ld+json\" class=\"yoast-schema-graph\">{\"@context\":\"https:\/\/schema.org\",\"@graph\":[{\"@type\":\"WebPage\",\"@id\":\"https:\/\/ifa.uwr.edu.pl\/en\/staff\/\",\"url\":\"https:\/\/ifa.uwr.edu.pl\/en\/staff\/\",\"name\":\"Staff - Instytut Filologii Angielskiej\",\"isPartOf\":{\"@id\":\"https:\/\/ifa.uwr.edu.pl\/#website\"},\"primaryImageOfPage\":{\"@id\":\"https:\/\/ifa.uwr.edu.pl\/en\/staff\/#primaryimage\"},\"image\":{\"@id\":\"https:\/\/ifa.uwr.edu.pl\/en\/staff\/#primaryimage\"},\"thumbnailUrl\":\"https:\/\/ifa.uwr.edu.pl\/wp-content\/uploads\/sites\/18\/2026\/03\/IFA-wczoraj-9.jpg\",\"datePublished\":\"2023-01-05T10:44:20+00:00\",\"dateModified\":\"2026-03-02T16:46:17+00:00\",\"description\":\"Instytut Filologii Angielskiej Uniwersytetu Wroc\u0142awskiego \u2013 jednostka dydaktyczno-naukowa nale\u017c\u0105ca do struktur Wydzia\u0142u Filologicznego Uniwersytetu Wroc\u0142awskiego.\",\"breadcrumb\":{\"@id\":\"https:\/\/ifa.uwr.edu.pl\/en\/staff\/#breadcrumb\"},\"inLanguage\":\"en-US\",\"potentialAction\":[{\"@type\":\"ReadAction\",\"target\":[\"https:\/\/ifa.uwr.edu.pl\/en\/staff\/\"]}]},{\"@type\":\"ImageObject\",\"inLanguage\":\"en-US\",\"@id\":\"https:\/\/ifa.uwr.edu.pl\/en\/staff\/#primaryimage\",\"url\":\"https:\/\/ifa.uwr.edu.pl\/wp-content\/uploads\/sites\/18\/2026\/03\/IFA-wczoraj-9.jpg\",\"contentUrl\":\"https:\/\/ifa.uwr.edu.pl\/wp-content\/uploads\/sites\/18\/2026\/03\/IFA-wczoraj-9.jpg\"},{\"@type\":\"BreadcrumbList\",\"@id\":\"https:\/\/ifa.uwr.edu.pl\/en\/staff\/#breadcrumb\",\"itemListElement\":[{\"@type\":\"ListItem\",\"position\":1,\"name\":\"Strona g\u0142\u00f3wna\",\"item\":\"https:\/\/ifa.uwr.edu.pl\/en\/\"},{\"@type\":\"ListItem\",\"position\":2,\"name\":\"Staff\"}]},{\"@type\":\"WebSite\",\"@id\":\"https:\/\/ifa.uwr.edu.pl\/#website\",\"url\":\"https:\/\/ifa.uwr.edu.pl\/\",\"name\":\"Instytut Filologii Angielskiej\",\"description\":\"Instytut Filologii Angielskiej\",\"publisher\":{\"@id\":\"https:\/\/ifa.uwr.edu.pl\/#organization\"},\"potentialAction\":[{\"@type\":\"SearchAction\",\"target\":{\"@type\":\"EntryPoint\",\"urlTemplate\":\"https:\/\/ifa.uwr.edu.pl\/?s={search_term_string}\"},\"query-input\":{\"@type\":\"PropertyValueSpecification\",\"valueRequired\":true,\"valueName\":\"search_term_string\"}}],\"inLanguage\":\"en-US\"},{\"@type\":\"Organization\",\"@id\":\"https:\/\/ifa.uwr.edu.pl\/#organization\",\"name\":\"Instytut Filologii Angielskiej\",\"url\":\"https:\/\/ifa.uwr.edu.pl\/\",\"logo\":{\"@type\":\"ImageObject\",\"inLanguage\":\"en-US\",\"@id\":\"https:\/\/ifa.uwr.edu.pl\/#\/schema\/logo\/image\/\",\"url\":\"https:\/\/ifa.uwr.edu.pl\/wp-content\/uploads\/sites\/18\/2025\/10\/cropped-UWr-logotyp-2025.png\",\"contentUrl\":\"https:\/\/ifa.uwr.edu.pl\/wp-content\/uploads\/sites\/18\/2025\/10\/cropped-UWr-logotyp-2025.png\",\"width\":764,\"height\":269,\"caption\":\"Instytut Filologii Angielskiej\"},\"image\":{\"@id\":\"https:\/\/ifa.uwr.edu.pl\/#\/schema\/logo\/image\/\"}}]}<\/script>\n<!-- \/ Yoast SEO plugin. -->","yoast_head_json":{"title":"Staff - Instytut Filologii Angielskiej","description":"Instytut Filologii Angielskiej Uniwersytetu Wroc\u0142awskiego \u2013 jednostka dydaktyczno-naukowa nale\u017c\u0105ca do struktur Wydzia\u0142u Filologicznego Uniwersytetu Wroc\u0142awskiego.","robots":{"index":"index","follow":"follow","max-snippet":"max-snippet:-1","max-image-preview":"max-image-preview:large","max-video-preview":"max-video-preview:-1"},"canonical":"https:\/\/ifa.uwr.edu.pl\/en\/staff\/","og_locale":"en_US","og_type":"article","og_title":"Staff - Instytut Filologii Angielskiej","og_description":"Instytut Filologii Angielskiej Uniwersytetu Wroc\u0142awskiego \u2013 jednostka dydaktyczno-naukowa nale\u017c\u0105ca do struktur Wydzia\u0142u Filologicznego Uniwersytetu Wroc\u0142awskiego.","og_url":"https:\/\/ifa.uwr.edu.pl\/en\/staff\/","og_site_name":"Instytut Filologii Angielskiej","article_modified_time":"2026-03-02T16:46:17+00:00","og_image":[{"width":4000,"height":2670,"url":"https:\/\/ifa.uwr.edu.pl\/wp-content\/uploads\/sites\/18\/2026\/03\/IFA-wczoraj-9.jpg","type":"image\/jpeg"}],"twitter_card":"summary_large_image","twitter_misc":{"Est. reading time":"2 minutes"},"schema":{"@context":"https:\/\/schema.org","@graph":[{"@type":"WebPage","@id":"https:\/\/ifa.uwr.edu.pl\/en\/staff\/","url":"https:\/\/ifa.uwr.edu.pl\/en\/staff\/","name":"Staff - Instytut Filologii Angielskiej","isPartOf":{"@id":"https:\/\/ifa.uwr.edu.pl\/#website"},"primaryImageOfPage":{"@id":"https:\/\/ifa.uwr.edu.pl\/en\/staff\/#primaryimage"},"image":{"@id":"https:\/\/ifa.uwr.edu.pl\/en\/staff\/#primaryimage"},"thumbnailUrl":"https:\/\/ifa.uwr.edu.pl\/wp-content\/uploads\/sites\/18\/2026\/03\/IFA-wczoraj-9.jpg","datePublished":"2023-01-05T10:44:20+00:00","dateModified":"2026-03-02T16:46:17+00:00","description":"Instytut Filologii Angielskiej Uniwersytetu Wroc\u0142awskiego \u2013 jednostka dydaktyczno-naukowa nale\u017c\u0105ca do struktur Wydzia\u0142u Filologicznego Uniwersytetu Wroc\u0142awskiego.","breadcrumb":{"@id":"https:\/\/ifa.uwr.edu.pl\/en\/staff\/#breadcrumb"},"inLanguage":"en-US","potentialAction":[{"@type":"ReadAction","target":["https:\/\/ifa.uwr.edu.pl\/en\/staff\/"]}]},{"@type":"ImageObject","inLanguage":"en-US","@id":"https:\/\/ifa.uwr.edu.pl\/en\/staff\/#primaryimage","url":"https:\/\/ifa.uwr.edu.pl\/wp-content\/uploads\/sites\/18\/2026\/03\/IFA-wczoraj-9.jpg","contentUrl":"https:\/\/ifa.uwr.edu.pl\/wp-content\/uploads\/sites\/18\/2026\/03\/IFA-wczoraj-9.jpg"},{"@type":"BreadcrumbList","@id":"https:\/\/ifa.uwr.edu.pl\/en\/staff\/#breadcrumb","itemListElement":[{"@type":"ListItem","position":1,"name":"Strona g\u0142\u00f3wna","item":"https:\/\/ifa.uwr.edu.pl\/en\/"},{"@type":"ListItem","position":2,"name":"Staff"}]},{"@type":"WebSite","@id":"https:\/\/ifa.uwr.edu.pl\/#website","url":"https:\/\/ifa.uwr.edu.pl\/","name":"Instytut Filologii Angielskiej","description":"Instytut Filologii Angielskiej","publisher":{"@id":"https:\/\/ifa.uwr.edu.pl\/#organization"},"potentialAction":[{"@type":"SearchAction","target":{"@type":"EntryPoint","urlTemplate":"https:\/\/ifa.uwr.edu.pl\/?s={search_term_string}"},"query-input":{"@type":"PropertyValueSpecification","valueRequired":true,"valueName":"search_term_string"}}],"inLanguage":"en-US"},{"@type":"Organization","@id":"https:\/\/ifa.uwr.edu.pl\/#organization","name":"Instytut Filologii Angielskiej","url":"https:\/\/ifa.uwr.edu.pl\/","logo":{"@type":"ImageObject","inLanguage":"en-US","@id":"https:\/\/ifa.uwr.edu.pl\/#\/schema\/logo\/image\/","url":"https:\/\/ifa.uwr.edu.pl\/wp-content\/uploads\/sites\/18\/2025\/10\/cropped-UWr-logotyp-2025.png","contentUrl":"https:\/\/ifa.uwr.edu.pl\/wp-content\/uploads\/sites\/18\/2025\/10\/cropped-UWr-logotyp-2025.png","width":764,"height":269,"caption":"Instytut Filologii Angielskiej"},"image":{"@id":"https:\/\/ifa.uwr.edu.pl\/#\/schema\/logo\/image\/"}}]}},"publishpress_future_action":{"enabled":false,"date":"2026-04-18 19:54:05","action":"change-status","newStatus":"draft","terms":[],"taxonomy":"category","extraData":[]},"publishpress_future_workflow_manual_trigger":{"enabledWorkflows":[]},"_links":{"self":[{"href":"https:\/\/ifa.uwr.edu.pl\/en\/wp-json\/wp\/v2\/pages\/19530\/"}],"collection":[{"href":"https:\/\/ifa.uwr.edu.pl\/en\/wp-json\/wp\/v2\/pages\/"}],"about":[{"href":"https:\/\/ifa.uwr.edu.pl\/en\/wp-json\/wp\/v2\/types\/page\/"}],"author":[{"embeddable":true,"href":"https:\/\/ifa.uwr.edu.pl\/en\/wp-json\/wp\/v2\/users\/57\/"}],"replies":[{"embeddable":true,"href":"https:\/\/ifa.uwr.edu.pl\/en\/wp-json\/wp\/v2\/comments\/?post=19530"}],"version-history":[{"count":62,"href":"https:\/\/ifa.uwr.edu.pl\/en\/wp-json\/wp\/v2\/pages\/19530\/revisions\/"}],"predecessor-version":[{"id":32485,"href":"https:\/\/ifa.uwr.edu.pl\/en\/wp-json\/wp\/v2\/pages\/19530\/revisions\/32485\/"}],"wp:attachment":[{"href":"https:\/\/ifa.uwr.edu.pl\/en\/wp-json\/wp\/v2\/media\/?parent=19530"}],"wp:term":[{"taxonomy":"category","embeddable":true,"href":"https:\/\/ifa.uwr.edu.pl\/en\/wp-json\/wp\/v2\/categories\/?post=19530"},{"taxonomy":"post_tag","embeddable":true,"href":"https:\/\/ifa.uwr.edu.pl\/en\/wp-json\/wp\/v2\/tags\/?post=19530"}],"curies":[{"name":"wp","href":"https:\/\/api.w.org\/{rel}","templated":true}]}}