{"id":19755,"date":"2023-01-16T11:49:15","date_gmt":"2023-01-16T10:49:15","guid":{"rendered":"https:\/\/ifa.uwr.edu.pl\/?page_id=19755"},"modified":"2025-03-03T11:20:22","modified_gmt":"2025-03-03T10:20:22","slug":"conferences","status":"publish","type":"page","link":"https:\/\/ifa.uwr.edu.pl\/en\/conferences\/","title":{"rendered":"Conferences"},"content":{"rendered":"\n<div class=\"wp-block-ugb-container ugb-container ugb-8dda971 ugb-container--v2 ugb-container--design-plain ugb-main-block\"><div class=\"ugb-inner-block\"><div class=\"ugb-block-content\"><div class=\"ugb-container__wrapper ugb-8dda971-wrapper\"><div class=\"ugb-container__side\"><div class=\"ugb-container__content-wrapper ugb-8dda971-content-wrapper\">\n<div class=\"wp-block-columns bs-news-page is-layout-flex wp-block-columns-is-layout-flex\">\n<div class=\"wp-block-column bs-kontakt-photo is-layout-flow wp-block-column-is-layout-flow\">\n<figure class=\"wp-block-image size-full\"><img loading=\"lazy\" decoding=\"async\" width=\"2337\" height=\"1549\" src=\"https:\/\/ifa.uwr.edu.pl\/wp-content\/uploads\/sites\/18\/2025\/03\/DSC_1721-EDIT.jpg\" alt=\"IFA\" class=\"wp-image-28126\" srcset=\"https:\/\/ifa.uwr.edu.pl\/wp-content\/uploads\/sites\/18\/2025\/03\/DSC_1721-EDIT.jpg 2337w, https:\/\/ifa.uwr.edu.pl\/wp-content\/uploads\/sites\/18\/2025\/03\/DSC_1721-EDIT-300x199.jpg 300w, https:\/\/ifa.uwr.edu.pl\/wp-content\/uploads\/sites\/18\/2025\/03\/DSC_1721-EDIT-1024x679.jpg 1024w, https:\/\/ifa.uwr.edu.pl\/wp-content\/uploads\/sites\/18\/2025\/03\/DSC_1721-EDIT-768x509.jpg 768w, https:\/\/ifa.uwr.edu.pl\/wp-content\/uploads\/sites\/18\/2025\/03\/DSC_1721-EDIT-1536x1018.jpg 1536w, https:\/\/ifa.uwr.edu.pl\/wp-content\/uploads\/sites\/18\/2025\/03\/DSC_1721-EDIT-2048x1357.jpg 2048w, https:\/\/ifa.uwr.edu.pl\/wp-content\/uploads\/sites\/18\/2025\/03\/DSC_1721-EDIT-24x16.jpg 24w, https:\/\/ifa.uwr.edu.pl\/wp-content\/uploads\/sites\/18\/2025\/03\/DSC_1721-EDIT-36x24.jpg 36w, https:\/\/ifa.uwr.edu.pl\/wp-content\/uploads\/sites\/18\/2025\/03\/DSC_1721-EDIT-48x32.jpg 48w\" sizes=\"auto, (max-width: 2337px) 100vw, 2337px\" \/><\/figure>\n<\/div>\n\n\n\n<div class=\"wp-block-column bs-contact-right-column is-layout-flow wp-block-column-is-layout-flow\">\n<div class=\"wp-block-bonasoft-modular-breadcrumbs-block\"><div class=\"bs_add_breadcrumb_trail\"><\/div><\/div>\n\n\n\n<hr class=\"wp-block-separator has-text-color has-black-color has-css-opacity has-black-background-color has-background is-style-wide bs-border-kontakt\"\/>\n\n\n\n<h1 class=\"wp-block-heading has-text-align-center bs-naglowek-podstrony\" id=\"anglica-wratislaviensia\">Conferences<\/h1>\n\n\n\n<p><strong>Title<\/strong>: The International BEYOND LANGUAGE 2025 Conference<br><strong>Date<\/strong>: 14 May &#8211; 12 June 2025<br><strong>Organizers<\/strong>: University of Wroc\u0142aw, Adam Mickiewicz University in Pozna\u0144, Jagiellonian University,\u00a0University of\u00a0Warsaw, Copernicus Science Centre,\u00a0 Committee for Philology of the Polish Academy of Sciences, Wroc\u0142aw Branch,\u00a0Lviv Polytechnic National University,\u00a0Sapienza \u2013 University of Rome, ECREA Central and East-European Network, University of Bucharest<br><strong>More information<\/strong>: <a href=\"https:\/\/bl2025.isi.wzks.uj.edu.pl\/\">https:\/\/bl2025.isi.wzks.uj.edu.pl\/<\/a><\/p>\n<\/div>\n<\/div>\n\n\n\n<div class=\"wp-block-ugb-container ugb-container bs-news-page-under ugb-f8694ce ugb-container--v2 ugb-container--design-plain ugb-main-block\"><div class=\"ugb-inner-block\"><div class=\"ugb-block-content\"><div class=\"ugb-container__wrapper ugb-f8694ce-wrapper\"><div class=\"ugb-container__side\"><div class=\"ugb-container__content-wrapper ugb-f8694ce-content-wrapper\"><\/div><\/div><\/div><\/div><\/div><\/div>\n<\/div><\/div><\/div><\/div><\/div><\/div>\n","protected":false},"excerpt":{"rendered":"<p>Conferences Title: The International BEYOND LANGUAGE 2025 ConferenceDate: 14 May &#8211; 12 June 2025Organizers: University of Wroc\u0142aw, Adam Mickiewicz University in Pozna\u0144, Jagiellonian University,\u00a0University of\u00a0Warsaw, Copernicus Science Centre,\u00a0 Committee for Philology of the Polish Academy of Sciences, Wroc\u0142aw Branch,\u00a0Lviv Polytechnic National University,\u00a0Sapienza \u2013 University of Rome, ECREA Central and East-European Network, University of BucharestMore information: [&hellip;]<\/p>\n","protected":false},"author":57,"featured_media":0,"parent":0,"menu_order":0,"comment_status":"closed","ping_status":"closed","template":"","meta":{"_acf_changed":false,"inline_featured_image":false,"site-sidebar-layout":"","site-content-layout":"","ast-site-content-layout":"default","site-content-style":"default","site-sidebar-style":"default","ast-global-header-display":"","ast-banner-title-visibility":"","ast-main-header-display":"","ast-hfb-above-header-display":"","ast-hfb-below-header-display":"","ast-hfb-mobile-header-display":"","site-post-title":"","ast-breadcrumbs-content":"","ast-featured-img":"","footer-sml-layout":"","ast-disable-related-posts":"","theme-transparent-header-meta":"","adv-header-id-meta":"","stick-header-meta":"","header-above-stick-meta":"","header-main-stick-meta":"","header-below-stick-meta":"","astra-migrate-meta-layouts":"set","ast-page-background-enabled":"default","ast-page-background-meta":{"desktop":{"background-color":"","background-image":"","background-repeat":"repeat","background-position":"center center","background-size":"auto","background-attachment":"scroll","background-type":"","background-media":"","overlay-type":"","overlay-color":"","overlay-opacity":"","overlay-gradient":""},"tablet":{"background-color":"","background-image":"","background-repeat":"repeat","background-position":"center center","background-size":"auto","background-attachment":"scroll","background-type":"","background-media":"","overlay-type":"","overlay-color":"","overlay-opacity":"","overlay-gradient":""},"mobile":{"background-color":"","background-image":"","background-repeat":"repeat","background-position":"center center","background-size":"auto","background-attachment":"scroll","background-type":"","background-media":"","overlay-type":"","overlay-color":"","overlay-opacity":"","overlay-gradient":""}},"ast-content-background-meta":{"desktop":{"background-color":"var(--ast-global-color-5)","background-image":"","background-repeat":"repeat","background-position":"center center","background-size":"auto","background-attachment":"scroll","background-type":"","background-media":"","overlay-type":"","overlay-color":"","overlay-opacity":"","overlay-gradient":""},"tablet":{"background-color":"var(--ast-global-color-5)","background-image":"","background-repeat":"repeat","background-position":"center center","background-size":"auto","background-attachment":"scroll","background-type":"","background-media":"","overlay-type":"","overlay-color":"","overlay-opacity":"","overlay-gradient":""},"mobile":{"background-color":"var(--ast-global-color-5)","background-image":"","background-repeat":"repeat","background-position":"center center","background-size":"auto","background-attachment":"scroll","background-type":"","background-media":"","overlay-type":"","overlay-color":"","overlay-opacity":"","overlay-gradient":""}},"footnotes":""},"categories":[],"tags":[],"class_list":["post-19755","page","type-page","status-publish","hentry"],"featured_image_urls_v2":{"full":"","thumbnail":"","medium":"","medium_large":"","large":"","1536x1536":"","2048x2048":"","menu-24x24":"","menu-36x36":"","menu-48x48":""},"post_excerpt_stackable_v2":"<p>Conferences Title: The International BEYOND LANGUAGE 2025 ConferenceDate: 14 May &#8211; 12 June 2025Organizers: University of Wroc\u0142aw, Adam Mickiewicz University in Pozna\u0144, Jagiellonian University,\u00a0University of\u00a0Warsaw, Copernicus Science Centre,\u00a0 Committee for Philology of the Polish Academy of Sciences, Wroc\u0142aw Branch,\u00a0Lviv Polytechnic National University,\u00a0Sapienza \u2013 University of Rome, ECREA Central and East-European Network, University of BucharestMore information: https:\/\/bl2025.isi.wzks.uj.edu.pl\/<\/p>\n","category_list_v2":"Uncategorized","author_info_v2":{"name":"ikubon","url":"https:\/\/ifa.uwr.edu.pl\/en\/author\/ikubon\/"},"comments_num_v2":"0 comments","acf":[],"yoast_head":"<!-- This site is optimized with the Yoast SEO plugin v27.1.1 - https:\/\/yoast.com\/product\/yoast-seo-wordpress\/ -->\n<title>Conferences - Instytut Filologii Angielskiej<\/title>\n<meta name=\"description\" content=\"Instytut Filologii Angielskiej Uniwersytetu Wroc\u0142awskiego \u2013 jednostka dydaktyczno-naukowa nale\u017c\u0105ca do struktur Wydzia\u0142u Filologicznego Uniwersytetu Wroc\u0142awskiego.\" \/>\n<meta name=\"robots\" content=\"index, follow, max-snippet:-1, max-image-preview:large, max-video-preview:-1\" \/>\n<link rel=\"canonical\" href=\"https:\/\/ifa.uwr.edu.pl\/en\/conferences\/\" \/>\n<meta property=\"og:locale\" content=\"en_US\" \/>\n<meta property=\"og:type\" content=\"article\" \/>\n<meta property=\"og:title\" content=\"Conferences - Instytut Filologii Angielskiej\" \/>\n<meta property=\"og:description\" content=\"Instytut Filologii Angielskiej Uniwersytetu Wroc\u0142awskiego \u2013 jednostka dydaktyczno-naukowa nale\u017c\u0105ca do struktur Wydzia\u0142u Filologicznego Uniwersytetu Wroc\u0142awskiego.\" \/>\n<meta property=\"og:url\" content=\"https:\/\/ifa.uwr.edu.pl\/en\/conferences\/\" \/>\n<meta property=\"og:site_name\" content=\"Instytut Filologii Angielskiej\" \/>\n<meta property=\"article:modified_time\" content=\"2025-03-03T10:20:22+00:00\" \/>\n<meta property=\"og:image\" content=\"https:\/\/ifa.uwr.edu.pl\/wp-content\/uploads\/sites\/18\/2025\/03\/DSC_1721-EDIT.jpg\" \/>\n<meta name=\"twitter:card\" content=\"summary_large_image\" \/>\n<meta name=\"twitter:label1\" content=\"Est. reading time\" \/>\n\t<meta name=\"twitter:data1\" content=\"1 minute\" \/>\n<script type=\"application\/ld+json\" class=\"yoast-schema-graph\">{\"@context\":\"https:\/\/schema.org\",\"@graph\":[{\"@type\":\"WebPage\",\"@id\":\"https:\/\/ifa.uwr.edu.pl\/en\/conferences\/\",\"url\":\"https:\/\/ifa.uwr.edu.pl\/en\/conferences\/\",\"name\":\"Conferences - Instytut Filologii Angielskiej\",\"isPartOf\":{\"@id\":\"https:\/\/ifa.uwr.edu.pl\/#website\"},\"primaryImageOfPage\":{\"@id\":\"https:\/\/ifa.uwr.edu.pl\/en\/conferences\/#primaryimage\"},\"image\":{\"@id\":\"https:\/\/ifa.uwr.edu.pl\/en\/conferences\/#primaryimage\"},\"thumbnailUrl\":\"https:\/\/ifa.uwr.edu.pl\/wp-content\/uploads\/sites\/18\/2025\/03\/DSC_1721-EDIT.jpg\",\"datePublished\":\"2023-01-16T10:49:15+00:00\",\"dateModified\":\"2025-03-03T10:20:22+00:00\",\"description\":\"Instytut Filologii Angielskiej Uniwersytetu Wroc\u0142awskiego \u2013 jednostka dydaktyczno-naukowa nale\u017c\u0105ca do struktur Wydzia\u0142u Filologicznego Uniwersytetu Wroc\u0142awskiego.\",\"breadcrumb\":{\"@id\":\"https:\/\/ifa.uwr.edu.pl\/en\/conferences\/#breadcrumb\"},\"inLanguage\":\"en-US\",\"potentialAction\":[{\"@type\":\"ReadAction\",\"target\":[\"https:\/\/ifa.uwr.edu.pl\/en\/conferences\/\"]}]},{\"@type\":\"ImageObject\",\"inLanguage\":\"en-US\",\"@id\":\"https:\/\/ifa.uwr.edu.pl\/en\/conferences\/#primaryimage\",\"url\":\"https:\/\/ifa.uwr.edu.pl\/wp-content\/uploads\/sites\/18\/2025\/03\/DSC_1721-EDIT.jpg\",\"contentUrl\":\"https:\/\/ifa.uwr.edu.pl\/wp-content\/uploads\/sites\/18\/2025\/03\/DSC_1721-EDIT.jpg\"},{\"@type\":\"BreadcrumbList\",\"@id\":\"https:\/\/ifa.uwr.edu.pl\/en\/conferences\/#breadcrumb\",\"itemListElement\":[{\"@type\":\"ListItem\",\"position\":1,\"name\":\"Strona g\u0142\u00f3wna\",\"item\":\"https:\/\/ifa.uwr.edu.pl\/en\/\"},{\"@type\":\"ListItem\",\"position\":2,\"name\":\"Conferences\"}]},{\"@type\":\"WebSite\",\"@id\":\"https:\/\/ifa.uwr.edu.pl\/#website\",\"url\":\"https:\/\/ifa.uwr.edu.pl\/\",\"name\":\"Instytut Filologii Angielskiej\",\"description\":\"Instytut Filologii Angielskiej\",\"publisher\":{\"@id\":\"https:\/\/ifa.uwr.edu.pl\/#organization\"},\"potentialAction\":[{\"@type\":\"SearchAction\",\"target\":{\"@type\":\"EntryPoint\",\"urlTemplate\":\"https:\/\/ifa.uwr.edu.pl\/?s={search_term_string}\"},\"query-input\":{\"@type\":\"PropertyValueSpecification\",\"valueRequired\":true,\"valueName\":\"search_term_string\"}}],\"inLanguage\":\"en-US\"},{\"@type\":\"Organization\",\"@id\":\"https:\/\/ifa.uwr.edu.pl\/#organization\",\"name\":\"Instytut Filologii Angielskiej\",\"url\":\"https:\/\/ifa.uwr.edu.pl\/\",\"logo\":{\"@type\":\"ImageObject\",\"inLanguage\":\"en-US\",\"@id\":\"https:\/\/ifa.uwr.edu.pl\/#\/schema\/logo\/image\/\",\"url\":\"https:\/\/ifa.uwr.edu.pl\/wp-content\/uploads\/sites\/18\/2025\/10\/cropped-UWr-logotyp-2025.png\",\"contentUrl\":\"https:\/\/ifa.uwr.edu.pl\/wp-content\/uploads\/sites\/18\/2025\/10\/cropped-UWr-logotyp-2025.png\",\"width\":764,\"height\":269,\"caption\":\"Instytut Filologii Angielskiej\"},\"image\":{\"@id\":\"https:\/\/ifa.uwr.edu.pl\/#\/schema\/logo\/image\/\"}}]}<\/script>\n<!-- \/ Yoast SEO plugin. -->","yoast_head_json":{"title":"Conferences - Instytut Filologii Angielskiej","description":"Instytut Filologii Angielskiej Uniwersytetu Wroc\u0142awskiego \u2013 jednostka dydaktyczno-naukowa nale\u017c\u0105ca do struktur Wydzia\u0142u Filologicznego Uniwersytetu Wroc\u0142awskiego.","robots":{"index":"index","follow":"follow","max-snippet":"max-snippet:-1","max-image-preview":"max-image-preview:large","max-video-preview":"max-video-preview:-1"},"canonical":"https:\/\/ifa.uwr.edu.pl\/en\/conferences\/","og_locale":"en_US","og_type":"article","og_title":"Conferences - Instytut Filologii Angielskiej","og_description":"Instytut Filologii Angielskiej Uniwersytetu Wroc\u0142awskiego \u2013 jednostka dydaktyczno-naukowa nale\u017c\u0105ca do struktur Wydzia\u0142u Filologicznego Uniwersytetu Wroc\u0142awskiego.","og_url":"https:\/\/ifa.uwr.edu.pl\/en\/conferences\/","og_site_name":"Instytut Filologii Angielskiej","article_modified_time":"2025-03-03T10:20:22+00:00","og_image":[{"url":"https:\/\/ifa.uwr.edu.pl\/wp-content\/uploads\/sites\/18\/2025\/03\/DSC_1721-EDIT.jpg","type":"","width":"","height":""}],"twitter_card":"summary_large_image","twitter_misc":{"Est. reading time":"1 minute"},"schema":{"@context":"https:\/\/schema.org","@graph":[{"@type":"WebPage","@id":"https:\/\/ifa.uwr.edu.pl\/en\/conferences\/","url":"https:\/\/ifa.uwr.edu.pl\/en\/conferences\/","name":"Conferences - Instytut Filologii Angielskiej","isPartOf":{"@id":"https:\/\/ifa.uwr.edu.pl\/#website"},"primaryImageOfPage":{"@id":"https:\/\/ifa.uwr.edu.pl\/en\/conferences\/#primaryimage"},"image":{"@id":"https:\/\/ifa.uwr.edu.pl\/en\/conferences\/#primaryimage"},"thumbnailUrl":"https:\/\/ifa.uwr.edu.pl\/wp-content\/uploads\/sites\/18\/2025\/03\/DSC_1721-EDIT.jpg","datePublished":"2023-01-16T10:49:15+00:00","dateModified":"2025-03-03T10:20:22+00:00","description":"Instytut Filologii Angielskiej Uniwersytetu Wroc\u0142awskiego \u2013 jednostka dydaktyczno-naukowa nale\u017c\u0105ca do struktur Wydzia\u0142u Filologicznego Uniwersytetu Wroc\u0142awskiego.","breadcrumb":{"@id":"https:\/\/ifa.uwr.edu.pl\/en\/conferences\/#breadcrumb"},"inLanguage":"en-US","potentialAction":[{"@type":"ReadAction","target":["https:\/\/ifa.uwr.edu.pl\/en\/conferences\/"]}]},{"@type":"ImageObject","inLanguage":"en-US","@id":"https:\/\/ifa.uwr.edu.pl\/en\/conferences\/#primaryimage","url":"https:\/\/ifa.uwr.edu.pl\/wp-content\/uploads\/sites\/18\/2025\/03\/DSC_1721-EDIT.jpg","contentUrl":"https:\/\/ifa.uwr.edu.pl\/wp-content\/uploads\/sites\/18\/2025\/03\/DSC_1721-EDIT.jpg"},{"@type":"BreadcrumbList","@id":"https:\/\/ifa.uwr.edu.pl\/en\/conferences\/#breadcrumb","itemListElement":[{"@type":"ListItem","position":1,"name":"Strona g\u0142\u00f3wna","item":"https:\/\/ifa.uwr.edu.pl\/en\/"},{"@type":"ListItem","position":2,"name":"Conferences"}]},{"@type":"WebSite","@id":"https:\/\/ifa.uwr.edu.pl\/#website","url":"https:\/\/ifa.uwr.edu.pl\/","name":"Instytut Filologii Angielskiej","description":"Instytut Filologii Angielskiej","publisher":{"@id":"https:\/\/ifa.uwr.edu.pl\/#organization"},"potentialAction":[{"@type":"SearchAction","target":{"@type":"EntryPoint","urlTemplate":"https:\/\/ifa.uwr.edu.pl\/?s={search_term_string}"},"query-input":{"@type":"PropertyValueSpecification","valueRequired":true,"valueName":"search_term_string"}}],"inLanguage":"en-US"},{"@type":"Organization","@id":"https:\/\/ifa.uwr.edu.pl\/#organization","name":"Instytut Filologii Angielskiej","url":"https:\/\/ifa.uwr.edu.pl\/","logo":{"@type":"ImageObject","inLanguage":"en-US","@id":"https:\/\/ifa.uwr.edu.pl\/#\/schema\/logo\/image\/","url":"https:\/\/ifa.uwr.edu.pl\/wp-content\/uploads\/sites\/18\/2025\/10\/cropped-UWr-logotyp-2025.png","contentUrl":"https:\/\/ifa.uwr.edu.pl\/wp-content\/uploads\/sites\/18\/2025\/10\/cropped-UWr-logotyp-2025.png","width":764,"height":269,"caption":"Instytut Filologii Angielskiej"},"image":{"@id":"https:\/\/ifa.uwr.edu.pl\/#\/schema\/logo\/image\/"}}]}},"publishpress_future_action":{"enabled":false,"date":"2026-05-01 21:38:12","action":"change-status","newStatus":"draft","terms":[],"taxonomy":"category","extraData":[]},"publishpress_future_workflow_manual_trigger":{"enabledWorkflows":[]},"_links":{"self":[{"href":"https:\/\/ifa.uwr.edu.pl\/en\/wp-json\/wp\/v2\/pages\/19755\/"}],"collection":[{"href":"https:\/\/ifa.uwr.edu.pl\/en\/wp-json\/wp\/v2\/pages\/"}],"about":[{"href":"https:\/\/ifa.uwr.edu.pl\/en\/wp-json\/wp\/v2\/types\/page\/"}],"author":[{"embeddable":true,"href":"https:\/\/ifa.uwr.edu.pl\/en\/wp-json\/wp\/v2\/users\/57\/"}],"replies":[{"embeddable":true,"href":"https:\/\/ifa.uwr.edu.pl\/en\/wp-json\/wp\/v2\/comments\/?post=19755"}],"version-history":[{"count":6,"href":"https:\/\/ifa.uwr.edu.pl\/en\/wp-json\/wp\/v2\/pages\/19755\/revisions\/"}],"predecessor-version":[{"id":28138,"href":"https:\/\/ifa.uwr.edu.pl\/en\/wp-json\/wp\/v2\/pages\/19755\/revisions\/28138\/"}],"wp:attachment":[{"href":"https:\/\/ifa.uwr.edu.pl\/en\/wp-json\/wp\/v2\/media\/?parent=19755"}],"wp:term":[{"taxonomy":"category","embeddable":true,"href":"https:\/\/ifa.uwr.edu.pl\/en\/wp-json\/wp\/v2\/categories\/?post=19755"},{"taxonomy":"post_tag","embeddable":true,"href":"https:\/\/ifa.uwr.edu.pl\/en\/wp-json\/wp\/v2\/tags\/?post=19755"}],"curies":[{"name":"wp","href":"https:\/\/api.w.org\/{rel}","templated":true}]}}