{"id":19848,"date":"2023-01-16T20:59:06","date_gmt":"2023-01-16T19:59:06","guid":{"rendered":"https:\/\/ifa.uwr.edu.pl\/?page_id=19848"},"modified":"2025-04-25T11:38:12","modified_gmt":"2025-04-25T09:38:12","slug":"prof-dr-hab-leszek-berezowski","status":"publish","type":"page","link":"https:\/\/ifa.uwr.edu.pl\/en\/staff\/prof-dr-hab-leszek-berezowski\/","title":{"rendered":"prof. dr hab. Leszek Berezowski"},"content":{"rendered":"\n<div class=\"wp-block-ugb-container ugb-container ugb-8dda971 ugb-container--v2 ugb-container--design-plain ugb-main-block\"><div class=\"ugb-inner-block\"><div class=\"ugb-block-content\"><div class=\"ugb-container__wrapper ugb-8dda971-wrapper\"><div class=\"ugb-container__side\"><div class=\"ugb-container__content-wrapper ugb-8dda971-content-wrapper\">\n<div class=\"wp-block-columns bs-news-page is-layout-flex wp-block-columns-is-layout-flex\">\n<div class=\"wp-block-column bs-kontakt-photo is-layout-flow wp-block-column-is-layout-flow\">\n<figure class=\"wp-block-image size-large\"><img loading=\"lazy\" decoding=\"async\" width=\"1024\" height=\"769\" src=\"https:\/\/ifa.uwr.edu.pl\/wp-content\/uploads\/sites\/18\/2023\/09\/2022_Leszek-Berezowski_fot.-Maria-Kozan_-1-1-1024x769.jpg\" alt=\"LB\" class=\"wp-image-23172\" srcset=\"https:\/\/ifa.uwr.edu.pl\/wp-content\/uploads\/sites\/18\/2023\/09\/2022_Leszek-Berezowski_fot.-Maria-Kozan_-1-1-1024x769.jpg 1024w, https:\/\/ifa.uwr.edu.pl\/wp-content\/uploads\/sites\/18\/2023\/09\/2022_Leszek-Berezowski_fot.-Maria-Kozan_-1-1-300x225.jpg 300w, https:\/\/ifa.uwr.edu.pl\/wp-content\/uploads\/sites\/18\/2023\/09\/2022_Leszek-Berezowski_fot.-Maria-Kozan_-1-1-768x577.jpg 768w, https:\/\/ifa.uwr.edu.pl\/wp-content\/uploads\/sites\/18\/2023\/09\/2022_Leszek-Berezowski_fot.-Maria-Kozan_-1-1-1536x1154.jpg 1536w, https:\/\/ifa.uwr.edu.pl\/wp-content\/uploads\/sites\/18\/2023\/09\/2022_Leszek-Berezowski_fot.-Maria-Kozan_-1-1-1320x991.jpg 1320w, https:\/\/ifa.uwr.edu.pl\/wp-content\/uploads\/sites\/18\/2023\/09\/2022_Leszek-Berezowski_fot.-Maria-Kozan_-1-1-24x18.jpg 24w, https:\/\/ifa.uwr.edu.pl\/wp-content\/uploads\/sites\/18\/2023\/09\/2022_Leszek-Berezowski_fot.-Maria-Kozan_-1-1-36x27.jpg 36w, https:\/\/ifa.uwr.edu.pl\/wp-content\/uploads\/sites\/18\/2023\/09\/2022_Leszek-Berezowski_fot.-Maria-Kozan_-1-1-48x36.jpg 48w, https:\/\/ifa.uwr.edu.pl\/wp-content\/uploads\/sites\/18\/2023\/09\/2022_Leszek-Berezowski_fot.-Maria-Kozan_-1-1.jpg 1600w\" sizes=\"auto, (max-width: 1024px) 100vw, 1024px\" \/><\/figure>\n<\/div>\n\n\n\n<div class=\"wp-block-column bs-contact-right-column is-layout-flow wp-block-column-is-layout-flow\">\n<div class=\"wp-block-bonasoft-modular-breadcrumbs-block\"><div class=\"bs_add_breadcrumb_trail\"><\/div><\/div>\n\n\n\n<hr class=\"wp-block-separator has-text-color has-black-color has-css-opacity has-black-background-color has-background is-style-wide bs-border-kontakt\"\/>\n\n\n\n<h1 class=\"wp-block-heading bs-naglowek-podstrony\" id=\"prof-dr-hab-anna-michonska-stadnik\"><strong>prof. dr hab. Leszek Berezowski<\/strong><\/h1>\n\n\n\n<p>Department of Translation Studies<br><a href=\"mailto:leszek.berezowski@uwr.edu.pl\">leszek.berezowski@uwr.edu.pl<\/a><\/p>\n<\/div>\n<\/div>\n\n\n\n<div class=\"wp-block-ugb-container ugb-container bs-news-page-under ugb-f8694ce ugb-container--v2 ugb-container--design-plain ugb-main-block\"><div class=\"ugb-inner-block\"><div class=\"ugb-block-content\"><div class=\"ugb-container__wrapper ugb-f8694ce-wrapper\"><div class=\"ugb-container__side\"><div class=\"ugb-container__content-wrapper ugb-f8694ce-content-wrapper\">\n<p>My earliest interests were in geography but in secondary school my fascination with faraway countries slowly gave way to English and shortly before graduation I finally decided that I would not become a geologist or geographer but a linguist. During my freshman year I was captivated by the quirks of English article usage and translation and these two areas have remained in the forefront of may interests ever since. When my wife talked me into writing a Ph.D. dissertation in 1994, I focused my project on translation theory as I did with my M.A. thesis four years earlier. My postdoctoral dissertation successfully defended in 2002 developed in turn a theory of&nbsp; English article use with proper names and the book that provided the basis for the award of the degree of state professor, the highest Polish academic degree granted by the president of Poland, undermined the myth of the zero article.&nbsp;<\/p>\n\n\n\n<p>At first I studied (1984 \u2013 1990) and worked (1989 \u2013 1995) at Silesian University (Uniwersytet \u015al\u0105ski) in Katowice, but in 1995 I moved to Wroc\u0142aw University. During my time in Wroc\u0142aw University English Department I have had the pleasure to launch Wroclaw University Postgraduate School of Business Translation (1998), teach a year as a visiting professor at Central Michigan University, USA (1999-2000), advise 21 doctoral students who have successfully defended their dissertations, serve as department deputy chair (1998-1999) and then as chair for three consecutive terms of office (2002-2005, 2005-2008, 2008-2012), and hold the office of associate dean of the Faculty of Letters for two terms of office (2012-2016 and 2016-2020).<\/p>\n\n\n\n<p>Before obtaining the postdoctoral degree I also worked as a translator and interpreter for a number of financial companies and in 1995 \u2013 2000 I served as assistant to the management board president of Bank Zachodni S.A. (now operating as Santander S.A.). The experience I gained there let me then write six books on the translation of legal and business documents, e.g. contracts, curt rulings, powers of attorney, etc. In the meantime I also started a series of December lectures on the history of Christmas traditions, St. Nicholas and his relationship to characters like Santa Claus. The series has been going on for more than fifteen years and keeps developing, so in December you&#8217;re invited to the next talk either on Wroc\u0142aw University premises or online.<\/p>\n\n\n\n<p>Besides studying English articles, translation and St. Nicholas I also enjoy backcountry walks, skiing, classical music, peace and quiet.<\/p>\n\n\n\n<p><strong>Book publications:<\/strong><\/p>\n\n\n\n<ul class=\"wp-block-list\">\n<li><a href=\"http:\/\/www.ifa.uni.wroc.pl\/documents\/publications\/Dialect%20in%20translation.pdf\"><em>Dialect in Tra<\/em>nslation.<\/a> Wroc\u0142aw,\u00a0 Wydawnictwo Uniwersytetu Wroc\u0142awskiego 1998.<\/li>\n\n\n\n<li><a href=\"http:\/\/www.ifa.uni.wroc.pl\/documents\/publications\/Articles%20and%20Proper%20Names.pdf\"><em>Articles and Proper Na<\/em>mes.<\/a> Wroc\u0142aw,\u00a0 Wydawnictwo Uniwersytetu Wroc\u0142awskiego 2002.<\/li>\n\n\n\n<li><a href=\"http:\/\/www.ifa.uni.wroc.pl\/documents\/publications\/Jak%20czytac%20i%20rozumiec%20angielskie%20umowy.pdf\"><em>Jak czyta\u0107 i rozumie\u0107 angielskie umowy<\/em>?<\/a> (How to Read and Understand English Contracts?) Warszawa, Wydawnictwo C.H.Beck 2007, second edition 2008, third edition 2009, fourth edition 2012, fifth edition 2014, sixth edition 2017, seventh edition 2023.<\/li>\n\n\n\n<li><a href=\"http:\/\/www.ifa.uni.wroc.pl\/documents\/publications\/The%20myth%20of%20the%20zero%20article.pdf\"><em>The Myth of the Zero Article<\/em>.<\/a> London, New York, Continuum Publishing 2009.<\/li>\n\n\n\n<li><a href=\"http:\/\/www.ifa.uni.wroc.pl\/documents\/publications\/Jak%20czytac%20i%20rozumiec%20angielskie%20dokumenty%20sadowe%20w%20sprawach%20cywilnych.pdf\"><em>Jak czyta\u0107 i rozumie\u0107 angielskie dokumenty s\u0105dowe w sprawach cywilnych?<\/em><\/a> (How to Read and Understand English Civil Action Court Documents?)Warszawa, Wydawnictwo C.H. Beck 2011, second edition 2014, third edition 2017, fourth edition 2023.<\/li>\n\n\n\n<li><em><a href=\"http:\/\/www.ifa.uni.wroc.pl\/documents\/publications\/Jak%20czytac%20i%20rozumiec%20angielskie%20dokumenty%20sadowe%20w%20sprawach%20cywilnych.pdf\">Jak czyta\u0107 i rozumie\u0107 angielskie dokumenty notarialne, testamenty i pe\u0142nomocnictwa ?<\/a><\/em> (How to Read and Understand English Notarial Documents, Wills and Powers of Attorney?)Warszawa, Wydawnictwo C.H. Beck 2015, second edition 2017, third edition 2021.<\/li>\n\n\n\n<li><em>Christmas Teacher Resources<\/em><em>.<\/em> PWN 2017.<\/li>\n\n\n\n<li><em>Jak\u00a0 czyta\u0107, rozumie\u0107 i t\u0142umaczy\u0107 dokumenty prawnicze i gospodarcze? <\/em>(How to Read, Understand and Translate English Legal and Business Documents?) Wydawnictwo C.H. Beck 2018, second edition 2024.<\/li>\n\n\n\n<li><em>Jak czyta\u0107, rozumie\u0107 i t\u0142umaczy\u0107 polskie umowy na j\u0119zyk angielski?<\/em> (How to Read, Understand and Translate Polish Contracts into English?) Wydawnictwo C.H. Beck 2020.<\/li>\n\n\n\n<li><em>Jak redagowa\u0107 przek\u0142ady angielskich dokument\u00f3w prawniczych i gospodarczych? <\/em><em>Poprawna polszczyzna dla t\u0142umaczy (<\/em>How to Edit Polish Translations of English Legal and Business Documents? Good Polish for Translators). Wydawnictwo C.H. Beck 2022. Co-authored by Piotr K\u0142adoczny.<\/li>\n<\/ul>\n\n\n\n<p><strong>Prizes &amp; commendations<\/strong>:<\/p>\n\n\n\n<ul class=\"wp-block-list\">\n<li>Wroc\u0142aw University President Research Excellence Prize: 2002, 2011, 2018, 2023.<\/li>\n\n\n\n<li>Wroc\u0142aw University President Organizational Excellence Prize: 1997, 2003, 2004, 2005, 2006, 2009, 2010.<\/li>\n\n\n\n<li>Prize of the Polish Association of Sworn and Specialist Translators and Interpreters: 2023<\/li>\n\n\n\n<li>The Best of the Best \u2013 in Search of Teaching Excellence Prize: 2023<\/li>\n\n\n\n<li>Excellence Initiative \u2013 Research University Publication Quality Prize: 2025<\/li>\n<\/ul>\n<\/div><\/div><\/div><\/div><\/div><\/div>\n<\/div><\/div><\/div><\/div><\/div><\/div>\n","protected":false},"excerpt":{"rendered":"<p>prof. dr hab. Leszek Berezowski Department of Translation Studiesleszek.berezowski@uwr.edu.pl My earliest interests were in geography but in secondary school my fascination with faraway countries slowly gave way to English and shortly before graduation I finally decided that I would not become a geologist or geographer but a linguist. During my freshman year I was captivated [&hellip;]<\/p>\n","protected":false},"author":57,"featured_media":0,"parent":19530,"menu_order":0,"comment_status":"closed","ping_status":"closed","template":"","meta":{"_acf_changed":false,"inline_featured_image":false,"site-sidebar-layout":"","site-content-layout":"","ast-site-content-layout":"default","site-content-style":"default","site-sidebar-style":"default","ast-global-header-display":"","ast-banner-title-visibility":"","ast-main-header-display":"","ast-hfb-above-header-display":"","ast-hfb-below-header-display":"","ast-hfb-mobile-header-display":"","site-post-title":"","ast-breadcrumbs-content":"","ast-featured-img":"","footer-sml-layout":"","ast-disable-related-posts":"","theme-transparent-header-meta":"","adv-header-id-meta":"","stick-header-meta":"","header-above-stick-meta":"","header-main-stick-meta":"","header-below-stick-meta":"","astra-migrate-meta-layouts":"set","ast-page-background-enabled":"default","ast-page-background-meta":{"desktop":{"background-color":"","background-image":"","background-repeat":"repeat","background-position":"center center","background-size":"auto","background-attachment":"scroll","background-type":"","background-media":"","overlay-type":"","overlay-color":"","overlay-opacity":"","overlay-gradient":""},"tablet":{"background-color":"","background-image":"","background-repeat":"repeat","background-position":"center center","background-size":"auto","background-attachment":"scroll","background-type":"","background-media":"","overlay-type":"","overlay-color":"","overlay-opacity":"","overlay-gradient":""},"mobile":{"background-color":"","background-image":"","background-repeat":"repeat","background-position":"center center","background-size":"auto","background-attachment":"scroll","background-type":"","background-media":"","overlay-type":"","overlay-color":"","overlay-opacity":"","overlay-gradient":""}},"ast-content-background-meta":{"desktop":{"background-color":"var(--ast-global-color-5)","background-image":"","background-repeat":"repeat","background-position":"center center","background-size":"auto","background-attachment":"scroll","background-type":"","background-media":"","overlay-type":"","overlay-color":"","overlay-opacity":"","overlay-gradient":""},"tablet":{"background-color":"var(--ast-global-color-5)","background-image":"","background-repeat":"repeat","background-position":"center center","background-size":"auto","background-attachment":"scroll","background-type":"","background-media":"","overlay-type":"","overlay-color":"","overlay-opacity":"","overlay-gradient":""},"mobile":{"background-color":"var(--ast-global-color-5)","background-image":"","background-repeat":"repeat","background-position":"center center","background-size":"auto","background-attachment":"scroll","background-type":"","background-media":"","overlay-type":"","overlay-color":"","overlay-opacity":"","overlay-gradient":""}},"footnotes":""},"categories":[],"tags":[],"class_list":["post-19848","page","type-page","status-publish","hentry"],"featured_image_urls_v2":{"full":"","thumbnail":"","medium":"","medium_large":"","large":"","1536x1536":"","2048x2048":"","menu-24x24":"","menu-36x36":"","menu-48x48":""},"post_excerpt_stackable_v2":"<p>prof. dr hab. Leszek Berezowski Department of Translation Studiesleszek.berezowski@uwr.edu.pl My earliest interests were in geography but in secondary school my fascination with faraway countries slowly gave way to English and shortly before graduation I finally decided that I would not become a geologist or geographer but a linguist. During my freshman year I was captivated by the quirks of English article usage and translation and these two areas have remained in the forefront of may interests ever since. When my wife talked me into writing a Ph.D. dissertation in 1994, I focused my project on translation theory as I did&hellip;<\/p>\n","category_list_v2":"Uncategorized","author_info_v2":{"name":"ikubon","url":"https:\/\/ifa.uwr.edu.pl\/en\/author\/ikubon\/"},"comments_num_v2":"0 comments","acf":[],"yoast_head":"<!-- This site is optimized with the Yoast SEO plugin v27.1.1 - https:\/\/yoast.com\/product\/yoast-seo-wordpress\/ -->\n<title>prof. dr hab. Leszek Berezowski - Instytut Filologii Angielskiej<\/title>\n<meta name=\"description\" content=\"Instytut Filologii Angielskiej Uniwersytetu Wroc\u0142awskiego \u2013 jednostka dydaktyczno-naukowa nale\u017c\u0105ca do struktur Wydzia\u0142u Filologicznego Uniwersytetu Wroc\u0142awskiego.\" \/>\n<meta name=\"robots\" content=\"index, follow, max-snippet:-1, max-image-preview:large, max-video-preview:-1\" \/>\n<link rel=\"canonical\" href=\"https:\/\/ifa.uwr.edu.pl\/en\/staff\/prof-dr-hab-leszek-berezowski\/\" \/>\n<meta property=\"og:locale\" content=\"en_US\" \/>\n<meta property=\"og:type\" content=\"article\" \/>\n<meta property=\"og:title\" content=\"prof. dr hab. Leszek Berezowski - Instytut Filologii Angielskiej\" \/>\n<meta property=\"og:description\" content=\"Instytut Filologii Angielskiej Uniwersytetu Wroc\u0142awskiego \u2013 jednostka dydaktyczno-naukowa nale\u017c\u0105ca do struktur Wydzia\u0142u Filologicznego Uniwersytetu Wroc\u0142awskiego.\" \/>\n<meta property=\"og:url\" content=\"https:\/\/ifa.uwr.edu.pl\/en\/staff\/prof-dr-hab-leszek-berezowski\/\" \/>\n<meta property=\"og:site_name\" content=\"Instytut Filologii Angielskiej\" \/>\n<meta property=\"article:modified_time\" content=\"2025-04-25T09:38:12+00:00\" \/>\n<meta property=\"og:image\" content=\"https:\/\/ifa.uwr.edu.pl\/wp-content\/uploads\/sites\/18\/2023\/09\/2022_Leszek-Berezowski_fot.-Maria-Kozan_-1-1-1024x769.jpg\" \/>\n<meta name=\"twitter:card\" content=\"summary_large_image\" \/>\n<meta name=\"twitter:label1\" content=\"Est. reading time\" \/>\n\t<meta name=\"twitter:data1\" content=\"5 minutes\" \/>\n<script type=\"application\/ld+json\" class=\"yoast-schema-graph\">{\"@context\":\"https:\/\/schema.org\",\"@graph\":[{\"@type\":\"WebPage\",\"@id\":\"https:\/\/ifa.uwr.edu.pl\/en\/staff\/prof-dr-hab-leszek-berezowski\/\",\"url\":\"https:\/\/ifa.uwr.edu.pl\/en\/staff\/prof-dr-hab-leszek-berezowski\/\",\"name\":\"prof. dr hab. Leszek Berezowski - Instytut Filologii Angielskiej\",\"isPartOf\":{\"@id\":\"https:\/\/ifa.uwr.edu.pl\/#website\"},\"primaryImageOfPage\":{\"@id\":\"https:\/\/ifa.uwr.edu.pl\/en\/staff\/prof-dr-hab-leszek-berezowski\/#primaryimage\"},\"image\":{\"@id\":\"https:\/\/ifa.uwr.edu.pl\/en\/staff\/prof-dr-hab-leszek-berezowski\/#primaryimage\"},\"thumbnailUrl\":\"https:\/\/ifa.uwr.edu.pl\/wp-content\/uploads\/sites\/18\/2023\/09\/2022_Leszek-Berezowski_fot.-Maria-Kozan_-1-1-1024x769.jpg\",\"datePublished\":\"2023-01-16T19:59:06+00:00\",\"dateModified\":\"2025-04-25T09:38:12+00:00\",\"description\":\"Instytut Filologii Angielskiej Uniwersytetu Wroc\u0142awskiego \u2013 jednostka dydaktyczno-naukowa nale\u017c\u0105ca do struktur Wydzia\u0142u Filologicznego Uniwersytetu Wroc\u0142awskiego.\",\"breadcrumb\":{\"@id\":\"https:\/\/ifa.uwr.edu.pl\/en\/staff\/prof-dr-hab-leszek-berezowski\/#breadcrumb\"},\"inLanguage\":\"en-US\",\"potentialAction\":[{\"@type\":\"ReadAction\",\"target\":[\"https:\/\/ifa.uwr.edu.pl\/en\/staff\/prof-dr-hab-leszek-berezowski\/\"]}]},{\"@type\":\"ImageObject\",\"inLanguage\":\"en-US\",\"@id\":\"https:\/\/ifa.uwr.edu.pl\/en\/staff\/prof-dr-hab-leszek-berezowski\/#primaryimage\",\"url\":\"https:\/\/ifa.uwr.edu.pl\/wp-content\/uploads\/sites\/18\/2023\/09\/2022_Leszek-Berezowski_fot.-Maria-Kozan_-1-1-1024x769.jpg\",\"contentUrl\":\"https:\/\/ifa.uwr.edu.pl\/wp-content\/uploads\/sites\/18\/2023\/09\/2022_Leszek-Berezowski_fot.-Maria-Kozan_-1-1-1024x769.jpg\"},{\"@type\":\"BreadcrumbList\",\"@id\":\"https:\/\/ifa.uwr.edu.pl\/en\/staff\/prof-dr-hab-leszek-berezowski\/#breadcrumb\",\"itemListElement\":[{\"@type\":\"ListItem\",\"position\":1,\"name\":\"Strona g\u0142\u00f3wna\",\"item\":\"https:\/\/ifa.uwr.edu.pl\/en\/\"},{\"@type\":\"ListItem\",\"position\":2,\"name\":\"Staff\",\"item\":\"https:\/\/ifa.uwr.edu.pl\/en\/staff\/\"},{\"@type\":\"ListItem\",\"position\":3,\"name\":\"prof. dr hab. Leszek Berezowski\"}]},{\"@type\":\"WebSite\",\"@id\":\"https:\/\/ifa.uwr.edu.pl\/#website\",\"url\":\"https:\/\/ifa.uwr.edu.pl\/\",\"name\":\"Instytut Filologii Angielskiej\",\"description\":\"Instytut Filologii Angielskiej\",\"publisher\":{\"@id\":\"https:\/\/ifa.uwr.edu.pl\/#organization\"},\"potentialAction\":[{\"@type\":\"SearchAction\",\"target\":{\"@type\":\"EntryPoint\",\"urlTemplate\":\"https:\/\/ifa.uwr.edu.pl\/?s={search_term_string}\"},\"query-input\":{\"@type\":\"PropertyValueSpecification\",\"valueRequired\":true,\"valueName\":\"search_term_string\"}}],\"inLanguage\":\"en-US\"},{\"@type\":\"Organization\",\"@id\":\"https:\/\/ifa.uwr.edu.pl\/#organization\",\"name\":\"Instytut Filologii Angielskiej\",\"url\":\"https:\/\/ifa.uwr.edu.pl\/\",\"logo\":{\"@type\":\"ImageObject\",\"inLanguage\":\"en-US\",\"@id\":\"https:\/\/ifa.uwr.edu.pl\/#\/schema\/logo\/image\/\",\"url\":\"https:\/\/ifa.uwr.edu.pl\/wp-content\/uploads\/sites\/18\/2025\/10\/cropped-UWr-logotyp-2025.png\",\"contentUrl\":\"https:\/\/ifa.uwr.edu.pl\/wp-content\/uploads\/sites\/18\/2025\/10\/cropped-UWr-logotyp-2025.png\",\"width\":764,\"height\":269,\"caption\":\"Instytut Filologii Angielskiej\"},\"image\":{\"@id\":\"https:\/\/ifa.uwr.edu.pl\/#\/schema\/logo\/image\/\"}}]}<\/script>\n<!-- \/ Yoast SEO plugin. -->","yoast_head_json":{"title":"prof. dr hab. Leszek Berezowski - Instytut Filologii Angielskiej","description":"Instytut Filologii Angielskiej Uniwersytetu Wroc\u0142awskiego \u2013 jednostka dydaktyczno-naukowa nale\u017c\u0105ca do struktur Wydzia\u0142u Filologicznego Uniwersytetu Wroc\u0142awskiego.","robots":{"index":"index","follow":"follow","max-snippet":"max-snippet:-1","max-image-preview":"max-image-preview:large","max-video-preview":"max-video-preview:-1"},"canonical":"https:\/\/ifa.uwr.edu.pl\/en\/staff\/prof-dr-hab-leszek-berezowski\/","og_locale":"en_US","og_type":"article","og_title":"prof. dr hab. Leszek Berezowski - Instytut Filologii Angielskiej","og_description":"Instytut Filologii Angielskiej Uniwersytetu Wroc\u0142awskiego \u2013 jednostka dydaktyczno-naukowa nale\u017c\u0105ca do struktur Wydzia\u0142u Filologicznego Uniwersytetu Wroc\u0142awskiego.","og_url":"https:\/\/ifa.uwr.edu.pl\/en\/staff\/prof-dr-hab-leszek-berezowski\/","og_site_name":"Instytut Filologii Angielskiej","article_modified_time":"2025-04-25T09:38:12+00:00","og_image":[{"url":"https:\/\/ifa.uwr.edu.pl\/wp-content\/uploads\/sites\/18\/2023\/09\/2022_Leszek-Berezowski_fot.-Maria-Kozan_-1-1-1024x769.jpg","type":"","width":"","height":""}],"twitter_card":"summary_large_image","twitter_misc":{"Est. reading time":"5 minutes"},"schema":{"@context":"https:\/\/schema.org","@graph":[{"@type":"WebPage","@id":"https:\/\/ifa.uwr.edu.pl\/en\/staff\/prof-dr-hab-leszek-berezowski\/","url":"https:\/\/ifa.uwr.edu.pl\/en\/staff\/prof-dr-hab-leszek-berezowski\/","name":"prof. dr hab. Leszek Berezowski - Instytut Filologii Angielskiej","isPartOf":{"@id":"https:\/\/ifa.uwr.edu.pl\/#website"},"primaryImageOfPage":{"@id":"https:\/\/ifa.uwr.edu.pl\/en\/staff\/prof-dr-hab-leszek-berezowski\/#primaryimage"},"image":{"@id":"https:\/\/ifa.uwr.edu.pl\/en\/staff\/prof-dr-hab-leszek-berezowski\/#primaryimage"},"thumbnailUrl":"https:\/\/ifa.uwr.edu.pl\/wp-content\/uploads\/sites\/18\/2023\/09\/2022_Leszek-Berezowski_fot.-Maria-Kozan_-1-1-1024x769.jpg","datePublished":"2023-01-16T19:59:06+00:00","dateModified":"2025-04-25T09:38:12+00:00","description":"Instytut Filologii Angielskiej Uniwersytetu Wroc\u0142awskiego \u2013 jednostka dydaktyczno-naukowa nale\u017c\u0105ca do struktur Wydzia\u0142u Filologicznego Uniwersytetu Wroc\u0142awskiego.","breadcrumb":{"@id":"https:\/\/ifa.uwr.edu.pl\/en\/staff\/prof-dr-hab-leszek-berezowski\/#breadcrumb"},"inLanguage":"en-US","potentialAction":[{"@type":"ReadAction","target":["https:\/\/ifa.uwr.edu.pl\/en\/staff\/prof-dr-hab-leszek-berezowski\/"]}]},{"@type":"ImageObject","inLanguage":"en-US","@id":"https:\/\/ifa.uwr.edu.pl\/en\/staff\/prof-dr-hab-leszek-berezowski\/#primaryimage","url":"https:\/\/ifa.uwr.edu.pl\/wp-content\/uploads\/sites\/18\/2023\/09\/2022_Leszek-Berezowski_fot.-Maria-Kozan_-1-1-1024x769.jpg","contentUrl":"https:\/\/ifa.uwr.edu.pl\/wp-content\/uploads\/sites\/18\/2023\/09\/2022_Leszek-Berezowski_fot.-Maria-Kozan_-1-1-1024x769.jpg"},{"@type":"BreadcrumbList","@id":"https:\/\/ifa.uwr.edu.pl\/en\/staff\/prof-dr-hab-leszek-berezowski\/#breadcrumb","itemListElement":[{"@type":"ListItem","position":1,"name":"Strona g\u0142\u00f3wna","item":"https:\/\/ifa.uwr.edu.pl\/en\/"},{"@type":"ListItem","position":2,"name":"Staff","item":"https:\/\/ifa.uwr.edu.pl\/en\/staff\/"},{"@type":"ListItem","position":3,"name":"prof. dr hab. Leszek Berezowski"}]},{"@type":"WebSite","@id":"https:\/\/ifa.uwr.edu.pl\/#website","url":"https:\/\/ifa.uwr.edu.pl\/","name":"Instytut Filologii Angielskiej","description":"Instytut Filologii Angielskiej","publisher":{"@id":"https:\/\/ifa.uwr.edu.pl\/#organization"},"potentialAction":[{"@type":"SearchAction","target":{"@type":"EntryPoint","urlTemplate":"https:\/\/ifa.uwr.edu.pl\/?s={search_term_string}"},"query-input":{"@type":"PropertyValueSpecification","valueRequired":true,"valueName":"search_term_string"}}],"inLanguage":"en-US"},{"@type":"Organization","@id":"https:\/\/ifa.uwr.edu.pl\/#organization","name":"Instytut Filologii Angielskiej","url":"https:\/\/ifa.uwr.edu.pl\/","logo":{"@type":"ImageObject","inLanguage":"en-US","@id":"https:\/\/ifa.uwr.edu.pl\/#\/schema\/logo\/image\/","url":"https:\/\/ifa.uwr.edu.pl\/wp-content\/uploads\/sites\/18\/2025\/10\/cropped-UWr-logotyp-2025.png","contentUrl":"https:\/\/ifa.uwr.edu.pl\/wp-content\/uploads\/sites\/18\/2025\/10\/cropped-UWr-logotyp-2025.png","width":764,"height":269,"caption":"Instytut Filologii Angielskiej"},"image":{"@id":"https:\/\/ifa.uwr.edu.pl\/#\/schema\/logo\/image\/"}}]}},"publishpress_future_action":{"enabled":false,"date":"2026-04-18 21:40:10","action":"change-status","newStatus":"draft","terms":[],"taxonomy":"category","extraData":[]},"publishpress_future_workflow_manual_trigger":{"enabledWorkflows":[]},"_links":{"self":[{"href":"https:\/\/ifa.uwr.edu.pl\/en\/wp-json\/wp\/v2\/pages\/19848\/"}],"collection":[{"href":"https:\/\/ifa.uwr.edu.pl\/en\/wp-json\/wp\/v2\/pages\/"}],"about":[{"href":"https:\/\/ifa.uwr.edu.pl\/en\/wp-json\/wp\/v2\/types\/page\/"}],"author":[{"embeddable":true,"href":"https:\/\/ifa.uwr.edu.pl\/en\/wp-json\/wp\/v2\/users\/57\/"}],"replies":[{"embeddable":true,"href":"https:\/\/ifa.uwr.edu.pl\/en\/wp-json\/wp\/v2\/comments\/?post=19848"}],"version-history":[{"count":6,"href":"https:\/\/ifa.uwr.edu.pl\/en\/wp-json\/wp\/v2\/pages\/19848\/revisions\/"}],"predecessor-version":[{"id":28795,"href":"https:\/\/ifa.uwr.edu.pl\/en\/wp-json\/wp\/v2\/pages\/19848\/revisions\/28795\/"}],"up":[{"embeddable":true,"href":"https:\/\/ifa.uwr.edu.pl\/en\/wp-json\/wp\/v2\/pages\/19530\/"}],"wp:attachment":[{"href":"https:\/\/ifa.uwr.edu.pl\/en\/wp-json\/wp\/v2\/media\/?parent=19848"}],"wp:term":[{"taxonomy":"category","embeddable":true,"href":"https:\/\/ifa.uwr.edu.pl\/en\/wp-json\/wp\/v2\/categories\/?post=19848"},{"taxonomy":"post_tag","embeddable":true,"href":"https:\/\/ifa.uwr.edu.pl\/en\/wp-json\/wp\/v2\/tags\/?post=19848"}],"curies":[{"name":"wp","href":"https:\/\/api.w.org\/{rel}","templated":true}]}}