{"id":19863,"date":"2023-01-16T21:04:33","date_gmt":"2023-01-16T20:04:33","guid":{"rendered":"https:\/\/ifa.uwr.edu.pl\/?page_id=19863"},"modified":"2023-04-26T11:54:51","modified_gmt":"2023-04-26T09:54:51","slug":"dr-hab-anna-mystkowska-wiertelak","status":"publish","type":"page","link":"https:\/\/ifa.uwr.edu.pl\/en\/staff\/dr-hab-anna-mystkowska-wiertelak\/","title":{"rendered":"dr hab. Anna Mystkowska-Wiertelak"},"content":{"rendered":"\n<div class=\"wp-block-ugb-container ugb-container ugb-8dda971 ugb-container--v2 ugb-container--design-plain ugb-main-block\"><div class=\"ugb-inner-block\"><div class=\"ugb-block-content\"><div class=\"ugb-container__wrapper ugb-8dda971-wrapper\"><div class=\"ugb-container__side\"><div class=\"ugb-container__content-wrapper ugb-8dda971-content-wrapper\">\n<div class=\"wp-block-columns bs-news-page is-layout-flex wp-block-columns-is-layout-flex\">\n<div class=\"wp-block-column bs-kontakt-photo is-layout-flow wp-block-column-is-layout-flow\">\n<figure class=\"wp-block-image size-large\"><img loading=\"lazy\" decoding=\"async\" width=\"735\" height=\"1024\" src=\"https:\/\/ifa.uwr.edu.pl\/wp-content\/uploads\/sites\/18\/2023\/04\/MYSTKOWSKA-1-735x1024.jpg\" alt=\"amw\" class=\"wp-image-21732\" srcset=\"https:\/\/ifa.uwr.edu.pl\/wp-content\/uploads\/sites\/18\/2023\/04\/MYSTKOWSKA-1-735x1024.jpg 735w, https:\/\/ifa.uwr.edu.pl\/wp-content\/uploads\/sites\/18\/2023\/04\/MYSTKOWSKA-1-215x300.jpg 215w, https:\/\/ifa.uwr.edu.pl\/wp-content\/uploads\/sites\/18\/2023\/04\/MYSTKOWSKA-1-768x1070.jpg 768w, https:\/\/ifa.uwr.edu.pl\/wp-content\/uploads\/sites\/18\/2023\/04\/MYSTKOWSKA-1-1103x1536.jpg 1103w, https:\/\/ifa.uwr.edu.pl\/wp-content\/uploads\/sites\/18\/2023\/04\/MYSTKOWSKA-1-17x24.jpg 17w, https:\/\/ifa.uwr.edu.pl\/wp-content\/uploads\/sites\/18\/2023\/04\/MYSTKOWSKA-1-26x36.jpg 26w, https:\/\/ifa.uwr.edu.pl\/wp-content\/uploads\/sites\/18\/2023\/04\/MYSTKOWSKA-1-34x48.jpg 34w, https:\/\/ifa.uwr.edu.pl\/wp-content\/uploads\/sites\/18\/2023\/04\/MYSTKOWSKA-1.jpg 1149w\" sizes=\"auto, (max-width: 735px) 100vw, 735px\" \/><\/figure>\n<\/div>\n\n\n\n<div class=\"wp-block-column bs-contact-right-column is-layout-flow wp-block-column-is-layout-flow\">\n<div class=\"wp-block-bonasoft-modular-breadcrumbs-block\"><div class=\"bs_add_breadcrumb_trail\"><\/div><\/div>\n\n\n\n<hr class=\"wp-block-separator has-text-color has-background has-black-background-color has-black-color is-style-wide bs-border-kontakt\"\/>\n\n\n\n<h1 class=\"bs-naglowek-podstrony wp-block-heading\" id=\"prof-dr-hab-anna-michonska-stadnik\"><strong>dr hab. Anna Mystkowska-Wiertelak<\/strong><\/h1>\n\n\n\n<p>Department of Second Language Learning and Teaching<br><a href=\"mailto:anna.mystkowska-wiertelak@uwr.edu.pl\">anna.mystkowska-wiertelak@uwr.edu.pl<\/a><\/p>\n<\/div>\n<\/div>\n\n\n\n<div class=\"wp-block-ugb-container ugb-container bs-news-page-under ugb-f8694ce ugb-container--v2 ugb-container--design-plain ugb-main-block\"><div class=\"ugb-inner-block\"><div class=\"ugb-block-content\"><div class=\"ugb-container__wrapper ugb-f8694ce-wrapper\"><div class=\"ugb-container__side\"><div class=\"ugb-container__content-wrapper ugb-f8694ce-content-wrapper\">\n<p><strong>Anna Mystkowska-Wiertelak <\/strong>is an associate professor at the Department of Glottodidactics, Institute of English Studies of Wroc\u0142aw University. Her main interests include, apart from teacher education, second language acquisition theory and research, language learning strategies, learner autonomy, form-focused instruction, willingness to communicate, motivation, and learner engagement. She authored and co-authored a number of publications in, among others, <em>System, Language Teaching Research, Language Learning Journal, Studies in Second Language Learning and Teaching <\/em>and<em> Research in Language<\/em>. She is also a co-author (with Miros\u0142aw Pawlak) of the books <em>Production-oriented and Comprehension-based Grammar Teaching in the Foreign Language Classroom<\/em> (Springer, 2012) and <em>Willingness to Communicate in Instructed Second Language Acquisition<\/em> (Multilingual Matters, 2017).<\/p>\n<\/div><\/div><\/div><\/div><\/div><\/div>\n<\/div><\/div><\/div><\/div><\/div><\/div>\n","protected":false},"excerpt":{"rendered":"<p>dr hab. Anna Mystkowska-Wiertelak Department of Second Language Learning and Teachinganna.mystkowska-wiertelak@uwr.edu.pl Anna Mystkowska-Wiertelak is an associate professor at the Department of Glottodidactics, Institute of English Studies of Wroc\u0142aw University. Her main interests include, apart from teacher education, second language acquisition theory and research, language learning strategies, learner autonomy, form-focused instruction, willingness to communicate, motivation, and [&hellip;]<\/p>\n","protected":false},"author":57,"featured_media":0,"parent":19530,"menu_order":0,"comment_status":"closed","ping_status":"closed","template":"","meta":{"_acf_changed":false,"inline_featured_image":false,"site-sidebar-layout":"","site-content-layout":"","ast-site-content-layout":"default","site-content-style":"default","site-sidebar-style":"default","ast-global-header-display":"","ast-banner-title-visibility":"","ast-main-header-display":"","ast-hfb-above-header-display":"","ast-hfb-below-header-display":"","ast-hfb-mobile-header-display":"","site-post-title":"","ast-breadcrumbs-content":"","ast-featured-img":"","footer-sml-layout":"","ast-disable-related-posts":"","theme-transparent-header-meta":"","adv-header-id-meta":"","stick-header-meta":"","header-above-stick-meta":"","header-main-stick-meta":"","header-below-stick-meta":"","astra-migrate-meta-layouts":"default","ast-page-background-enabled":"default","ast-page-background-meta":{"desktop":{"background-color":"","background-image":"","background-repeat":"repeat","background-position":"center center","background-size":"auto","background-attachment":"scroll","background-type":"","background-media":"","overlay-type":"","overlay-color":"","overlay-opacity":"","overlay-gradient":""},"tablet":{"background-color":"","background-image":"","background-repeat":"repeat","background-position":"center center","background-size":"auto","background-attachment":"scroll","background-type":"","background-media":"","overlay-type":"","overlay-color":"","overlay-opacity":"","overlay-gradient":""},"mobile":{"background-color":"","background-image":"","background-repeat":"repeat","background-position":"center center","background-size":"auto","background-attachment":"scroll","background-type":"","background-media":"","overlay-type":"","overlay-color":"","overlay-opacity":"","overlay-gradient":""}},"ast-content-background-meta":{"desktop":{"background-color":"var(--ast-global-color-5)","background-image":"","background-repeat":"repeat","background-position":"center center","background-size":"auto","background-attachment":"scroll","background-type":"","background-media":"","overlay-type":"","overlay-color":"","overlay-opacity":"","overlay-gradient":""},"tablet":{"background-color":"var(--ast-global-color-5)","background-image":"","background-repeat":"repeat","background-position":"center center","background-size":"auto","background-attachment":"scroll","background-type":"","background-media":"","overlay-type":"","overlay-color":"","overlay-opacity":"","overlay-gradient":""},"mobile":{"background-color":"var(--ast-global-color-5)","background-image":"","background-repeat":"repeat","background-position":"center center","background-size":"auto","background-attachment":"scroll","background-type":"","background-media":"","overlay-type":"","overlay-color":"","overlay-opacity":"","overlay-gradient":""}},"footnotes":""},"categories":[],"tags":[],"class_list":["post-19863","page","type-page","status-publish","hentry"],"featured_image_urls_v2":{"full":"","thumbnail":"","medium":"","medium_large":"","large":"","1536x1536":"","2048x2048":"","menu-24x24":"","menu-36x36":"","menu-48x48":""},"post_excerpt_stackable_v2":"<p>dr hab. Anna Mystkowska-Wiertelak Department of Second Language Learning and Teachinganna.mystkowska-wiertelak@uwr.edu.pl Anna Mystkowska-Wiertelak is an associate professor at the Department of Glottodidactics, Institute of English Studies of Wroc\u0142aw University. Her main interests include, apart from teacher education, second language acquisition theory and research, language learning strategies, learner autonomy, form-focused instruction, willingness to communicate, motivation, and learner engagement. She authored and co-authored a number of publications in, among others, System, Language Teaching Research, Language Learning Journal, Studies in Second Language Learning and Teaching and Research in Language. She is also a co-author (with Miros\u0142aw Pawlak) of the books Production-oriented and Comprehension-based&hellip;<\/p>\n","category_list_v2":"Uncategorized","author_info_v2":{"name":"ikubon","url":"https:\/\/ifa.uwr.edu.pl\/en\/author\/ikubon\/"},"comments_num_v2":"0 comments","acf":[],"yoast_head":"<!-- This site is optimized with the Yoast SEO plugin v27.1.1 - https:\/\/yoast.com\/product\/yoast-seo-wordpress\/ -->\n<title>dr hab. Anna Mystkowska-Wiertelak - Instytut Filologii Angielskiej<\/title>\n<meta name=\"description\" content=\"Instytut Filologii Angielskiej Uniwersytetu Wroc\u0142awskiego \u2013 jednostka dydaktyczno-naukowa nale\u017c\u0105ca do struktur Wydzia\u0142u Filologicznego Uniwersytetu Wroc\u0142awskiego.\" \/>\n<meta name=\"robots\" content=\"index, follow, max-snippet:-1, max-image-preview:large, max-video-preview:-1\" \/>\n<link rel=\"canonical\" href=\"https:\/\/ifa.uwr.edu.pl\/en\/staff\/dr-hab-anna-mystkowska-wiertelak\/\" \/>\n<meta property=\"og:locale\" content=\"en_US\" \/>\n<meta property=\"og:type\" content=\"article\" \/>\n<meta property=\"og:title\" content=\"dr hab. Anna Mystkowska-Wiertelak - Instytut Filologii Angielskiej\" \/>\n<meta property=\"og:description\" content=\"Instytut Filologii Angielskiej Uniwersytetu Wroc\u0142awskiego \u2013 jednostka dydaktyczno-naukowa nale\u017c\u0105ca do struktur Wydzia\u0142u Filologicznego Uniwersytetu Wroc\u0142awskiego.\" \/>\n<meta property=\"og:url\" content=\"https:\/\/ifa.uwr.edu.pl\/en\/staff\/dr-hab-anna-mystkowska-wiertelak\/\" \/>\n<meta property=\"og:site_name\" content=\"Instytut Filologii Angielskiej\" \/>\n<meta property=\"article:modified_time\" content=\"2023-04-26T09:54:51+00:00\" \/>\n<meta property=\"og:image\" content=\"https:\/\/ifa.uwr.edu.pl\/wp-content\/uploads\/sites\/18\/2023\/04\/MYSTKOWSKA-1-735x1024.jpg\" \/>\n<meta name=\"twitter:card\" content=\"summary_large_image\" \/>\n<meta name=\"twitter:label1\" content=\"Est. reading time\" \/>\n\t<meta name=\"twitter:data1\" content=\"1 minute\" \/>\n<script type=\"application\/ld+json\" class=\"yoast-schema-graph\">{\"@context\":\"https:\/\/schema.org\",\"@graph\":[{\"@type\":\"WebPage\",\"@id\":\"https:\/\/ifa.uwr.edu.pl\/en\/staff\/dr-hab-anna-mystkowska-wiertelak\/\",\"url\":\"https:\/\/ifa.uwr.edu.pl\/en\/staff\/dr-hab-anna-mystkowska-wiertelak\/\",\"name\":\"dr hab. Anna Mystkowska-Wiertelak - Instytut Filologii Angielskiej\",\"isPartOf\":{\"@id\":\"https:\/\/ifa.uwr.edu.pl\/#website\"},\"primaryImageOfPage\":{\"@id\":\"https:\/\/ifa.uwr.edu.pl\/en\/staff\/dr-hab-anna-mystkowska-wiertelak\/#primaryimage\"},\"image\":{\"@id\":\"https:\/\/ifa.uwr.edu.pl\/en\/staff\/dr-hab-anna-mystkowska-wiertelak\/#primaryimage\"},\"thumbnailUrl\":\"https:\/\/ifa.uwr.edu.pl\/wp-content\/uploads\/sites\/18\/2023\/04\/MYSTKOWSKA-1-735x1024.jpg\",\"datePublished\":\"2023-01-16T20:04:33+00:00\",\"dateModified\":\"2023-04-26T09:54:51+00:00\",\"description\":\"Instytut Filologii Angielskiej Uniwersytetu Wroc\u0142awskiego \u2013 jednostka dydaktyczno-naukowa nale\u017c\u0105ca do struktur Wydzia\u0142u Filologicznego Uniwersytetu Wroc\u0142awskiego.\",\"breadcrumb\":{\"@id\":\"https:\/\/ifa.uwr.edu.pl\/en\/staff\/dr-hab-anna-mystkowska-wiertelak\/#breadcrumb\"},\"inLanguage\":\"en-US\",\"potentialAction\":[{\"@type\":\"ReadAction\",\"target\":[\"https:\/\/ifa.uwr.edu.pl\/en\/staff\/dr-hab-anna-mystkowska-wiertelak\/\"]}]},{\"@type\":\"ImageObject\",\"inLanguage\":\"en-US\",\"@id\":\"https:\/\/ifa.uwr.edu.pl\/en\/staff\/dr-hab-anna-mystkowska-wiertelak\/#primaryimage\",\"url\":\"https:\/\/ifa.uwr.edu.pl\/wp-content\/uploads\/sites\/18\/2023\/04\/MYSTKOWSKA-1-735x1024.jpg\",\"contentUrl\":\"https:\/\/ifa.uwr.edu.pl\/wp-content\/uploads\/sites\/18\/2023\/04\/MYSTKOWSKA-1-735x1024.jpg\"},{\"@type\":\"BreadcrumbList\",\"@id\":\"https:\/\/ifa.uwr.edu.pl\/en\/staff\/dr-hab-anna-mystkowska-wiertelak\/#breadcrumb\",\"itemListElement\":[{\"@type\":\"ListItem\",\"position\":1,\"name\":\"Strona g\u0142\u00f3wna\",\"item\":\"https:\/\/ifa.uwr.edu.pl\/en\/\"},{\"@type\":\"ListItem\",\"position\":2,\"name\":\"Staff\",\"item\":\"https:\/\/ifa.uwr.edu.pl\/en\/staff\/\"},{\"@type\":\"ListItem\",\"position\":3,\"name\":\"dr hab. Anna Mystkowska-Wiertelak\"}]},{\"@type\":\"WebSite\",\"@id\":\"https:\/\/ifa.uwr.edu.pl\/#website\",\"url\":\"https:\/\/ifa.uwr.edu.pl\/\",\"name\":\"Instytut Filologii Angielskiej\",\"description\":\"Instytut Filologii Angielskiej\",\"publisher\":{\"@id\":\"https:\/\/ifa.uwr.edu.pl\/#organization\"},\"potentialAction\":[{\"@type\":\"SearchAction\",\"target\":{\"@type\":\"EntryPoint\",\"urlTemplate\":\"https:\/\/ifa.uwr.edu.pl\/?s={search_term_string}\"},\"query-input\":{\"@type\":\"PropertyValueSpecification\",\"valueRequired\":true,\"valueName\":\"search_term_string\"}}],\"inLanguage\":\"en-US\"},{\"@type\":\"Organization\",\"@id\":\"https:\/\/ifa.uwr.edu.pl\/#organization\",\"name\":\"Instytut Filologii Angielskiej\",\"url\":\"https:\/\/ifa.uwr.edu.pl\/\",\"logo\":{\"@type\":\"ImageObject\",\"inLanguage\":\"en-US\",\"@id\":\"https:\/\/ifa.uwr.edu.pl\/#\/schema\/logo\/image\/\",\"url\":\"https:\/\/ifa.uwr.edu.pl\/wp-content\/uploads\/sites\/18\/2025\/10\/cropped-UWr-logotyp-2025.png\",\"contentUrl\":\"https:\/\/ifa.uwr.edu.pl\/wp-content\/uploads\/sites\/18\/2025\/10\/cropped-UWr-logotyp-2025.png\",\"width\":764,\"height\":269,\"caption\":\"Instytut Filologii Angielskiej\"},\"image\":{\"@id\":\"https:\/\/ifa.uwr.edu.pl\/#\/schema\/logo\/image\/\"}}]}<\/script>\n<!-- \/ Yoast SEO plugin. -->","yoast_head_json":{"title":"dr hab. Anna Mystkowska-Wiertelak - Instytut Filologii Angielskiej","description":"Instytut Filologii Angielskiej Uniwersytetu Wroc\u0142awskiego \u2013 jednostka dydaktyczno-naukowa nale\u017c\u0105ca do struktur Wydzia\u0142u Filologicznego Uniwersytetu Wroc\u0142awskiego.","robots":{"index":"index","follow":"follow","max-snippet":"max-snippet:-1","max-image-preview":"max-image-preview:large","max-video-preview":"max-video-preview:-1"},"canonical":"https:\/\/ifa.uwr.edu.pl\/en\/staff\/dr-hab-anna-mystkowska-wiertelak\/","og_locale":"en_US","og_type":"article","og_title":"dr hab. Anna Mystkowska-Wiertelak - Instytut Filologii Angielskiej","og_description":"Instytut Filologii Angielskiej Uniwersytetu Wroc\u0142awskiego \u2013 jednostka dydaktyczno-naukowa nale\u017c\u0105ca do struktur Wydzia\u0142u Filologicznego Uniwersytetu Wroc\u0142awskiego.","og_url":"https:\/\/ifa.uwr.edu.pl\/en\/staff\/dr-hab-anna-mystkowska-wiertelak\/","og_site_name":"Instytut Filologii Angielskiej","article_modified_time":"2023-04-26T09:54:51+00:00","og_image":[{"url":"https:\/\/ifa.uwr.edu.pl\/wp-content\/uploads\/sites\/18\/2023\/04\/MYSTKOWSKA-1-735x1024.jpg","type":"","width":"","height":""}],"twitter_card":"summary_large_image","twitter_misc":{"Est. reading time":"1 minute"},"schema":{"@context":"https:\/\/schema.org","@graph":[{"@type":"WebPage","@id":"https:\/\/ifa.uwr.edu.pl\/en\/staff\/dr-hab-anna-mystkowska-wiertelak\/","url":"https:\/\/ifa.uwr.edu.pl\/en\/staff\/dr-hab-anna-mystkowska-wiertelak\/","name":"dr hab. Anna Mystkowska-Wiertelak - Instytut Filologii Angielskiej","isPartOf":{"@id":"https:\/\/ifa.uwr.edu.pl\/#website"},"primaryImageOfPage":{"@id":"https:\/\/ifa.uwr.edu.pl\/en\/staff\/dr-hab-anna-mystkowska-wiertelak\/#primaryimage"},"image":{"@id":"https:\/\/ifa.uwr.edu.pl\/en\/staff\/dr-hab-anna-mystkowska-wiertelak\/#primaryimage"},"thumbnailUrl":"https:\/\/ifa.uwr.edu.pl\/wp-content\/uploads\/sites\/18\/2023\/04\/MYSTKOWSKA-1-735x1024.jpg","datePublished":"2023-01-16T20:04:33+00:00","dateModified":"2023-04-26T09:54:51+00:00","description":"Instytut Filologii Angielskiej Uniwersytetu Wroc\u0142awskiego \u2013 jednostka dydaktyczno-naukowa nale\u017c\u0105ca do struktur Wydzia\u0142u Filologicznego Uniwersytetu Wroc\u0142awskiego.","breadcrumb":{"@id":"https:\/\/ifa.uwr.edu.pl\/en\/staff\/dr-hab-anna-mystkowska-wiertelak\/#breadcrumb"},"inLanguage":"en-US","potentialAction":[{"@type":"ReadAction","target":["https:\/\/ifa.uwr.edu.pl\/en\/staff\/dr-hab-anna-mystkowska-wiertelak\/"]}]},{"@type":"ImageObject","inLanguage":"en-US","@id":"https:\/\/ifa.uwr.edu.pl\/en\/staff\/dr-hab-anna-mystkowska-wiertelak\/#primaryimage","url":"https:\/\/ifa.uwr.edu.pl\/wp-content\/uploads\/sites\/18\/2023\/04\/MYSTKOWSKA-1-735x1024.jpg","contentUrl":"https:\/\/ifa.uwr.edu.pl\/wp-content\/uploads\/sites\/18\/2023\/04\/MYSTKOWSKA-1-735x1024.jpg"},{"@type":"BreadcrumbList","@id":"https:\/\/ifa.uwr.edu.pl\/en\/staff\/dr-hab-anna-mystkowska-wiertelak\/#breadcrumb","itemListElement":[{"@type":"ListItem","position":1,"name":"Strona g\u0142\u00f3wna","item":"https:\/\/ifa.uwr.edu.pl\/en\/"},{"@type":"ListItem","position":2,"name":"Staff","item":"https:\/\/ifa.uwr.edu.pl\/en\/staff\/"},{"@type":"ListItem","position":3,"name":"dr hab. Anna Mystkowska-Wiertelak"}]},{"@type":"WebSite","@id":"https:\/\/ifa.uwr.edu.pl\/#website","url":"https:\/\/ifa.uwr.edu.pl\/","name":"Instytut Filologii Angielskiej","description":"Instytut Filologii Angielskiej","publisher":{"@id":"https:\/\/ifa.uwr.edu.pl\/#organization"},"potentialAction":[{"@type":"SearchAction","target":{"@type":"EntryPoint","urlTemplate":"https:\/\/ifa.uwr.edu.pl\/?s={search_term_string}"},"query-input":{"@type":"PropertyValueSpecification","valueRequired":true,"valueName":"search_term_string"}}],"inLanguage":"en-US"},{"@type":"Organization","@id":"https:\/\/ifa.uwr.edu.pl\/#organization","name":"Instytut Filologii Angielskiej","url":"https:\/\/ifa.uwr.edu.pl\/","logo":{"@type":"ImageObject","inLanguage":"en-US","@id":"https:\/\/ifa.uwr.edu.pl\/#\/schema\/logo\/image\/","url":"https:\/\/ifa.uwr.edu.pl\/wp-content\/uploads\/sites\/18\/2025\/10\/cropped-UWr-logotyp-2025.png","contentUrl":"https:\/\/ifa.uwr.edu.pl\/wp-content\/uploads\/sites\/18\/2025\/10\/cropped-UWr-logotyp-2025.png","width":764,"height":269,"caption":"Instytut Filologii Angielskiej"},"image":{"@id":"https:\/\/ifa.uwr.edu.pl\/#\/schema\/logo\/image\/"}}]}},"publishpress_future_action":{"enabled":false,"date":"2026-04-18 23:27:55","action":"change-status","newStatus":"draft","terms":[],"taxonomy":"category","extraData":[]},"publishpress_future_workflow_manual_trigger":{"enabledWorkflows":[]},"_links":{"self":[{"href":"https:\/\/ifa.uwr.edu.pl\/en\/wp-json\/wp\/v2\/pages\/19863\/"}],"collection":[{"href":"https:\/\/ifa.uwr.edu.pl\/en\/wp-json\/wp\/v2\/pages\/"}],"about":[{"href":"https:\/\/ifa.uwr.edu.pl\/en\/wp-json\/wp\/v2\/types\/page\/"}],"author":[{"embeddable":true,"href":"https:\/\/ifa.uwr.edu.pl\/en\/wp-json\/wp\/v2\/users\/57\/"}],"replies":[{"embeddable":true,"href":"https:\/\/ifa.uwr.edu.pl\/en\/wp-json\/wp\/v2\/comments\/?post=19863"}],"version-history":[{"count":3,"href":"https:\/\/ifa.uwr.edu.pl\/en\/wp-json\/wp\/v2\/pages\/19863\/revisions\/"}],"predecessor-version":[{"id":21735,"href":"https:\/\/ifa.uwr.edu.pl\/en\/wp-json\/wp\/v2\/pages\/19863\/revisions\/21735\/"}],"up":[{"embeddable":true,"href":"https:\/\/ifa.uwr.edu.pl\/en\/wp-json\/wp\/v2\/pages\/19530\/"}],"wp:attachment":[{"href":"https:\/\/ifa.uwr.edu.pl\/en\/wp-json\/wp\/v2\/media\/?parent=19863"}],"wp:term":[{"taxonomy":"category","embeddable":true,"href":"https:\/\/ifa.uwr.edu.pl\/en\/wp-json\/wp\/v2\/categories\/?post=19863"},{"taxonomy":"post_tag","embeddable":true,"href":"https:\/\/ifa.uwr.edu.pl\/en\/wp-json\/wp\/v2\/tags\/?post=19863"}],"curies":[{"name":"wp","href":"https:\/\/api.w.org\/{rel}","templated":true}]}}