{"id":19878,"date":"2023-01-16T21:08:11","date_gmt":"2023-01-16T20:08:11","guid":{"rendered":"https:\/\/ifa.uwr.edu.pl\/?page_id=19878"},"modified":"2025-04-24T11:43:14","modified_gmt":"2025-04-24T09:43:14","slug":"mgr-hanna-kedzierska","status":"publish","type":"page","link":"https:\/\/ifa.uwr.edu.pl\/en\/staff\/mgr-hanna-kedzierska\/","title":{"rendered":"dr Hanna K\u0119dzierska"},"content":{"rendered":"\n<div class=\"wp-block-ugb-container ugb-container ugb-8dda971 ugb-container--v2 ugb-container--design-plain ugb-main-block\"><div class=\"ugb-inner-block\"><div class=\"ugb-block-content\"><div class=\"ugb-container__wrapper ugb-8dda971-wrapper\"><div class=\"ugb-container__side\"><div class=\"ugb-container__content-wrapper ugb-8dda971-content-wrapper\">\n<div class=\"wp-block-columns bs-news-page is-layout-flex wp-block-columns-is-layout-flex\">\n<div class=\"wp-block-column bs-kontakt-photo is-layout-flow wp-block-column-is-layout-flow\">\n<figure class=\"wp-block-image size-full\"><img decoding=\"async\" src=\"https:\/\/ifa.uwr.edu.pl\/wp-content\/uploads\/sites\/18\/2022\/02\/2097-CourtyardUp1.jpg\" alt=\"IFA\" class=\"wp-image-15018\"\/><\/figure>\n<\/div>\n\n\n\n<div class=\"wp-block-column bs-contact-right-column is-layout-flow wp-block-column-is-layout-flow\">\n<div class=\"wp-block-bonasoft-modular-breadcrumbs-block\"><div class=\"bs_add_breadcrumb_trail\"><\/div><\/div>\n\n\n\n<hr class=\"wp-block-separator has-text-color has-black-color has-css-opacity has-black-background-color has-background is-style-wide bs-border-kontakt\"\/>\n\n\n\n<h1 class=\"wp-block-heading bs-naglowek-podstrony\" id=\"prof-dr-hab-anna-michonska-stadnik\">dr Hanna K\u0119dzierska<\/h1>\n\n\n\n<p>Department of English and Comparative Linguistics<br><a href=\"mailto:hanna.kedzierska@uwr.edu.pl\">hanna.kedzierska@uwr.edu.pl<\/a><\/p>\n<\/div>\n<\/div>\n\n\n\n<div class=\"wp-block-ugb-container ugb-container bs-news-page-under ugb-f8694ce ugb-container--v2 ugb-container--design-plain ugb-main-block\"><div class=\"ugb-inner-block\"><div class=\"ugb-block-content\"><div class=\"ugb-container__wrapper ugb-f8694ce-wrapper\"><div class=\"ugb-container__side\"><div class=\"ugb-container__content-wrapper ugb-f8694ce-content-wrapper\">\n<p>Hanna K\u0119dzierska is an assistant professor at the Institute of English Philology, University of Wroc\u0142aw, and a member of the Center for Experimental Research on Natural Language. Her research interests lie in psycholinguistics and neurolinguistics, with a particular focus on multilingualism, foreign-accented speech, and figurative language.<\/p>\n\n\n\n<p>She completed her MA thesis in 2017, exploring the role of context in processing idiomatic expressions, and earned her PhD in 2022 with a dissertation on the processing of foreign-accented speech using event-related potentials (ERPs).<\/p>\n\n\n\n<p>Following her doctoral studies, she worked as a postdoctoral researcher at Adam Mickiewicz University in Pozna\u0144, where she used ERP methodology to examine phonemic contrast perception in multilingual speakers. She has hands-on experience with various experimental techniques, particularly eye-tracking and ERP.<\/p>\n\n\n\n<p>In 2024, she was awarded a National Science Centre Miniatura grant for a project entitled \u201cThe Influence of Foreign-Accented Speech on the Processing of Idioms: A Psycholinguistic Study.\u201d<\/p>\n\n\n\n<p><strong>PUBLICATIONS<\/strong><\/p>\n\n\n\n<p><strong>2025. <\/strong>Are we equally accented in L2 and L3? Perception of foreign accentedness and comprehensibility in multilingual speakers. <em>International Journal of Bilingualism<\/em>, (online first). DOI: 10.1177\/13670069251324466 [first author, co-authors: Krzysztof Hwaszcz, Magdalena Wrembel]<\/p>\n\n\n\n<p><strong>2025. <\/strong>The neurophysiology of phonemic contrasts perception in L2\/L3 learners: The role of acquisition setting. <em>Bilingualism: Language and Cognition<\/em>, <em>28<\/em>(2), 550-562. DOI: 10.1017\/S136672892400066X [first author, co-authors: Karolina Rataj, Anna Balas, Magdalena Wrembel]<\/p>\n\n\n\n<p><strong>2023.<\/strong> Vowel perception in multilingual speakers: ERP evidence from Polish, English and Norwegian. <em>Frontiers in Psychology<\/em>, <em>14<\/em>, 1270743. DOI: 10.3389\/fpsyg.2023.1270743 [first author, co-authors: Karolina Rataj, Anna Balas, Zuzanna Cal, Chloe Castle, Magdalena Wrembel]<\/p>\n\n\n\n<p><strong>2023. <\/strong>Cerebral asymmetries in compound processing. <em>Linguistics Vanguard<\/em>, <em>9<\/em>(1), 125-137. DOI: 10.1515\/lingvan-2022-0085 [co-author: Krzysztof Hwaszcz]<\/p>\n\n\n\n<p><strong>2022. <\/strong>DiaBiz.Kom \u2013 Towards a Polish Dialogue Act Corpus Based on ISO 24617-2 Standard. <em>Proceedings of the 29th International Conference on Computational Linguistics (Coling), 29<\/em>(1), 3631-3638. [co-authors: Marcin Oleksy, Jan Wieczorek, Dorota Dru\u017cy\u0142owska, Julia Klyus, Aleksandra Domoga\u0142a, Krzysztof Hwaszcz, Daria Miko\u015b, Anita Wr\u00f3\u017c]<\/p>\n\n\n\n<p><strong>2020.<\/strong> Idioms in context: Evidence from a timed cloze-response study. <em>Zeitschrift f\u00fcr Slawistik<\/em> <em>65<\/em>(4): 535-568. DOI: 10.1515\/slaw-2020-0025 [first author; co-authors: Joanna B\u0142aszczak, Wojciech Witkowski, Dorota Klimek-Jankowska, Piotr Gulgowski]<\/p>\n\n\n\n<p><strong>2019.<\/strong> How does foreign accent affect template matching mechanisms? ERP evidence from Polish. <em>Linguistics Beyond and Within<\/em> <em>5<\/em>: 61-74.<\/p>\n\n\n\n<p><strong>2018.<\/strong> On the relevance of the syntactic flexibility of an idiom for its recognition: Experimental evidence from Polish. <em>Anglica Wratislaviensia 56<\/em>: 179\u2013204. DOI: 10.1556\/2062.2018.65.2\u20133.0 [first author, co-authors: Joanna B\u0142aszczak, Wojciech Witkowski, Dorota Klimek-Jankowska, Piotr Gulgowski]<\/p>\n\n\n\n<p><strong>2018.<\/strong> The Rise of an Indefinite Article in Polish: An Appraisal of Its Grammaticalization Stage (Part 2). <em>Studies in Polish Linguistics 13<\/em>(3): 145-166. DOI: 10.4467\/23005920SPL.18.007.9256 [co-author: Krzysztof Hwaszcz]<\/p>\n\n\n\n<p><strong>2018.<\/strong> The Rise of an Indefinite Article in Polish: An Appraisal of Its Grammaticalization Stage (Part 1). <em>Studies in Polish Linguistics 13<\/em>(2): 93-121 DOI: 10.4467\/23005920SPL.18.005.8744 [co-author: Krzysztof Hwaszcz]<strong>2018. <\/strong>The role of context in the processing of idioms: An experimental study (M.A. thesis), <em>Generative Linguistics in Wroc\u0142aw, 5<\/em>. Wroc\u0142aw Center for General and Comparative Linguistics (CGCL) [ISBN 978\u201383-932687\u20134-0] [ISSN 2084\u20135723]<\/p>\n<\/div><\/div><\/div><\/div><\/div><\/div>\n<\/div><\/div><\/div><\/div><\/div><\/div>\n","protected":false},"excerpt":{"rendered":"<p>dr Hanna K\u0119dzierska Department of English and Comparative Linguisticshanna.kedzierska@uwr.edu.pl Hanna K\u0119dzierska is an assistant professor at the Institute of English Philology, University of Wroc\u0142aw, and a member of the Center for Experimental Research on Natural Language. Her research interests lie in psycholinguistics and neurolinguistics, with a particular focus on multilingualism, foreign-accented speech, and figurative language. [&hellip;]<\/p>\n","protected":false},"author":57,"featured_media":0,"parent":19530,"menu_order":0,"comment_status":"closed","ping_status":"closed","template":"","meta":{"_acf_changed":false,"inline_featured_image":false,"site-sidebar-layout":"","site-content-layout":"","ast-site-content-layout":"default","site-content-style":"default","site-sidebar-style":"default","ast-global-header-display":"","ast-banner-title-visibility":"","ast-main-header-display":"","ast-hfb-above-header-display":"","ast-hfb-below-header-display":"","ast-hfb-mobile-header-display":"","site-post-title":"","ast-breadcrumbs-content":"","ast-featured-img":"","footer-sml-layout":"","ast-disable-related-posts":"","theme-transparent-header-meta":"","adv-header-id-meta":"","stick-header-meta":"","header-above-stick-meta":"","header-main-stick-meta":"","header-below-stick-meta":"","astra-migrate-meta-layouts":"set","ast-page-background-enabled":"default","ast-page-background-meta":{"desktop":{"background-color":"","background-image":"","background-repeat":"repeat","background-position":"center center","background-size":"auto","background-attachment":"scroll","background-type":"","background-media":"","overlay-type":"","overlay-color":"","overlay-opacity":"","overlay-gradient":""},"tablet":{"background-color":"","background-image":"","background-repeat":"repeat","background-position":"center center","background-size":"auto","background-attachment":"scroll","background-type":"","background-media":"","overlay-type":"","overlay-color":"","overlay-opacity":"","overlay-gradient":""},"mobile":{"background-color":"","background-image":"","background-repeat":"repeat","background-position":"center center","background-size":"auto","background-attachment":"scroll","background-type":"","background-media":"","overlay-type":"","overlay-color":"","overlay-opacity":"","overlay-gradient":""}},"ast-content-background-meta":{"desktop":{"background-color":"var(--ast-global-color-5)","background-image":"","background-repeat":"repeat","background-position":"center center","background-size":"auto","background-attachment":"scroll","background-type":"","background-media":"","overlay-type":"","overlay-color":"","overlay-opacity":"","overlay-gradient":""},"tablet":{"background-color":"var(--ast-global-color-5)","background-image":"","background-repeat":"repeat","background-position":"center center","background-size":"auto","background-attachment":"scroll","background-type":"","background-media":"","overlay-type":"","overlay-color":"","overlay-opacity":"","overlay-gradient":""},"mobile":{"background-color":"var(--ast-global-color-5)","background-image":"","background-repeat":"repeat","background-position":"center center","background-size":"auto","background-attachment":"scroll","background-type":"","background-media":"","overlay-type":"","overlay-color":"","overlay-opacity":"","overlay-gradient":""}},"footnotes":""},"categories":[],"tags":[],"class_list":["post-19878","page","type-page","status-publish","hentry"],"featured_image_urls_v2":{"full":"","thumbnail":"","medium":"","medium_large":"","large":"","1536x1536":"","2048x2048":"","menu-24x24":"","menu-36x36":"","menu-48x48":""},"post_excerpt_stackable_v2":"<p>dr Hanna K\u0119dzierska Department of English and Comparative Linguisticshanna.kedzierska@uwr.edu.pl Hanna K\u0119dzierska is an assistant professor at the Institute of English Philology, University of Wroc\u0142aw, and a member of the Center for Experimental Research on Natural Language. Her research interests lie in psycholinguistics and neurolinguistics, with a particular focus on multilingualism, foreign-accented speech, and figurative language. She completed her MA thesis in 2017, exploring the role of context in processing idiomatic expressions, and earned her PhD in 2022 with a dissertation on the processing of foreign-accented speech using event-related potentials (ERPs). Following her doctoral studies, she worked as a postdoctoral researcher&hellip;<\/p>\n","category_list_v2":"Uncategorized","author_info_v2":{"name":"ikubon","url":"https:\/\/ifa.uwr.edu.pl\/en\/author\/ikubon\/"},"comments_num_v2":"0 comments","acf":[],"yoast_head":"<!-- This site is optimized with the Yoast SEO plugin v27.1.1 - https:\/\/yoast.com\/product\/yoast-seo-wordpress\/ -->\n<title>dr Hanna K\u0119dzierska - Instytut Filologii Angielskiej<\/title>\n<meta name=\"description\" content=\"Instytut Filologii Angielskiej Uniwersytetu Wroc\u0142awskiego \u2013 jednostka dydaktyczno-naukowa nale\u017c\u0105ca do struktur Wydzia\u0142u Filologicznego Uniwersytetu Wroc\u0142awskiego.\" \/>\n<meta name=\"robots\" content=\"index, follow, max-snippet:-1, max-image-preview:large, max-video-preview:-1\" \/>\n<link rel=\"canonical\" href=\"https:\/\/ifa.uwr.edu.pl\/en\/staff\/mgr-hanna-kedzierska\/\" \/>\n<meta property=\"og:locale\" content=\"en_US\" \/>\n<meta property=\"og:type\" content=\"article\" \/>\n<meta property=\"og:title\" content=\"dr Hanna K\u0119dzierska - Instytut Filologii Angielskiej\" \/>\n<meta property=\"og:description\" content=\"Instytut Filologii Angielskiej Uniwersytetu Wroc\u0142awskiego \u2013 jednostka dydaktyczno-naukowa nale\u017c\u0105ca do struktur Wydzia\u0142u Filologicznego Uniwersytetu Wroc\u0142awskiego.\" \/>\n<meta property=\"og:url\" content=\"https:\/\/ifa.uwr.edu.pl\/en\/staff\/mgr-hanna-kedzierska\/\" \/>\n<meta property=\"og:site_name\" content=\"Instytut Filologii Angielskiej\" \/>\n<meta property=\"article:modified_time\" content=\"2025-04-24T09:43:14+00:00\" \/>\n<meta property=\"og:image\" content=\"https:\/\/ifa.uwr.edu.pl\/wp-content\/uploads\/sites\/18\/2022\/02\/2097-CourtyardUp1.jpg\" \/>\n<meta name=\"twitter:card\" content=\"summary_large_image\" \/>\n<meta name=\"twitter:label1\" content=\"Est. reading time\" \/>\n\t<meta name=\"twitter:data1\" content=\"4 minutes\" \/>\n<script type=\"application\/ld+json\" class=\"yoast-schema-graph\">{\"@context\":\"https:\/\/schema.org\",\"@graph\":[{\"@type\":\"WebPage\",\"@id\":\"https:\/\/ifa.uwr.edu.pl\/en\/staff\/mgr-hanna-kedzierska\/\",\"url\":\"https:\/\/ifa.uwr.edu.pl\/en\/staff\/mgr-hanna-kedzierska\/\",\"name\":\"dr Hanna K\u0119dzierska - Instytut Filologii Angielskiej\",\"isPartOf\":{\"@id\":\"https:\/\/ifa.uwr.edu.pl\/#website\"},\"primaryImageOfPage\":{\"@id\":\"https:\/\/ifa.uwr.edu.pl\/en\/staff\/mgr-hanna-kedzierska\/#primaryimage\"},\"image\":{\"@id\":\"https:\/\/ifa.uwr.edu.pl\/en\/staff\/mgr-hanna-kedzierska\/#primaryimage\"},\"thumbnailUrl\":\"https:\/\/ifa.uwr.edu.pl\/wp-content\/uploads\/sites\/18\/2022\/02\/2097-CourtyardUp1.jpg\",\"datePublished\":\"2023-01-16T20:08:11+00:00\",\"dateModified\":\"2025-04-24T09:43:14+00:00\",\"description\":\"Instytut Filologii Angielskiej Uniwersytetu Wroc\u0142awskiego \u2013 jednostka dydaktyczno-naukowa nale\u017c\u0105ca do struktur Wydzia\u0142u Filologicznego Uniwersytetu Wroc\u0142awskiego.\",\"breadcrumb\":{\"@id\":\"https:\/\/ifa.uwr.edu.pl\/en\/staff\/mgr-hanna-kedzierska\/#breadcrumb\"},\"inLanguage\":\"en-US\",\"potentialAction\":[{\"@type\":\"ReadAction\",\"target\":[\"https:\/\/ifa.uwr.edu.pl\/en\/staff\/mgr-hanna-kedzierska\/\"]}]},{\"@type\":\"ImageObject\",\"inLanguage\":\"en-US\",\"@id\":\"https:\/\/ifa.uwr.edu.pl\/en\/staff\/mgr-hanna-kedzierska\/#primaryimage\",\"url\":\"https:\/\/ifa.uwr.edu.pl\/wp-content\/uploads\/sites\/18\/2022\/02\/2097-CourtyardUp1.jpg\",\"contentUrl\":\"https:\/\/ifa.uwr.edu.pl\/wp-content\/uploads\/sites\/18\/2022\/02\/2097-CourtyardUp1.jpg\"},{\"@type\":\"BreadcrumbList\",\"@id\":\"https:\/\/ifa.uwr.edu.pl\/en\/staff\/mgr-hanna-kedzierska\/#breadcrumb\",\"itemListElement\":[{\"@type\":\"ListItem\",\"position\":1,\"name\":\"Strona g\u0142\u00f3wna\",\"item\":\"https:\/\/ifa.uwr.edu.pl\/en\/\"},{\"@type\":\"ListItem\",\"position\":2,\"name\":\"Staff\",\"item\":\"https:\/\/ifa.uwr.edu.pl\/en\/staff\/\"},{\"@type\":\"ListItem\",\"position\":3,\"name\":\"dr Hanna K\u0119dzierska\"}]},{\"@type\":\"WebSite\",\"@id\":\"https:\/\/ifa.uwr.edu.pl\/#website\",\"url\":\"https:\/\/ifa.uwr.edu.pl\/\",\"name\":\"Instytut Filologii Angielskiej\",\"description\":\"Instytut Filologii Angielskiej\",\"publisher\":{\"@id\":\"https:\/\/ifa.uwr.edu.pl\/#organization\"},\"potentialAction\":[{\"@type\":\"SearchAction\",\"target\":{\"@type\":\"EntryPoint\",\"urlTemplate\":\"https:\/\/ifa.uwr.edu.pl\/?s={search_term_string}\"},\"query-input\":{\"@type\":\"PropertyValueSpecification\",\"valueRequired\":true,\"valueName\":\"search_term_string\"}}],\"inLanguage\":\"en-US\"},{\"@type\":\"Organization\",\"@id\":\"https:\/\/ifa.uwr.edu.pl\/#organization\",\"name\":\"Instytut Filologii Angielskiej\",\"url\":\"https:\/\/ifa.uwr.edu.pl\/\",\"logo\":{\"@type\":\"ImageObject\",\"inLanguage\":\"en-US\",\"@id\":\"https:\/\/ifa.uwr.edu.pl\/#\/schema\/logo\/image\/\",\"url\":\"https:\/\/ifa.uwr.edu.pl\/wp-content\/uploads\/sites\/18\/2025\/10\/cropped-UWr-logotyp-2025.png\",\"contentUrl\":\"https:\/\/ifa.uwr.edu.pl\/wp-content\/uploads\/sites\/18\/2025\/10\/cropped-UWr-logotyp-2025.png\",\"width\":764,\"height\":269,\"caption\":\"Instytut Filologii Angielskiej\"},\"image\":{\"@id\":\"https:\/\/ifa.uwr.edu.pl\/#\/schema\/logo\/image\/\"}}]}<\/script>\n<!-- \/ Yoast SEO plugin. -->","yoast_head_json":{"title":"dr Hanna K\u0119dzierska - Instytut Filologii Angielskiej","description":"Instytut Filologii Angielskiej Uniwersytetu Wroc\u0142awskiego \u2013 jednostka dydaktyczno-naukowa nale\u017c\u0105ca do struktur Wydzia\u0142u Filologicznego Uniwersytetu Wroc\u0142awskiego.","robots":{"index":"index","follow":"follow","max-snippet":"max-snippet:-1","max-image-preview":"max-image-preview:large","max-video-preview":"max-video-preview:-1"},"canonical":"https:\/\/ifa.uwr.edu.pl\/en\/staff\/mgr-hanna-kedzierska\/","og_locale":"en_US","og_type":"article","og_title":"dr Hanna K\u0119dzierska - Instytut Filologii Angielskiej","og_description":"Instytut Filologii Angielskiej Uniwersytetu Wroc\u0142awskiego \u2013 jednostka dydaktyczno-naukowa nale\u017c\u0105ca do struktur Wydzia\u0142u Filologicznego Uniwersytetu Wroc\u0142awskiego.","og_url":"https:\/\/ifa.uwr.edu.pl\/en\/staff\/mgr-hanna-kedzierska\/","og_site_name":"Instytut Filologii Angielskiej","article_modified_time":"2025-04-24T09:43:14+00:00","og_image":[{"url":"https:\/\/ifa.uwr.edu.pl\/wp-content\/uploads\/sites\/18\/2022\/02\/2097-CourtyardUp1.jpg","type":"","width":"","height":""}],"twitter_card":"summary_large_image","twitter_misc":{"Est. reading time":"4 minutes"},"schema":{"@context":"https:\/\/schema.org","@graph":[{"@type":"WebPage","@id":"https:\/\/ifa.uwr.edu.pl\/en\/staff\/mgr-hanna-kedzierska\/","url":"https:\/\/ifa.uwr.edu.pl\/en\/staff\/mgr-hanna-kedzierska\/","name":"dr Hanna K\u0119dzierska - Instytut Filologii Angielskiej","isPartOf":{"@id":"https:\/\/ifa.uwr.edu.pl\/#website"},"primaryImageOfPage":{"@id":"https:\/\/ifa.uwr.edu.pl\/en\/staff\/mgr-hanna-kedzierska\/#primaryimage"},"image":{"@id":"https:\/\/ifa.uwr.edu.pl\/en\/staff\/mgr-hanna-kedzierska\/#primaryimage"},"thumbnailUrl":"https:\/\/ifa.uwr.edu.pl\/wp-content\/uploads\/sites\/18\/2022\/02\/2097-CourtyardUp1.jpg","datePublished":"2023-01-16T20:08:11+00:00","dateModified":"2025-04-24T09:43:14+00:00","description":"Instytut Filologii Angielskiej Uniwersytetu Wroc\u0142awskiego \u2013 jednostka dydaktyczno-naukowa nale\u017c\u0105ca do struktur Wydzia\u0142u Filologicznego Uniwersytetu Wroc\u0142awskiego.","breadcrumb":{"@id":"https:\/\/ifa.uwr.edu.pl\/en\/staff\/mgr-hanna-kedzierska\/#breadcrumb"},"inLanguage":"en-US","potentialAction":[{"@type":"ReadAction","target":["https:\/\/ifa.uwr.edu.pl\/en\/staff\/mgr-hanna-kedzierska\/"]}]},{"@type":"ImageObject","inLanguage":"en-US","@id":"https:\/\/ifa.uwr.edu.pl\/en\/staff\/mgr-hanna-kedzierska\/#primaryimage","url":"https:\/\/ifa.uwr.edu.pl\/wp-content\/uploads\/sites\/18\/2022\/02\/2097-CourtyardUp1.jpg","contentUrl":"https:\/\/ifa.uwr.edu.pl\/wp-content\/uploads\/sites\/18\/2022\/02\/2097-CourtyardUp1.jpg"},{"@type":"BreadcrumbList","@id":"https:\/\/ifa.uwr.edu.pl\/en\/staff\/mgr-hanna-kedzierska\/#breadcrumb","itemListElement":[{"@type":"ListItem","position":1,"name":"Strona g\u0142\u00f3wna","item":"https:\/\/ifa.uwr.edu.pl\/en\/"},{"@type":"ListItem","position":2,"name":"Staff","item":"https:\/\/ifa.uwr.edu.pl\/en\/staff\/"},{"@type":"ListItem","position":3,"name":"dr Hanna K\u0119dzierska"}]},{"@type":"WebSite","@id":"https:\/\/ifa.uwr.edu.pl\/#website","url":"https:\/\/ifa.uwr.edu.pl\/","name":"Instytut Filologii Angielskiej","description":"Instytut Filologii Angielskiej","publisher":{"@id":"https:\/\/ifa.uwr.edu.pl\/#organization"},"potentialAction":[{"@type":"SearchAction","target":{"@type":"EntryPoint","urlTemplate":"https:\/\/ifa.uwr.edu.pl\/?s={search_term_string}"},"query-input":{"@type":"PropertyValueSpecification","valueRequired":true,"valueName":"search_term_string"}}],"inLanguage":"en-US"},{"@type":"Organization","@id":"https:\/\/ifa.uwr.edu.pl\/#organization","name":"Instytut Filologii Angielskiej","url":"https:\/\/ifa.uwr.edu.pl\/","logo":{"@type":"ImageObject","inLanguage":"en-US","@id":"https:\/\/ifa.uwr.edu.pl\/#\/schema\/logo\/image\/","url":"https:\/\/ifa.uwr.edu.pl\/wp-content\/uploads\/sites\/18\/2025\/10\/cropped-UWr-logotyp-2025.png","contentUrl":"https:\/\/ifa.uwr.edu.pl\/wp-content\/uploads\/sites\/18\/2025\/10\/cropped-UWr-logotyp-2025.png","width":764,"height":269,"caption":"Instytut Filologii Angielskiej"},"image":{"@id":"https:\/\/ifa.uwr.edu.pl\/#\/schema\/logo\/image\/"}}]}},"publishpress_future_action":{"enabled":false,"date":"2026-04-18 23:28:03","action":"change-status","newStatus":"draft","terms":[],"taxonomy":"category","extraData":[]},"publishpress_future_workflow_manual_trigger":{"enabledWorkflows":[]},"_links":{"self":[{"href":"https:\/\/ifa.uwr.edu.pl\/en\/wp-json\/wp\/v2\/pages\/19878\/"}],"collection":[{"href":"https:\/\/ifa.uwr.edu.pl\/en\/wp-json\/wp\/v2\/pages\/"}],"about":[{"href":"https:\/\/ifa.uwr.edu.pl\/en\/wp-json\/wp\/v2\/types\/page\/"}],"author":[{"embeddable":true,"href":"https:\/\/ifa.uwr.edu.pl\/en\/wp-json\/wp\/v2\/users\/57\/"}],"replies":[{"embeddable":true,"href":"https:\/\/ifa.uwr.edu.pl\/en\/wp-json\/wp\/v2\/comments\/?post=19878"}],"version-history":[{"count":4,"href":"https:\/\/ifa.uwr.edu.pl\/en\/wp-json\/wp\/v2\/pages\/19878\/revisions\/"}],"predecessor-version":[{"id":28768,"href":"https:\/\/ifa.uwr.edu.pl\/en\/wp-json\/wp\/v2\/pages\/19878\/revisions\/28768\/"}],"up":[{"embeddable":true,"href":"https:\/\/ifa.uwr.edu.pl\/en\/wp-json\/wp\/v2\/pages\/19530\/"}],"wp:attachment":[{"href":"https:\/\/ifa.uwr.edu.pl\/en\/wp-json\/wp\/v2\/media\/?parent=19878"}],"wp:term":[{"taxonomy":"category","embeddable":true,"href":"https:\/\/ifa.uwr.edu.pl\/en\/wp-json\/wp\/v2\/categories\/?post=19878"},{"taxonomy":"post_tag","embeddable":true,"href":"https:\/\/ifa.uwr.edu.pl\/en\/wp-json\/wp\/v2\/tags\/?post=19878"}],"curies":[{"name":"wp","href":"https:\/\/api.w.org\/{rel}","templated":true}]}}