{"id":19947,"date":"2023-01-16T21:27:36","date_gmt":"2023-01-16T20:27:36","guid":{"rendered":"https:\/\/ifa.uwr.edu.pl\/?page_id=19947"},"modified":"2025-05-05T11:00:29","modified_gmt":"2025-05-05T09:00:29","slug":"dr-paulina-pajak","status":"publish","type":"page","link":"https:\/\/ifa.uwr.edu.pl\/en\/staff\/dr-paulina-pajak\/","title":{"rendered":"dr Paulina Paj\u0105k"},"content":{"rendered":"\n<div class=\"wp-block-ugb-container ugb-container ugb-8dda971 ugb-container--v2 ugb-container--design-plain ugb-main-block\"><div class=\"ugb-inner-block\"><div class=\"ugb-block-content\"><div class=\"ugb-container__wrapper ugb-8dda971-wrapper\"><div class=\"ugb-container__side\"><div class=\"ugb-container__content-wrapper ugb-8dda971-content-wrapper\">\n<div class=\"wp-block-columns bs-news-page is-layout-flex wp-block-columns-is-layout-flex\">\n<div class=\"wp-block-column bs-kontakt-photo is-layout-flow wp-block-column-is-layout-flow\">\n<figure class=\"wp-block-image size-full\"><img loading=\"lazy\" decoding=\"async\" width=\"769\" height=\"513\" src=\"https:\/\/ifa.uwr.edu.pl\/wp-content\/uploads\/sites\/18\/2025\/05\/P.Pajak-IFA-UWr_2025-1.jpg\" alt=\"PP\" class=\"wp-image-28864\" srcset=\"https:\/\/ifa.uwr.edu.pl\/wp-content\/uploads\/sites\/18\/2025\/05\/P.Pajak-IFA-UWr_2025-1.jpg 769w, https:\/\/ifa.uwr.edu.pl\/wp-content\/uploads\/sites\/18\/2025\/05\/P.Pajak-IFA-UWr_2025-1-300x200.jpg 300w, https:\/\/ifa.uwr.edu.pl\/wp-content\/uploads\/sites\/18\/2025\/05\/P.Pajak-IFA-UWr_2025-1-24x16.jpg 24w, https:\/\/ifa.uwr.edu.pl\/wp-content\/uploads\/sites\/18\/2025\/05\/P.Pajak-IFA-UWr_2025-1-36x24.jpg 36w, https:\/\/ifa.uwr.edu.pl\/wp-content\/uploads\/sites\/18\/2025\/05\/P.Pajak-IFA-UWr_2025-1-48x32.jpg 48w\" sizes=\"auto, (max-width: 769px) 100vw, 769px\" \/><\/figure>\n<\/div>\n\n\n\n<div class=\"wp-block-column bs-contact-right-column is-layout-flow wp-block-column-is-layout-flow\">\n<div class=\"wp-block-bonasoft-modular-breadcrumbs-block\"><div class=\"bs_add_breadcrumb_trail\"><\/div><\/div>\n\n\n\n<hr class=\"wp-block-separator has-text-color has-black-color has-css-opacity has-black-background-color has-background is-style-wide bs-border-kontakt\"\/>\n\n\n\n<h1 class=\"wp-block-heading bs-naglowek-podstrony\" id=\"prof-dr-hab-anna-michonska-stadnik\"><strong><strong>dr Paulina Paj\u0105k<\/strong><\/strong><\/h1>\n\n\n\n<p>Department of English Literature and Comparative Studies<br><a href=\"mailto:paulina.pajak@uwr.edu.pl@uwr.edu.pl\">paulina.pajak@uwr.edu.pl<\/a><\/p>\n<\/div>\n<\/div>\n\n\n\n<div class=\"wp-block-ugb-container ugb-container bs-news-page-under ugb-f8694ce ugb-container--v2 ugb-container--design-plain ugb-main-block\"><div class=\"ugb-inner-block\"><div class=\"ugb-block-content\"><div class=\"ugb-container__wrapper ugb-f8694ce-wrapper\"><div class=\"ugb-container__side\"><div class=\"ugb-container__content-wrapper ugb-f8694ce-content-wrapper\">\n<p><strong>Dr Paulina Paj\u0105k<\/strong> is an assistant professor at the Institute of English Studies (Faculty of Languages, Literatures and Cultures), University of Wroc\u0142aw (ORCID: 0000-0001-6911-1284). She is a principal investigator on the research project <strong><em>Bloomsburians in Warsaw: Modernist publishing networks and the Bloomsbury Group in interwar Poland<\/em><\/strong> (SONATA no. 2023\/51\/D\/HS2\/02041), funded by the National Science Centre, Poland (2024\u20132027).<\/p>\n\n\n\n<p>In 2021, Paulina Paj\u0105k received her doctoral degree in literary studies (UWr). She has worked on several research project (UWr, Ministry of Science and Higher Education). As an editor and author, she participated in a transatlantic project, along with researchers from the US and Canada \u2013 she co-edited <em>The Edinburgh Companion to Virginia Woolf and Contemporary Global Literature<\/em>.Her publications focus on modernist literature and legacies, Virginia Woolf and the Bloomsbury Group, interwar print culture and publishing networks. She has presented her research at international conferences, organized by (among others) Lamar University, Leeds Trinity University, Polish Academy of Sciences, University of Reading, University of Kent, University of G\u00f6ttingen, University of Oxford, and University of St Andrews. She is a member of the International Virginia Woolf Society.<\/p>\n\n\n\n<p><strong>Selected publications: <\/strong><a href=\"https:\/\/orcid.org\/0000-0001-6911-1284\">https:\/\/orcid.org\/0000-0001-6911-1284<\/a><\/p>\n\n\n\n<p>Dubino, J., Paj\u0105k, P., Hollis, C. W., Lypka, C., &amp; Neverow, V. (Eds.). (2025, 2<sup>nd<\/sup> ed.). <strong><em>The Edinburgh companion to Virginia Woolf and contemporary global literature<\/em><\/strong>. Edinburgh University Press. <a href=\"https:\/\/edinburghuniversitypress.com\/book-the-edinburgh-companion-to-virginia-woolf-and-contemporary-global-literature.html\">https:\/\/edinburghuniversitypress.com\/book-the-edinburgh-companion-to-virginia-woolf-and-contemporary-global-literature.html<\/a><\/p>\n\n\n\n<p>Paj\u0105k, P. (2024). <strong>The life behind the books: Reconstructing the Przeworskis\u2019 biographies.<\/strong> <em>Autobiografia. Literatura. Kultura. Media<\/em>, 22<em>(1<\/em>), 85\u201398. <a href=\"https:\/\/doi.org\/10.18276\/au.2024.1.22-07\">https:\/\/doi.org\/10.18276\/au.2024.1.22-07<\/a><\/p>\n\n\n\n<p>Paj\u0105k, P. (2024). <strong>The transfer of the New Biography: Virginia Woolf and Lytton Strachey in interwar Poland<\/strong>, <em>Acta Universitatis Wratislaviensis<\/em>. <em>Anglica Wratislaviensia<\/em>, 62<em>(2<\/em>), 13\u201332. <a href=\"https:\/\/doi.org\/10.19195\/0301-7966.62.2.2\">https:\/\/doi.org\/10.19195\/0301-7966.62.2.2<\/a><\/p>\n\n\n\n<p>Paj\u0105k, P. (2024). <strong>Neither peace nor haven: Sussex as Virginia Woolf&#8217;s imagined hinterland<\/strong>. In E. K\u0119b\u0142owska-\u0141awniczak, D. Ferens, K. Nowak-McNeice, M. Tereszewski (Eds.), <em>Literary and Cultural Representations of the Hinterlands <\/em>(pp. 174\u2013186). Routledge, <a href=\"https:\/\/doi.org\/10.4324\/9781032617732\">https:\/\/doi.org\/10.4324\/9781032617732<\/a><\/p>\n\n\n\n<p>Paj\u0105k, P., Cybulska K. (2023). <strong>Recepcja tw\u00f3rczo\u015bci Virginii Woolf w mi\u0119dzywojennej prasie w Polsce.<\/strong> <em>Rocznik Historii Prasy Polskiej<\/em>, 26<em>(4)<\/em>, 85\u2013102. <a href=\"https:\/\/doi.org\/10.24425\/rhpp.2023.148239\">https:\/\/doi.org\/10.24425\/rhpp.2023.148239<\/a><\/p>\n\n\n\n<p>Paj\u0105k, P. (2023). <strong>Mediated vulnerabilities: Transforming Virginia Woolf\u2019s characters in Corona fictions.<\/strong> In Y. V\u00f6lkl, J. Obermayr, &amp; E. Hobisch (Eds.), <em>Pandemic protagonists: Viral (re)actions in pandemic and Corona fiction <\/em>(pp. 99\u2013115). transcript. <a href=\"http:\/\/www.transcript-publishing.com\/978-3-8376-6616-8\/pandemic-protagonists\/\">www.transcript-publishing.com\/978-3-8376-6616-8\/pandemic-protagonists\/<\/a><\/p>\n\n\n\n<p>Paj\u0105k, P. (2022). <strong>1933: The year of lesbian modernism in Poland?<\/strong> <em>Women\u2019s History Review<\/em>, <em>31<\/em>(1), 28\u201350. <a href=\"https:\/\/doi.org\/10.1080\/09612025.2021.1954333\">https:\/\/doi.org\/10.1080\/09612025.2021.1954333<\/a><\/p>\n\n\n\n<p>Dubino, J., Paj\u0105k, P., Hollis, C. W., Lypka, C., &amp; Neverow, V. (Eds.). (2021).<strong> <em>The Edinburgh companion to Virginia Woolf and contemporary global literature<\/em>. <\/strong>Edinburgh University Press. <a href=\"https:\/\/edinburghuniversitypress.com\/book-the-edinburgh-companion-to-virginia-woolf-and-contemporary-global-literature.html\">https:\/\/edinburghuniversitypress.com\/book-the-edinburgh-companion-to-virginia-woolf-and-contemporary-global-literature.html<\/a><\/p>\n\n\n\n<p>Paj\u0105k, P. (2021). <strong>Trans-Dialogues: Exploring Virginia Woolf\u2019s feminist legacy to contemporary Polish literature<\/strong>. In J. Dubino, P. Paj\u0105k, C. W. Hollis, C. Lypka, &amp; V. Neverow (Eds.), <em>The Edinburgh companion to Virginia Woolf and contemporary global literature<\/em> (pp. 332\u2013353). Edinburgh University Press.<\/p>\n\n\n\n<p>Paj\u0105k, P., Dubino, J., &amp; Hollis, C. W. (2021). <strong>Planetary Woolf<\/strong>. In J. Dubino, P. Paj\u0105k, C. W. Hollis, C. Lypka, &amp; V. Neverow (Eds.), <em>The Edinburgh companion to Virginia Woolf and contemporary global literature<\/em> (pp. 1\u201321). Edinburgh University Press.<\/p>\n\n\n\n<p>Paj\u0105k, P. (2019). <strong>Nasz\u0105 filologiczn\u0105 ojczyzn\u0105 jest ziemia\u2026 Jak \u201cameryka\u0144ska\u201d komparatystyka wyobra\u017ca sobie obywatelstwo?<\/strong> <em>Politeja<\/em>, <em>60<\/em>, 255\u201368. <a href=\"https:\/\/doi.org\/10.12797\/Politeja.16.2019.60.17\">https:\/\/doi.org\/10.12797\/Politeja.16.2019.60.17<\/a><\/p>\n\n\n\n<p>Paj\u0105k, P. (2018). <strong>Echo Texts: Woolf, Krzywicka, and <em>The Well of Loneliness<\/em><\/strong>. <em>Woolf Studies Annual<\/em>, <em>24<\/em>, 11\u201334. <a href=\"https:\/\/www.jstor.org\/stable\/26475572\">https:\/\/www.jstor.org\/stable\/26475572<\/a><\/p>\n\n\n\n<p>Paj\u0105k, P. (2018). <strong>Echo\u2019s voices: Virginia Woolf, Irena Krzywicka and <em>The well of loneliness<\/em>.<\/strong> In N. Wilson, &amp; C. Battershill (Eds.), <em>Virginia Woolf and the world of books <\/em>(pp. 31\u201338). Clemson University Press. (Reprinted in 2020 by Liverpool University Press Scholarship Online. <a href=\"https:\/\/doi.org\/10.3828\/liverpool\/9781942954569.001.0001\">https:\/\/doi.org\/10.3828\/liverpool\/9781942954569.001.0001<\/a>)<\/p>\n\n\n\n<p>Paj\u0105k, P. (2018). <strong>Housed memories: Spatial and temporal portraits in Virginia Woolf\u2019s <em>The voyage out<\/em>.<\/strong> <em>Anglica Wratislaviensia<\/em>, <em>56<\/em>, 109\u201318. <a href=\"https:\/\/doi.org\/10.19195\/0301-7966.56.8\">https:\/\/doi.org\/10.19195\/0301-7966.56.8<\/a><\/p>\n\n\n\n<p>Paj\u0105k, P. (2017). <strong>Woolf\u2019s imaginarium: Virginia Woolf\u2019s legacy to contemporary Polish culture<\/strong>. In J. de Gay, T. Breckin, &amp; A. Reus (Eds.), <em>Virginia Woolf and heritage <\/em>(pp. 236\u2013243). Clemson University Press. (Reprinted in 2018 by Liverpool University Press Scholarship Online. <a href=\"https:\/\/doi.org\/10.5949\/liverpool\/9781942954422.003.0034\">https:\/\/doi.org\/10.5949\/liverpool\/9781942954422.003.0034<\/a>)<\/p>\n\n\n\n<p>Paj\u0105k, P. (2017). <strong>Moments of liberty. (Self-)censorship games in the essays of Virginia Woolf. <\/strong><em>Acta<\/em> <em>Universitatis Lodziensis. Folia Litteraria Polonica<\/em>, <em>45<\/em>(7), 283\u2013301.<\/p>\n<\/div><\/div><\/div><\/div><\/div><\/div>\n<\/div><\/div><\/div><\/div><\/div><\/div>\n","protected":false},"excerpt":{"rendered":"<p>dr Paulina Paj\u0105k Department of English Literature and Comparative Studiespaulina.pajak@uwr.edu.pl Dr Paulina Paj\u0105k is an assistant professor at the Institute of English Studies (Faculty of Languages, Literatures and Cultures), University of Wroc\u0142aw (ORCID: 0000-0001-6911-1284). She is a principal investigator on the research project Bloomsburians in Warsaw: Modernist publishing networks and the Bloomsbury Group in interwar [&hellip;]<\/p>\n","protected":false},"author":57,"featured_media":0,"parent":19530,"menu_order":0,"comment_status":"closed","ping_status":"closed","template":"","meta":{"_acf_changed":false,"inline_featured_image":false,"site-sidebar-layout":"","site-content-layout":"","ast-site-content-layout":"default","site-content-style":"default","site-sidebar-style":"default","ast-global-header-display":"","ast-banner-title-visibility":"","ast-main-header-display":"","ast-hfb-above-header-display":"","ast-hfb-below-header-display":"","ast-hfb-mobile-header-display":"","site-post-title":"","ast-breadcrumbs-content":"","ast-featured-img":"","footer-sml-layout":"","ast-disable-related-posts":"","theme-transparent-header-meta":"","adv-header-id-meta":"","stick-header-meta":"","header-above-stick-meta":"","header-main-stick-meta":"","header-below-stick-meta":"","astra-migrate-meta-layouts":"set","ast-page-background-enabled":"default","ast-page-background-meta":{"desktop":{"background-color":"","background-image":"","background-repeat":"repeat","background-position":"center center","background-size":"auto","background-attachment":"scroll","background-type":"","background-media":"","overlay-type":"","overlay-color":"","overlay-opacity":"","overlay-gradient":""},"tablet":{"background-color":"","background-image":"","background-repeat":"repeat","background-position":"center center","background-size":"auto","background-attachment":"scroll","background-type":"","background-media":"","overlay-type":"","overlay-color":"","overlay-opacity":"","overlay-gradient":""},"mobile":{"background-color":"","background-image":"","background-repeat":"repeat","background-position":"center center","background-size":"auto","background-attachment":"scroll","background-type":"","background-media":"","overlay-type":"","overlay-color":"","overlay-opacity":"","overlay-gradient":""}},"ast-content-background-meta":{"desktop":{"background-color":"var(--ast-global-color-5)","background-image":"","background-repeat":"repeat","background-position":"center center","background-size":"auto","background-attachment":"scroll","background-type":"","background-media":"","overlay-type":"","overlay-color":"","overlay-opacity":"","overlay-gradient":""},"tablet":{"background-color":"var(--ast-global-color-5)","background-image":"","background-repeat":"repeat","background-position":"center center","background-size":"auto","background-attachment":"scroll","background-type":"","background-media":"","overlay-type":"","overlay-color":"","overlay-opacity":"","overlay-gradient":""},"mobile":{"background-color":"var(--ast-global-color-5)","background-image":"","background-repeat":"repeat","background-position":"center center","background-size":"auto","background-attachment":"scroll","background-type":"","background-media":"","overlay-type":"","overlay-color":"","overlay-opacity":"","overlay-gradient":""}},"footnotes":""},"categories":[],"tags":[],"class_list":["post-19947","page","type-page","status-publish","hentry"],"featured_image_urls_v2":{"full":"","thumbnail":"","medium":"","medium_large":"","large":"","1536x1536":"","2048x2048":"","menu-24x24":"","menu-36x36":"","menu-48x48":""},"post_excerpt_stackable_v2":"<p>dr Paulina Paj\u0105k Department of English Literature and Comparative Studiespaulina.pajak@uwr.edu.pl Dr Paulina Paj\u0105k is an assistant professor at the Institute of English Studies (Faculty of Languages, Literatures and Cultures), University of Wroc\u0142aw (ORCID: 0000-0001-6911-1284). She is a principal investigator on the research project Bloomsburians in Warsaw: Modernist publishing networks and the Bloomsbury Group in interwar Poland (SONATA no. 2023\/51\/D\/HS2\/02041), funded by the National Science Centre, Poland (2024\u20132027). In 2021, Paulina Paj\u0105k received her doctoral degree in literary studies (UWr). She has worked on several research project (UWr, Ministry of Science and Higher Education). As an editor and author, she participated&hellip;<\/p>\n","category_list_v2":"Uncategorized","author_info_v2":{"name":"ikubon","url":"https:\/\/ifa.uwr.edu.pl\/en\/author\/ikubon\/"},"comments_num_v2":"0 comments","acf":[],"yoast_head":"<!-- This site is optimized with the Yoast SEO plugin v27.1.1 - https:\/\/yoast.com\/product\/yoast-seo-wordpress\/ -->\n<title>dr Paulina Paj\u0105k - Instytut Filologii Angielskiej<\/title>\n<meta name=\"description\" content=\"Instytut Filologii Angielskiej Uniwersytetu Wroc\u0142awskiego \u2013 jednostka dydaktyczno-naukowa nale\u017c\u0105ca do struktur Wydzia\u0142u Filologicznego Uniwersytetu Wroc\u0142awskiego.\" \/>\n<meta name=\"robots\" content=\"index, follow, max-snippet:-1, max-image-preview:large, max-video-preview:-1\" \/>\n<link rel=\"canonical\" href=\"https:\/\/ifa.uwr.edu.pl\/en\/staff\/dr-paulina-pajak\/\" \/>\n<meta property=\"og:locale\" content=\"en_US\" \/>\n<meta property=\"og:type\" content=\"article\" \/>\n<meta property=\"og:title\" content=\"dr Paulina Paj\u0105k - Instytut Filologii Angielskiej\" \/>\n<meta property=\"og:description\" content=\"Instytut Filologii Angielskiej Uniwersytetu Wroc\u0142awskiego \u2013 jednostka dydaktyczno-naukowa nale\u017c\u0105ca do struktur Wydzia\u0142u Filologicznego Uniwersytetu Wroc\u0142awskiego.\" \/>\n<meta property=\"og:url\" content=\"https:\/\/ifa.uwr.edu.pl\/en\/staff\/dr-paulina-pajak\/\" \/>\n<meta property=\"og:site_name\" content=\"Instytut Filologii Angielskiej\" \/>\n<meta property=\"article:modified_time\" content=\"2025-05-05T09:00:29+00:00\" \/>\n<meta property=\"og:image\" content=\"https:\/\/ifa.uwr.edu.pl\/wp-content\/uploads\/sites\/18\/2025\/05\/P.Pajak-IFA-UWr_2025-1.jpg\" \/>\n<meta name=\"twitter:card\" content=\"summary_large_image\" \/>\n<meta name=\"twitter:label1\" content=\"Est. reading time\" \/>\n\t<meta name=\"twitter:data1\" content=\"5 minutes\" \/>\n<script type=\"application\/ld+json\" class=\"yoast-schema-graph\">{\"@context\":\"https:\/\/schema.org\",\"@graph\":[{\"@type\":\"WebPage\",\"@id\":\"https:\/\/ifa.uwr.edu.pl\/en\/staff\/dr-paulina-pajak\/\",\"url\":\"https:\/\/ifa.uwr.edu.pl\/en\/staff\/dr-paulina-pajak\/\",\"name\":\"dr Paulina Paj\u0105k - Instytut Filologii Angielskiej\",\"isPartOf\":{\"@id\":\"https:\/\/ifa.uwr.edu.pl\/#website\"},\"primaryImageOfPage\":{\"@id\":\"https:\/\/ifa.uwr.edu.pl\/en\/staff\/dr-paulina-pajak\/#primaryimage\"},\"image\":{\"@id\":\"https:\/\/ifa.uwr.edu.pl\/en\/staff\/dr-paulina-pajak\/#primaryimage\"},\"thumbnailUrl\":\"https:\/\/ifa.uwr.edu.pl\/wp-content\/uploads\/sites\/18\/2025\/05\/P.Pajak-IFA-UWr_2025-1.jpg\",\"datePublished\":\"2023-01-16T20:27:36+00:00\",\"dateModified\":\"2025-05-05T09:00:29+00:00\",\"description\":\"Instytut Filologii Angielskiej Uniwersytetu Wroc\u0142awskiego \u2013 jednostka dydaktyczno-naukowa nale\u017c\u0105ca do struktur Wydzia\u0142u Filologicznego Uniwersytetu Wroc\u0142awskiego.\",\"breadcrumb\":{\"@id\":\"https:\/\/ifa.uwr.edu.pl\/en\/staff\/dr-paulina-pajak\/#breadcrumb\"},\"inLanguage\":\"en-US\",\"potentialAction\":[{\"@type\":\"ReadAction\",\"target\":[\"https:\/\/ifa.uwr.edu.pl\/en\/staff\/dr-paulina-pajak\/\"]}]},{\"@type\":\"ImageObject\",\"inLanguage\":\"en-US\",\"@id\":\"https:\/\/ifa.uwr.edu.pl\/en\/staff\/dr-paulina-pajak\/#primaryimage\",\"url\":\"https:\/\/ifa.uwr.edu.pl\/wp-content\/uploads\/sites\/18\/2025\/05\/P.Pajak-IFA-UWr_2025-1.jpg\",\"contentUrl\":\"https:\/\/ifa.uwr.edu.pl\/wp-content\/uploads\/sites\/18\/2025\/05\/P.Pajak-IFA-UWr_2025-1.jpg\"},{\"@type\":\"BreadcrumbList\",\"@id\":\"https:\/\/ifa.uwr.edu.pl\/en\/staff\/dr-paulina-pajak\/#breadcrumb\",\"itemListElement\":[{\"@type\":\"ListItem\",\"position\":1,\"name\":\"Strona g\u0142\u00f3wna\",\"item\":\"https:\/\/ifa.uwr.edu.pl\/en\/\"},{\"@type\":\"ListItem\",\"position\":2,\"name\":\"Staff\",\"item\":\"https:\/\/ifa.uwr.edu.pl\/en\/staff\/\"},{\"@type\":\"ListItem\",\"position\":3,\"name\":\"dr Paulina Paj\u0105k\"}]},{\"@type\":\"WebSite\",\"@id\":\"https:\/\/ifa.uwr.edu.pl\/#website\",\"url\":\"https:\/\/ifa.uwr.edu.pl\/\",\"name\":\"Instytut Filologii Angielskiej\",\"description\":\"Instytut Filologii Angielskiej\",\"publisher\":{\"@id\":\"https:\/\/ifa.uwr.edu.pl\/#organization\"},\"potentialAction\":[{\"@type\":\"SearchAction\",\"target\":{\"@type\":\"EntryPoint\",\"urlTemplate\":\"https:\/\/ifa.uwr.edu.pl\/?s={search_term_string}\"},\"query-input\":{\"@type\":\"PropertyValueSpecification\",\"valueRequired\":true,\"valueName\":\"search_term_string\"}}],\"inLanguage\":\"en-US\"},{\"@type\":\"Organization\",\"@id\":\"https:\/\/ifa.uwr.edu.pl\/#organization\",\"name\":\"Instytut Filologii Angielskiej\",\"url\":\"https:\/\/ifa.uwr.edu.pl\/\",\"logo\":{\"@type\":\"ImageObject\",\"inLanguage\":\"en-US\",\"@id\":\"https:\/\/ifa.uwr.edu.pl\/#\/schema\/logo\/image\/\",\"url\":\"https:\/\/ifa.uwr.edu.pl\/wp-content\/uploads\/sites\/18\/2025\/10\/cropped-UWr-logotyp-2025.png\",\"contentUrl\":\"https:\/\/ifa.uwr.edu.pl\/wp-content\/uploads\/sites\/18\/2025\/10\/cropped-UWr-logotyp-2025.png\",\"width\":764,\"height\":269,\"caption\":\"Instytut Filologii Angielskiej\"},\"image\":{\"@id\":\"https:\/\/ifa.uwr.edu.pl\/#\/schema\/logo\/image\/\"}}]}<\/script>\n<!-- \/ Yoast SEO plugin. -->","yoast_head_json":{"title":"dr Paulina Paj\u0105k - Instytut Filologii Angielskiej","description":"Instytut Filologii Angielskiej Uniwersytetu Wroc\u0142awskiego \u2013 jednostka dydaktyczno-naukowa nale\u017c\u0105ca do struktur Wydzia\u0142u Filologicznego Uniwersytetu Wroc\u0142awskiego.","robots":{"index":"index","follow":"follow","max-snippet":"max-snippet:-1","max-image-preview":"max-image-preview:large","max-video-preview":"max-video-preview:-1"},"canonical":"https:\/\/ifa.uwr.edu.pl\/en\/staff\/dr-paulina-pajak\/","og_locale":"en_US","og_type":"article","og_title":"dr Paulina Paj\u0105k - Instytut Filologii Angielskiej","og_description":"Instytut Filologii Angielskiej Uniwersytetu Wroc\u0142awskiego \u2013 jednostka dydaktyczno-naukowa nale\u017c\u0105ca do struktur Wydzia\u0142u Filologicznego Uniwersytetu Wroc\u0142awskiego.","og_url":"https:\/\/ifa.uwr.edu.pl\/en\/staff\/dr-paulina-pajak\/","og_site_name":"Instytut Filologii Angielskiej","article_modified_time":"2025-05-05T09:00:29+00:00","og_image":[{"url":"https:\/\/ifa.uwr.edu.pl\/wp-content\/uploads\/sites\/18\/2025\/05\/P.Pajak-IFA-UWr_2025-1.jpg","type":"","width":"","height":""}],"twitter_card":"summary_large_image","twitter_misc":{"Est. reading time":"5 minutes"},"schema":{"@context":"https:\/\/schema.org","@graph":[{"@type":"WebPage","@id":"https:\/\/ifa.uwr.edu.pl\/en\/staff\/dr-paulina-pajak\/","url":"https:\/\/ifa.uwr.edu.pl\/en\/staff\/dr-paulina-pajak\/","name":"dr Paulina Paj\u0105k - Instytut Filologii Angielskiej","isPartOf":{"@id":"https:\/\/ifa.uwr.edu.pl\/#website"},"primaryImageOfPage":{"@id":"https:\/\/ifa.uwr.edu.pl\/en\/staff\/dr-paulina-pajak\/#primaryimage"},"image":{"@id":"https:\/\/ifa.uwr.edu.pl\/en\/staff\/dr-paulina-pajak\/#primaryimage"},"thumbnailUrl":"https:\/\/ifa.uwr.edu.pl\/wp-content\/uploads\/sites\/18\/2025\/05\/P.Pajak-IFA-UWr_2025-1.jpg","datePublished":"2023-01-16T20:27:36+00:00","dateModified":"2025-05-05T09:00:29+00:00","description":"Instytut Filologii Angielskiej Uniwersytetu Wroc\u0142awskiego \u2013 jednostka dydaktyczno-naukowa nale\u017c\u0105ca do struktur Wydzia\u0142u Filologicznego Uniwersytetu Wroc\u0142awskiego.","breadcrumb":{"@id":"https:\/\/ifa.uwr.edu.pl\/en\/staff\/dr-paulina-pajak\/#breadcrumb"},"inLanguage":"en-US","potentialAction":[{"@type":"ReadAction","target":["https:\/\/ifa.uwr.edu.pl\/en\/staff\/dr-paulina-pajak\/"]}]},{"@type":"ImageObject","inLanguage":"en-US","@id":"https:\/\/ifa.uwr.edu.pl\/en\/staff\/dr-paulina-pajak\/#primaryimage","url":"https:\/\/ifa.uwr.edu.pl\/wp-content\/uploads\/sites\/18\/2025\/05\/P.Pajak-IFA-UWr_2025-1.jpg","contentUrl":"https:\/\/ifa.uwr.edu.pl\/wp-content\/uploads\/sites\/18\/2025\/05\/P.Pajak-IFA-UWr_2025-1.jpg"},{"@type":"BreadcrumbList","@id":"https:\/\/ifa.uwr.edu.pl\/en\/staff\/dr-paulina-pajak\/#breadcrumb","itemListElement":[{"@type":"ListItem","position":1,"name":"Strona g\u0142\u00f3wna","item":"https:\/\/ifa.uwr.edu.pl\/en\/"},{"@type":"ListItem","position":2,"name":"Staff","item":"https:\/\/ifa.uwr.edu.pl\/en\/staff\/"},{"@type":"ListItem","position":3,"name":"dr Paulina Paj\u0105k"}]},{"@type":"WebSite","@id":"https:\/\/ifa.uwr.edu.pl\/#website","url":"https:\/\/ifa.uwr.edu.pl\/","name":"Instytut Filologii Angielskiej","description":"Instytut Filologii Angielskiej","publisher":{"@id":"https:\/\/ifa.uwr.edu.pl\/#organization"},"potentialAction":[{"@type":"SearchAction","target":{"@type":"EntryPoint","urlTemplate":"https:\/\/ifa.uwr.edu.pl\/?s={search_term_string}"},"query-input":{"@type":"PropertyValueSpecification","valueRequired":true,"valueName":"search_term_string"}}],"inLanguage":"en-US"},{"@type":"Organization","@id":"https:\/\/ifa.uwr.edu.pl\/#organization","name":"Instytut Filologii Angielskiej","url":"https:\/\/ifa.uwr.edu.pl\/","logo":{"@type":"ImageObject","inLanguage":"en-US","@id":"https:\/\/ifa.uwr.edu.pl\/#\/schema\/logo\/image\/","url":"https:\/\/ifa.uwr.edu.pl\/wp-content\/uploads\/sites\/18\/2025\/10\/cropped-UWr-logotyp-2025.png","contentUrl":"https:\/\/ifa.uwr.edu.pl\/wp-content\/uploads\/sites\/18\/2025\/10\/cropped-UWr-logotyp-2025.png","width":764,"height":269,"caption":"Instytut Filologii Angielskiej"},"image":{"@id":"https:\/\/ifa.uwr.edu.pl\/#\/schema\/logo\/image\/"}}]}},"publishpress_future_action":{"enabled":false,"date":"2026-04-18 23:26:18","action":"change-status","newStatus":"draft","terms":[],"taxonomy":"category","extraData":[]},"publishpress_future_workflow_manual_trigger":{"enabledWorkflows":[]},"_links":{"self":[{"href":"https:\/\/ifa.uwr.edu.pl\/en\/wp-json\/wp\/v2\/pages\/19947\/"}],"collection":[{"href":"https:\/\/ifa.uwr.edu.pl\/en\/wp-json\/wp\/v2\/pages\/"}],"about":[{"href":"https:\/\/ifa.uwr.edu.pl\/en\/wp-json\/wp\/v2\/types\/page\/"}],"author":[{"embeddable":true,"href":"https:\/\/ifa.uwr.edu.pl\/en\/wp-json\/wp\/v2\/users\/57\/"}],"replies":[{"embeddable":true,"href":"https:\/\/ifa.uwr.edu.pl\/en\/wp-json\/wp\/v2\/comments\/?post=19947"}],"version-history":[{"count":7,"href":"https:\/\/ifa.uwr.edu.pl\/en\/wp-json\/wp\/v2\/pages\/19947\/revisions\/"}],"predecessor-version":[{"id":28870,"href":"https:\/\/ifa.uwr.edu.pl\/en\/wp-json\/wp\/v2\/pages\/19947\/revisions\/28870\/"}],"up":[{"embeddable":true,"href":"https:\/\/ifa.uwr.edu.pl\/en\/wp-json\/wp\/v2\/pages\/19530\/"}],"wp:attachment":[{"href":"https:\/\/ifa.uwr.edu.pl\/en\/wp-json\/wp\/v2\/media\/?parent=19947"}],"wp:term":[{"taxonomy":"category","embeddable":true,"href":"https:\/\/ifa.uwr.edu.pl\/en\/wp-json\/wp\/v2\/categories\/?post=19947"},{"taxonomy":"post_tag","embeddable":true,"href":"https:\/\/ifa.uwr.edu.pl\/en\/wp-json\/wp\/v2\/tags\/?post=19947"}],"curies":[{"name":"wp","href":"https:\/\/api.w.org\/{rel}","templated":true}]}}