{"id":19962,"date":"2023-01-16T21:30:20","date_gmt":"2023-01-16T20:30:20","guid":{"rendered":"https:\/\/ifa.uwr.edu.pl\/?page_id=19962"},"modified":"2023-04-26T10:40:21","modified_gmt":"2023-04-26T08:40:21","slug":"prof-dr-hab-ewa-keblowska-lawniczak","status":"publish","type":"page","link":"https:\/\/ifa.uwr.edu.pl\/en\/staff\/prof-dr-hab-ewa-keblowska-lawniczak\/","title":{"rendered":"prof. dr hab. Ewa K\u0119b\u0142owska-\u0141awniczak"},"content":{"rendered":"\n<div class=\"wp-block-ugb-container ugb-container ugb-8dda971 ugb-container--v2 ugb-container--design-plain ugb-main-block\"><div class=\"ugb-inner-block\"><div class=\"ugb-block-content\"><div class=\"ugb-container__wrapper ugb-8dda971-wrapper\"><div class=\"ugb-container__side\"><div class=\"ugb-container__content-wrapper ugb-8dda971-content-wrapper\">\n<div class=\"wp-block-columns bs-news-page is-layout-flex wp-block-columns-is-layout-flex\">\n<div class=\"wp-block-column bs-kontakt-photo is-layout-flow wp-block-column-is-layout-flow\">\n<figure class=\"wp-block-image size-full\"><img loading=\"lazy\" decoding=\"async\" width=\"503\" height=\"840\" src=\"https:\/\/ifa.uwr.edu.pl\/wp-content\/uploads\/sites\/18\/2023\/04\/keblowska-1.jpg\" alt=\"ekl\" class=\"wp-image-21582\" srcset=\"https:\/\/ifa.uwr.edu.pl\/wp-content\/uploads\/sites\/18\/2023\/04\/keblowska-1.jpg 503w, https:\/\/ifa.uwr.edu.pl\/wp-content\/uploads\/sites\/18\/2023\/04\/keblowska-1-180x300.jpg 180w, https:\/\/ifa.uwr.edu.pl\/wp-content\/uploads\/sites\/18\/2023\/04\/keblowska-1-14x24.jpg 14w, https:\/\/ifa.uwr.edu.pl\/wp-content\/uploads\/sites\/18\/2023\/04\/keblowska-1-22x36.jpg 22w, https:\/\/ifa.uwr.edu.pl\/wp-content\/uploads\/sites\/18\/2023\/04\/keblowska-1-29x48.jpg 29w\" sizes=\"auto, (max-width: 503px) 100vw, 503px\" \/><\/figure>\n<\/div>\n\n\n\n<div class=\"wp-block-column bs-contact-right-column is-layout-flow wp-block-column-is-layout-flow\">\n<div class=\"wp-block-bonasoft-modular-breadcrumbs-block\"><div class=\"bs_add_breadcrumb_trail\"><\/div><\/div>\n\n\n\n<hr class=\"wp-block-separator has-text-color has-background has-black-background-color has-black-color is-style-wide bs-border-kontakt\"\/>\n\n\n\n<h1 class=\"bs-naglowek-podstrony wp-block-heading\" id=\"prof-dr-hab-anna-michonska-stadnik\"><strong><strong>prof. dr hab. Ewa K\u0119b\u0142owska-\u0141awniczak<\/strong><\/strong><\/h1>\n\n\n\n<p>Department of English Literature and Comparative Studies<br><a href=\"mailto:ewa.keblowska-lawniczak@uwr.edu.pl\">ewa.keblowska-lawniczak@uwr.edu.pl<\/a><\/p>\n<\/div>\n<\/div>\n\n\n\n<div class=\"wp-block-ugb-container ugb-container bs-news-page-under ugb-f8694ce ugb-container--v2 ugb-container--design-plain ugb-main-block\"><div class=\"ugb-inner-block\"><div class=\"ugb-block-content\"><div class=\"ugb-container__wrapper ugb-f8694ce-wrapper\"><div class=\"ugb-container__side\"><div class=\"ugb-container__content-wrapper ugb-f8694ce-content-wrapper\">\n<p><strong>Ewa K\u0119b\u0142owska-\u0141awniczak<\/strong> is Professor of English Literature and Comparative Studies at the University of Wroc\u0142aw, Poland, where she teaches English literature, cultural and adaptation studies.<\/p>\n\n\n\n<p>Her research interests include the exploration of intersections between visuality and literature; urban literary studies, paratexts and adaptation.<\/p>\n\n\n\n<p>She has published over 50 articles and book chapters. She is the author of <em>Shakespeare and the Controversy Over Baroque<\/em> (1994); <em>The Visual Seen and Unseen: Insights into Tom Stoppard\u2019s Art <\/em>(2004); <em>From Concept-City to City Experience<\/em> (2013) and a co-editor of a monograph, <em>The Spectrum of Emotions. From Love to Grief <\/em>(2016). &nbsp;She has been a member of several editorial boards and co-edited special issues including &nbsp;<em>Philologica Wratislaviensia: Acta et Studia, <\/em>\u201cAlternate Life-Worlds in Literary Fiction\u201d (2011), and the Polish issue of the British &nbsp;<em>Journal<\/em> <em>of Adaptation in Film and Performance<\/em>:\u201cAdaptation in Poland: A Paradigm Shift\u201d(2021);&nbsp; She has been co-editor of the Peter Lang Series, <em>Silesian Studies in Anglophone Cultures and Literatures<\/em> since 2014 and editor-in-chief of <em>Anglica Wratislaviensia <\/em>since 2013.<\/p>\n\n\n\n<p><strong><em>Selected Peer Refereed Articles and Chapters since 2017<\/em><\/strong><\/p>\n\n\n\n<p>\u201cWilliam Oldroid\u2019s <em>Lady M.: <\/em>An Exercise in Storytelling and Boredom\u201d <em>Anglica<\/em> <em>Wratislaviensia<\/em>, Vol. 60 (2022).(<em>accepted for publication<\/em>).<\/p>\n\n\n\n<p>\u201cBrexit on Stage: Two Verbatim Projects in Progress\u201d <em>Por\u00f3wnania(Comparisons)<\/em> 3 (30), (2021): 77-92.<\/p>\n\n\n\n<p>\u201cLiminal hypotext-hypertext relations in selected Shakespearean prequels, sequels and gap-fillers\u201d&nbsp; <em>Journal of&nbsp;Adaptation in Film and Performance<\/em> Vol. 14 (1), (2021): 87-107.<\/p>\n\n\n\n<p>&nbsp;\u201cAdaptation Studies in Poland\u201d (with Jacek Fabiszak).&nbsp;<em>Journal of Adaptation in Film and<\/em> <em>Performance<\/em> Vol.14 (1), (2021): 3-9.<\/p>\n\n\n\n<p>\u201cThe Loss Library and Other Unfinished Stories: Towards a Collection of Creative Paratextual Writing or Literature in&nbsp;potential\u201d&nbsp;<em>English Studies in Africa<\/em> (University of the Witwatersrand)&nbsp; Vol. 63 (2), (2020):48-64.<\/p>\n\n\n\n<p>\u201cFrom roots to routes: Women playwrights negotiating their authorship in paratexts\u201d <em>AJMP<\/em> Vol. 10(2020): 145-156.<\/p>\n\n\n\n<p>\u201cIn search of New Epistemology of the Urban in the Writing of Ivan Vladislavi\u0107\u201d <em>Brno<\/em> <em>Studies English <\/em>Vol. 44 (2), (2018): 105-129.<\/p>\n\n\n\n<p>&nbsp;\u201cFrom Peritext to Text: Constructing Authorship in David Hare\u2019s Selected Plays\u201d &nbsp;<em>Academic<\/em> <em>Journal of Modern Philology <\/em>Vol. 7 (2018): 119-129.<\/p>\n\n\n\n<p>\u201cAttempts on the \u2018life\u2019 of Johannesburg: Ivan Vladislavi\u0107\u2019s Use of the City Portrait Genre.\u201d&nbsp;<em>Anglica Wratislaviensia<\/em>, Vol. 55 (2017): 47-68.<\/p>\n\n\n\n<p>\u201cCaryl Churchill\u2019s Artificial and Orificial Bodies: Between Subjective and Non-Subjective<\/p>\n\n\n\n<p>Nobody\u2019s Emotion or Affect\u201d. <em>Text Matters:&nbsp;A Journal of Theory, Literature and Culture.<\/em> Andrzej Wicher and Rachel E. Burke (eds),Vol.7, (2017): 330-352.<\/p>\n\n\n\n<p>\u201cThe Politics of Looking Back: Negotiating the Thatcher Legacy\u201d&nbsp;<em>Between Page and Stage:<\/em><\/p>\n\n\n\n<p><em>Scholars and Theatre-makers<\/em>,&nbsp; Tomasz Wi\u015bniewski and Martin Blaszk (eds), WUG Book Series Vol. 10. Gda\u0144sk: Gda\u0144sk University Publishing House 2017, pp. 149-170.<\/p>\n\n\n\n<p>\u201cFear of Multilingualism and the Uses of Nostalgia in Ivan Vladislavi\u0107\u2019s&nbsp;<em>The Restless<\/em><\/p>\n\n\n\n<p><em>Supermarket<\/em>.\u201d <em>Multiculturalism, Multilingualism and the Self: Literature and Culture Studies<\/em>, Mydla J., Poks M., Drong L. (eds) Second Language Learning and Teaching. Springer, Cham 2017, pp. 3-15.<\/p>\n<\/div><\/div><\/div><\/div><\/div><\/div>\n<\/div><\/div><\/div><\/div><\/div><\/div>\n","protected":false},"excerpt":{"rendered":"<p>prof. dr hab. Ewa K\u0119b\u0142owska-\u0141awniczak Department of English Literature and Comparative Studiesewa.keblowska-lawniczak@uwr.edu.pl Ewa K\u0119b\u0142owska-\u0141awniczak is Professor of English Literature and Comparative Studies at the University of Wroc\u0142aw, Poland, where she teaches English literature, cultural and adaptation studies. Her research interests include the exploration of intersections between visuality and literature; urban literary studies, paratexts and adaptation. [&hellip;]<\/p>\n","protected":false},"author":57,"featured_media":0,"parent":19530,"menu_order":0,"comment_status":"closed","ping_status":"closed","template":"","meta":{"_acf_changed":false,"inline_featured_image":false,"site-sidebar-layout":"","site-content-layout":"","ast-site-content-layout":"default","site-content-style":"default","site-sidebar-style":"default","ast-global-header-display":"","ast-banner-title-visibility":"","ast-main-header-display":"","ast-hfb-above-header-display":"","ast-hfb-below-header-display":"","ast-hfb-mobile-header-display":"","site-post-title":"","ast-breadcrumbs-content":"","ast-featured-img":"","footer-sml-layout":"","ast-disable-related-posts":"","theme-transparent-header-meta":"","adv-header-id-meta":"","stick-header-meta":"","header-above-stick-meta":"","header-main-stick-meta":"","header-below-stick-meta":"","astra-migrate-meta-layouts":"default","ast-page-background-enabled":"default","ast-page-background-meta":{"desktop":{"background-color":"","background-image":"","background-repeat":"repeat","background-position":"center center","background-size":"auto","background-attachment":"scroll","background-type":"","background-media":"","overlay-type":"","overlay-color":"","overlay-opacity":"","overlay-gradient":""},"tablet":{"background-color":"","background-image":"","background-repeat":"repeat","background-position":"center center","background-size":"auto","background-attachment":"scroll","background-type":"","background-media":"","overlay-type":"","overlay-color":"","overlay-opacity":"","overlay-gradient":""},"mobile":{"background-color":"","background-image":"","background-repeat":"repeat","background-position":"center center","background-size":"auto","background-attachment":"scroll","background-type":"","background-media":"","overlay-type":"","overlay-color":"","overlay-opacity":"","overlay-gradient":""}},"ast-content-background-meta":{"desktop":{"background-color":"var(--ast-global-color-5)","background-image":"","background-repeat":"repeat","background-position":"center center","background-size":"auto","background-attachment":"scroll","background-type":"","background-media":"","overlay-type":"","overlay-color":"","overlay-opacity":"","overlay-gradient":""},"tablet":{"background-color":"var(--ast-global-color-5)","background-image":"","background-repeat":"repeat","background-position":"center center","background-size":"auto","background-attachment":"scroll","background-type":"","background-media":"","overlay-type":"","overlay-color":"","overlay-opacity":"","overlay-gradient":""},"mobile":{"background-color":"var(--ast-global-color-5)","background-image":"","background-repeat":"repeat","background-position":"center center","background-size":"auto","background-attachment":"scroll","background-type":"","background-media":"","overlay-type":"","overlay-color":"","overlay-opacity":"","overlay-gradient":""}},"footnotes":""},"categories":[],"tags":[],"class_list":["post-19962","page","type-page","status-publish","hentry"],"featured_image_urls_v2":{"full":"","thumbnail":"","medium":"","medium_large":"","large":"","1536x1536":"","2048x2048":"","menu-24x24":"","menu-36x36":"","menu-48x48":""},"post_excerpt_stackable_v2":"<p>prof. dr hab. Ewa K\u0119b\u0142owska-\u0141awniczak Department of English Literature and Comparative Studiesewa.keblowska-lawniczak@uwr.edu.pl Ewa K\u0119b\u0142owska-\u0141awniczak is Professor of English Literature and Comparative Studies at the University of Wroc\u0142aw, Poland, where she teaches English literature, cultural and adaptation studies. Her research interests include the exploration of intersections between visuality and literature; urban literary studies, paratexts and adaptation. She has published over 50 articles and book chapters. She is the author of Shakespeare and the Controversy Over Baroque (1994); The Visual Seen and Unseen: Insights into Tom Stoppard\u2019s Art (2004); From Concept-City to City Experience (2013) and a co-editor of a monograph, The&hellip;<\/p>\n","category_list_v2":"Uncategorized","author_info_v2":{"name":"ikubon","url":"https:\/\/ifa.uwr.edu.pl\/en\/author\/ikubon\/"},"comments_num_v2":"0 comments","acf":[],"yoast_head":"<!-- This site is optimized with the Yoast SEO plugin v27.1.1 - https:\/\/yoast.com\/product\/yoast-seo-wordpress\/ -->\n<title>prof. dr hab. Ewa K\u0119b\u0142owska-\u0141awniczak - Instytut Filologii Angielskiej<\/title>\n<meta name=\"description\" content=\"Instytut Filologii Angielskiej Uniwersytetu Wroc\u0142awskiego \u2013 jednostka dydaktyczno-naukowa nale\u017c\u0105ca do struktur Wydzia\u0142u Filologicznego Uniwersytetu Wroc\u0142awskiego.\" \/>\n<meta name=\"robots\" content=\"index, follow, max-snippet:-1, max-image-preview:large, max-video-preview:-1\" \/>\n<link rel=\"canonical\" href=\"https:\/\/ifa.uwr.edu.pl\/en\/staff\/prof-dr-hab-ewa-keblowska-lawniczak\/\" \/>\n<meta property=\"og:locale\" content=\"en_US\" \/>\n<meta property=\"og:type\" content=\"article\" \/>\n<meta property=\"og:title\" content=\"prof. dr hab. Ewa K\u0119b\u0142owska-\u0141awniczak - Instytut Filologii Angielskiej\" \/>\n<meta property=\"og:description\" content=\"Instytut Filologii Angielskiej Uniwersytetu Wroc\u0142awskiego \u2013 jednostka dydaktyczno-naukowa nale\u017c\u0105ca do struktur Wydzia\u0142u Filologicznego Uniwersytetu Wroc\u0142awskiego.\" \/>\n<meta property=\"og:url\" content=\"https:\/\/ifa.uwr.edu.pl\/en\/staff\/prof-dr-hab-ewa-keblowska-lawniczak\/\" \/>\n<meta property=\"og:site_name\" content=\"Instytut Filologii Angielskiej\" \/>\n<meta property=\"article:modified_time\" content=\"2023-04-26T08:40:21+00:00\" \/>\n<meta property=\"og:image\" content=\"https:\/\/ifa.uwr.edu.pl\/wp-content\/uploads\/sites\/18\/2023\/04\/keblowska-1.jpg\" \/>\n<meta name=\"twitter:card\" content=\"summary_large_image\" \/>\n<meta name=\"twitter:label1\" content=\"Est. reading time\" \/>\n\t<meta name=\"twitter:data1\" content=\"4 minutes\" \/>\n<script type=\"application\/ld+json\" class=\"yoast-schema-graph\">{\"@context\":\"https:\/\/schema.org\",\"@graph\":[{\"@type\":\"WebPage\",\"@id\":\"https:\/\/ifa.uwr.edu.pl\/en\/staff\/prof-dr-hab-ewa-keblowska-lawniczak\/\",\"url\":\"https:\/\/ifa.uwr.edu.pl\/en\/staff\/prof-dr-hab-ewa-keblowska-lawniczak\/\",\"name\":\"prof. dr hab. Ewa K\u0119b\u0142owska-\u0141awniczak - Instytut Filologii Angielskiej\",\"isPartOf\":{\"@id\":\"https:\/\/ifa.uwr.edu.pl\/#website\"},\"primaryImageOfPage\":{\"@id\":\"https:\/\/ifa.uwr.edu.pl\/en\/staff\/prof-dr-hab-ewa-keblowska-lawniczak\/#primaryimage\"},\"image\":{\"@id\":\"https:\/\/ifa.uwr.edu.pl\/en\/staff\/prof-dr-hab-ewa-keblowska-lawniczak\/#primaryimage\"},\"thumbnailUrl\":\"https:\/\/ifa.uwr.edu.pl\/wp-content\/uploads\/sites\/18\/2023\/04\/keblowska-1.jpg\",\"datePublished\":\"2023-01-16T20:30:20+00:00\",\"dateModified\":\"2023-04-26T08:40:21+00:00\",\"description\":\"Instytut Filologii Angielskiej Uniwersytetu Wroc\u0142awskiego \u2013 jednostka dydaktyczno-naukowa nale\u017c\u0105ca do struktur Wydzia\u0142u Filologicznego Uniwersytetu Wroc\u0142awskiego.\",\"breadcrumb\":{\"@id\":\"https:\/\/ifa.uwr.edu.pl\/en\/staff\/prof-dr-hab-ewa-keblowska-lawniczak\/#breadcrumb\"},\"inLanguage\":\"en-US\",\"potentialAction\":[{\"@type\":\"ReadAction\",\"target\":[\"https:\/\/ifa.uwr.edu.pl\/en\/staff\/prof-dr-hab-ewa-keblowska-lawniczak\/\"]}]},{\"@type\":\"ImageObject\",\"inLanguage\":\"en-US\",\"@id\":\"https:\/\/ifa.uwr.edu.pl\/en\/staff\/prof-dr-hab-ewa-keblowska-lawniczak\/#primaryimage\",\"url\":\"https:\/\/ifa.uwr.edu.pl\/wp-content\/uploads\/sites\/18\/2023\/04\/keblowska-1.jpg\",\"contentUrl\":\"https:\/\/ifa.uwr.edu.pl\/wp-content\/uploads\/sites\/18\/2023\/04\/keblowska-1.jpg\"},{\"@type\":\"BreadcrumbList\",\"@id\":\"https:\/\/ifa.uwr.edu.pl\/en\/staff\/prof-dr-hab-ewa-keblowska-lawniczak\/#breadcrumb\",\"itemListElement\":[{\"@type\":\"ListItem\",\"position\":1,\"name\":\"Strona g\u0142\u00f3wna\",\"item\":\"https:\/\/ifa.uwr.edu.pl\/en\/\"},{\"@type\":\"ListItem\",\"position\":2,\"name\":\"Staff\",\"item\":\"https:\/\/ifa.uwr.edu.pl\/en\/staff\/\"},{\"@type\":\"ListItem\",\"position\":3,\"name\":\"prof. dr hab. Ewa K\u0119b\u0142owska-\u0141awniczak\"}]},{\"@type\":\"WebSite\",\"@id\":\"https:\/\/ifa.uwr.edu.pl\/#website\",\"url\":\"https:\/\/ifa.uwr.edu.pl\/\",\"name\":\"Instytut Filologii Angielskiej\",\"description\":\"Instytut Filologii Angielskiej\",\"publisher\":{\"@id\":\"https:\/\/ifa.uwr.edu.pl\/#organization\"},\"potentialAction\":[{\"@type\":\"SearchAction\",\"target\":{\"@type\":\"EntryPoint\",\"urlTemplate\":\"https:\/\/ifa.uwr.edu.pl\/?s={search_term_string}\"},\"query-input\":{\"@type\":\"PropertyValueSpecification\",\"valueRequired\":true,\"valueName\":\"search_term_string\"}}],\"inLanguage\":\"en-US\"},{\"@type\":\"Organization\",\"@id\":\"https:\/\/ifa.uwr.edu.pl\/#organization\",\"name\":\"Instytut Filologii Angielskiej\",\"url\":\"https:\/\/ifa.uwr.edu.pl\/\",\"logo\":{\"@type\":\"ImageObject\",\"inLanguage\":\"en-US\",\"@id\":\"https:\/\/ifa.uwr.edu.pl\/#\/schema\/logo\/image\/\",\"url\":\"https:\/\/ifa.uwr.edu.pl\/wp-content\/uploads\/sites\/18\/2025\/10\/cropped-UWr-logotyp-2025.png\",\"contentUrl\":\"https:\/\/ifa.uwr.edu.pl\/wp-content\/uploads\/sites\/18\/2025\/10\/cropped-UWr-logotyp-2025.png\",\"width\":764,\"height\":269,\"caption\":\"Instytut Filologii Angielskiej\"},\"image\":{\"@id\":\"https:\/\/ifa.uwr.edu.pl\/#\/schema\/logo\/image\/\"}}]}<\/script>\n<!-- \/ Yoast SEO plugin. -->","yoast_head_json":{"title":"prof. dr hab. Ewa K\u0119b\u0142owska-\u0141awniczak - Instytut Filologii Angielskiej","description":"Instytut Filologii Angielskiej Uniwersytetu Wroc\u0142awskiego \u2013 jednostka dydaktyczno-naukowa nale\u017c\u0105ca do struktur Wydzia\u0142u Filologicznego Uniwersytetu Wroc\u0142awskiego.","robots":{"index":"index","follow":"follow","max-snippet":"max-snippet:-1","max-image-preview":"max-image-preview:large","max-video-preview":"max-video-preview:-1"},"canonical":"https:\/\/ifa.uwr.edu.pl\/en\/staff\/prof-dr-hab-ewa-keblowska-lawniczak\/","og_locale":"en_US","og_type":"article","og_title":"prof. dr hab. Ewa K\u0119b\u0142owska-\u0141awniczak - Instytut Filologii Angielskiej","og_description":"Instytut Filologii Angielskiej Uniwersytetu Wroc\u0142awskiego \u2013 jednostka dydaktyczno-naukowa nale\u017c\u0105ca do struktur Wydzia\u0142u Filologicznego Uniwersytetu Wroc\u0142awskiego.","og_url":"https:\/\/ifa.uwr.edu.pl\/en\/staff\/prof-dr-hab-ewa-keblowska-lawniczak\/","og_site_name":"Instytut Filologii Angielskiej","article_modified_time":"2023-04-26T08:40:21+00:00","og_image":[{"url":"https:\/\/ifa.uwr.edu.pl\/wp-content\/uploads\/sites\/18\/2023\/04\/keblowska-1.jpg","type":"","width":"","height":""}],"twitter_card":"summary_large_image","twitter_misc":{"Est. reading time":"4 minutes"},"schema":{"@context":"https:\/\/schema.org","@graph":[{"@type":"WebPage","@id":"https:\/\/ifa.uwr.edu.pl\/en\/staff\/prof-dr-hab-ewa-keblowska-lawniczak\/","url":"https:\/\/ifa.uwr.edu.pl\/en\/staff\/prof-dr-hab-ewa-keblowska-lawniczak\/","name":"prof. dr hab. Ewa K\u0119b\u0142owska-\u0141awniczak - Instytut Filologii Angielskiej","isPartOf":{"@id":"https:\/\/ifa.uwr.edu.pl\/#website"},"primaryImageOfPage":{"@id":"https:\/\/ifa.uwr.edu.pl\/en\/staff\/prof-dr-hab-ewa-keblowska-lawniczak\/#primaryimage"},"image":{"@id":"https:\/\/ifa.uwr.edu.pl\/en\/staff\/prof-dr-hab-ewa-keblowska-lawniczak\/#primaryimage"},"thumbnailUrl":"https:\/\/ifa.uwr.edu.pl\/wp-content\/uploads\/sites\/18\/2023\/04\/keblowska-1.jpg","datePublished":"2023-01-16T20:30:20+00:00","dateModified":"2023-04-26T08:40:21+00:00","description":"Instytut Filologii Angielskiej Uniwersytetu Wroc\u0142awskiego \u2013 jednostka dydaktyczno-naukowa nale\u017c\u0105ca do struktur Wydzia\u0142u Filologicznego Uniwersytetu Wroc\u0142awskiego.","breadcrumb":{"@id":"https:\/\/ifa.uwr.edu.pl\/en\/staff\/prof-dr-hab-ewa-keblowska-lawniczak\/#breadcrumb"},"inLanguage":"en-US","potentialAction":[{"@type":"ReadAction","target":["https:\/\/ifa.uwr.edu.pl\/en\/staff\/prof-dr-hab-ewa-keblowska-lawniczak\/"]}]},{"@type":"ImageObject","inLanguage":"en-US","@id":"https:\/\/ifa.uwr.edu.pl\/en\/staff\/prof-dr-hab-ewa-keblowska-lawniczak\/#primaryimage","url":"https:\/\/ifa.uwr.edu.pl\/wp-content\/uploads\/sites\/18\/2023\/04\/keblowska-1.jpg","contentUrl":"https:\/\/ifa.uwr.edu.pl\/wp-content\/uploads\/sites\/18\/2023\/04\/keblowska-1.jpg"},{"@type":"BreadcrumbList","@id":"https:\/\/ifa.uwr.edu.pl\/en\/staff\/prof-dr-hab-ewa-keblowska-lawniczak\/#breadcrumb","itemListElement":[{"@type":"ListItem","position":1,"name":"Strona g\u0142\u00f3wna","item":"https:\/\/ifa.uwr.edu.pl\/en\/"},{"@type":"ListItem","position":2,"name":"Staff","item":"https:\/\/ifa.uwr.edu.pl\/en\/staff\/"},{"@type":"ListItem","position":3,"name":"prof. dr hab. Ewa K\u0119b\u0142owska-\u0141awniczak"}]},{"@type":"WebSite","@id":"https:\/\/ifa.uwr.edu.pl\/#website","url":"https:\/\/ifa.uwr.edu.pl\/","name":"Instytut Filologii Angielskiej","description":"Instytut Filologii Angielskiej","publisher":{"@id":"https:\/\/ifa.uwr.edu.pl\/#organization"},"potentialAction":[{"@type":"SearchAction","target":{"@type":"EntryPoint","urlTemplate":"https:\/\/ifa.uwr.edu.pl\/?s={search_term_string}"},"query-input":{"@type":"PropertyValueSpecification","valueRequired":true,"valueName":"search_term_string"}}],"inLanguage":"en-US"},{"@type":"Organization","@id":"https:\/\/ifa.uwr.edu.pl\/#organization","name":"Instytut Filologii Angielskiej","url":"https:\/\/ifa.uwr.edu.pl\/","logo":{"@type":"ImageObject","inLanguage":"en-US","@id":"https:\/\/ifa.uwr.edu.pl\/#\/schema\/logo\/image\/","url":"https:\/\/ifa.uwr.edu.pl\/wp-content\/uploads\/sites\/18\/2025\/10\/cropped-UWr-logotyp-2025.png","contentUrl":"https:\/\/ifa.uwr.edu.pl\/wp-content\/uploads\/sites\/18\/2025\/10\/cropped-UWr-logotyp-2025.png","width":764,"height":269,"caption":"Instytut Filologii Angielskiej"},"image":{"@id":"https:\/\/ifa.uwr.edu.pl\/#\/schema\/logo\/image\/"}}]}},"publishpress_future_action":{"enabled":false,"date":"2026-04-18 23:26:14","action":"change-status","newStatus":"draft","terms":[],"taxonomy":"category","extraData":[]},"publishpress_future_workflow_manual_trigger":{"enabledWorkflows":[]},"_links":{"self":[{"href":"https:\/\/ifa.uwr.edu.pl\/en\/wp-json\/wp\/v2\/pages\/19962\/"}],"collection":[{"href":"https:\/\/ifa.uwr.edu.pl\/en\/wp-json\/wp\/v2\/pages\/"}],"about":[{"href":"https:\/\/ifa.uwr.edu.pl\/en\/wp-json\/wp\/v2\/types\/page\/"}],"author":[{"embeddable":true,"href":"https:\/\/ifa.uwr.edu.pl\/en\/wp-json\/wp\/v2\/users\/57\/"}],"replies":[{"embeddable":true,"href":"https:\/\/ifa.uwr.edu.pl\/en\/wp-json\/wp\/v2\/comments\/?post=19962"}],"version-history":[{"count":6,"href":"https:\/\/ifa.uwr.edu.pl\/en\/wp-json\/wp\/v2\/pages\/19962\/revisions\/"}],"predecessor-version":[{"id":21588,"href":"https:\/\/ifa.uwr.edu.pl\/en\/wp-json\/wp\/v2\/pages\/19962\/revisions\/21588\/"}],"up":[{"embeddable":true,"href":"https:\/\/ifa.uwr.edu.pl\/en\/wp-json\/wp\/v2\/pages\/19530\/"}],"wp:attachment":[{"href":"https:\/\/ifa.uwr.edu.pl\/en\/wp-json\/wp\/v2\/media\/?parent=19962"}],"wp:term":[{"taxonomy":"category","embeddable":true,"href":"https:\/\/ifa.uwr.edu.pl\/en\/wp-json\/wp\/v2\/categories\/?post=19962"},{"taxonomy":"post_tag","embeddable":true,"href":"https:\/\/ifa.uwr.edu.pl\/en\/wp-json\/wp\/v2\/tags\/?post=19962"}],"curies":[{"name":"wp","href":"https:\/\/api.w.org\/{rel}","templated":true}]}}