{"id":20349,"date":"2023-02-07T21:14:53","date_gmt":"2023-02-07T20:14:53","guid":{"rendered":"https:\/\/ifa.uwr.edu.pl\/?page_id=20349"},"modified":"2025-04-07T10:11:54","modified_gmt":"2025-04-07T08:11:54","slug":"dr-laura-suchostawska","status":"publish","type":"page","link":"https:\/\/ifa.uwr.edu.pl\/en\/staff\/dr-laura-suchostawska\/","title":{"rendered":"dr Laura Suchostawska"},"content":{"rendered":"\n<div class=\"wp-block-ugb-container ugb-container ugb-8dda971 ugb-container--v2 ugb-container--design-plain ugb-main-block\"><div class=\"ugb-inner-block\"><div class=\"ugb-block-content\"><div class=\"ugb-container__wrapper ugb-8dda971-wrapper\"><div class=\"ugb-container__side\"><div class=\"ugb-container__content-wrapper ugb-8dda971-content-wrapper\">\n<div class=\"wp-block-columns bs-news-page is-layout-flex wp-block-columns-is-layout-flex\">\n<div class=\"wp-block-column bs-kontakt-photo is-layout-flow wp-block-column-is-layout-flow\">\n<figure class=\"wp-block-image size-large\"><img loading=\"lazy\" decoding=\"async\" width=\"683\" height=\"1024\" src=\"https:\/\/ifa.uwr.edu.pl\/wp-content\/uploads\/sites\/18\/2025\/04\/Laura-S-IFA-1-683x1024.jpg\" alt=\"LS\" class=\"wp-image-28435\" srcset=\"https:\/\/ifa.uwr.edu.pl\/wp-content\/uploads\/sites\/18\/2025\/04\/Laura-S-IFA-1-683x1024.jpg 683w, https:\/\/ifa.uwr.edu.pl\/wp-content\/uploads\/sites\/18\/2025\/04\/Laura-S-IFA-1-200x300.jpg 200w, https:\/\/ifa.uwr.edu.pl\/wp-content\/uploads\/sites\/18\/2025\/04\/Laura-S-IFA-1-768x1152.jpg 768w, https:\/\/ifa.uwr.edu.pl\/wp-content\/uploads\/sites\/18\/2025\/04\/Laura-S-IFA-1-1024x1536.jpg 1024w, https:\/\/ifa.uwr.edu.pl\/wp-content\/uploads\/sites\/18\/2025\/04\/Laura-S-IFA-1-1365x2048.jpg 1365w, https:\/\/ifa.uwr.edu.pl\/wp-content\/uploads\/sites\/18\/2025\/04\/Laura-S-IFA-1-16x24.jpg 16w, https:\/\/ifa.uwr.edu.pl\/wp-content\/uploads\/sites\/18\/2025\/04\/Laura-S-IFA-1-24x36.jpg 24w, https:\/\/ifa.uwr.edu.pl\/wp-content\/uploads\/sites\/18\/2025\/04\/Laura-S-IFA-1-32x48.jpg 32w\" sizes=\"auto, (max-width: 683px) 100vw, 683px\" \/><\/figure>\n<\/div>\n\n\n\n<div class=\"wp-block-column bs-contact-right-column is-layout-flow wp-block-column-is-layout-flow\">\n<div class=\"wp-block-bonasoft-modular-breadcrumbs-block\"><div class=\"bs_add_breadcrumb_trail\"><\/div><\/div>\n\n\n\n<hr class=\"wp-block-separator has-text-color has-black-color has-css-opacity has-black-background-color has-background is-style-wide bs-border-kontakt\"\/>\n\n\n\n<h1 class=\"wp-block-heading bs-naglowek-podstrony\" id=\"prof-dr-hab-anna-michonska-stadnik\">dr Laura Suchostawska<\/h1>\n\n\n\n<p>Department of American Literature and Culture<br><a href=\"laura.suchostawska@uwr.edu.pl\">laura.suchostawska<\/a><a href=\"mailto:renata.barzycka-szydelko@uwr.edu.pl\">@uwr.edu.pl<\/a><\/p>\n<\/div>\n<\/div>\n\n\n\n<div class=\"wp-block-ugb-container ugb-container bs-news-page-under ugb-f8694ce ugb-container--v2 ugb-container--design-plain ugb-main-block\"><div class=\"ugb-inner-block\"><div class=\"ugb-block-content\"><div class=\"ugb-container__wrapper ugb-f8694ce-wrapper\"><div class=\"ugb-container__side\"><div class=\"ugb-container__content-wrapper ugb-f8694ce-content-wrapper\">\n<p>Departmental Erasmus+ Coordinator<\/p>\n\n\n\n<p>PhD in linguistics<\/p>\n\n\n\n<p>MA in English studies<\/p>\n\n\n\n<p>MA in Spanish studies<\/p>\n\n\n\n<p>Books:<\/p>\n\n\n\n<p>Suchostawska, Laura. 2020. <em>Approaching Nature through Metaphors in Thoreau\u2019s Writings.<\/em> Wroc\u0142aw: Atut.<\/p>\n\n\n\n<p>Suchostawska, Laura. 2020. <em>Relaciones entre el cristianismo y las creencias ind\u00edgenas en las obras de Jos\u00e9 Mar\u00eda Arguedas.<\/em> Wroc\u0142aw: Atut.<\/p>\n\n\n\n<p>Kociatkiewicz, Justyna, Laura Suchostawska and Dominika Ferens (eds). 2015. <em>Eating America: Crisis, Sustenance, Sustainability.<\/em> Frankfurt am Main: Peter Lang.<\/p>\n\n\n\n<p>Recent articles:<\/p>\n\n\n\n<p>Suchostawska, Laura. 2022. \u201cAttitudes to Nature in Margaret Atwood\u2019s <em>Surfacing<\/em><br>and the MaddAddam Trilogy.\u201d <em>Explorations: A Journal of Language and Literature<\/em> 10. 75-86.<\/p>\n\n\n\n<p>Suchostawska, Laura. 2020. \u201eBlending Christianity and Ecology in Margaret Atwood\u2019s <em>The Year of the Flood<\/em>.\u201d <em>Explorations: A Journal of Language and Literature<\/em> 8. 97-109.<\/p>\n\n\n\n<p>Suchostawska, Laura. 2018. \u201cThoreau\u2019s Approach to Nature: Between Transcendentalism and Science.\u201d In: Dariusz Badura (ed.) <em>Nauka i wiara \u2013 wyzwania przysz\u0142o\u015bci. <\/em>Warszawa: Chrze\u015bcija\u0144skie Forum Pracownik\u00f3w Nauki. 63-73.<\/p>\n\n\n\n<p>Suchostawska, Laura. 2017. \u201cMetaphorical Construals of Nature in Thoreau\u2019s Writings.\u201d <em>Anglica Wratislaviensia<\/em> 55. 113-121.<\/p>\n\n\n\n<p>Suchostawska, Laura. 2016. \u201cWildlife, Not So Wild Metaphors: Personification of Animals and Plants in Aldo Leopold\u2019s <em>A Sand County Almanac<\/em>.\u201d In: Jerzy Kamionowski and Jacek Partyka (eds). <em>American Wild Zones: Space, Experience, Consciousness<\/em>. Frankfurt am Main: Peter Lang. 323-333.<\/p>\n\n\n\n<p>Suchostawska, Laura. 2015. \u201cImage Metaphors in Thoreau\u2019s Descriptions of Nature.\u201d <em>Anglica Wratislaviensia<\/em> 53. 79-87.<\/p>\n\n\n\n<p>Suchostawska, Laura. 2015. \u201cThoreau and the Indians, or a Crisis of the American Ideals of the Wild and Wilderness.\u201d In: Justyna Kociatkiewicz, Laura Suchostawska, and Dominika Ferens (eds). <em>Eating America: Crisis, Sustenance, Sustainability.<\/em> Frankfurt am Main: Peter Lang. 255-266.<\/p>\n\n\n\n<p>Suchostawska, Laura. 2014. \u201cEtyka \u015brodowiskowa i ochrona przyrody w pismach H. D. Thoreau.\u201d [Environmental ethics and nature conservation in the writings of H. D. Thoreau]. In: Andrzej Zabo\u0142otny (ed.). <em>Nauka \u2013 mo\u017cliwo\u015bci i ograniczenia.<\/em> Warszawa: Chrze\u015bcija\u0144skie Forum Pracownik\u00f3w Nauki. 291-305.<\/p>\n<\/div><\/div><\/div><\/div><\/div><\/div>\n<\/div><\/div><\/div><\/div><\/div><\/div>\n","protected":false},"excerpt":{"rendered":"<p>dr Laura Suchostawska Department of American Literature and Culturelaura.suchostawska@uwr.edu.pl Departmental Erasmus+ Coordinator PhD in linguistics MA in English studies MA in Spanish studies Books: Suchostawska, Laura. 2020. Approaching Nature through Metaphors in Thoreau\u2019s Writings. Wroc\u0142aw: Atut. Suchostawska, Laura. 2020. Relaciones entre el cristianismo y las creencias ind\u00edgenas en las obras de Jos\u00e9 Mar\u00eda Arguedas. Wroc\u0142aw: [&hellip;]<\/p>\n","protected":false},"author":57,"featured_media":0,"parent":19530,"menu_order":0,"comment_status":"closed","ping_status":"closed","template":"","meta":{"_acf_changed":false,"inline_featured_image":false,"site-sidebar-layout":"","site-content-layout":"","ast-site-content-layout":"default","site-content-style":"default","site-sidebar-style":"default","ast-global-header-display":"","ast-banner-title-visibility":"","ast-main-header-display":"","ast-hfb-above-header-display":"","ast-hfb-below-header-display":"","ast-hfb-mobile-header-display":"","site-post-title":"","ast-breadcrumbs-content":"","ast-featured-img":"","footer-sml-layout":"","ast-disable-related-posts":"","theme-transparent-header-meta":"","adv-header-id-meta":"","stick-header-meta":"","header-above-stick-meta":"","header-main-stick-meta":"","header-below-stick-meta":"","astra-migrate-meta-layouts":"set","ast-page-background-enabled":"default","ast-page-background-meta":{"desktop":{"background-color":"","background-image":"","background-repeat":"repeat","background-position":"center center","background-size":"auto","background-attachment":"scroll","background-type":"","background-media":"","overlay-type":"","overlay-color":"","overlay-opacity":"","overlay-gradient":""},"tablet":{"background-color":"","background-image":"","background-repeat":"repeat","background-position":"center center","background-size":"auto","background-attachment":"scroll","background-type":"","background-media":"","overlay-type":"","overlay-color":"","overlay-opacity":"","overlay-gradient":""},"mobile":{"background-color":"","background-image":"","background-repeat":"repeat","background-position":"center center","background-size":"auto","background-attachment":"scroll","background-type":"","background-media":"","overlay-type":"","overlay-color":"","overlay-opacity":"","overlay-gradient":""}},"ast-content-background-meta":{"desktop":{"background-color":"var(--ast-global-color-5)","background-image":"","background-repeat":"repeat","background-position":"center center","background-size":"auto","background-attachment":"scroll","background-type":"","background-media":"","overlay-type":"","overlay-color":"","overlay-opacity":"","overlay-gradient":""},"tablet":{"background-color":"var(--ast-global-color-5)","background-image":"","background-repeat":"repeat","background-position":"center center","background-size":"auto","background-attachment":"scroll","background-type":"","background-media":"","overlay-type":"","overlay-color":"","overlay-opacity":"","overlay-gradient":""},"mobile":{"background-color":"var(--ast-global-color-5)","background-image":"","background-repeat":"repeat","background-position":"center center","background-size":"auto","background-attachment":"scroll","background-type":"","background-media":"","overlay-type":"","overlay-color":"","overlay-opacity":"","overlay-gradient":""}},"footnotes":""},"categories":[],"tags":[],"class_list":["post-20349","page","type-page","status-publish","hentry"],"featured_image_urls_v2":{"full":"","thumbnail":"","medium":"","medium_large":"","large":"","1536x1536":"","2048x2048":"","menu-24x24":"","menu-36x36":"","menu-48x48":""},"post_excerpt_stackable_v2":"<p>dr Laura Suchostawska Department of American Literature and Culturelaura.suchostawska@uwr.edu.pl Departmental Erasmus+ Coordinator PhD in linguistics MA in English studies MA in Spanish studies Books: Suchostawska, Laura. 2020. Approaching Nature through Metaphors in Thoreau\u2019s Writings. Wroc\u0142aw: Atut. Suchostawska, Laura. 2020. Relaciones entre el cristianismo y las creencias ind\u00edgenas en las obras de Jos\u00e9 Mar\u00eda Arguedas. Wroc\u0142aw: Atut. Kociatkiewicz, Justyna, Laura Suchostawska and Dominika Ferens (eds). 2015. Eating America: Crisis, Sustenance, Sustainability. Frankfurt am Main: Peter Lang. Recent articles: Suchostawska, Laura. 2022. \u201cAttitudes to Nature in Margaret Atwood\u2019s Surfacingand the MaddAddam Trilogy.\u201d Explorations: A Journal of Language and Literature 10. 75-86. Suchostawska,&hellip;<\/p>\n","category_list_v2":"Uncategorized","author_info_v2":{"name":"ikubon","url":"https:\/\/ifa.uwr.edu.pl\/en\/author\/ikubon\/"},"comments_num_v2":"0 comments","acf":[],"yoast_head":"<!-- This site is optimized with the Yoast SEO plugin v27.1.1 - https:\/\/yoast.com\/product\/yoast-seo-wordpress\/ -->\n<title>dr Laura Suchostawska - Instytut Filologii Angielskiej<\/title>\n<meta name=\"description\" content=\"Instytut Filologii Angielskiej Uniwersytetu Wroc\u0142awskiego \u2013 jednostka dydaktyczno-naukowa nale\u017c\u0105ca do struktur Wydzia\u0142u Filologicznego Uniwersytetu Wroc\u0142awskiego.\" \/>\n<meta name=\"robots\" content=\"index, follow, max-snippet:-1, max-image-preview:large, max-video-preview:-1\" \/>\n<link rel=\"canonical\" href=\"https:\/\/ifa.uwr.edu.pl\/en\/staff\/dr-laura-suchostawska\/\" \/>\n<meta property=\"og:locale\" content=\"en_US\" \/>\n<meta property=\"og:type\" content=\"article\" \/>\n<meta property=\"og:title\" content=\"dr Laura Suchostawska - Instytut Filologii Angielskiej\" \/>\n<meta property=\"og:description\" content=\"Instytut Filologii Angielskiej Uniwersytetu Wroc\u0142awskiego \u2013 jednostka dydaktyczno-naukowa nale\u017c\u0105ca do struktur Wydzia\u0142u Filologicznego Uniwersytetu Wroc\u0142awskiego.\" \/>\n<meta property=\"og:url\" content=\"https:\/\/ifa.uwr.edu.pl\/en\/staff\/dr-laura-suchostawska\/\" \/>\n<meta property=\"og:site_name\" content=\"Instytut Filologii Angielskiej\" \/>\n<meta property=\"article:modified_time\" content=\"2025-04-07T08:11:54+00:00\" \/>\n<meta property=\"og:image\" content=\"https:\/\/ifa.uwr.edu.pl\/wp-content\/uploads\/sites\/18\/2025\/04\/Laura-S-IFA-1-683x1024.jpg\" \/>\n<meta name=\"twitter:card\" content=\"summary_large_image\" \/>\n<meta name=\"twitter:label1\" content=\"Est. reading time\" \/>\n\t<meta name=\"twitter:data1\" content=\"2 minutes\" \/>\n<script type=\"application\/ld+json\" class=\"yoast-schema-graph\">{\"@context\":\"https:\/\/schema.org\",\"@graph\":[{\"@type\":\"WebPage\",\"@id\":\"https:\/\/ifa.uwr.edu.pl\/en\/staff\/dr-laura-suchostawska\/\",\"url\":\"https:\/\/ifa.uwr.edu.pl\/en\/staff\/dr-laura-suchostawska\/\",\"name\":\"dr Laura Suchostawska - Instytut Filologii Angielskiej\",\"isPartOf\":{\"@id\":\"https:\/\/ifa.uwr.edu.pl\/#website\"},\"primaryImageOfPage\":{\"@id\":\"https:\/\/ifa.uwr.edu.pl\/en\/staff\/dr-laura-suchostawska\/#primaryimage\"},\"image\":{\"@id\":\"https:\/\/ifa.uwr.edu.pl\/en\/staff\/dr-laura-suchostawska\/#primaryimage\"},\"thumbnailUrl\":\"https:\/\/ifa.uwr.edu.pl\/wp-content\/uploads\/sites\/18\/2025\/04\/Laura-S-IFA-1-683x1024.jpg\",\"datePublished\":\"2023-02-07T20:14:53+00:00\",\"dateModified\":\"2025-04-07T08:11:54+00:00\",\"description\":\"Instytut Filologii Angielskiej Uniwersytetu Wroc\u0142awskiego \u2013 jednostka dydaktyczno-naukowa nale\u017c\u0105ca do struktur Wydzia\u0142u Filologicznego Uniwersytetu Wroc\u0142awskiego.\",\"breadcrumb\":{\"@id\":\"https:\/\/ifa.uwr.edu.pl\/en\/staff\/dr-laura-suchostawska\/#breadcrumb\"},\"inLanguage\":\"en-US\",\"potentialAction\":[{\"@type\":\"ReadAction\",\"target\":[\"https:\/\/ifa.uwr.edu.pl\/en\/staff\/dr-laura-suchostawska\/\"]}]},{\"@type\":\"ImageObject\",\"inLanguage\":\"en-US\",\"@id\":\"https:\/\/ifa.uwr.edu.pl\/en\/staff\/dr-laura-suchostawska\/#primaryimage\",\"url\":\"https:\/\/ifa.uwr.edu.pl\/wp-content\/uploads\/sites\/18\/2025\/04\/Laura-S-IFA-1-683x1024.jpg\",\"contentUrl\":\"https:\/\/ifa.uwr.edu.pl\/wp-content\/uploads\/sites\/18\/2025\/04\/Laura-S-IFA-1-683x1024.jpg\"},{\"@type\":\"BreadcrumbList\",\"@id\":\"https:\/\/ifa.uwr.edu.pl\/en\/staff\/dr-laura-suchostawska\/#breadcrumb\",\"itemListElement\":[{\"@type\":\"ListItem\",\"position\":1,\"name\":\"Strona g\u0142\u00f3wna\",\"item\":\"https:\/\/ifa.uwr.edu.pl\/en\/\"},{\"@type\":\"ListItem\",\"position\":2,\"name\":\"Staff\",\"item\":\"https:\/\/ifa.uwr.edu.pl\/en\/staff\/\"},{\"@type\":\"ListItem\",\"position\":3,\"name\":\"dr Laura Suchostawska\"}]},{\"@type\":\"WebSite\",\"@id\":\"https:\/\/ifa.uwr.edu.pl\/#website\",\"url\":\"https:\/\/ifa.uwr.edu.pl\/\",\"name\":\"Instytut Filologii Angielskiej\",\"description\":\"Instytut Filologii Angielskiej\",\"publisher\":{\"@id\":\"https:\/\/ifa.uwr.edu.pl\/#organization\"},\"potentialAction\":[{\"@type\":\"SearchAction\",\"target\":{\"@type\":\"EntryPoint\",\"urlTemplate\":\"https:\/\/ifa.uwr.edu.pl\/?s={search_term_string}\"},\"query-input\":{\"@type\":\"PropertyValueSpecification\",\"valueRequired\":true,\"valueName\":\"search_term_string\"}}],\"inLanguage\":\"en-US\"},{\"@type\":\"Organization\",\"@id\":\"https:\/\/ifa.uwr.edu.pl\/#organization\",\"name\":\"Instytut Filologii Angielskiej\",\"url\":\"https:\/\/ifa.uwr.edu.pl\/\",\"logo\":{\"@type\":\"ImageObject\",\"inLanguage\":\"en-US\",\"@id\":\"https:\/\/ifa.uwr.edu.pl\/#\/schema\/logo\/image\/\",\"url\":\"https:\/\/ifa.uwr.edu.pl\/wp-content\/uploads\/sites\/18\/2025\/10\/cropped-UWr-logotyp-2025.png\",\"contentUrl\":\"https:\/\/ifa.uwr.edu.pl\/wp-content\/uploads\/sites\/18\/2025\/10\/cropped-UWr-logotyp-2025.png\",\"width\":764,\"height\":269,\"caption\":\"Instytut Filologii Angielskiej\"},\"image\":{\"@id\":\"https:\/\/ifa.uwr.edu.pl\/#\/schema\/logo\/image\/\"}}]}<\/script>\n<!-- \/ Yoast SEO plugin. -->","yoast_head_json":{"title":"dr Laura Suchostawska - Instytut Filologii Angielskiej","description":"Instytut Filologii Angielskiej Uniwersytetu Wroc\u0142awskiego \u2013 jednostka dydaktyczno-naukowa nale\u017c\u0105ca do struktur Wydzia\u0142u Filologicznego Uniwersytetu Wroc\u0142awskiego.","robots":{"index":"index","follow":"follow","max-snippet":"max-snippet:-1","max-image-preview":"max-image-preview:large","max-video-preview":"max-video-preview:-1"},"canonical":"https:\/\/ifa.uwr.edu.pl\/en\/staff\/dr-laura-suchostawska\/","og_locale":"en_US","og_type":"article","og_title":"dr Laura Suchostawska - Instytut Filologii Angielskiej","og_description":"Instytut Filologii Angielskiej Uniwersytetu Wroc\u0142awskiego \u2013 jednostka dydaktyczno-naukowa nale\u017c\u0105ca do struktur Wydzia\u0142u Filologicznego Uniwersytetu Wroc\u0142awskiego.","og_url":"https:\/\/ifa.uwr.edu.pl\/en\/staff\/dr-laura-suchostawska\/","og_site_name":"Instytut Filologii Angielskiej","article_modified_time":"2025-04-07T08:11:54+00:00","og_image":[{"url":"https:\/\/ifa.uwr.edu.pl\/wp-content\/uploads\/sites\/18\/2025\/04\/Laura-S-IFA-1-683x1024.jpg","type":"","width":"","height":""}],"twitter_card":"summary_large_image","twitter_misc":{"Est. reading time":"2 minutes"},"schema":{"@context":"https:\/\/schema.org","@graph":[{"@type":"WebPage","@id":"https:\/\/ifa.uwr.edu.pl\/en\/staff\/dr-laura-suchostawska\/","url":"https:\/\/ifa.uwr.edu.pl\/en\/staff\/dr-laura-suchostawska\/","name":"dr Laura Suchostawska - Instytut Filologii Angielskiej","isPartOf":{"@id":"https:\/\/ifa.uwr.edu.pl\/#website"},"primaryImageOfPage":{"@id":"https:\/\/ifa.uwr.edu.pl\/en\/staff\/dr-laura-suchostawska\/#primaryimage"},"image":{"@id":"https:\/\/ifa.uwr.edu.pl\/en\/staff\/dr-laura-suchostawska\/#primaryimage"},"thumbnailUrl":"https:\/\/ifa.uwr.edu.pl\/wp-content\/uploads\/sites\/18\/2025\/04\/Laura-S-IFA-1-683x1024.jpg","datePublished":"2023-02-07T20:14:53+00:00","dateModified":"2025-04-07T08:11:54+00:00","description":"Instytut Filologii Angielskiej Uniwersytetu Wroc\u0142awskiego \u2013 jednostka dydaktyczno-naukowa nale\u017c\u0105ca do struktur Wydzia\u0142u Filologicznego Uniwersytetu Wroc\u0142awskiego.","breadcrumb":{"@id":"https:\/\/ifa.uwr.edu.pl\/en\/staff\/dr-laura-suchostawska\/#breadcrumb"},"inLanguage":"en-US","potentialAction":[{"@type":"ReadAction","target":["https:\/\/ifa.uwr.edu.pl\/en\/staff\/dr-laura-suchostawska\/"]}]},{"@type":"ImageObject","inLanguage":"en-US","@id":"https:\/\/ifa.uwr.edu.pl\/en\/staff\/dr-laura-suchostawska\/#primaryimage","url":"https:\/\/ifa.uwr.edu.pl\/wp-content\/uploads\/sites\/18\/2025\/04\/Laura-S-IFA-1-683x1024.jpg","contentUrl":"https:\/\/ifa.uwr.edu.pl\/wp-content\/uploads\/sites\/18\/2025\/04\/Laura-S-IFA-1-683x1024.jpg"},{"@type":"BreadcrumbList","@id":"https:\/\/ifa.uwr.edu.pl\/en\/staff\/dr-laura-suchostawska\/#breadcrumb","itemListElement":[{"@type":"ListItem","position":1,"name":"Strona g\u0142\u00f3wna","item":"https:\/\/ifa.uwr.edu.pl\/en\/"},{"@type":"ListItem","position":2,"name":"Staff","item":"https:\/\/ifa.uwr.edu.pl\/en\/staff\/"},{"@type":"ListItem","position":3,"name":"dr Laura Suchostawska"}]},{"@type":"WebSite","@id":"https:\/\/ifa.uwr.edu.pl\/#website","url":"https:\/\/ifa.uwr.edu.pl\/","name":"Instytut Filologii Angielskiej","description":"Instytut Filologii Angielskiej","publisher":{"@id":"https:\/\/ifa.uwr.edu.pl\/#organization"},"potentialAction":[{"@type":"SearchAction","target":{"@type":"EntryPoint","urlTemplate":"https:\/\/ifa.uwr.edu.pl\/?s={search_term_string}"},"query-input":{"@type":"PropertyValueSpecification","valueRequired":true,"valueName":"search_term_string"}}],"inLanguage":"en-US"},{"@type":"Organization","@id":"https:\/\/ifa.uwr.edu.pl\/#organization","name":"Instytut Filologii Angielskiej","url":"https:\/\/ifa.uwr.edu.pl\/","logo":{"@type":"ImageObject","inLanguage":"en-US","@id":"https:\/\/ifa.uwr.edu.pl\/#\/schema\/logo\/image\/","url":"https:\/\/ifa.uwr.edu.pl\/wp-content\/uploads\/sites\/18\/2025\/10\/cropped-UWr-logotyp-2025.png","contentUrl":"https:\/\/ifa.uwr.edu.pl\/wp-content\/uploads\/sites\/18\/2025\/10\/cropped-UWr-logotyp-2025.png","width":764,"height":269,"caption":"Instytut Filologii Angielskiej"},"image":{"@id":"https:\/\/ifa.uwr.edu.pl\/#\/schema\/logo\/image\/"}}]}},"publishpress_future_action":{"enabled":false,"date":"2026-04-19 00:53:50","action":"change-status","newStatus":"draft","terms":[],"taxonomy":"category","extraData":[]},"publishpress_future_workflow_manual_trigger":{"enabledWorkflows":[]},"_links":{"self":[{"href":"https:\/\/ifa.uwr.edu.pl\/en\/wp-json\/wp\/v2\/pages\/20349\/"}],"collection":[{"href":"https:\/\/ifa.uwr.edu.pl\/en\/wp-json\/wp\/v2\/pages\/"}],"about":[{"href":"https:\/\/ifa.uwr.edu.pl\/en\/wp-json\/wp\/v2\/types\/page\/"}],"author":[{"embeddable":true,"href":"https:\/\/ifa.uwr.edu.pl\/en\/wp-json\/wp\/v2\/users\/57\/"}],"replies":[{"embeddable":true,"href":"https:\/\/ifa.uwr.edu.pl\/en\/wp-json\/wp\/v2\/comments\/?post=20349"}],"version-history":[{"count":5,"href":"https:\/\/ifa.uwr.edu.pl\/en\/wp-json\/wp\/v2\/pages\/20349\/revisions\/"}],"predecessor-version":[{"id":28441,"href":"https:\/\/ifa.uwr.edu.pl\/en\/wp-json\/wp\/v2\/pages\/20349\/revisions\/28441\/"}],"up":[{"embeddable":true,"href":"https:\/\/ifa.uwr.edu.pl\/en\/wp-json\/wp\/v2\/pages\/19530\/"}],"wp:attachment":[{"href":"https:\/\/ifa.uwr.edu.pl\/en\/wp-json\/wp\/v2\/media\/?parent=20349"}],"wp:term":[{"taxonomy":"category","embeddable":true,"href":"https:\/\/ifa.uwr.edu.pl\/en\/wp-json\/wp\/v2\/categories\/?post=20349"},{"taxonomy":"post_tag","embeddable":true,"href":"https:\/\/ifa.uwr.edu.pl\/en\/wp-json\/wp\/v2\/tags\/?post=20349"}],"curies":[{"name":"wp","href":"https:\/\/api.w.org\/{rel}","templated":true}]}}