{"id":23877,"date":"2023-10-03T19:52:35","date_gmt":"2023-10-03T17:52:35","guid":{"rendered":"https:\/\/ifa.uwr.edu.pl\/?page_id=23877"},"modified":"2025-03-28T16:44:03","modified_gmt":"2025-03-28T15:44:03","slug":"mgr-eleonora-imbierowicz","status":"publish","type":"page","link":"https:\/\/ifa.uwr.edu.pl\/en\/staff\/mgr-eleonora-imbierowicz\/","title":{"rendered":"dr Eleonora Imbierowicz"},"content":{"rendered":"\n<div class=\"wp-block-ugb-container ugb-container ugb-8dda971 ugb-container--v2 ugb-container--design-plain ugb-main-block\"><div class=\"ugb-inner-block\"><div class=\"ugb-block-content\"><div class=\"ugb-container__wrapper ugb-8dda971-wrapper\"><div class=\"ugb-container__side\"><div class=\"ugb-container__content-wrapper ugb-8dda971-content-wrapper\">\n<div class=\"wp-block-columns bs-news-page is-layout-flex wp-block-columns-is-layout-flex\">\n<div class=\"wp-block-column bs-kontakt-photo is-layout-flow wp-block-column-is-layout-flow\">\n<figure class=\"wp-block-image size-large\"><img loading=\"lazy\" decoding=\"async\" width=\"1024\" height=\"1024\" src=\"https:\/\/ifa.uwr.edu.pl\/wp-content\/uploads\/sites\/18\/2023\/10\/IMG_8938-1-1024x1024.jpeg\" alt=\"EI\" class=\"wp-image-23880\" srcset=\"https:\/\/ifa.uwr.edu.pl\/wp-content\/uploads\/sites\/18\/2023\/10\/IMG_8938-1-1024x1024.jpeg 1024w, https:\/\/ifa.uwr.edu.pl\/wp-content\/uploads\/sites\/18\/2023\/10\/IMG_8938-1-300x300.jpeg 300w, https:\/\/ifa.uwr.edu.pl\/wp-content\/uploads\/sites\/18\/2023\/10\/IMG_8938-1-150x150.jpeg 150w, https:\/\/ifa.uwr.edu.pl\/wp-content\/uploads\/sites\/18\/2023\/10\/IMG_8938-1-768x768.jpeg 768w, https:\/\/ifa.uwr.edu.pl\/wp-content\/uploads\/sites\/18\/2023\/10\/IMG_8938-1-1536x1536.jpeg 1536w, https:\/\/ifa.uwr.edu.pl\/wp-content\/uploads\/sites\/18\/2023\/10\/IMG_8938-1-2048x2048.jpeg 2048w, https:\/\/ifa.uwr.edu.pl\/wp-content\/uploads\/sites\/18\/2023\/10\/IMG_8938-1-1320x1320.jpeg 1320w, https:\/\/ifa.uwr.edu.pl\/wp-content\/uploads\/sites\/18\/2023\/10\/IMG_8938-1-24x24.jpeg 24w, https:\/\/ifa.uwr.edu.pl\/wp-content\/uploads\/sites\/18\/2023\/10\/IMG_8938-1-36x36.jpeg 36w, https:\/\/ifa.uwr.edu.pl\/wp-content\/uploads\/sites\/18\/2023\/10\/IMG_8938-1-48x48.jpeg 48w\" sizes=\"auto, (max-width: 1024px) 100vw, 1024px\" \/><\/figure>\n<\/div>\n\n\n\n<div class=\"wp-block-column bs-contact-right-column is-layout-flow wp-block-column-is-layout-flow\">\n<div class=\"wp-block-bonasoft-modular-breadcrumbs-block\"><div class=\"bs_add_breadcrumb_trail\"><\/div><\/div>\n\n\n\n<hr class=\"wp-block-separator has-text-color has-black-color has-css-opacity has-black-background-color has-background is-style-wide bs-border-kontakt\"\/>\n\n\n\n<h1 class=\"wp-block-heading bs-naglowek-podstrony\" id=\"prof-dr-hab-anna-michonska-stadnik\"><strong>dr Eleonora Imbierowicz<\/strong><\/h1>\n\n\n\n<p>Department of American Literature and Culture<\/p>\n\n\n\n<p><a href=\"mailto:agata.slowik-krogulec@uwr.edu.pl\">eleonora.imbierowicz@uwr.edu<\/a><a href=\"mailto:eleonora.imbierowicz@uwr.edu.pl\">.pl<\/a><\/p>\n<\/div>\n<\/div>\n\n\n\n<div class=\"wp-block-ugb-container ugb-container bs-news-page-under ugb-f8694ce ugb-container--v2 ugb-container--design-plain ugb-main-block\"><div class=\"ugb-inner-block\"><div class=\"ugb-block-content\"><div class=\"ugb-container__wrapper ugb-f8694ce-wrapper\"><div class=\"ugb-container__side\"><div class=\"ugb-container__content-wrapper ugb-f8694ce-content-wrapper\">\n<p>Eleonora Imbierowicz has a PhD in literary studies (University of Wroc\u0142aw, 2025), a master\u2019s degree in law (University of Wroc\u0142aw, 2017) and English Studies (UWr, 2018). She is also studying psychology (UWr, graduation planned for 2025). She has also spent a&nbsp;semester as a student at Loyola University New Orleans thanks to the ISEP exchange program. Her doctoral dissertation, written under the guidance of dr hab. Agata Zarzycka, was related to non-human animal characters in digital games. Her academic interests circulate around posthumanism, animal studies, climate studies, and the medium of games.<\/p>\n\n\n\n<p><strong>Publications:<\/strong><\/p>\n\n\n\n<p>Imbierowicz, E., A. Kusztal, K. Kiebus, &amp; U. Fr\u0105czek, 2024. <a href=\"https:\/\/ogrodynauk.pl\/index.php\/onis\/article\/view\/1507\">Tabu pokarmowe poza kontekstem religijnym: wegetarianie i weganie przejawiaj\u0105 tabu wobec jedzenia mi\u0119sa<\/a>. <em>Ogrody Nauk i Sztuk<\/em> 14(14): 35-51.<\/p>\n\n\n\n<p>Imbierowicz, E., 2023, <a href=\"https:\/\/wuwr.pl\/awr\/article\/view\/15531\/13965\">Consumerist Environmentalism in The Sims 4: Eco Lifestyle<\/a>. <em>Anglica Wratislaviensia<\/em> 61.2: 45-60.<\/p>\n\n\n\n<p>Imbierowicz, E., 2021. Mi\u0142o\u015b\u0107 do zwierz\u0105t w czasach kryzysu klimatycznego. <em>Etnografia Transrelacyjna. Poznanie i praxis w \u015bwiecie ludzi i byt<\/em><em>\u00f3w poza-ludzkich<\/em>, ed. Katarzyna Majbroda, Wroc\u0142aw: Wydawnictwo Uniwersytetu Wroc\u0142awskiego: 145-152.<\/p>\n\n\n\n<p>Imbierowicz, E., 2021, <a href=\"https:\/\/wuwr.pl\/lkp\/article\/view\/13797\/12459\">Gry cyfrowe wkraczaj\u0105 do kanonu lektur szkolnych.<\/a> <em>Literatura i Kultura Popularna <\/em>27: 509-513.<\/p>\n\n\n\n<p>Imbierowicz, E., 2021, <a href=\"https:\/\/czaskultury.pl\/artykul\/wszystkie-zwierzeta-tancza-o-animal-crossing-new-horizons-po-roku-pandemii\/\">Wszystkie zwierz\u0119ta ta\u0144cz\u0105. O \u201eAnimal Crossing: New Horizons\u201d po roku pandemii.<\/a> <em>Czas Kultury<\/em>.<\/p>\n\n\n\n<p>Imbierowicz, E., 2021, <a href=\"https:\/\/cejsh.icm.edu.pl\/cejsh\/element\/bwmeta1.element.doi-doi_org_10_7494_human_2021_20_2_85\">The Future, the Crisis, and the Future of Replay Story.<\/a> <em>Studia Humanistyczne AGH <\/em>20(2): 85\u201395.<\/p>\n\n\n\n<p>Imbierowicz, E., 2019, <a href=\"https:\/\/pressto.amu.edu.pl\/index.php\/hl\/article\/view\/20911\/20261\">Perma-dying Worlds and the Limit of Eternal Return in Digital Games. <\/a><em>Homo Ludens <\/em>1(12)\/2019: 77-91.<\/p>\n\n\n\n<p><strong>Selected conference papers:<\/strong><\/p>\n\n\n\n<p>Poverty (Is All Fun) and Games. <em>DiGRA 2024 Playgrounds<\/em>, 1-5.07.24, Guadalajara, Mexico.<\/p>\n\n\n\n<p>The Sim Who Sold the World.Distorted Environmentalism in <em>Sims 4: Eco Lifestyle<\/em>. <em>DiGRA 2024 Playgrounds<\/em>, 1-5.07.23, Guadalajara, Mexico.<br><br>Frostpunk. Lessons from Contemporary Polish History. <em>DiGRA 2023 Limits and Margins of Games<\/em>, 19-23.06.23, Seville.<\/p>\n\n\n\n<p>Humanist Delusion in Games. <em>DiGRA 2023 Limits and Margins of Games<\/em>, 19-23.06.23, Seville.<\/p>\n\n\n\n<p>Posthumanist Attitude Towards Animals in Digital Games. <em>DiGRA 2022 Bringing Worlds Together<\/em>, 7-11.07.22, Krak\u00f3w.<\/p>\n\n\n\n<p>Anthropocentric Agency and Beyond. <em>DiGRA 2022 Bringing Worlds Together<\/em>, 7-11.07.22, Krak\u00f3w.<\/p>\n\n\n\n<p>Digital Wastelands. <em>EAAS 2022 Wastelands<\/em>, 6-8.04.22, Madrid.<\/p>\n\n\n\n<p>Digital Hinterlands. The Resistance of the Worlds. <em>Hinterlands: Literary and Cultural Perspectives<\/em>, 18-20.03.22, Wroc\u0142aw.<\/p>\n\n\n\n<p>Crisis in Digital: Limits of Storytelling in Games. <em>32. doroczna konferencja stowarzyszenia PAAS<\/em>, 9-10.12.21, Rzesz\u00f3w.<\/p>\n\n\n\n<p>Gra\u0107, aby przegra\u0107. Permadeath, broken games, i \u015bwiaty, kt\u00f3re umieraj\u0105 na zawsze. <em>R<\/em><em>\u00f3\u017cne aspekty gry i grywalizacji w kulturze XXI wieku<\/em>, 6-7.12.21, Lublin.<\/p>\n\n\n\n<p>Mourning the Future. Ecological Grief in the Wake of Climate Crisis. Wroc\u0142awskie Spotkania M\u0142odych Filolog\u00f3w, 17-18.06.21, Wroc\u0142aw.<\/p>\n\n\n\n<p>Mi\u0142o\u015b\u0107 do zwierz\u0105t, \u017ca\u0142oba za utracon\u0105 przysz\u0142o\u015bci\u0105. Posthumanistyczne traktowanie zwierz\u0105t i&nbsp;natury jako kulturowe przystosowanie w&nbsp;dobie kryzysu klimatycznego. <em>Etnografia transrelacyjna. Poznanie i praxis w \u015bwiecie wi\u0119cej-ni\u017c-ludzkim<\/em>, 19-20.11.2020, Wroc\u0142aw.<\/p>\n\n\n\n<p>Perma-dying worlds and other mechanics of limiting the access to digital games. <em>DiGRA 2019 Game, Play and the Emerging Ludo-Mix<\/em>, 6-10.08.19, Kyoto.<\/p>\n\n\n\n<p><em>Is There a&nbsp;Playfulness of Empathy? A Multidisciplinary Perspective. <\/em>Panel presentation prepared with&nbsp;Fr\u00e9d\u00e9ric Seraphine (The University of Tokyo, Japan), Ji Soo Lim (The University of Tokyo, Japan), and Keiko Nishimura (The University of North Carolina at Chapel Hill, United States). <em>DiGRA 2019 Game, Play and the Emerging Ludo-Mix<\/em>, 6-10.08.19, Kyoto.<\/p>\n\n\n\n<p>Playing with Nazis. Similarities Between Nazi Figures in BDSM and Video Games. <em>DiGRA 2018 The Game is the Message<\/em>, 25-27.08.18, Turin.<\/p>\n<\/div><\/div><\/div><\/div><\/div><\/div>\n<\/div><\/div><\/div><\/div><\/div><\/div>\n","protected":false},"excerpt":{"rendered":"<p>dr Eleonora Imbierowicz Department of American Literature and Culture eleonora.imbierowicz@uwr.edu.pl Eleonora Imbierowicz has a PhD in literary studies (University of Wroc\u0142aw, 2025), a master\u2019s degree in law (University of Wroc\u0142aw, 2017) and English Studies (UWr, 2018). She is also studying psychology (UWr, graduation planned for 2025). She has also spent a&nbsp;semester as a student at [&hellip;]<\/p>\n","protected":false},"author":57,"featured_media":0,"parent":19530,"menu_order":0,"comment_status":"closed","ping_status":"closed","template":"","meta":{"_acf_changed":false,"inline_featured_image":false,"site-sidebar-layout":"","site-content-layout":"","ast-site-content-layout":"default","site-content-style":"default","site-sidebar-style":"default","ast-global-header-display":"","ast-banner-title-visibility":"","ast-main-header-display":"","ast-hfb-above-header-display":"","ast-hfb-below-header-display":"","ast-hfb-mobile-header-display":"","site-post-title":"","ast-breadcrumbs-content":"","ast-featured-img":"","footer-sml-layout":"","ast-disable-related-posts":"","theme-transparent-header-meta":"","adv-header-id-meta":"","stick-header-meta":"","header-above-stick-meta":"","header-main-stick-meta":"","header-below-stick-meta":"","astra-migrate-meta-layouts":"set","ast-page-background-enabled":"default","ast-page-background-meta":{"desktop":{"background-color":"","background-image":"","background-repeat":"repeat","background-position":"center center","background-size":"auto","background-attachment":"scroll","background-type":"","background-media":"","overlay-type":"","overlay-color":"","overlay-opacity":"","overlay-gradient":""},"tablet":{"background-color":"","background-image":"","background-repeat":"repeat","background-position":"center center","background-size":"auto","background-attachment":"scroll","background-type":"","background-media":"","overlay-type":"","overlay-color":"","overlay-opacity":"","overlay-gradient":""},"mobile":{"background-color":"","background-image":"","background-repeat":"repeat","background-position":"center center","background-size":"auto","background-attachment":"scroll","background-type":"","background-media":"","overlay-type":"","overlay-color":"","overlay-opacity":"","overlay-gradient":""}},"ast-content-background-meta":{"desktop":{"background-color":"var(--ast-global-color-5)","background-image":"","background-repeat":"repeat","background-position":"center center","background-size":"auto","background-attachment":"scroll","background-type":"","background-media":"","overlay-type":"","overlay-color":"","overlay-opacity":"","overlay-gradient":""},"tablet":{"background-color":"var(--ast-global-color-5)","background-image":"","background-repeat":"repeat","background-position":"center center","background-size":"auto","background-attachment":"scroll","background-type":"","background-media":"","overlay-type":"","overlay-color":"","overlay-opacity":"","overlay-gradient":""},"mobile":{"background-color":"var(--ast-global-color-5)","background-image":"","background-repeat":"repeat","background-position":"center center","background-size":"auto","background-attachment":"scroll","background-type":"","background-media":"","overlay-type":"","overlay-color":"","overlay-opacity":"","overlay-gradient":""}},"footnotes":""},"categories":[],"tags":[],"class_list":["post-23877","page","type-page","status-publish","hentry"],"featured_image_urls_v2":{"full":"","thumbnail":"","medium":"","medium_large":"","large":"","1536x1536":"","2048x2048":"","menu-24x24":"","menu-36x36":"","menu-48x48":""},"post_excerpt_stackable_v2":"<p>dr Eleonora Imbierowicz Department of American Literature and Culture eleonora.imbierowicz@uwr.edu.pl Eleonora Imbierowicz has a PhD in literary studies (University of Wroc\u0142aw, 2025), a master\u2019s degree in law (University of Wroc\u0142aw, 2017) and English Studies (UWr, 2018). She is also studying psychology (UWr, graduation planned for 2025). She has also spent a&nbsp;semester as a student at Loyola University New Orleans thanks to the ISEP exchange program. Her doctoral dissertation, written under the guidance of dr hab. Agata Zarzycka, was related to non-human animal characters in digital games. Her academic interests circulate around posthumanism, animal studies, climate studies, and the medium of&hellip;<\/p>\n","category_list_v2":"Uncategorized","author_info_v2":{"name":"ikubon","url":"https:\/\/ifa.uwr.edu.pl\/en\/author\/ikubon\/"},"comments_num_v2":"0 comments","acf":[],"yoast_head":"<!-- This site is optimized with the Yoast SEO plugin v27.1.1 - https:\/\/yoast.com\/product\/yoast-seo-wordpress\/ -->\n<title>dr Eleonora Imbierowicz - Instytut Filologii Angielskiej<\/title>\n<meta name=\"description\" content=\"Instytut Filologii Angielskiej Uniwersytetu Wroc\u0142awskiego \u2013 jednostka dydaktyczno-naukowa nale\u017c\u0105ca do struktur Wydzia\u0142u Filologicznego Uniwersytetu Wroc\u0142awskiego.\" \/>\n<meta name=\"robots\" content=\"index, follow, max-snippet:-1, max-image-preview:large, max-video-preview:-1\" \/>\n<link rel=\"canonical\" href=\"https:\/\/ifa.uwr.edu.pl\/en\/staff\/mgr-eleonora-imbierowicz\/\" \/>\n<meta property=\"og:locale\" content=\"en_US\" \/>\n<meta property=\"og:type\" content=\"article\" \/>\n<meta property=\"og:title\" content=\"dr Eleonora Imbierowicz - Instytut Filologii Angielskiej\" \/>\n<meta property=\"og:description\" content=\"Instytut Filologii Angielskiej Uniwersytetu Wroc\u0142awskiego \u2013 jednostka dydaktyczno-naukowa nale\u017c\u0105ca do struktur Wydzia\u0142u Filologicznego Uniwersytetu Wroc\u0142awskiego.\" \/>\n<meta property=\"og:url\" content=\"https:\/\/ifa.uwr.edu.pl\/en\/staff\/mgr-eleonora-imbierowicz\/\" \/>\n<meta property=\"og:site_name\" content=\"Instytut Filologii Angielskiej\" \/>\n<meta property=\"article:modified_time\" content=\"2025-03-28T15:44:03+00:00\" \/>\n<meta property=\"og:image\" content=\"https:\/\/ifa.uwr.edu.pl\/wp-content\/uploads\/sites\/18\/2023\/10\/IMG_8938-1-1024x1024.jpeg\" \/>\n<meta name=\"twitter:card\" content=\"summary_large_image\" \/>\n<meta name=\"twitter:label1\" content=\"Est. reading time\" \/>\n\t<meta name=\"twitter:data1\" content=\"3 minutes\" \/>\n<script type=\"application\/ld+json\" class=\"yoast-schema-graph\">{\"@context\":\"https:\/\/schema.org\",\"@graph\":[{\"@type\":\"WebPage\",\"@id\":\"https:\/\/ifa.uwr.edu.pl\/en\/staff\/mgr-eleonora-imbierowicz\/\",\"url\":\"https:\/\/ifa.uwr.edu.pl\/en\/staff\/mgr-eleonora-imbierowicz\/\",\"name\":\"dr Eleonora Imbierowicz - Instytut Filologii Angielskiej\",\"isPartOf\":{\"@id\":\"https:\/\/ifa.uwr.edu.pl\/#website\"},\"primaryImageOfPage\":{\"@id\":\"https:\/\/ifa.uwr.edu.pl\/en\/staff\/mgr-eleonora-imbierowicz\/#primaryimage\"},\"image\":{\"@id\":\"https:\/\/ifa.uwr.edu.pl\/en\/staff\/mgr-eleonora-imbierowicz\/#primaryimage\"},\"thumbnailUrl\":\"https:\/\/ifa.uwr.edu.pl\/wp-content\/uploads\/sites\/18\/2023\/10\/IMG_8938-1-1024x1024.jpeg\",\"datePublished\":\"2023-10-03T17:52:35+00:00\",\"dateModified\":\"2025-03-28T15:44:03+00:00\",\"description\":\"Instytut Filologii Angielskiej Uniwersytetu Wroc\u0142awskiego \u2013 jednostka dydaktyczno-naukowa nale\u017c\u0105ca do struktur Wydzia\u0142u Filologicznego Uniwersytetu Wroc\u0142awskiego.\",\"breadcrumb\":{\"@id\":\"https:\/\/ifa.uwr.edu.pl\/en\/staff\/mgr-eleonora-imbierowicz\/#breadcrumb\"},\"inLanguage\":\"en-US\",\"potentialAction\":[{\"@type\":\"ReadAction\",\"target\":[\"https:\/\/ifa.uwr.edu.pl\/en\/staff\/mgr-eleonora-imbierowicz\/\"]}]},{\"@type\":\"ImageObject\",\"inLanguage\":\"en-US\",\"@id\":\"https:\/\/ifa.uwr.edu.pl\/en\/staff\/mgr-eleonora-imbierowicz\/#primaryimage\",\"url\":\"https:\/\/ifa.uwr.edu.pl\/wp-content\/uploads\/sites\/18\/2023\/10\/IMG_8938-1-1024x1024.jpeg\",\"contentUrl\":\"https:\/\/ifa.uwr.edu.pl\/wp-content\/uploads\/sites\/18\/2023\/10\/IMG_8938-1-1024x1024.jpeg\"},{\"@type\":\"BreadcrumbList\",\"@id\":\"https:\/\/ifa.uwr.edu.pl\/en\/staff\/mgr-eleonora-imbierowicz\/#breadcrumb\",\"itemListElement\":[{\"@type\":\"ListItem\",\"position\":1,\"name\":\"Strona g\u0142\u00f3wna\",\"item\":\"https:\/\/ifa.uwr.edu.pl\/en\/\"},{\"@type\":\"ListItem\",\"position\":2,\"name\":\"Staff\",\"item\":\"https:\/\/ifa.uwr.edu.pl\/en\/staff\/\"},{\"@type\":\"ListItem\",\"position\":3,\"name\":\"dr Eleonora Imbierowicz\"}]},{\"@type\":\"WebSite\",\"@id\":\"https:\/\/ifa.uwr.edu.pl\/#website\",\"url\":\"https:\/\/ifa.uwr.edu.pl\/\",\"name\":\"Instytut Filologii Angielskiej\",\"description\":\"Instytut Filologii Angielskiej\",\"publisher\":{\"@id\":\"https:\/\/ifa.uwr.edu.pl\/#organization\"},\"potentialAction\":[{\"@type\":\"SearchAction\",\"target\":{\"@type\":\"EntryPoint\",\"urlTemplate\":\"https:\/\/ifa.uwr.edu.pl\/?s={search_term_string}\"},\"query-input\":{\"@type\":\"PropertyValueSpecification\",\"valueRequired\":true,\"valueName\":\"search_term_string\"}}],\"inLanguage\":\"en-US\"},{\"@type\":\"Organization\",\"@id\":\"https:\/\/ifa.uwr.edu.pl\/#organization\",\"name\":\"Instytut Filologii Angielskiej\",\"url\":\"https:\/\/ifa.uwr.edu.pl\/\",\"logo\":{\"@type\":\"ImageObject\",\"inLanguage\":\"en-US\",\"@id\":\"https:\/\/ifa.uwr.edu.pl\/#\/schema\/logo\/image\/\",\"url\":\"https:\/\/ifa.uwr.edu.pl\/wp-content\/uploads\/sites\/18\/2025\/10\/cropped-UWr-logotyp-2025.png\",\"contentUrl\":\"https:\/\/ifa.uwr.edu.pl\/wp-content\/uploads\/sites\/18\/2025\/10\/cropped-UWr-logotyp-2025.png\",\"width\":764,\"height\":269,\"caption\":\"Instytut Filologii Angielskiej\"},\"image\":{\"@id\":\"https:\/\/ifa.uwr.edu.pl\/#\/schema\/logo\/image\/\"}}]}<\/script>\n<!-- \/ Yoast SEO plugin. -->","yoast_head_json":{"title":"dr Eleonora Imbierowicz - Instytut Filologii Angielskiej","description":"Instytut Filologii Angielskiej Uniwersytetu Wroc\u0142awskiego \u2013 jednostka dydaktyczno-naukowa nale\u017c\u0105ca do struktur Wydzia\u0142u Filologicznego Uniwersytetu Wroc\u0142awskiego.","robots":{"index":"index","follow":"follow","max-snippet":"max-snippet:-1","max-image-preview":"max-image-preview:large","max-video-preview":"max-video-preview:-1"},"canonical":"https:\/\/ifa.uwr.edu.pl\/en\/staff\/mgr-eleonora-imbierowicz\/","og_locale":"en_US","og_type":"article","og_title":"dr Eleonora Imbierowicz - Instytut Filologii Angielskiej","og_description":"Instytut Filologii Angielskiej Uniwersytetu Wroc\u0142awskiego \u2013 jednostka dydaktyczno-naukowa nale\u017c\u0105ca do struktur Wydzia\u0142u Filologicznego Uniwersytetu Wroc\u0142awskiego.","og_url":"https:\/\/ifa.uwr.edu.pl\/en\/staff\/mgr-eleonora-imbierowicz\/","og_site_name":"Instytut Filologii Angielskiej","article_modified_time":"2025-03-28T15:44:03+00:00","og_image":[{"url":"https:\/\/ifa.uwr.edu.pl\/wp-content\/uploads\/sites\/18\/2023\/10\/IMG_8938-1-1024x1024.jpeg","type":"","width":"","height":""}],"twitter_card":"summary_large_image","twitter_misc":{"Est. reading time":"3 minutes"},"schema":{"@context":"https:\/\/schema.org","@graph":[{"@type":"WebPage","@id":"https:\/\/ifa.uwr.edu.pl\/en\/staff\/mgr-eleonora-imbierowicz\/","url":"https:\/\/ifa.uwr.edu.pl\/en\/staff\/mgr-eleonora-imbierowicz\/","name":"dr Eleonora Imbierowicz - Instytut Filologii Angielskiej","isPartOf":{"@id":"https:\/\/ifa.uwr.edu.pl\/#website"},"primaryImageOfPage":{"@id":"https:\/\/ifa.uwr.edu.pl\/en\/staff\/mgr-eleonora-imbierowicz\/#primaryimage"},"image":{"@id":"https:\/\/ifa.uwr.edu.pl\/en\/staff\/mgr-eleonora-imbierowicz\/#primaryimage"},"thumbnailUrl":"https:\/\/ifa.uwr.edu.pl\/wp-content\/uploads\/sites\/18\/2023\/10\/IMG_8938-1-1024x1024.jpeg","datePublished":"2023-10-03T17:52:35+00:00","dateModified":"2025-03-28T15:44:03+00:00","description":"Instytut Filologii Angielskiej Uniwersytetu Wroc\u0142awskiego \u2013 jednostka dydaktyczno-naukowa nale\u017c\u0105ca do struktur Wydzia\u0142u Filologicznego Uniwersytetu Wroc\u0142awskiego.","breadcrumb":{"@id":"https:\/\/ifa.uwr.edu.pl\/en\/staff\/mgr-eleonora-imbierowicz\/#breadcrumb"},"inLanguage":"en-US","potentialAction":[{"@type":"ReadAction","target":["https:\/\/ifa.uwr.edu.pl\/en\/staff\/mgr-eleonora-imbierowicz\/"]}]},{"@type":"ImageObject","inLanguage":"en-US","@id":"https:\/\/ifa.uwr.edu.pl\/en\/staff\/mgr-eleonora-imbierowicz\/#primaryimage","url":"https:\/\/ifa.uwr.edu.pl\/wp-content\/uploads\/sites\/18\/2023\/10\/IMG_8938-1-1024x1024.jpeg","contentUrl":"https:\/\/ifa.uwr.edu.pl\/wp-content\/uploads\/sites\/18\/2023\/10\/IMG_8938-1-1024x1024.jpeg"},{"@type":"BreadcrumbList","@id":"https:\/\/ifa.uwr.edu.pl\/en\/staff\/mgr-eleonora-imbierowicz\/#breadcrumb","itemListElement":[{"@type":"ListItem","position":1,"name":"Strona g\u0142\u00f3wna","item":"https:\/\/ifa.uwr.edu.pl\/en\/"},{"@type":"ListItem","position":2,"name":"Staff","item":"https:\/\/ifa.uwr.edu.pl\/en\/staff\/"},{"@type":"ListItem","position":3,"name":"dr Eleonora Imbierowicz"}]},{"@type":"WebSite","@id":"https:\/\/ifa.uwr.edu.pl\/#website","url":"https:\/\/ifa.uwr.edu.pl\/","name":"Instytut Filologii Angielskiej","description":"Instytut Filologii Angielskiej","publisher":{"@id":"https:\/\/ifa.uwr.edu.pl\/#organization"},"potentialAction":[{"@type":"SearchAction","target":{"@type":"EntryPoint","urlTemplate":"https:\/\/ifa.uwr.edu.pl\/?s={search_term_string}"},"query-input":{"@type":"PropertyValueSpecification","valueRequired":true,"valueName":"search_term_string"}}],"inLanguage":"en-US"},{"@type":"Organization","@id":"https:\/\/ifa.uwr.edu.pl\/#organization","name":"Instytut Filologii Angielskiej","url":"https:\/\/ifa.uwr.edu.pl\/","logo":{"@type":"ImageObject","inLanguage":"en-US","@id":"https:\/\/ifa.uwr.edu.pl\/#\/schema\/logo\/image\/","url":"https:\/\/ifa.uwr.edu.pl\/wp-content\/uploads\/sites\/18\/2025\/10\/cropped-UWr-logotyp-2025.png","contentUrl":"https:\/\/ifa.uwr.edu.pl\/wp-content\/uploads\/sites\/18\/2025\/10\/cropped-UWr-logotyp-2025.png","width":764,"height":269,"caption":"Instytut Filologii Angielskiej"},"image":{"@id":"https:\/\/ifa.uwr.edu.pl\/#\/schema\/logo\/image\/"}}]}},"publishpress_future_action":{"enabled":false,"date":"2026-04-18 21:40:00","action":"change-status","newStatus":"draft","terms":[],"taxonomy":"category","extraData":[]},"publishpress_future_workflow_manual_trigger":{"enabledWorkflows":[]},"_links":{"self":[{"href":"https:\/\/ifa.uwr.edu.pl\/en\/wp-json\/wp\/v2\/pages\/23877\/"}],"collection":[{"href":"https:\/\/ifa.uwr.edu.pl\/en\/wp-json\/wp\/v2\/pages\/"}],"about":[{"href":"https:\/\/ifa.uwr.edu.pl\/en\/wp-json\/wp\/v2\/types\/page\/"}],"author":[{"embeddable":true,"href":"https:\/\/ifa.uwr.edu.pl\/en\/wp-json\/wp\/v2\/users\/57\/"}],"replies":[{"embeddable":true,"href":"https:\/\/ifa.uwr.edu.pl\/en\/wp-json\/wp\/v2\/comments\/?post=23877"}],"version-history":[{"count":10,"href":"https:\/\/ifa.uwr.edu.pl\/en\/wp-json\/wp\/v2\/pages\/23877\/revisions\/"}],"predecessor-version":[{"id":28372,"href":"https:\/\/ifa.uwr.edu.pl\/en\/wp-json\/wp\/v2\/pages\/23877\/revisions\/28372\/"}],"up":[{"embeddable":true,"href":"https:\/\/ifa.uwr.edu.pl\/en\/wp-json\/wp\/v2\/pages\/19530\/"}],"wp:attachment":[{"href":"https:\/\/ifa.uwr.edu.pl\/en\/wp-json\/wp\/v2\/media\/?parent=23877"}],"wp:term":[{"taxonomy":"category","embeddable":true,"href":"https:\/\/ifa.uwr.edu.pl\/en\/wp-json\/wp\/v2\/categories\/?post=23877"},{"taxonomy":"post_tag","embeddable":true,"href":"https:\/\/ifa.uwr.edu.pl\/en\/wp-json\/wp\/v2\/tags\/?post=23877"}],"curies":[{"name":"wp","href":"https:\/\/api.w.org\/{rel}","templated":true}]}}