{"id":24600,"date":"2024-02-05T10:53:13","date_gmt":"2024-02-05T09:53:13","guid":{"rendered":"https:\/\/ifa.uwr.edu.pl\/?page_id=24600"},"modified":"2024-02-07T12:53:12","modified_gmt":"2024-02-07T11:53:12","slug":"english-for-knowledge-culture-and-innovationdoctoral-students","status":"publish","type":"page","link":"https:\/\/ifa.uwr.edu.pl\/en\/english-for-knowledge-culture-and-innovationdoctoral-students\/","title":{"rendered":"English for Knowledge, Culture and Innovation"},"content":{"rendered":"\n<div class=\"wp-block-ugb-container ugb-container ugb-8dda971 ugb-container--v2 ugb-container--design-plain ugb-main-block\"><div class=\"ugb-inner-block\"><div class=\"ugb-block-content\"><div class=\"ugb-container__wrapper ugb-8dda971-wrapper\"><div class=\"ugb-container__side\"><div class=\"ugb-container__content-wrapper ugb-8dda971-content-wrapper\">\n<div class=\"wp-block-columns bs-news-page is-layout-flex wp-block-columns-is-layout-flex\">\n<div class=\"wp-block-column bs-kontakt-photo is-layout-flow wp-block-column-is-layout-flow\">\n<figure class=\"wp-block-image size-large\"><img loading=\"lazy\" decoding=\"async\" width=\"1024\" height=\"690\" src=\"https:\/\/ifa.uwr.edu.pl\/wp-content\/uploads\/sites\/18\/2024\/02\/wyklad-1-1024x690.jpg\" alt=\"IFA\" class=\"wp-image-24603\" srcset=\"https:\/\/ifa.uwr.edu.pl\/wp-content\/uploads\/sites\/18\/2024\/02\/wyklad-1-1024x690.jpg 1024w, https:\/\/ifa.uwr.edu.pl\/wp-content\/uploads\/sites\/18\/2024\/02\/wyklad-1-300x202.jpg 300w, https:\/\/ifa.uwr.edu.pl\/wp-content\/uploads\/sites\/18\/2024\/02\/wyklad-1-768x518.jpg 768w, https:\/\/ifa.uwr.edu.pl\/wp-content\/uploads\/sites\/18\/2024\/02\/wyklad-1-1536x1035.jpg 1536w, https:\/\/ifa.uwr.edu.pl\/wp-content\/uploads\/sites\/18\/2024\/02\/wyklad-1-2048x1380.jpg 2048w, https:\/\/ifa.uwr.edu.pl\/wp-content\/uploads\/sites\/18\/2024\/02\/wyklad-1-1320x890.jpg 1320w, https:\/\/ifa.uwr.edu.pl\/wp-content\/uploads\/sites\/18\/2024\/02\/wyklad-1-24x16.jpg 24w, https:\/\/ifa.uwr.edu.pl\/wp-content\/uploads\/sites\/18\/2024\/02\/wyklad-1-36x24.jpg 36w, https:\/\/ifa.uwr.edu.pl\/wp-content\/uploads\/sites\/18\/2024\/02\/wyklad-1-48x32.jpg 48w, https:\/\/ifa.uwr.edu.pl\/wp-content\/uploads\/sites\/18\/2024\/02\/wyklad-1.jpg 1600w\" sizes=\"auto, (max-width: 1024px) 100vw, 1024px\" \/><\/figure>\n<\/div>\n\n\n\n<div class=\"wp-block-column bs-contact-right-column is-layout-flow wp-block-column-is-layout-flow\">\n<div class=\"wp-block-bonasoft-modular-breadcrumbs-block\"><div class=\"bs_add_breadcrumb_trail\"><\/div><\/div>\n\n\n\n<hr class=\"wp-block-separator has-text-color has-black-color has-css-opacity has-black-background-color has-background is-style-wide bs-border-kontakt\"\/>\n\n\n\n<h1 class=\"wp-block-heading has-text-align-left bs-naglowek-podstrony\" id=\"anglica-wratislaviensia\">English for Knowledge, Culture and Innovation<\/h1>\n\n\n\n<p><strong>Full-time bachelor\u2019s degree course in English<\/strong><\/p>\n\n\n\n<p>Are you curious about language? Do you have a passion for literature? We have designed a challenging course that will develop your linguistic as well as critical skills, and will be an inspiration for your reading.<\/p>\n\n\n\n<p><em>English for Knowledge, Culture and Innovation<\/em> is a course that offers an excellent opportunity of studying English in depth alongside linguistics and literature. The participants will acquire advanced language skills in courses like practical English grammar, speaking, reading and writing, pronunciation, and integrated skills in English. They will learn about language science and linguistic diversity. The course will also provide a thorough grounding in English and American literary works.<\/p>\n\n\n\n<p>The second year of the course gives the students a choice between two modules: Global English Cultures and Languages and Psycho-Pedagogical Aspects of Language Acquisition. The classes in the former aim to equip the students with linguistic, cultural and literary competences to help them further their own research interests. They will include the varieties of the English language, pragmatics and intercultural communication as well as experimental methods in studies on language and mind. Historical, social, political and cultural aspects of English, American or Canadian texts will be part of the course, too.<\/p>\n<\/div>\n<\/div>\n\n\n\n<div class=\"wp-block-ugb-container ugb-container bs-news-page-under ugb-f8694ce ugb-container--v2 ugb-container--design-plain ugb-main-block\"><div class=\"ugb-inner-block\"><div class=\"ugb-block-content\"><div class=\"ugb-container__wrapper ugb-f8694ce-wrapper\"><div class=\"ugb-container__side\"><div class=\"ugb-container__content-wrapper ugb-f8694ce-content-wrapper\">\n<p>The latter module focuses on language acquisition, psychology of language learning, language processing and intercultural approaches to language development.<\/p>\n\n\n\n<p>Fluency in a foreign language, an understanding of foreign cultures, analytical and research skills are all in great demand on the job market. The training we offer provides the graduates with transferable skills that are sought after by employers, such as qualitative and quantitative data analysis, advanced linguistic and critical skills, and cultural sensitivity. Our students do not only learn English.&nbsp; They learn Polish and one other foreign language from scratch. The options are German, French, Spanish, Italian, and Russian.<\/p>\n\n\n\n<p>This course can also be a bright start to obtaining English teaching qualifications, such as CELTA (Cambridge Certificate in Teaching English to Speakers of Other Languages) or DELTA (Cambridge Diploma in Teaching English to Speakers of Other Languages).<\/p>\n\n\n\n<p>The course is also an excellent preparation for further linguistic, literary, cultural or educational studies. The graduates will be well-prepared to take a range of Master\u2019s programmes, both in Wroc\u0142aw and elsewhere.<\/p>\n\n\n\n<p><strong>Entry requirements<\/strong><\/p>\n\n\n\n<ol class=\"wp-block-list\" type=\"1\">\n<li>A secondary school qualification from your country that entitles you to enter university<\/li>\n\n\n\n<li>English language requirements: a good B2 standard within the Common European Framework for Languages (CEFR). We accept the following English language qualifications at the grades specified:<br><br>&#8211; Cambridge First Certificate in English \u2013 an overall score of 173 or higher (grade A or grade B)<br>&#8211; Cambridge Certificate in Advanced English &#8211; any passing grade<br>&#8211; International English Language Testing System (IELTS) \u2013 grade 6.0 or higher<br>&#8211; Test of English as a Foreign Language (TOEFL) \u2013 an overall score of 80 or higher<br>&#8211; Test of English for International Communication (TOEIC) \u2013 a score of 341 or higher for speaking and writing, and 839 or higher for listening and reading<br>&#8211; Oxford Test of English \u2013 an overall score of 121 or higher<br>&#8211; TELC B2 \u2013 an overall grade 1 or grade 2<br>&#8211; B2 Business Vantage (BEC Vantage) \u2013 an overall grade A or grade B<br><br>You do not need to provide a certificate in English if:<br>&#8211; English is your mother tongue<br>&#8211; English was the language of instruction at your secondary school or at another university course you have completed<br>&#8211; you have taken Polish Nowa Matura and scored 80% or higher on the extended level English exam<br>&#8211; you have passed a B2 level examination (or higher) in English during another university degree course, which is shown in your transcript of records.<br><\/li>\n\n\n\n<li>A positive assessment of your application by the course coordinator.<\/li>\n<\/ol>\n\n\n\n<p><strong>Fees 2024\/25<\/strong><\/p>\n\n\n\n<ul class=\"wp-block-list\">\n<li><strong>\u20ac 23 application fee<\/strong><\/li>\n\n\n\n<li><strong>Tuition fee:<\/strong><\/li>\n\n\n\n<li>EU students, including Polish students: \u20ac 2300 per year<\/li>\n\n\n\n<li>Non-EU students:<\/li>\n<\/ul>\n\n\n\n<p>\u20ac 3750 in the first year<br>\u20ac 3600 in the second year<br>\u20ac 3600 in the third year<\/p>\n\n\n\n<p><strong>Course coordinator:<\/strong> Marek Herda<\/p>\n\n\n\n<p><strong>Contact emails:<\/strong><br><a href=\"mailto:international@uwr.edu.pl\">international@uwr.edu.pl<\/a> (about admission, accommodation, etc.)<br><a href=\"mailto:marek.herda@uwr.edu.pl\">marek.herda@uwr.edu.pl<\/a> (about the course and its organisation)<\/p>\n\n\n\n<p><strong><a href=\"https:\/\/ifa.uwr.edu.pl\/wp-content\/uploads\/sites\/18\/2024\/02\/EfKCaI_Course-outline.pdf\">Course outline<\/a><\/strong><\/p>\n<\/div><\/div><\/div><\/div><\/div><\/div>\n<\/div><\/div><\/div><\/div><\/div><\/div>\n","protected":false},"excerpt":{"rendered":"<p>English for Knowledge, Culture and Innovation Full-time bachelor\u2019s degree course in English Are you curious about language? Do you have a passion for literature? We have designed a challenging course that will develop your linguistic as well as critical skills, and will be an inspiration for your reading. English for Knowledge, Culture and Innovation is [&hellip;]<\/p>\n","protected":false},"author":57,"featured_media":0,"parent":0,"menu_order":0,"comment_status":"closed","ping_status":"closed","template":"","meta":{"_acf_changed":false,"inline_featured_image":false,"site-sidebar-layout":"","site-content-layout":"","ast-site-content-layout":"default","site-content-style":"default","site-sidebar-style":"default","ast-global-header-display":"","ast-banner-title-visibility":"","ast-main-header-display":"","ast-hfb-above-header-display":"","ast-hfb-below-header-display":"","ast-hfb-mobile-header-display":"","site-post-title":"","ast-breadcrumbs-content":"","ast-featured-img":"","footer-sml-layout":"","ast-disable-related-posts":"","theme-transparent-header-meta":"","adv-header-id-meta":"","stick-header-meta":"","header-above-stick-meta":"","header-main-stick-meta":"","header-below-stick-meta":"","astra-migrate-meta-layouts":"default","ast-page-background-enabled":"default","ast-page-background-meta":{"desktop":{"background-color":"","background-image":"","background-repeat":"repeat","background-position":"center center","background-size":"auto","background-attachment":"scroll","background-type":"","background-media":"","overlay-type":"","overlay-color":"","overlay-opacity":"","overlay-gradient":""},"tablet":{"background-color":"","background-image":"","background-repeat":"repeat","background-position":"center center","background-size":"auto","background-attachment":"scroll","background-type":"","background-media":"","overlay-type":"","overlay-color":"","overlay-opacity":"","overlay-gradient":""},"mobile":{"background-color":"","background-image":"","background-repeat":"repeat","background-position":"center center","background-size":"auto","background-attachment":"scroll","background-type":"","background-media":"","overlay-type":"","overlay-color":"","overlay-opacity":"","overlay-gradient":""}},"ast-content-background-meta":{"desktop":{"background-color":"var(--ast-global-color-5)","background-image":"","background-repeat":"repeat","background-position":"center center","background-size":"auto","background-attachment":"scroll","background-type":"","background-media":"","overlay-type":"","overlay-color":"","overlay-opacity":"","overlay-gradient":""},"tablet":{"background-color":"var(--ast-global-color-5)","background-image":"","background-repeat":"repeat","background-position":"center center","background-size":"auto","background-attachment":"scroll","background-type":"","background-media":"","overlay-type":"","overlay-color":"","overlay-opacity":"","overlay-gradient":""},"mobile":{"background-color":"var(--ast-global-color-5)","background-image":"","background-repeat":"repeat","background-position":"center center","background-size":"auto","background-attachment":"scroll","background-type":"","background-media":"","overlay-type":"","overlay-color":"","overlay-opacity":"","overlay-gradient":""}},"footnotes":""},"categories":[],"tags":[],"class_list":["post-24600","page","type-page","status-publish","hentry"],"featured_image_urls_v2":{"full":"","thumbnail":"","medium":"","medium_large":"","large":"","1536x1536":"","2048x2048":"","menu-24x24":"","menu-36x36":"","menu-48x48":""},"post_excerpt_stackable_v2":"<p>English for Knowledge, Culture and Innovation Full-time bachelor\u2019s degree course in English Are you curious about language? Do you have a passion for literature? We have designed a challenging course that will develop your linguistic as well as critical skills, and will be an inspiration for your reading. English for Knowledge, Culture and Innovation is a course that offers an excellent opportunity of studying English in depth alongside linguistics and literature. The participants will acquire advanced language skills in courses like practical English grammar, speaking, reading and writing, pronunciation, and integrated skills in English. They will learn about language science&hellip;<\/p>\n","category_list_v2":"Uncategorized","author_info_v2":{"name":"ikubon","url":"https:\/\/ifa.uwr.edu.pl\/en\/author\/ikubon\/"},"comments_num_v2":"0 comments","acf":[],"yoast_head":"<!-- This site is optimized with the Yoast SEO plugin v27.1.1 - https:\/\/yoast.com\/product\/yoast-seo-wordpress\/ -->\n<title>English for Knowledge, Culture and Innovation - Instytut Filologii Angielskiej<\/title>\n<meta name=\"description\" content=\"Instytut Filologii Angielskiej Uniwersytetu Wroc\u0142awskiego \u2013 jednostka dydaktyczno-naukowa nale\u017c\u0105ca do struktur Wydzia\u0142u Filologicznego Uniwersytetu Wroc\u0142awskiego.\" \/>\n<meta name=\"robots\" content=\"index, follow, max-snippet:-1, max-image-preview:large, max-video-preview:-1\" \/>\n<link rel=\"canonical\" href=\"https:\/\/ifa.uwr.edu.pl\/en\/english-for-knowledge-culture-and-innovationdoctoral-students\/\" \/>\n<meta property=\"og:locale\" content=\"en_US\" \/>\n<meta property=\"og:type\" content=\"article\" \/>\n<meta property=\"og:title\" content=\"English for Knowledge, Culture and Innovation - Instytut Filologii Angielskiej\" \/>\n<meta property=\"og:description\" content=\"Instytut Filologii Angielskiej Uniwersytetu Wroc\u0142awskiego \u2013 jednostka dydaktyczno-naukowa nale\u017c\u0105ca do struktur Wydzia\u0142u Filologicznego Uniwersytetu Wroc\u0142awskiego.\" \/>\n<meta property=\"og:url\" content=\"https:\/\/ifa.uwr.edu.pl\/en\/english-for-knowledge-culture-and-innovationdoctoral-students\/\" \/>\n<meta property=\"og:site_name\" content=\"Instytut Filologii Angielskiej\" \/>\n<meta property=\"article:modified_time\" content=\"2024-02-07T11:53:12+00:00\" \/>\n<meta property=\"og:image\" content=\"https:\/\/ifa.uwr.edu.pl\/wp-content\/uploads\/sites\/18\/2024\/02\/wyklad-1-1024x690.jpg\" \/>\n<meta name=\"twitter:card\" content=\"summary_large_image\" \/>\n<meta name=\"twitter:label1\" content=\"Est. reading time\" \/>\n\t<meta name=\"twitter:data1\" content=\"5 minutes\" \/>\n<script type=\"application\/ld+json\" class=\"yoast-schema-graph\">{\"@context\":\"https:\/\/schema.org\",\"@graph\":[{\"@type\":\"WebPage\",\"@id\":\"https:\/\/ifa.uwr.edu.pl\/en\/english-for-knowledge-culture-and-innovationdoctoral-students\/\",\"url\":\"https:\/\/ifa.uwr.edu.pl\/en\/english-for-knowledge-culture-and-innovationdoctoral-students\/\",\"name\":\"English for Knowledge, Culture and Innovation - Instytut Filologii Angielskiej\",\"isPartOf\":{\"@id\":\"https:\/\/ifa.uwr.edu.pl\/#website\"},\"primaryImageOfPage\":{\"@id\":\"https:\/\/ifa.uwr.edu.pl\/en\/english-for-knowledge-culture-and-innovationdoctoral-students\/#primaryimage\"},\"image\":{\"@id\":\"https:\/\/ifa.uwr.edu.pl\/en\/english-for-knowledge-culture-and-innovationdoctoral-students\/#primaryimage\"},\"thumbnailUrl\":\"https:\/\/ifa.uwr.edu.pl\/wp-content\/uploads\/sites\/18\/2024\/02\/wyklad-1-1024x690.jpg\",\"datePublished\":\"2024-02-05T09:53:13+00:00\",\"dateModified\":\"2024-02-07T11:53:12+00:00\",\"description\":\"Instytut Filologii Angielskiej Uniwersytetu Wroc\u0142awskiego \u2013 jednostka dydaktyczno-naukowa nale\u017c\u0105ca do struktur Wydzia\u0142u Filologicznego Uniwersytetu Wroc\u0142awskiego.\",\"breadcrumb\":{\"@id\":\"https:\/\/ifa.uwr.edu.pl\/en\/english-for-knowledge-culture-and-innovationdoctoral-students\/#breadcrumb\"},\"inLanguage\":\"en-US\",\"potentialAction\":[{\"@type\":\"ReadAction\",\"target\":[\"https:\/\/ifa.uwr.edu.pl\/en\/english-for-knowledge-culture-and-innovationdoctoral-students\/\"]}]},{\"@type\":\"ImageObject\",\"inLanguage\":\"en-US\",\"@id\":\"https:\/\/ifa.uwr.edu.pl\/en\/english-for-knowledge-culture-and-innovationdoctoral-students\/#primaryimage\",\"url\":\"https:\/\/ifa.uwr.edu.pl\/wp-content\/uploads\/sites\/18\/2024\/02\/wyklad-1-1024x690.jpg\",\"contentUrl\":\"https:\/\/ifa.uwr.edu.pl\/wp-content\/uploads\/sites\/18\/2024\/02\/wyklad-1-1024x690.jpg\"},{\"@type\":\"BreadcrumbList\",\"@id\":\"https:\/\/ifa.uwr.edu.pl\/en\/english-for-knowledge-culture-and-innovationdoctoral-students\/#breadcrumb\",\"itemListElement\":[{\"@type\":\"ListItem\",\"position\":1,\"name\":\"Strona g\u0142\u00f3wna\",\"item\":\"https:\/\/ifa.uwr.edu.pl\/en\/\"},{\"@type\":\"ListItem\",\"position\":2,\"name\":\"English for Knowledge, Culture and Innovation\"}]},{\"@type\":\"WebSite\",\"@id\":\"https:\/\/ifa.uwr.edu.pl\/#website\",\"url\":\"https:\/\/ifa.uwr.edu.pl\/\",\"name\":\"Instytut Filologii Angielskiej\",\"description\":\"Instytut Filologii Angielskiej\",\"publisher\":{\"@id\":\"https:\/\/ifa.uwr.edu.pl\/#organization\"},\"potentialAction\":[{\"@type\":\"SearchAction\",\"target\":{\"@type\":\"EntryPoint\",\"urlTemplate\":\"https:\/\/ifa.uwr.edu.pl\/?s={search_term_string}\"},\"query-input\":{\"@type\":\"PropertyValueSpecification\",\"valueRequired\":true,\"valueName\":\"search_term_string\"}}],\"inLanguage\":\"en-US\"},{\"@type\":\"Organization\",\"@id\":\"https:\/\/ifa.uwr.edu.pl\/#organization\",\"name\":\"Instytut Filologii Angielskiej\",\"url\":\"https:\/\/ifa.uwr.edu.pl\/\",\"logo\":{\"@type\":\"ImageObject\",\"inLanguage\":\"en-US\",\"@id\":\"https:\/\/ifa.uwr.edu.pl\/#\/schema\/logo\/image\/\",\"url\":\"https:\/\/ifa.uwr.edu.pl\/wp-content\/uploads\/sites\/18\/2025\/10\/cropped-UWr-logotyp-2025.png\",\"contentUrl\":\"https:\/\/ifa.uwr.edu.pl\/wp-content\/uploads\/sites\/18\/2025\/10\/cropped-UWr-logotyp-2025.png\",\"width\":764,\"height\":269,\"caption\":\"Instytut Filologii Angielskiej\"},\"image\":{\"@id\":\"https:\/\/ifa.uwr.edu.pl\/#\/schema\/logo\/image\/\"}}]}<\/script>\n<!-- \/ Yoast SEO plugin. -->","yoast_head_json":{"title":"English for Knowledge, Culture and Innovation - Instytut Filologii Angielskiej","description":"Instytut Filologii Angielskiej Uniwersytetu Wroc\u0142awskiego \u2013 jednostka dydaktyczno-naukowa nale\u017c\u0105ca do struktur Wydzia\u0142u Filologicznego Uniwersytetu Wroc\u0142awskiego.","robots":{"index":"index","follow":"follow","max-snippet":"max-snippet:-1","max-image-preview":"max-image-preview:large","max-video-preview":"max-video-preview:-1"},"canonical":"https:\/\/ifa.uwr.edu.pl\/en\/english-for-knowledge-culture-and-innovationdoctoral-students\/","og_locale":"en_US","og_type":"article","og_title":"English for Knowledge, Culture and Innovation - Instytut Filologii Angielskiej","og_description":"Instytut Filologii Angielskiej Uniwersytetu Wroc\u0142awskiego \u2013 jednostka dydaktyczno-naukowa nale\u017c\u0105ca do struktur Wydzia\u0142u Filologicznego Uniwersytetu Wroc\u0142awskiego.","og_url":"https:\/\/ifa.uwr.edu.pl\/en\/english-for-knowledge-culture-and-innovationdoctoral-students\/","og_site_name":"Instytut Filologii Angielskiej","article_modified_time":"2024-02-07T11:53:12+00:00","og_image":[{"url":"https:\/\/ifa.uwr.edu.pl\/wp-content\/uploads\/sites\/18\/2024\/02\/wyklad-1-1024x690.jpg","type":"","width":"","height":""}],"twitter_card":"summary_large_image","twitter_misc":{"Est. reading time":"5 minutes"},"schema":{"@context":"https:\/\/schema.org","@graph":[{"@type":"WebPage","@id":"https:\/\/ifa.uwr.edu.pl\/en\/english-for-knowledge-culture-and-innovationdoctoral-students\/","url":"https:\/\/ifa.uwr.edu.pl\/en\/english-for-knowledge-culture-and-innovationdoctoral-students\/","name":"English for Knowledge, Culture and Innovation - Instytut Filologii Angielskiej","isPartOf":{"@id":"https:\/\/ifa.uwr.edu.pl\/#website"},"primaryImageOfPage":{"@id":"https:\/\/ifa.uwr.edu.pl\/en\/english-for-knowledge-culture-and-innovationdoctoral-students\/#primaryimage"},"image":{"@id":"https:\/\/ifa.uwr.edu.pl\/en\/english-for-knowledge-culture-and-innovationdoctoral-students\/#primaryimage"},"thumbnailUrl":"https:\/\/ifa.uwr.edu.pl\/wp-content\/uploads\/sites\/18\/2024\/02\/wyklad-1-1024x690.jpg","datePublished":"2024-02-05T09:53:13+00:00","dateModified":"2024-02-07T11:53:12+00:00","description":"Instytut Filologii Angielskiej Uniwersytetu Wroc\u0142awskiego \u2013 jednostka dydaktyczno-naukowa nale\u017c\u0105ca do struktur Wydzia\u0142u Filologicznego Uniwersytetu Wroc\u0142awskiego.","breadcrumb":{"@id":"https:\/\/ifa.uwr.edu.pl\/en\/english-for-knowledge-culture-and-innovationdoctoral-students\/#breadcrumb"},"inLanguage":"en-US","potentialAction":[{"@type":"ReadAction","target":["https:\/\/ifa.uwr.edu.pl\/en\/english-for-knowledge-culture-and-innovationdoctoral-students\/"]}]},{"@type":"ImageObject","inLanguage":"en-US","@id":"https:\/\/ifa.uwr.edu.pl\/en\/english-for-knowledge-culture-and-innovationdoctoral-students\/#primaryimage","url":"https:\/\/ifa.uwr.edu.pl\/wp-content\/uploads\/sites\/18\/2024\/02\/wyklad-1-1024x690.jpg","contentUrl":"https:\/\/ifa.uwr.edu.pl\/wp-content\/uploads\/sites\/18\/2024\/02\/wyklad-1-1024x690.jpg"},{"@type":"BreadcrumbList","@id":"https:\/\/ifa.uwr.edu.pl\/en\/english-for-knowledge-culture-and-innovationdoctoral-students\/#breadcrumb","itemListElement":[{"@type":"ListItem","position":1,"name":"Strona g\u0142\u00f3wna","item":"https:\/\/ifa.uwr.edu.pl\/en\/"},{"@type":"ListItem","position":2,"name":"English for Knowledge, Culture and Innovation"}]},{"@type":"WebSite","@id":"https:\/\/ifa.uwr.edu.pl\/#website","url":"https:\/\/ifa.uwr.edu.pl\/","name":"Instytut Filologii Angielskiej","description":"Instytut Filologii Angielskiej","publisher":{"@id":"https:\/\/ifa.uwr.edu.pl\/#organization"},"potentialAction":[{"@type":"SearchAction","target":{"@type":"EntryPoint","urlTemplate":"https:\/\/ifa.uwr.edu.pl\/?s={search_term_string}"},"query-input":{"@type":"PropertyValueSpecification","valueRequired":true,"valueName":"search_term_string"}}],"inLanguage":"en-US"},{"@type":"Organization","@id":"https:\/\/ifa.uwr.edu.pl\/#organization","name":"Instytut Filologii Angielskiej","url":"https:\/\/ifa.uwr.edu.pl\/","logo":{"@type":"ImageObject","inLanguage":"en-US","@id":"https:\/\/ifa.uwr.edu.pl\/#\/schema\/logo\/image\/","url":"https:\/\/ifa.uwr.edu.pl\/wp-content\/uploads\/sites\/18\/2025\/10\/cropped-UWr-logotyp-2025.png","contentUrl":"https:\/\/ifa.uwr.edu.pl\/wp-content\/uploads\/sites\/18\/2025\/10\/cropped-UWr-logotyp-2025.png","width":764,"height":269,"caption":"Instytut Filologii Angielskiej"},"image":{"@id":"https:\/\/ifa.uwr.edu.pl\/#\/schema\/logo\/image\/"}}]}},"publishpress_future_action":{"enabled":false,"date":"2026-05-01 21:38:24","action":"change-status","newStatus":"draft","terms":[],"taxonomy":"category","extraData":[]},"publishpress_future_workflow_manual_trigger":{"enabledWorkflows":[]},"_links":{"self":[{"href":"https:\/\/ifa.uwr.edu.pl\/en\/wp-json\/wp\/v2\/pages\/24600\/"}],"collection":[{"href":"https:\/\/ifa.uwr.edu.pl\/en\/wp-json\/wp\/v2\/pages\/"}],"about":[{"href":"https:\/\/ifa.uwr.edu.pl\/en\/wp-json\/wp\/v2\/types\/page\/"}],"author":[{"embeddable":true,"href":"https:\/\/ifa.uwr.edu.pl\/en\/wp-json\/wp\/v2\/users\/57\/"}],"replies":[{"embeddable":true,"href":"https:\/\/ifa.uwr.edu.pl\/en\/wp-json\/wp\/v2\/comments\/?post=24600"}],"version-history":[{"count":3,"href":"https:\/\/ifa.uwr.edu.pl\/en\/wp-json\/wp\/v2\/pages\/24600\/revisions\/"}],"predecessor-version":[{"id":24645,"href":"https:\/\/ifa.uwr.edu.pl\/en\/wp-json\/wp\/v2\/pages\/24600\/revisions\/24645\/"}],"wp:attachment":[{"href":"https:\/\/ifa.uwr.edu.pl\/en\/wp-json\/wp\/v2\/media\/?parent=24600"}],"wp:term":[{"taxonomy":"category","embeddable":true,"href":"https:\/\/ifa.uwr.edu.pl\/en\/wp-json\/wp\/v2\/categories\/?post=24600"},{"taxonomy":"post_tag","embeddable":true,"href":"https:\/\/ifa.uwr.edu.pl\/en\/wp-json\/wp\/v2\/tags\/?post=24600"}],"curies":[{"name":"wp","href":"https:\/\/api.w.org\/{rel}","templated":true}]}}