{"id":28570,"date":"2025-04-15T12:36:11","date_gmt":"2025-04-15T10:36:11","guid":{"rendered":"https:\/\/ifa.uwr.edu.pl\/?page_id=28570"},"modified":"2025-04-15T12:38:18","modified_gmt":"2025-04-15T10:38:18","slug":"dr-jacek-wozny","status":"publish","type":"page","link":"https:\/\/ifa.uwr.edu.pl\/en\/staff\/dr-jacek-wozny\/","title":{"rendered":"dr Jacek Wo\u017any"},"content":{"rendered":"\n<div class=\"wp-block-ugb-container ugb-container ugb-8dda971 ugb-container--v2 ugb-container--design-plain ugb-main-block\"><div class=\"ugb-inner-block\"><div class=\"ugb-block-content\"><div class=\"ugb-container__wrapper ugb-8dda971-wrapper\"><div class=\"ugb-container__side\"><div class=\"ugb-container__content-wrapper ugb-8dda971-content-wrapper\">\n<div class=\"wp-block-columns bs-news-page is-layout-flex wp-block-columns-is-layout-flex\">\n<div class=\"wp-block-column bs-kontakt-photo is-layout-flow wp-block-column-is-layout-flow\">\n<figure class=\"wp-block-image size-full\"><img loading=\"lazy\" decoding=\"async\" width=\"576\" height=\"467\" src=\"https:\/\/ifa.uwr.edu.pl\/wp-content\/uploads\/sites\/18\/2025\/04\/mug.webp\" alt=\"jw\" class=\"wp-image-28573\" srcset=\"https:\/\/ifa.uwr.edu.pl\/wp-content\/uploads\/sites\/18\/2025\/04\/mug.webp 576w, https:\/\/ifa.uwr.edu.pl\/wp-content\/uploads\/sites\/18\/2025\/04\/mug-300x243.webp 300w, https:\/\/ifa.uwr.edu.pl\/wp-content\/uploads\/sites\/18\/2025\/04\/mug-24x19.webp 24w, https:\/\/ifa.uwr.edu.pl\/wp-content\/uploads\/sites\/18\/2025\/04\/mug-36x29.webp 36w, https:\/\/ifa.uwr.edu.pl\/wp-content\/uploads\/sites\/18\/2025\/04\/mug-48x39.webp 48w\" sizes=\"auto, (max-width: 576px) 100vw, 576px\" \/><\/figure>\n<\/div>\n\n\n\n<div class=\"wp-block-column bs-contact-right-column is-layout-flow wp-block-column-is-layout-flow\">\n<div class=\"wp-block-bonasoft-modular-breadcrumbs-block\"><div class=\"bs_add_breadcrumb_trail\"><\/div><\/div>\n\n\n\n<hr class=\"wp-block-separator has-text-color has-black-color has-css-opacity has-black-background-color has-background is-style-wide bs-border-kontakt\"\/>\n\n\n\n<h1 class=\"wp-block-heading bs-naglowek-podstrony\" id=\"prof-dr-hab-anna-michonska-stadnik\"><strong>dr Jacek Wo\u017any<\/strong><\/h1>\n\n\n\n<p>Department of Translation Studies<br><a href=\"mailto:jacek.wozny@uwr.edu.pl\">jacek.wozny@uwr.edu.pl<\/a><\/p>\n<\/div>\n<\/div>\n\n\n\n<div class=\"wp-block-ugb-container ugb-container bs-news-page-under ugb-f8694ce ugb-container--v2 ugb-container--design-plain ugb-main-block\"><div class=\"ugb-inner-block\"><div class=\"ugb-block-content\"><div class=\"ugb-container__wrapper ugb-f8694ce-wrapper\"><div class=\"ugb-container__side\"><div class=\"ugb-container__content-wrapper ugb-f8694ce-content-wrapper\">\n<p>dr Jacek Wo\u017any, assistant professor<br>WWW: <a href=\"https:\/\/sites.google.com\/site\/wrocifa\/\">https:\/\/sites.google.com\/site\/wrocifa\/<\/a><\/p>\n\n\n\n<p>Email: <a href=\"mailto:jacek.wozny@uwr.edu.pl\">jacek.wozny@uwr.edu.pl<\/a><\/p>\n\n\n\n<p><strong>Selected publications:<\/strong><strong><br><\/strong>Wo\u017any, J. and Cz. Jasiukiewicz, T. Paszkiewicz. 1989.<em> &#8220;<\/em>Crossover from Kinetic to Diffusive Behaviour for a Class of Generalized Models of the Lorentz Gas&#8221;<em>. Physica A 158 (1989): 864<\/em><em><br><\/em>Wo\u017any, J. 2010.<em> <\/em>&#8220;The prototype of the linguistic force Dynamics schema&#8221;<em>. Anglica Wratislaviensia 48<\/em>: 135-148<br>Wo\u017any, J. 2011<em>. <\/em>&#8220;Mathematical proof of the principle of cognitive economy&#8221;<em>. Cognition, Conduct And Communication. <\/em>Dynel M. and J. Nijakowska (red.).<em> <\/em>\u0141\u00f3d\u017a : Premium Verbum: 71<br>Wo\u017any, J. 2012<em>. <\/em>&#8220;Calculating the countability- a corpus based, mereological study of the count\/mass distinction of a group of English nouns&#8221;<em>. Anglica Wratislaviensia, <\/em>tom 50: 225-238<br>Wo\u017any, J. 2013<em>. <\/em>&#8220;Force-motion schemas in metaphors of motion&#8221;<em>. Studia Linguistica Universitatis Iagellonicae Cracoviensis 130:<\/em> 351-368<em><br><\/em>Wo\u017any. J. 2014. &#8220;Comparing conceptual domains&#8221;.<em> Extension and its Limits<\/em>. Dro\u017cd\u017c, G.&nbsp; and A. \u0141yda (eds.). Newcastle Upon Tyne: Cambridge Scholars Publishing:108-125<br>Wo\u017any, Jacek. 2014. \u201cLevels of countability: A corpus based study\u201d.<em> <\/em>In: Marek Ku\u017aniak, Agnieszka Libura, Micha\u0142 Szawerna (eds.) <em>From Conceptual Metaphor Theory to Cognitive Ethnolinguistics: Patterns of Imagery in Language<\/em>. Frankfurt am Main: Peter Lang:129-140<br>Wo\u017any, Jacek. 2014. &#8220;Conceptual models of physics in linguistic Force Dynamics&#8221;. <em>Linguistica Silesiana <\/em>vol. 35: 327-340<br>Ku\u017aniak, M. &amp; J. Wo\u017any. 2015.<em> &#8220;Linguistic force dynamics and physics&#8221; .Warsaw Studies in English Language and Literature<\/em>. Vol. 17.Frankfurt am Main: Peter Lang:145-160<br>Wo\u017any, Jacek. 2015. &#8220;Towards a method of cross-linguistic comparison of motion-emotion metaphors&#8221;. <em>Linguistica Silesiana vol. 36<\/em><br>Wo\u017any, Jacek. 2015. &#8220;Towards experientially-based classification of motion situations&#8221;. <em>Within and beyond the Lexicogrammar Continuum. <\/em>Amsterdam: John Benjamins<br>Wo\u017any, Jacek. 2016. &#8220;Towards experientially-based classification of motion situations&#8221;. <em>Studies in Lexicogrammar<\/em>. Amsterdam: John Benjamins: 211-228<br>Wo\u017any, Jacek. 2016. &#8220;Force dynamics of intensive and intransitive complementation of the verb \u201eto go\u201d&#8221;. <em>Studia Neofilologiczne 12<\/em>: 59-76.<\/p>\n\n\n\n<p>Turner M., Steen, F., Wo\u017any J., C\u00e1novas C., P., Hougaard A., Joo J., Olza I., Pleshakova A., Ray S., Uhrig P., Valenzuela J. 2018. &#8220;Toward an Infrastructure for Data\u00addriven Multimodal Communication Research&#8221;. <em>Linguistic Vanguard 4(1)<\/em>. Boston : Mouton de Gruyter&nbsp;<\/p>\n\n\n\n<p>Wo\u017any, Jacek. 2018. <em>How We Understand Mathematics &#8211; Conceptual Integration in the Language of Mathematical Description<\/em>. New York: Springer&nbsp;<\/p>\n\n\n\n<p>Wo\u017any, J., 2018. &#8220;The role of conceptual integration and simple dynamic scenarios in the meaning construction of the mapping in mathematics&#8221;. <em>Cognitive Studies | \u00c9tudes cognitives<\/em>, 2018(18)<\/p>\n\n\n\n<p>Wo\u017any, J. 2019. <em>Linguistic categorization versus mathematical set theories<\/em>. Wroc\u0142aw: Oficyna Wydawnicza Atut&nbsp;<\/p>\n\n\n\n<p>Wo\u017any, J. 2024. \u201cThe unreasonable effectiveness of mathematical modeling\u201d. In <em>Mathematics for Social Sciences and Arts, Algebraic Modeling.&nbsp; <\/em>Mahouton Norbert Hounkonnou, Dragana Martinovic, Melanija Mitrovi\u0107, Philippa Pattison<em> <\/em>(Eds.). New York: Springer<\/p>\n\n\n\n<p><strong>Selected conference papers:<\/strong><strong><br><\/strong>&#8220;Mathematical proof of the principle of cognitive economy&#8221;, Cognition Communication and Conduct 2011 , \u0141\u00f3d\u017a University<\/p>\n\n\n\n<p>&#8220;Calculating the countability- a corpus based, mereological study of the count\/mass distinction of a group of English nouns&#8221;. Cognitive Linguistics 2012, Wroc\u0142aw University<\/p>\n\n\n\n<p>&#8220;A new description of force-dynamics&#8221;. BeNeCla Conference 2012, University of Groningen<br>&#8220;A statistical method of comparing conceptual domains&#8221;. LISLAC2 Conference 2013, University of Katowice<br>&#8220;Force dynamics and physics \u2013 a new outlook on force-dynamics&#8221;. (coauthor: dr hab. prof. Marek Ku\u017aniak). Cognitive Linguistics 2013. Warsaw University.<br>&#8220;Force dynamics of motion metaphors&#8221; LISLAC3 Conference 2014, University of Katowice<br>&#8220;Force dynamics of verb complementation&#8221;. Cognitive Linguistics 2014. Jan D\u0142ugosz Academy, Cz\u0119stochowa<\/p>\n\n\n\n<p>\u201cThe concept of continuity in the taxonomy of motion events&#8221;. PALC Conference 2014. University of \u0141\u00f3d\u017a<\/p>\n\n\n\n<p>\u201cTowards a method of cross-linguistic comparison of motion-emotion metaphors\u201d. PASE Conference 2015. University of Wroclaw<\/p>\n\n\n\n<p>&#8220;Star Trek Teleportation &#8211; a critical outlook on Zlatev&#8221;s taxonomy of motion events&#8221;, Cognitive Linguistics in Wroc\u0142aw 2015, Wroc\u0142aw University<\/p>\n\n\n\n<p>&#8220;Mental patterns of parable in the narrative of mathematical set theory&#8221;, Cognitive Linguistics in Wroc\u0142aw 2016, Wroc\u0142aw University<\/p>\n\n\n\n<p>&#8220;Multimodal blending in meaning construction of Polish &#8220;chodzi o&#8221; and Czech &#8220;jde o&#8221;&#8221; (with Marek Ku\u017aniak), ICMC Conference 2017, Osnabruck University<\/p>\n\n\n\n<p>&#8220;Conceptual blending and identity in mathematics&#8221;, Cognitive Linguistics in Wroc\u0142aw 2017, Wroc\u0142aw University<\/p>\n\n\n\n<p>&#8220;Cognitive exploration of the group theory&#8221;, Cognitive Linguistics in the Year 2017, Rzesz\u00f3w University&nbsp;<\/p>\n\n\n\n<p>&nbsp;&#8220;Multi-modal mental space builders signalling humorous content&#8221; (with Agnieszka Libura and Maria Kmita), ICLC-14 2017, Tartu University.<\/p>\n\n\n\n<p>&#8220;Uniqueness in language, thought and mathematics&#8221;, Cognitive Linguistics in the Year 2018, UAM&nbsp;<\/p>\n\n\n\n<p>&#8220;Where arithmetic comes from?&#8221;, Cognitive Linguistics in the Year 2019, UwB.<\/p>\n\n\n\n<p><strong>Research interests:<\/strong><strong><br><\/strong>cognitive exploration of mathematics, cognitive semantics, multimodal communication, linguistic categorization, computational linguistics, corpus linguistics,&nbsp; translation studies, linguistic typology, mereology<\/p>\n\n\n\n<p><strong>Membership in professional associations:<\/strong><\/p>\n\n\n\n<p>Polish Cognitive Linguistics Association<\/p>\n\n\n\n<p>Red Hen Lab<\/p>\n<\/div><\/div><\/div><\/div><\/div><\/div>\n<\/div><\/div><\/div><\/div><\/div><\/div>\n","protected":false},"excerpt":{"rendered":"<p>dr Jacek Wo\u017any Department of Translation Studiesjacek.wozny@uwr.edu.pl dr Jacek Wo\u017any, assistant professorWWW: https:\/\/sites.google.com\/site\/wrocifa\/ Email: jacek.wozny@uwr.edu.pl Selected publications:Wo\u017any, J. and Cz. Jasiukiewicz, T. Paszkiewicz. 1989. &#8220;Crossover from Kinetic to Diffusive Behaviour for a Class of Generalized Models of the Lorentz Gas&#8221;. Physica A 158 (1989): 864Wo\u017any, J. 2010. &#8220;The prototype of the linguistic force Dynamics schema&#8221;. [&hellip;]<\/p>\n","protected":false},"author":57,"featured_media":0,"parent":19530,"menu_order":0,"comment_status":"closed","ping_status":"closed","template":"","meta":{"_acf_changed":false,"inline_featured_image":false,"site-sidebar-layout":"","site-content-layout":"","ast-site-content-layout":"default","site-content-style":"default","site-sidebar-style":"default","ast-global-header-display":"","ast-banner-title-visibility":"","ast-main-header-display":"","ast-hfb-above-header-display":"","ast-hfb-below-header-display":"","ast-hfb-mobile-header-display":"","site-post-title":"","ast-breadcrumbs-content":"","ast-featured-img":"","footer-sml-layout":"","ast-disable-related-posts":"","theme-transparent-header-meta":"","adv-header-id-meta":"","stick-header-meta":"","header-above-stick-meta":"","header-main-stick-meta":"","header-below-stick-meta":"","astra-migrate-meta-layouts":"set","ast-page-background-enabled":"default","ast-page-background-meta":{"desktop":{"background-color":"","background-image":"","background-repeat":"repeat","background-position":"center center","background-size":"auto","background-attachment":"scroll","background-type":"","background-media":"","overlay-type":"","overlay-color":"","overlay-opacity":"","overlay-gradient":""},"tablet":{"background-color":"","background-image":"","background-repeat":"repeat","background-position":"center center","background-size":"auto","background-attachment":"scroll","background-type":"","background-media":"","overlay-type":"","overlay-color":"","overlay-opacity":"","overlay-gradient":""},"mobile":{"background-color":"","background-image":"","background-repeat":"repeat","background-position":"center center","background-size":"auto","background-attachment":"scroll","background-type":"","background-media":"","overlay-type":"","overlay-color":"","overlay-opacity":"","overlay-gradient":""}},"ast-content-background-meta":{"desktop":{"background-color":"var(--ast-global-color-5)","background-image":"","background-repeat":"repeat","background-position":"center center","background-size":"auto","background-attachment":"scroll","background-type":"","background-media":"","overlay-type":"","overlay-color":"","overlay-opacity":"","overlay-gradient":""},"tablet":{"background-color":"var(--ast-global-color-5)","background-image":"","background-repeat":"repeat","background-position":"center center","background-size":"auto","background-attachment":"scroll","background-type":"","background-media":"","overlay-type":"","overlay-color":"","overlay-opacity":"","overlay-gradient":""},"mobile":{"background-color":"var(--ast-global-color-5)","background-image":"","background-repeat":"repeat","background-position":"center center","background-size":"auto","background-attachment":"scroll","background-type":"","background-media":"","overlay-type":"","overlay-color":"","overlay-opacity":"","overlay-gradient":""}},"footnotes":""},"categories":[],"tags":[],"class_list":["post-28570","page","type-page","status-publish","hentry"],"featured_image_urls_v2":{"full":"","thumbnail":"","medium":"","medium_large":"","large":"","1536x1536":"","2048x2048":"","menu-24x24":"","menu-36x36":"","menu-48x48":""},"post_excerpt_stackable_v2":"<p>dr Jacek Wo\u017any Department of Translation Studiesjacek.wozny@uwr.edu.pl dr Jacek Wo\u017any, assistant professorWWW: https:\/\/sites.google.com\/site\/wrocifa\/ Email: jacek.wozny@uwr.edu.pl Selected publications:Wo\u017any, J. and Cz. Jasiukiewicz, T. Paszkiewicz. 1989. &#8220;Crossover from Kinetic to Diffusive Behaviour for a Class of Generalized Models of the Lorentz Gas&#8221;. Physica A 158 (1989): 864Wo\u017any, J. 2010. &#8220;The prototype of the linguistic force Dynamics schema&#8221;. Anglica Wratislaviensia 48: 135-148Wo\u017any, J. 2011. &#8220;Mathematical proof of the principle of cognitive economy&#8221;. Cognition, Conduct And Communication. Dynel M. and J. Nijakowska (red.). \u0141\u00f3d\u017a : Premium Verbum: 71Wo\u017any, J. 2012. &#8220;Calculating the countability- a corpus based, mereological study of the count\/mass distinction of a&hellip;<\/p>\n","category_list_v2":"Uncategorized","author_info_v2":{"name":"ikubon","url":"https:\/\/ifa.uwr.edu.pl\/en\/author\/ikubon\/"},"comments_num_v2":"0 comments","acf":[],"yoast_head":"<!-- This site is optimized with the Yoast SEO plugin v27.1.1 - https:\/\/yoast.com\/product\/yoast-seo-wordpress\/ -->\n<title>dr Jacek Wo\u017any - Instytut Filologii Angielskiej<\/title>\n<meta name=\"description\" content=\"Instytut Filologii Angielskiej Uniwersytetu Wroc\u0142awskiego \u2013 jednostka dydaktyczno-naukowa nale\u017c\u0105ca do struktur Wydzia\u0142u Filologicznego Uniwersytetu Wroc\u0142awskiego.\" \/>\n<meta name=\"robots\" content=\"index, follow, max-snippet:-1, max-image-preview:large, max-video-preview:-1\" \/>\n<link rel=\"canonical\" href=\"https:\/\/ifa.uwr.edu.pl\/en\/staff\/dr-jacek-wozny\/\" \/>\n<meta property=\"og:locale\" content=\"en_US\" \/>\n<meta property=\"og:type\" content=\"article\" \/>\n<meta property=\"og:title\" content=\"dr Jacek Wo\u017any - Instytut Filologii Angielskiej\" \/>\n<meta property=\"og:description\" content=\"Instytut Filologii Angielskiej Uniwersytetu Wroc\u0142awskiego \u2013 jednostka dydaktyczno-naukowa nale\u017c\u0105ca do struktur Wydzia\u0142u Filologicznego Uniwersytetu Wroc\u0142awskiego.\" \/>\n<meta property=\"og:url\" content=\"https:\/\/ifa.uwr.edu.pl\/en\/staff\/dr-jacek-wozny\/\" \/>\n<meta property=\"og:site_name\" content=\"Instytut Filologii Angielskiej\" \/>\n<meta property=\"article:modified_time\" content=\"2025-04-15T10:38:18+00:00\" \/>\n<meta property=\"og:image\" content=\"https:\/\/ifa.uwr.edu.pl\/wp-content\/uploads\/sites\/18\/2025\/04\/mug.webp\" \/>\n<meta name=\"twitter:card\" content=\"summary_large_image\" \/>\n<meta name=\"twitter:label1\" content=\"Est. reading time\" \/>\n\t<meta name=\"twitter:data1\" content=\"5 minutes\" \/>\n<script type=\"application\/ld+json\" class=\"yoast-schema-graph\">{\"@context\":\"https:\/\/schema.org\",\"@graph\":[{\"@type\":\"WebPage\",\"@id\":\"https:\/\/ifa.uwr.edu.pl\/en\/staff\/dr-jacek-wozny\/\",\"url\":\"https:\/\/ifa.uwr.edu.pl\/en\/staff\/dr-jacek-wozny\/\",\"name\":\"dr Jacek Wo\u017any - Instytut Filologii Angielskiej\",\"isPartOf\":{\"@id\":\"https:\/\/ifa.uwr.edu.pl\/#website\"},\"primaryImageOfPage\":{\"@id\":\"https:\/\/ifa.uwr.edu.pl\/en\/staff\/dr-jacek-wozny\/#primaryimage\"},\"image\":{\"@id\":\"https:\/\/ifa.uwr.edu.pl\/en\/staff\/dr-jacek-wozny\/#primaryimage\"},\"thumbnailUrl\":\"https:\/\/ifa.uwr.edu.pl\/wp-content\/uploads\/sites\/18\/2025\/04\/mug.webp\",\"datePublished\":\"2025-04-15T10:36:11+00:00\",\"dateModified\":\"2025-04-15T10:38:18+00:00\",\"description\":\"Instytut Filologii Angielskiej Uniwersytetu Wroc\u0142awskiego \u2013 jednostka dydaktyczno-naukowa nale\u017c\u0105ca do struktur Wydzia\u0142u Filologicznego Uniwersytetu Wroc\u0142awskiego.\",\"breadcrumb\":{\"@id\":\"https:\/\/ifa.uwr.edu.pl\/en\/staff\/dr-jacek-wozny\/#breadcrumb\"},\"inLanguage\":\"en-US\",\"potentialAction\":[{\"@type\":\"ReadAction\",\"target\":[\"https:\/\/ifa.uwr.edu.pl\/en\/staff\/dr-jacek-wozny\/\"]}]},{\"@type\":\"ImageObject\",\"inLanguage\":\"en-US\",\"@id\":\"https:\/\/ifa.uwr.edu.pl\/en\/staff\/dr-jacek-wozny\/#primaryimage\",\"url\":\"https:\/\/ifa.uwr.edu.pl\/wp-content\/uploads\/sites\/18\/2025\/04\/mug.webp\",\"contentUrl\":\"https:\/\/ifa.uwr.edu.pl\/wp-content\/uploads\/sites\/18\/2025\/04\/mug.webp\"},{\"@type\":\"BreadcrumbList\",\"@id\":\"https:\/\/ifa.uwr.edu.pl\/en\/staff\/dr-jacek-wozny\/#breadcrumb\",\"itemListElement\":[{\"@type\":\"ListItem\",\"position\":1,\"name\":\"Strona g\u0142\u00f3wna\",\"item\":\"https:\/\/ifa.uwr.edu.pl\/en\/\"},{\"@type\":\"ListItem\",\"position\":2,\"name\":\"Staff\",\"item\":\"https:\/\/ifa.uwr.edu.pl\/en\/staff\/\"},{\"@type\":\"ListItem\",\"position\":3,\"name\":\"dr Jacek Wo\u017any\"}]},{\"@type\":\"WebSite\",\"@id\":\"https:\/\/ifa.uwr.edu.pl\/#website\",\"url\":\"https:\/\/ifa.uwr.edu.pl\/\",\"name\":\"Instytut Filologii Angielskiej\",\"description\":\"Instytut Filologii Angielskiej\",\"publisher\":{\"@id\":\"https:\/\/ifa.uwr.edu.pl\/#organization\"},\"potentialAction\":[{\"@type\":\"SearchAction\",\"target\":{\"@type\":\"EntryPoint\",\"urlTemplate\":\"https:\/\/ifa.uwr.edu.pl\/?s={search_term_string}\"},\"query-input\":{\"@type\":\"PropertyValueSpecification\",\"valueRequired\":true,\"valueName\":\"search_term_string\"}}],\"inLanguage\":\"en-US\"},{\"@type\":\"Organization\",\"@id\":\"https:\/\/ifa.uwr.edu.pl\/#organization\",\"name\":\"Instytut Filologii Angielskiej\",\"url\":\"https:\/\/ifa.uwr.edu.pl\/\",\"logo\":{\"@type\":\"ImageObject\",\"inLanguage\":\"en-US\",\"@id\":\"https:\/\/ifa.uwr.edu.pl\/#\/schema\/logo\/image\/\",\"url\":\"https:\/\/ifa.uwr.edu.pl\/wp-content\/uploads\/sites\/18\/2025\/10\/cropped-UWr-logotyp-2025.png\",\"contentUrl\":\"https:\/\/ifa.uwr.edu.pl\/wp-content\/uploads\/sites\/18\/2025\/10\/cropped-UWr-logotyp-2025.png\",\"width\":764,\"height\":269,\"caption\":\"Instytut Filologii Angielskiej\"},\"image\":{\"@id\":\"https:\/\/ifa.uwr.edu.pl\/#\/schema\/logo\/image\/\"}}]}<\/script>\n<!-- \/ Yoast SEO plugin. -->","yoast_head_json":{"title":"dr Jacek Wo\u017any - Instytut Filologii Angielskiej","description":"Instytut Filologii Angielskiej Uniwersytetu Wroc\u0142awskiego \u2013 jednostka dydaktyczno-naukowa nale\u017c\u0105ca do struktur Wydzia\u0142u Filologicznego Uniwersytetu Wroc\u0142awskiego.","robots":{"index":"index","follow":"follow","max-snippet":"max-snippet:-1","max-image-preview":"max-image-preview:large","max-video-preview":"max-video-preview:-1"},"canonical":"https:\/\/ifa.uwr.edu.pl\/en\/staff\/dr-jacek-wozny\/","og_locale":"en_US","og_type":"article","og_title":"dr Jacek Wo\u017any - Instytut Filologii Angielskiej","og_description":"Instytut Filologii Angielskiej Uniwersytetu Wroc\u0142awskiego \u2013 jednostka dydaktyczno-naukowa nale\u017c\u0105ca do struktur Wydzia\u0142u Filologicznego Uniwersytetu Wroc\u0142awskiego.","og_url":"https:\/\/ifa.uwr.edu.pl\/en\/staff\/dr-jacek-wozny\/","og_site_name":"Instytut Filologii Angielskiej","article_modified_time":"2025-04-15T10:38:18+00:00","og_image":[{"url":"https:\/\/ifa.uwr.edu.pl\/wp-content\/uploads\/sites\/18\/2025\/04\/mug.webp","type":"","width":"","height":""}],"twitter_card":"summary_large_image","twitter_misc":{"Est. reading time":"5 minutes"},"schema":{"@context":"https:\/\/schema.org","@graph":[{"@type":"WebPage","@id":"https:\/\/ifa.uwr.edu.pl\/en\/staff\/dr-jacek-wozny\/","url":"https:\/\/ifa.uwr.edu.pl\/en\/staff\/dr-jacek-wozny\/","name":"dr Jacek Wo\u017any - Instytut Filologii Angielskiej","isPartOf":{"@id":"https:\/\/ifa.uwr.edu.pl\/#website"},"primaryImageOfPage":{"@id":"https:\/\/ifa.uwr.edu.pl\/en\/staff\/dr-jacek-wozny\/#primaryimage"},"image":{"@id":"https:\/\/ifa.uwr.edu.pl\/en\/staff\/dr-jacek-wozny\/#primaryimage"},"thumbnailUrl":"https:\/\/ifa.uwr.edu.pl\/wp-content\/uploads\/sites\/18\/2025\/04\/mug.webp","datePublished":"2025-04-15T10:36:11+00:00","dateModified":"2025-04-15T10:38:18+00:00","description":"Instytut Filologii Angielskiej Uniwersytetu Wroc\u0142awskiego \u2013 jednostka dydaktyczno-naukowa nale\u017c\u0105ca do struktur Wydzia\u0142u Filologicznego Uniwersytetu Wroc\u0142awskiego.","breadcrumb":{"@id":"https:\/\/ifa.uwr.edu.pl\/en\/staff\/dr-jacek-wozny\/#breadcrumb"},"inLanguage":"en-US","potentialAction":[{"@type":"ReadAction","target":["https:\/\/ifa.uwr.edu.pl\/en\/staff\/dr-jacek-wozny\/"]}]},{"@type":"ImageObject","inLanguage":"en-US","@id":"https:\/\/ifa.uwr.edu.pl\/en\/staff\/dr-jacek-wozny\/#primaryimage","url":"https:\/\/ifa.uwr.edu.pl\/wp-content\/uploads\/sites\/18\/2025\/04\/mug.webp","contentUrl":"https:\/\/ifa.uwr.edu.pl\/wp-content\/uploads\/sites\/18\/2025\/04\/mug.webp"},{"@type":"BreadcrumbList","@id":"https:\/\/ifa.uwr.edu.pl\/en\/staff\/dr-jacek-wozny\/#breadcrumb","itemListElement":[{"@type":"ListItem","position":1,"name":"Strona g\u0142\u00f3wna","item":"https:\/\/ifa.uwr.edu.pl\/en\/"},{"@type":"ListItem","position":2,"name":"Staff","item":"https:\/\/ifa.uwr.edu.pl\/en\/staff\/"},{"@type":"ListItem","position":3,"name":"dr Jacek Wo\u017any"}]},{"@type":"WebSite","@id":"https:\/\/ifa.uwr.edu.pl\/#website","url":"https:\/\/ifa.uwr.edu.pl\/","name":"Instytut Filologii Angielskiej","description":"Instytut Filologii Angielskiej","publisher":{"@id":"https:\/\/ifa.uwr.edu.pl\/#organization"},"potentialAction":[{"@type":"SearchAction","target":{"@type":"EntryPoint","urlTemplate":"https:\/\/ifa.uwr.edu.pl\/?s={search_term_string}"},"query-input":{"@type":"PropertyValueSpecification","valueRequired":true,"valueName":"search_term_string"}}],"inLanguage":"en-US"},{"@type":"Organization","@id":"https:\/\/ifa.uwr.edu.pl\/#organization","name":"Instytut Filologii Angielskiej","url":"https:\/\/ifa.uwr.edu.pl\/","logo":{"@type":"ImageObject","inLanguage":"en-US","@id":"https:\/\/ifa.uwr.edu.pl\/#\/schema\/logo\/image\/","url":"https:\/\/ifa.uwr.edu.pl\/wp-content\/uploads\/sites\/18\/2025\/10\/cropped-UWr-logotyp-2025.png","contentUrl":"https:\/\/ifa.uwr.edu.pl\/wp-content\/uploads\/sites\/18\/2025\/10\/cropped-UWr-logotyp-2025.png","width":764,"height":269,"caption":"Instytut Filologii Angielskiej"},"image":{"@id":"https:\/\/ifa.uwr.edu.pl\/#\/schema\/logo\/image\/"}}]}},"publishpress_future_action":{"enabled":false,"date":"2026-04-19 00:53:46","action":"change-status","newStatus":"draft","terms":[],"taxonomy":"category","extraData":[]},"publishpress_future_workflow_manual_trigger":{"enabledWorkflows":[]},"_links":{"self":[{"href":"https:\/\/ifa.uwr.edu.pl\/en\/wp-json\/wp\/v2\/pages\/28570\/"}],"collection":[{"href":"https:\/\/ifa.uwr.edu.pl\/en\/wp-json\/wp\/v2\/pages\/"}],"about":[{"href":"https:\/\/ifa.uwr.edu.pl\/en\/wp-json\/wp\/v2\/types\/page\/"}],"author":[{"embeddable":true,"href":"https:\/\/ifa.uwr.edu.pl\/en\/wp-json\/wp\/v2\/users\/57\/"}],"replies":[{"embeddable":true,"href":"https:\/\/ifa.uwr.edu.pl\/en\/wp-json\/wp\/v2\/comments\/?post=28570"}],"version-history":[{"count":2,"href":"https:\/\/ifa.uwr.edu.pl\/en\/wp-json\/wp\/v2\/pages\/28570\/revisions\/"}],"predecessor-version":[{"id":28582,"href":"https:\/\/ifa.uwr.edu.pl\/en\/wp-json\/wp\/v2\/pages\/28570\/revisions\/28582\/"}],"up":[{"embeddable":true,"href":"https:\/\/ifa.uwr.edu.pl\/en\/wp-json\/wp\/v2\/pages\/19530\/"}],"wp:attachment":[{"href":"https:\/\/ifa.uwr.edu.pl\/en\/wp-json\/wp\/v2\/media\/?parent=28570"}],"wp:term":[{"taxonomy":"category","embeddable":true,"href":"https:\/\/ifa.uwr.edu.pl\/en\/wp-json\/wp\/v2\/categories\/?post=28570"},{"taxonomy":"post_tag","embeddable":true,"href":"https:\/\/ifa.uwr.edu.pl\/en\/wp-json\/wp\/v2\/tags\/?post=28570"}],"curies":[{"name":"wp","href":"https:\/\/api.w.org\/{rel}","templated":true}]}}