{"id":28684,"date":"2025-04-23T09:41:07","date_gmt":"2025-04-23T07:41:07","guid":{"rendered":"https:\/\/ifa.uwr.edu.pl\/?page_id=28684"},"modified":"2025-04-23T09:43:23","modified_gmt":"2025-04-23T07:43:23","slug":"dr-marcin-tereszewski","status":"publish","type":"page","link":"https:\/\/ifa.uwr.edu.pl\/en\/staff\/dr-marcin-tereszewski\/","title":{"rendered":"dr Marcin Tereszewski"},"content":{"rendered":"\n<div class=\"wp-block-ugb-container ugb-container ugb-8dda971 ugb-container--v2 ugb-container--design-plain ugb-main-block\"><div class=\"ugb-inner-block\"><div class=\"ugb-block-content\"><div class=\"ugb-container__wrapper ugb-8dda971-wrapper\"><div class=\"ugb-container__side\"><div class=\"ugb-container__content-wrapper ugb-8dda971-content-wrapper\">\n<div class=\"wp-block-columns bs-news-page is-layout-flex wp-block-columns-is-layout-flex\">\n<div class=\"wp-block-column bs-kontakt-photo is-layout-flow wp-block-column-is-layout-flow\">\n<figure class=\"wp-block-image size-full\"><img loading=\"lazy\" decoding=\"async\" width=\"620\" height=\"932\" src=\"https:\/\/ifa.uwr.edu.pl\/wp-content\/uploads\/sites\/18\/2025\/04\/tereszewskimarcin_big-1.webp\" alt=\"MT\" class=\"wp-image-28711\" srcset=\"https:\/\/ifa.uwr.edu.pl\/wp-content\/uploads\/sites\/18\/2025\/04\/tereszewskimarcin_big-1.webp 620w, https:\/\/ifa.uwr.edu.pl\/wp-content\/uploads\/sites\/18\/2025\/04\/tereszewskimarcin_big-1-200x300.webp 200w, https:\/\/ifa.uwr.edu.pl\/wp-content\/uploads\/sites\/18\/2025\/04\/tereszewskimarcin_big-1-16x24.webp 16w, https:\/\/ifa.uwr.edu.pl\/wp-content\/uploads\/sites\/18\/2025\/04\/tereszewskimarcin_big-1-24x36.webp 24w, https:\/\/ifa.uwr.edu.pl\/wp-content\/uploads\/sites\/18\/2025\/04\/tereszewskimarcin_big-1-32x48.webp 32w\" sizes=\"auto, (max-width: 620px) 100vw, 620px\" \/><\/figure>\n<\/div>\n\n\n\n<div class=\"wp-block-column bs-contact-right-column is-layout-flow wp-block-column-is-layout-flow\">\n<div class=\"wp-block-bonasoft-modular-breadcrumbs-block\"><div class=\"bs_add_breadcrumb_trail\"><\/div><\/div>\n\n\n\n<hr class=\"wp-block-separator has-text-color has-black-color has-css-opacity has-black-background-color has-background is-style-wide bs-border-kontakt\"\/>\n\n\n\n<h1 class=\"wp-block-heading bs-naglowek-podstrony\" id=\"prof-dr-hab-anna-michonska-stadnik\"><strong><strong>dr Marcin Tereszewski<\/strong><\/strong><\/h1>\n\n\n\n<p>Department of English Literature and Comparative Studies<br><a href=\"mailto:marcin.tereszewski@uwr.edu.pl\">marcin.tereszewski@uwr.edu.pl<\/a><\/p>\n<\/div>\n<\/div>\n\n\n\n<div class=\"wp-block-ugb-container ugb-container bs-news-page-under ugb-f8694ce ugb-container--v2 ugb-container--design-plain ugb-main-block\"><div class=\"ugb-inner-block\"><div class=\"ugb-block-content\"><div class=\"ugb-container__wrapper ugb-f8694ce-wrapper\"><div class=\"ugb-container__side\"><div class=\"ugb-container__content-wrapper ugb-f8694ce-content-wrapper\">\n<p><strong>Marcin Tereszewski<\/strong> is an assistant professor in the Department of English Literature and Comparative Studies, where he teaches courses in English literature and British culture. He obtained his PhD in 2010 with a dissertation examining the role of silence and emptiness in the works of Samuel Beckett, written under the supervision of Professor Ewa K\u0119b\u0142owska-\u0141awniczak.<\/p>\n\n\n\n<p>His current research interests include psychogeography and dystopian literature, with a particular focus on the work of J.G. Ballard.<\/p>\n\n\n\n<p>Since September 2024, he has served as Deputy Director for External Relations at the Institute of English Studies. He is also a board member of the Polish Association for the Study of English (PASE).<\/p>\n\n\n\n<p><strong>Books:<\/strong><\/p>\n\n\n\n<p><em>The Aesthetics of Failure: Inexpressibility in Samuel Beckett\u2019s Fiction. <\/em>Cambridge Scholars Publishing, 2014.<\/p>\n\n\n\n<p><strong>Edited volumes:<\/strong><\/p>\n\n\n\n<p><em>Literary and Cultural Representations of the Hinterlands<\/em>, red. Ewa K\u0119b\u0142owska-\u0141awniczak, Dominika Ferens, Katarzyna Nowak-McNeice, Marcin Tereszewski. New York: Routledge, 2024.<\/p>\n\n\n\n<p><em>Production of Emotions: Perspectives and Functions<\/em>, red. Teresa Bru\u015b and Marcin Tereszewski. Peter Lang Publishing, 2016.<\/p>\n\n\n\n<p><strong>Articles in journals:<\/strong><\/p>\n\n\n\n<p>Tereszewski, Marcin. 2024. \u201c&#8217;A random assembly of geometric forms&#8217;: Thing Theory in J.G. Ballard&#8217;s and Ray Bradbury&#8217;s short stories\u201d. <em>Orbis Litterarum<\/em> 79(1): 1-9.<strong><\/strong><\/p>\n\n\n\n<p>Tereszewski, Marcin. 2021. \u201cThe Poet of Decay and Psychic Entropy: The Intersection of Surrealism and Science in J. G. Ballard\u2019s Fiction\u201d<em> Academic Journal of Modern Philology<\/em><em>.<\/em><\/p>\n\n\n\n<p>Tereszewski, Marcin. 2020. \u201cDystopian Space in E.M. Forster\u2019s \u2018The Machine Stops\u2019\u201d w: Language and Literary Studies of Warsaw. <em>Rocznik Naukowy Lingwistycznej Szko\u0142y Wy\u017cszej w Warszawie<\/em><em> <\/em>10: 225-281.<\/p>\n\n\n\n<p>Tereszewski, Marcin. 2020. \u201cPiecing Together J. G. Ballard&#8217;s &#8220;The Atrocity Exhibition&#8221;. <em>Lublin Studies in Modern Languages and Literature<\/em> 44 (2): 75-82<\/p>\n\n\n\n<p>Tereszewski, Marcin. 2020. \u201cIllusion and Compensation: Heterotopic Aspects of Gated Communities in J. G. Ballard\u2019s Fiction\u201d. <em>Anglica Wratislaviensia LVIII<\/em>.&nbsp;<\/p>\n\n\n\n<p>Tereszewski, Marcin. 2019. &#8220;Space and Identity in J. G. Ballard\u2019s Urban Disaster Fiction\u201d. <em>Polish Journal of English Studies<\/em> 5(1): 7-17.&nbsp;<\/p>\n\n\n\n<p>Tereszewski, Marcin. 2019. \u201cThe Confines of Subjectivity: Spaces of Resistance in George Orwell\u2019s Nineteen Eighty-Four\u201d. <em>Nordic Journal of English Studies <\/em>18(1): 54-71.<\/p>\n\n\n\n<p>Tereszewski, Marcin. 2019. \u201cLiminal Space in J.G. Ballard\u2019s Concrete Island\u201d. <em>Text Matters<\/em> 9: 345-355.<\/p>\n\n\n\n<p>Tereszewski, Marcin. 2017.\u201cReconciling Your Self: Individuation and Ontological Ambiguity in J.G. Ballard\u2019s The Empire of the Sun and The Drowned World\u201d <em>Brno Studies in English<\/em> 43(2).<\/p>\n\n\n\n<p>Tereszewski, Marcin. 2015. \u201cThe Neutral Voice of the Subject: Samuel Beckett and Maurice Blanchot\u201d. <em>Polish Journal of English Studies<\/em> 1: 45-56.<\/p>\n\n\n\n<p>Tereszewski, Marcin. 2014. \u201cIn-Between Wor(l)ds: Spectrality in Banville\u2019s <em>Eclipse<\/em> and Beckett\u2019s Fiction.\u201d In <em>Anglica Wratislaviensia<\/em> LII.<\/p>\n\n\n\n<p>Tereszewski, Marcin. 2011. \u201cThe Ethics of Alterity in Samuel Beckett\u2019s <em>How It Is.\u201d<\/em> <em>Anglica Wratislaviensia XLIX<\/em>.<\/p>\n\n\n\n<p>Tereszewski, Marcin. 2008. \u201cTowards the Inexpressible Nothing in Beckett\u2019s <em>Texts for Nothing<\/em>\u201d. <em>Anglica<\/em> <em>Wratislaviensia<\/em> <em>XLVI<\/em>.<\/p>\n\n\n\n<p>Tereszewski, Marcin. 2003. \u201cThe Apophatic Speech in Beckett and Derrida\u201d <em>Anglica Wratislaviensnia XLI<\/em>.<\/p>\n\n\n\n<p><strong>Chapters in edited volumes:<\/strong><\/p>\n\n\n\n<p>Tereszewski, Marcin. \u201cThe ethical call from the hinterlands: Conceptualizing waste in J. G. Ballard&#8217;s High-Rise and Concrete Island\u201d. <em>Literary and Cultural Representations of the Hinterlands<\/em>, eds. E. K\u0119b\u0142owska-\u0141awniczak, D. Ferens, K. Nowak-McNeice, M. Tereszewski. New York: Routledge: 2024: 111-123.<\/p>\n\n\n\n<p>Tereszewski, Marcin. \u201cThe Architectural Fragment: Ruins and Totality in J. G. Ballard\u2019s Fiction\u201d. <em>The Poetics of Fragmentation in Contemporary British and American Fiction, <\/em>eds. Vanessa Guignery and Wojciech Dr\u0105g. Vernon Press, 2019.<\/p>\n\n\n\n<p>Tereszewski, Marcin. \u201cTransgression and Death: New Wave Science Fiction\u2019s Debt to the Gothic Tradition<em>\u201d. <\/em><em>Disease, Death, Decay<\/em>, eds. Ryszard W. Wolny and Katarzyna Molek-Kozakowska) Uniwersytet Opolski, 2018.<\/p>\n\n\n\n<p>Tereszewski, Marcin. \u201cModern Wastelands: The Psychogeographical Dystopia of J.G. Ballard\u2019s High-Rise\u201d. <em>More After More: Essays Commemorating the Five-Hundredth Anniversary of Thomas More\u2019s Utopia<\/em>, eds. Ksenia Olkusz, Micha\u0142 K\u0142osi\u0144ski, Krzysztof M. Maj, Facta Ficta Research Centre, Krak\u00f3w, 2016: 280- 292.<\/p>\n\n\n\n<p>Tereszewski, Marcin. \u201cThe Death of Affect: Embracing Capitalist Alienation in J.G. Ballard\u2019s Fiction.\u201d In <em>Production of Emotions: Perspectives and Functions<\/em>, eds. Teresa Bru\u015b and Marcin Tereszewski. Peter Lang Publishing, 2016.<\/p>\n\n\n\n<p>Tereszewski, Marcin. \u201cVoice without a Source: The Question of Inexpressibility and Origin in Samuel Beckett\u2019s Work.\u201d PASE. Wroc\u0142aw, 2008.<\/p>\n\n\n\n<p>Tereszewski, Marcin. \u201cLimits of Writing: Maurice Blanchot and Samuel Beckett.\u201d In <em>Literature and\/in Culture<\/em>, eds. S\u0142awomir W\u0105cior and Grzegorz Maziarczyk. Lublin: Towarzystwo Naukowe KUL, 2008.<\/p>\n\n\n\n<p>Tereszewski, Marcin. \u201cThe Eye of the Other: Visuality in <em>Ill Seen Ill Said.<\/em>\u201d In <em>Drama of the Mind<\/em>, eds. Krystyna Stamirowska and Katarzyna Bazarnik. Jagiellonian University Press, 2006.<\/p>\n<\/div><\/div><\/div><\/div><\/div><\/div>\n<\/div><\/div><\/div><\/div><\/div><\/div>\n","protected":false},"excerpt":{"rendered":"<p>dr Marcin Tereszewski Department of English Literature and Comparative Studiesmarcin.tereszewski@uwr.edu.pl Marcin Tereszewski is an assistant professor in the Department of English Literature and Comparative Studies, where he teaches courses in English literature and British culture. He obtained his PhD in 2010 with a dissertation examining the role of silence and emptiness in the works of [&hellip;]<\/p>\n","protected":false},"author":57,"featured_media":0,"parent":19530,"menu_order":0,"comment_status":"closed","ping_status":"closed","template":"","meta":{"_acf_changed":false,"inline_featured_image":false,"site-sidebar-layout":"","site-content-layout":"","ast-site-content-layout":"default","site-content-style":"default","site-sidebar-style":"default","ast-global-header-display":"","ast-banner-title-visibility":"","ast-main-header-display":"","ast-hfb-above-header-display":"","ast-hfb-below-header-display":"","ast-hfb-mobile-header-display":"","site-post-title":"","ast-breadcrumbs-content":"","ast-featured-img":"","footer-sml-layout":"","ast-disable-related-posts":"","theme-transparent-header-meta":"","adv-header-id-meta":"","stick-header-meta":"","header-above-stick-meta":"","header-main-stick-meta":"","header-below-stick-meta":"","astra-migrate-meta-layouts":"set","ast-page-background-enabled":"default","ast-page-background-meta":{"desktop":{"background-color":"","background-image":"","background-repeat":"repeat","background-position":"center center","background-size":"auto","background-attachment":"scroll","background-type":"","background-media":"","overlay-type":"","overlay-color":"","overlay-opacity":"","overlay-gradient":""},"tablet":{"background-color":"","background-image":"","background-repeat":"repeat","background-position":"center center","background-size":"auto","background-attachment":"scroll","background-type":"","background-media":"","overlay-type":"","overlay-color":"","overlay-opacity":"","overlay-gradient":""},"mobile":{"background-color":"","background-image":"","background-repeat":"repeat","background-position":"center center","background-size":"auto","background-attachment":"scroll","background-type":"","background-media":"","overlay-type":"","overlay-color":"","overlay-opacity":"","overlay-gradient":""}},"ast-content-background-meta":{"desktop":{"background-color":"var(--ast-global-color-5)","background-image":"","background-repeat":"repeat","background-position":"center center","background-size":"auto","background-attachment":"scroll","background-type":"","background-media":"","overlay-type":"","overlay-color":"","overlay-opacity":"","overlay-gradient":""},"tablet":{"background-color":"var(--ast-global-color-5)","background-image":"","background-repeat":"repeat","background-position":"center center","background-size":"auto","background-attachment":"scroll","background-type":"","background-media":"","overlay-type":"","overlay-color":"","overlay-opacity":"","overlay-gradient":""},"mobile":{"background-color":"var(--ast-global-color-5)","background-image":"","background-repeat":"repeat","background-position":"center center","background-size":"auto","background-attachment":"scroll","background-type":"","background-media":"","overlay-type":"","overlay-color":"","overlay-opacity":"","overlay-gradient":""}},"footnotes":""},"categories":[],"tags":[],"class_list":["post-28684","page","type-page","status-publish","hentry"],"featured_image_urls_v2":{"full":"","thumbnail":"","medium":"","medium_large":"","large":"","1536x1536":"","2048x2048":"","menu-24x24":"","menu-36x36":"","menu-48x48":""},"post_excerpt_stackable_v2":"<p>dr Marcin Tereszewski Department of English Literature and Comparative Studiesmarcin.tereszewski@uwr.edu.pl Marcin Tereszewski is an assistant professor in the Department of English Literature and Comparative Studies, where he teaches courses in English literature and British culture. He obtained his PhD in 2010 with a dissertation examining the role of silence and emptiness in the works of Samuel Beckett, written under the supervision of Professor Ewa K\u0119b\u0142owska-\u0141awniczak. His current research interests include psychogeography and dystopian literature, with a particular focus on the work of J.G. Ballard. Since September 2024, he has served as Deputy Director for External Relations at the Institute of&hellip;<\/p>\n","category_list_v2":"Uncategorized","author_info_v2":{"name":"ikubon","url":"https:\/\/ifa.uwr.edu.pl\/en\/author\/ikubon\/"},"comments_num_v2":"0 comments","acf":[],"yoast_head":"<!-- This site is optimized with the Yoast SEO plugin v27.1.1 - https:\/\/yoast.com\/product\/yoast-seo-wordpress\/ -->\n<title>dr Marcin Tereszewski - Instytut Filologii Angielskiej<\/title>\n<meta name=\"description\" content=\"Instytut Filologii Angielskiej Uniwersytetu Wroc\u0142awskiego \u2013 jednostka dydaktyczno-naukowa nale\u017c\u0105ca do struktur Wydzia\u0142u Filologicznego Uniwersytetu Wroc\u0142awskiego.\" \/>\n<meta name=\"robots\" content=\"index, follow, max-snippet:-1, max-image-preview:large, max-video-preview:-1\" \/>\n<link rel=\"canonical\" href=\"https:\/\/ifa.uwr.edu.pl\/en\/staff\/dr-marcin-tereszewski\/\" \/>\n<meta property=\"og:locale\" content=\"en_US\" \/>\n<meta property=\"og:type\" content=\"article\" \/>\n<meta property=\"og:title\" content=\"dr Marcin Tereszewski - Instytut Filologii Angielskiej\" \/>\n<meta property=\"og:description\" content=\"Instytut Filologii Angielskiej Uniwersytetu Wroc\u0142awskiego \u2013 jednostka dydaktyczno-naukowa nale\u017c\u0105ca do struktur Wydzia\u0142u Filologicznego Uniwersytetu Wroc\u0142awskiego.\" \/>\n<meta property=\"og:url\" content=\"https:\/\/ifa.uwr.edu.pl\/en\/staff\/dr-marcin-tereszewski\/\" \/>\n<meta property=\"og:site_name\" content=\"Instytut Filologii Angielskiej\" \/>\n<meta property=\"article:modified_time\" content=\"2025-04-23T07:43:23+00:00\" \/>\n<meta property=\"og:image\" content=\"https:\/\/ifa.uwr.edu.pl\/wp-content\/uploads\/sites\/18\/2025\/04\/tereszewskimarcin_big-1.webp\" \/>\n<meta name=\"twitter:card\" content=\"summary_large_image\" \/>\n<meta name=\"twitter:label1\" content=\"Est. reading time\" \/>\n\t<meta name=\"twitter:data1\" content=\"5 minutes\" \/>\n<script type=\"application\/ld+json\" class=\"yoast-schema-graph\">{\"@context\":\"https:\/\/schema.org\",\"@graph\":[{\"@type\":\"WebPage\",\"@id\":\"https:\/\/ifa.uwr.edu.pl\/en\/staff\/dr-marcin-tereszewski\/\",\"url\":\"https:\/\/ifa.uwr.edu.pl\/en\/staff\/dr-marcin-tereszewski\/\",\"name\":\"dr Marcin Tereszewski - Instytut Filologii Angielskiej\",\"isPartOf\":{\"@id\":\"https:\/\/ifa.uwr.edu.pl\/#website\"},\"primaryImageOfPage\":{\"@id\":\"https:\/\/ifa.uwr.edu.pl\/en\/staff\/dr-marcin-tereszewski\/#primaryimage\"},\"image\":{\"@id\":\"https:\/\/ifa.uwr.edu.pl\/en\/staff\/dr-marcin-tereszewski\/#primaryimage\"},\"thumbnailUrl\":\"https:\/\/ifa.uwr.edu.pl\/wp-content\/uploads\/sites\/18\/2025\/04\/tereszewskimarcin_big-1.webp\",\"datePublished\":\"2025-04-23T07:41:07+00:00\",\"dateModified\":\"2025-04-23T07:43:23+00:00\",\"description\":\"Instytut Filologii Angielskiej Uniwersytetu Wroc\u0142awskiego \u2013 jednostka dydaktyczno-naukowa nale\u017c\u0105ca do struktur Wydzia\u0142u Filologicznego Uniwersytetu Wroc\u0142awskiego.\",\"breadcrumb\":{\"@id\":\"https:\/\/ifa.uwr.edu.pl\/en\/staff\/dr-marcin-tereszewski\/#breadcrumb\"},\"inLanguage\":\"en-US\",\"potentialAction\":[{\"@type\":\"ReadAction\",\"target\":[\"https:\/\/ifa.uwr.edu.pl\/en\/staff\/dr-marcin-tereszewski\/\"]}]},{\"@type\":\"ImageObject\",\"inLanguage\":\"en-US\",\"@id\":\"https:\/\/ifa.uwr.edu.pl\/en\/staff\/dr-marcin-tereszewski\/#primaryimage\",\"url\":\"https:\/\/ifa.uwr.edu.pl\/wp-content\/uploads\/sites\/18\/2025\/04\/tereszewskimarcin_big-1.webp\",\"contentUrl\":\"https:\/\/ifa.uwr.edu.pl\/wp-content\/uploads\/sites\/18\/2025\/04\/tereszewskimarcin_big-1.webp\"},{\"@type\":\"BreadcrumbList\",\"@id\":\"https:\/\/ifa.uwr.edu.pl\/en\/staff\/dr-marcin-tereszewski\/#breadcrumb\",\"itemListElement\":[{\"@type\":\"ListItem\",\"position\":1,\"name\":\"Strona g\u0142\u00f3wna\",\"item\":\"https:\/\/ifa.uwr.edu.pl\/en\/\"},{\"@type\":\"ListItem\",\"position\":2,\"name\":\"Staff\",\"item\":\"https:\/\/ifa.uwr.edu.pl\/en\/staff\/\"},{\"@type\":\"ListItem\",\"position\":3,\"name\":\"dr Marcin Tereszewski\"}]},{\"@type\":\"WebSite\",\"@id\":\"https:\/\/ifa.uwr.edu.pl\/#website\",\"url\":\"https:\/\/ifa.uwr.edu.pl\/\",\"name\":\"Instytut Filologii Angielskiej\",\"description\":\"Instytut Filologii Angielskiej\",\"publisher\":{\"@id\":\"https:\/\/ifa.uwr.edu.pl\/#organization\"},\"potentialAction\":[{\"@type\":\"SearchAction\",\"target\":{\"@type\":\"EntryPoint\",\"urlTemplate\":\"https:\/\/ifa.uwr.edu.pl\/?s={search_term_string}\"},\"query-input\":{\"@type\":\"PropertyValueSpecification\",\"valueRequired\":true,\"valueName\":\"search_term_string\"}}],\"inLanguage\":\"en-US\"},{\"@type\":\"Organization\",\"@id\":\"https:\/\/ifa.uwr.edu.pl\/#organization\",\"name\":\"Instytut Filologii Angielskiej\",\"url\":\"https:\/\/ifa.uwr.edu.pl\/\",\"logo\":{\"@type\":\"ImageObject\",\"inLanguage\":\"en-US\",\"@id\":\"https:\/\/ifa.uwr.edu.pl\/#\/schema\/logo\/image\/\",\"url\":\"https:\/\/ifa.uwr.edu.pl\/wp-content\/uploads\/sites\/18\/2025\/10\/cropped-UWr-logotyp-2025.png\",\"contentUrl\":\"https:\/\/ifa.uwr.edu.pl\/wp-content\/uploads\/sites\/18\/2025\/10\/cropped-UWr-logotyp-2025.png\",\"width\":764,\"height\":269,\"caption\":\"Instytut Filologii Angielskiej\"},\"image\":{\"@id\":\"https:\/\/ifa.uwr.edu.pl\/#\/schema\/logo\/image\/\"}}]}<\/script>\n<!-- \/ Yoast SEO plugin. -->","yoast_head_json":{"title":"dr Marcin Tereszewski - Instytut Filologii Angielskiej","description":"Instytut Filologii Angielskiej Uniwersytetu Wroc\u0142awskiego \u2013 jednostka dydaktyczno-naukowa nale\u017c\u0105ca do struktur Wydzia\u0142u Filologicznego Uniwersytetu Wroc\u0142awskiego.","robots":{"index":"index","follow":"follow","max-snippet":"max-snippet:-1","max-image-preview":"max-image-preview:large","max-video-preview":"max-video-preview:-1"},"canonical":"https:\/\/ifa.uwr.edu.pl\/en\/staff\/dr-marcin-tereszewski\/","og_locale":"en_US","og_type":"article","og_title":"dr Marcin Tereszewski - Instytut Filologii Angielskiej","og_description":"Instytut Filologii Angielskiej Uniwersytetu Wroc\u0142awskiego \u2013 jednostka dydaktyczno-naukowa nale\u017c\u0105ca do struktur Wydzia\u0142u Filologicznego Uniwersytetu Wroc\u0142awskiego.","og_url":"https:\/\/ifa.uwr.edu.pl\/en\/staff\/dr-marcin-tereszewski\/","og_site_name":"Instytut Filologii Angielskiej","article_modified_time":"2025-04-23T07:43:23+00:00","og_image":[{"url":"https:\/\/ifa.uwr.edu.pl\/wp-content\/uploads\/sites\/18\/2025\/04\/tereszewskimarcin_big-1.webp","type":"","width":"","height":""}],"twitter_card":"summary_large_image","twitter_misc":{"Est. reading time":"5 minutes"},"schema":{"@context":"https:\/\/schema.org","@graph":[{"@type":"WebPage","@id":"https:\/\/ifa.uwr.edu.pl\/en\/staff\/dr-marcin-tereszewski\/","url":"https:\/\/ifa.uwr.edu.pl\/en\/staff\/dr-marcin-tereszewski\/","name":"dr Marcin Tereszewski - Instytut Filologii Angielskiej","isPartOf":{"@id":"https:\/\/ifa.uwr.edu.pl\/#website"},"primaryImageOfPage":{"@id":"https:\/\/ifa.uwr.edu.pl\/en\/staff\/dr-marcin-tereszewski\/#primaryimage"},"image":{"@id":"https:\/\/ifa.uwr.edu.pl\/en\/staff\/dr-marcin-tereszewski\/#primaryimage"},"thumbnailUrl":"https:\/\/ifa.uwr.edu.pl\/wp-content\/uploads\/sites\/18\/2025\/04\/tereszewskimarcin_big-1.webp","datePublished":"2025-04-23T07:41:07+00:00","dateModified":"2025-04-23T07:43:23+00:00","description":"Instytut Filologii Angielskiej Uniwersytetu Wroc\u0142awskiego \u2013 jednostka dydaktyczno-naukowa nale\u017c\u0105ca do struktur Wydzia\u0142u Filologicznego Uniwersytetu Wroc\u0142awskiego.","breadcrumb":{"@id":"https:\/\/ifa.uwr.edu.pl\/en\/staff\/dr-marcin-tereszewski\/#breadcrumb"},"inLanguage":"en-US","potentialAction":[{"@type":"ReadAction","target":["https:\/\/ifa.uwr.edu.pl\/en\/staff\/dr-marcin-tereszewski\/"]}]},{"@type":"ImageObject","inLanguage":"en-US","@id":"https:\/\/ifa.uwr.edu.pl\/en\/staff\/dr-marcin-tereszewski\/#primaryimage","url":"https:\/\/ifa.uwr.edu.pl\/wp-content\/uploads\/sites\/18\/2025\/04\/tereszewskimarcin_big-1.webp","contentUrl":"https:\/\/ifa.uwr.edu.pl\/wp-content\/uploads\/sites\/18\/2025\/04\/tereszewskimarcin_big-1.webp"},{"@type":"BreadcrumbList","@id":"https:\/\/ifa.uwr.edu.pl\/en\/staff\/dr-marcin-tereszewski\/#breadcrumb","itemListElement":[{"@type":"ListItem","position":1,"name":"Strona g\u0142\u00f3wna","item":"https:\/\/ifa.uwr.edu.pl\/en\/"},{"@type":"ListItem","position":2,"name":"Staff","item":"https:\/\/ifa.uwr.edu.pl\/en\/staff\/"},{"@type":"ListItem","position":3,"name":"dr Marcin Tereszewski"}]},{"@type":"WebSite","@id":"https:\/\/ifa.uwr.edu.pl\/#website","url":"https:\/\/ifa.uwr.edu.pl\/","name":"Instytut Filologii Angielskiej","description":"Instytut Filologii Angielskiej","publisher":{"@id":"https:\/\/ifa.uwr.edu.pl\/#organization"},"potentialAction":[{"@type":"SearchAction","target":{"@type":"EntryPoint","urlTemplate":"https:\/\/ifa.uwr.edu.pl\/?s={search_term_string}"},"query-input":{"@type":"PropertyValueSpecification","valueRequired":true,"valueName":"search_term_string"}}],"inLanguage":"en-US"},{"@type":"Organization","@id":"https:\/\/ifa.uwr.edu.pl\/#organization","name":"Instytut Filologii Angielskiej","url":"https:\/\/ifa.uwr.edu.pl\/","logo":{"@type":"ImageObject","inLanguage":"en-US","@id":"https:\/\/ifa.uwr.edu.pl\/#\/schema\/logo\/image\/","url":"https:\/\/ifa.uwr.edu.pl\/wp-content\/uploads\/sites\/18\/2025\/10\/cropped-UWr-logotyp-2025.png","contentUrl":"https:\/\/ifa.uwr.edu.pl\/wp-content\/uploads\/sites\/18\/2025\/10\/cropped-UWr-logotyp-2025.png","width":764,"height":269,"caption":"Instytut Filologii Angielskiej"},"image":{"@id":"https:\/\/ifa.uwr.edu.pl\/#\/schema\/logo\/image\/"}}]}},"publishpress_future_action":{"enabled":false,"date":"2026-04-18 21:31:56","action":"change-status","newStatus":"draft","terms":[],"taxonomy":"category","extraData":[]},"publishpress_future_workflow_manual_trigger":{"enabledWorkflows":[]},"_links":{"self":[{"href":"https:\/\/ifa.uwr.edu.pl\/en\/wp-json\/wp\/v2\/pages\/28684\/"}],"collection":[{"href":"https:\/\/ifa.uwr.edu.pl\/en\/wp-json\/wp\/v2\/pages\/"}],"about":[{"href":"https:\/\/ifa.uwr.edu.pl\/en\/wp-json\/wp\/v2\/types\/page\/"}],"author":[{"embeddable":true,"href":"https:\/\/ifa.uwr.edu.pl\/en\/wp-json\/wp\/v2\/users\/57\/"}],"replies":[{"embeddable":true,"href":"https:\/\/ifa.uwr.edu.pl\/en\/wp-json\/wp\/v2\/comments\/?post=28684"}],"version-history":[{"count":3,"href":"https:\/\/ifa.uwr.edu.pl\/en\/wp-json\/wp\/v2\/pages\/28684\/revisions\/"}],"predecessor-version":[{"id":28729,"href":"https:\/\/ifa.uwr.edu.pl\/en\/wp-json\/wp\/v2\/pages\/28684\/revisions\/28729\/"}],"up":[{"embeddable":true,"href":"https:\/\/ifa.uwr.edu.pl\/en\/wp-json\/wp\/v2\/pages\/19530\/"}],"wp:attachment":[{"href":"https:\/\/ifa.uwr.edu.pl\/en\/wp-json\/wp\/v2\/media\/?parent=28684"}],"wp:term":[{"taxonomy":"category","embeddable":true,"href":"https:\/\/ifa.uwr.edu.pl\/en\/wp-json\/wp\/v2\/categories\/?post=28684"},{"taxonomy":"post_tag","embeddable":true,"href":"https:\/\/ifa.uwr.edu.pl\/en\/wp-json\/wp\/v2\/tags\/?post=28684"}],"curies":[{"name":"wp","href":"https:\/\/api.w.org\/{rel}","templated":true}]}}