{"id":28894,"date":"2025-05-05T11:16:12","date_gmt":"2025-05-05T09:16:12","guid":{"rendered":"https:\/\/ifa.uwr.edu.pl\/?page_id=28894"},"modified":"2025-05-05T11:16:20","modified_gmt":"2025-05-05T09:16:20","slug":"mgr-anna-pilinska","status":"publish","type":"page","link":"https:\/\/ifa.uwr.edu.pl\/en\/staff\/mgr-anna-pilinska\/","title":{"rendered":"mgr Anna Pili\u0144ska"},"content":{"rendered":"\n<div class=\"wp-block-ugb-container ugb-container ugb-8dda971 ugb-container--v2 ugb-container--design-plain ugb-main-block\"><div class=\"ugb-inner-block\"><div class=\"ugb-block-content\"><div class=\"ugb-container__wrapper ugb-8dda971-wrapper\"><div class=\"ugb-container__side\"><div class=\"ugb-container__content-wrapper ugb-8dda971-content-wrapper\">\n<div class=\"wp-block-columns bs-news-page is-layout-flex wp-block-columns-is-layout-flex\">\n<div class=\"wp-block-column bs-kontakt-photo is-layout-flow wp-block-column-is-layout-flow\">\n<figure class=\"wp-block-image size-full\"><img loading=\"lazy\" decoding=\"async\" width=\"714\" height=\"1000\" src=\"https:\/\/ifa.uwr.edu.pl\/wp-content\/uploads\/sites\/18\/2025\/05\/AP-foto-1.jpg\" alt=\"AP\" class=\"wp-image-28897\" srcset=\"https:\/\/ifa.uwr.edu.pl\/wp-content\/uploads\/sites\/18\/2025\/05\/AP-foto-1.jpg 714w, https:\/\/ifa.uwr.edu.pl\/wp-content\/uploads\/sites\/18\/2025\/05\/AP-foto-1-214x300.jpg 214w, https:\/\/ifa.uwr.edu.pl\/wp-content\/uploads\/sites\/18\/2025\/05\/AP-foto-1-17x24.jpg 17w, https:\/\/ifa.uwr.edu.pl\/wp-content\/uploads\/sites\/18\/2025\/05\/AP-foto-1-26x36.jpg 26w, https:\/\/ifa.uwr.edu.pl\/wp-content\/uploads\/sites\/18\/2025\/05\/AP-foto-1-34x48.jpg 34w\" sizes=\"auto, (max-width: 714px) 100vw, 714px\" \/><\/figure>\n<\/div>\n\n\n\n<div class=\"wp-block-column bs-contact-right-column is-layout-flow wp-block-column-is-layout-flow\">\n<div class=\"wp-block-bonasoft-modular-breadcrumbs-block\"><div class=\"bs_add_breadcrumb_trail\"><\/div><\/div>\n\n\n\n<hr class=\"wp-block-separator has-text-color has-black-color has-css-opacity has-black-background-color has-background is-style-wide bs-border-kontakt\"\/>\n\n\n\n<h1 class=\"wp-block-heading bs-naglowek-podstrony\" id=\"prof-dr-hab-anna-michonska-stadnik\"><strong><strong>mgr Anna Pili\u0144ska<\/strong><\/strong><\/h1>\n\n\n\n<p>Department of American Literature and Culture<br><a href=\"mailto:anna.pilinska@uwr.edu.pl\">anna.pilinska@uwr.edu.pl<\/a><\/p>\n<\/div>\n<\/div>\n\n\n\n<div class=\"wp-block-ugb-container ugb-container bs-news-page-under ugb-f8694ce ugb-container--v2 ugb-container--design-plain ugb-main-block\"><div class=\"ugb-inner-block\"><div class=\"ugb-block-content\"><div class=\"ugb-container__wrapper ugb-f8694ce-wrapper\"><div class=\"ugb-container__side\"><div class=\"ugb-container__content-wrapper ugb-f8694ce-content-wrapper\">\n<p>Anna Pili\u0144ska is a lecturer in the Department of American Literature and Culture. She defended her MA thesis titled &#8220;Lolita between Adaptation and Interpretation: From Nabokov\u2019s Novel and Screenplay to Kubrick\u2019s Film&#8221; under the supervision of prof. Mariusz Marszalski; in the same year she also got her MA in Spanish Philology. In 2011, she began doctoral studies.<\/p>\n\n\n\n<p>Anna Pili\u0144ska\u2019s academic interests include the work of Vladimir Nabokov, postmodern prose, American and Latin-American short stories, film adaptations of literature, men\u2019s studies, and broadly understood popular culture. She actively participated in several conferences both in Poland and abroad (Prague, Lizbon, Cambridge, Canterbury, Dubrovnik, Biarritz). In 2015, she coorganized an international conference Focus on Fathers at the University of Wroclaw.<\/p>\n\n\n\n<p>Since February 2025, Anna Pili\u0144ska is the Dean&#8217;s Plenipotentiary for Equal Treatment and Anti-Discrimination at the Faculty of Languages, Literatures and Cultures.<\/p>\n\n\n\n<p>Monographs:<\/p>\n\n\n\n<p>Pili\u0144ska, Anna. Lolita Between Adaptation and Interpretation. From Nabokov\u2019s Novel and Screenplay to Kubrick\u2019s Film. Newcastle upon Tyne: Cambridge Scholars Publishing, 2015.<\/p>\n\n\n\n<p>Editing work:<\/p>\n\n\n\n<p>Fatherhood in Contemporary Discourse: Focus on Fathers. Ed. Anna Pili\u0144ska, Newcastle upon Tyne: Cambridge Scholars Publishing, 2017, 275 pages, ISBN 978-1-4438-7323-9.<\/p>\n\n\n\n<p>All Equally Real: Femininities and Masculinities Today (Inter-Disciplinary.Net, Praga 2013). Eds. Anna Pili\u0144ska and Harmony Siganporia, Oxford, UK: Inter-Disciplinary Press, 2014, 293 pages, ISBN 978-1-84888-312-3.<\/p>\n\n\n\n<p>Articles and chapters in monographs:<\/p>\n\n\n\n<p>Pili\u0144ska, Anna. \u201cBodies We Obsess Upon: Corporality and Gender Performance in The Heart Machine (2014)\u201d in: Bodies in Flux: Embodiments at the End of Anthropocentrism, eds. Barbara Braid and Hanan Muzaffar, Brill-Rodopi, 2017.<\/p>\n\n\n\n<p>Pili\u0144ska, Anna. \u201cNurturing or Neutering? Women in Bobbie Ann Mason\u2019s Shiloh &amp; Other Stories\u201d in: All Equally Real: Femininities and Masculinities Today, eds. Anna Pili\u0144ska and Harmony Siganporia, Oxford, UK: Inter-Disciplinary Press, 2014, pp. 47-55.<\/p>\n\n\n\n<p>Pili\u0144ska, Anna. \u201cOpowiadania Vladimira Nabokova jako literackie ba\u015bnie dla doros\u0142ych\u201d in: Ba\u015b\u0144 we wsp\u00f3\u0142czesnej kulturze tom 1, Niewyczerpana moc ba\u015bni: literatura \u2013 sztuka \u2013 kultura masowa, ed. Kornelia \u0106wiklak, Pozna\u0144: Wydawnictwo Naukowe UAM, 2014, pp. 287-296.<\/p>\n\n\n\n<p>Pili\u0144ska, Anna. \u201cDelightful Deaths: Nabokov and the Joys of Mortality\u201d in: Culture and Rites\/Rights of Grief, eds. Zbigniew Bia\u0142as, Pawe\u0142 J\u0119drzejko, Julia Szo\u0142tysek; Newcastle upon Tyne: Cambridge Scholars Publishing, 2013, pp. 123-134.<\/p>\n\n\n\n<p>Pili\u0144ska, Anna. \u201cVladimir Nabokov\u2019s Lolita: A Case of Postmodernized Gothicism\u201d in: Anglica Wratislaviensia LI 2013, pp. 59-70.<\/p>\n\n\n\n<p>Pili\u0144ska, Anna. \u201cDozwolone do lat czternastu: Dolores Haze i jej podobne\u201d, w: Bo to z\u0142a kobieta by\u0142a&#8230;: hetery, prostytutki, wariatki &#8211; kulturowy obraz kobiety (9-10 grudnia 2011), ed. Jowita Jagla; \u0141\u00f3d\u017a: Ko\u0142o Naukowe Historyk\u00f3w Sztuki. Sekcja Dawna. Katedra Historii Sztuki. Uniwersytet \u0141\u00f3dzki, 2013. &#8211; (Ars et scientia ; Vol. 1), pp. 309-318.<\/p>\n\n\n\n<p>Pili\u0144ska, Anna. \u201cCela\u2019s men and woman: multiple masculinities vs one femininity in Mazurka for two dead men\u201d, in: Romanica Silesiana 8 (2013), Wydawnictwo Uniwersytetu \u015al\u0105skiego, pp. 284-291.<\/p>\n<\/div><\/div><\/div><\/div><\/div><\/div>\n<\/div><\/div><\/div><\/div><\/div><\/div>\n","protected":false},"excerpt":{"rendered":"<p>mgr Anna Pili\u0144ska Department of American Literature and Cultureanna.pilinska@uwr.edu.pl Anna Pili\u0144ska is a lecturer in the Department of American Literature and Culture. She defended her MA thesis titled &#8220;Lolita between Adaptation and Interpretation: From Nabokov\u2019s Novel and Screenplay to Kubrick\u2019s Film&#8221; under the supervision of prof. Mariusz Marszalski; in the same year she also got [&hellip;]<\/p>\n","protected":false},"author":57,"featured_media":0,"parent":19530,"menu_order":0,"comment_status":"closed","ping_status":"closed","template":"","meta":{"_acf_changed":false,"inline_featured_image":false,"site-sidebar-layout":"","site-content-layout":"","ast-site-content-layout":"default","site-content-style":"default","site-sidebar-style":"default","ast-global-header-display":"","ast-banner-title-visibility":"","ast-main-header-display":"","ast-hfb-above-header-display":"","ast-hfb-below-header-display":"","ast-hfb-mobile-header-display":"","site-post-title":"","ast-breadcrumbs-content":"","ast-featured-img":"","footer-sml-layout":"","ast-disable-related-posts":"","theme-transparent-header-meta":"","adv-header-id-meta":"","stick-header-meta":"","header-above-stick-meta":"","header-main-stick-meta":"","header-below-stick-meta":"","astra-migrate-meta-layouts":"set","ast-page-background-enabled":"default","ast-page-background-meta":{"desktop":{"background-color":"","background-image":"","background-repeat":"repeat","background-position":"center center","background-size":"auto","background-attachment":"scroll","background-type":"","background-media":"","overlay-type":"","overlay-color":"","overlay-opacity":"","overlay-gradient":""},"tablet":{"background-color":"","background-image":"","background-repeat":"repeat","background-position":"center center","background-size":"auto","background-attachment":"scroll","background-type":"","background-media":"","overlay-type":"","overlay-color":"","overlay-opacity":"","overlay-gradient":""},"mobile":{"background-color":"","background-image":"","background-repeat":"repeat","background-position":"center center","background-size":"auto","background-attachment":"scroll","background-type":"","background-media":"","overlay-type":"","overlay-color":"","overlay-opacity":"","overlay-gradient":""}},"ast-content-background-meta":{"desktop":{"background-color":"var(--ast-global-color-5)","background-image":"","background-repeat":"repeat","background-position":"center center","background-size":"auto","background-attachment":"scroll","background-type":"","background-media":"","overlay-type":"","overlay-color":"","overlay-opacity":"","overlay-gradient":""},"tablet":{"background-color":"var(--ast-global-color-5)","background-image":"","background-repeat":"repeat","background-position":"center center","background-size":"auto","background-attachment":"scroll","background-type":"","background-media":"","overlay-type":"","overlay-color":"","overlay-opacity":"","overlay-gradient":""},"mobile":{"background-color":"var(--ast-global-color-5)","background-image":"","background-repeat":"repeat","background-position":"center center","background-size":"auto","background-attachment":"scroll","background-type":"","background-media":"","overlay-type":"","overlay-color":"","overlay-opacity":"","overlay-gradient":""}},"footnotes":""},"categories":[],"tags":[],"class_list":["post-28894","page","type-page","status-publish","hentry"],"featured_image_urls_v2":{"full":"","thumbnail":"","medium":"","medium_large":"","large":"","1536x1536":"","2048x2048":"","menu-24x24":"","menu-36x36":"","menu-48x48":""},"post_excerpt_stackable_v2":"<p>mgr Anna Pili\u0144ska Department of American Literature and Cultureanna.pilinska@uwr.edu.pl Anna Pili\u0144ska is a lecturer in the Department of American Literature and Culture. She defended her MA thesis titled &#8220;Lolita between Adaptation and Interpretation: From Nabokov\u2019s Novel and Screenplay to Kubrick\u2019s Film&#8221; under the supervision of prof. Mariusz Marszalski; in the same year she also got her MA in Spanish Philology. In 2011, she began doctoral studies. Anna Pili\u0144ska\u2019s academic interests include the work of Vladimir Nabokov, postmodern prose, American and Latin-American short stories, film adaptations of literature, men\u2019s studies, and broadly understood popular culture. She actively participated in several conferences&hellip;<\/p>\n","category_list_v2":"Uncategorized","author_info_v2":{"name":"ikubon","url":"https:\/\/ifa.uwr.edu.pl\/en\/author\/ikubon\/"},"comments_num_v2":"0 comments","acf":[],"yoast_head":"<!-- This site is optimized with the Yoast SEO plugin v27.1.1 - https:\/\/yoast.com\/product\/yoast-seo-wordpress\/ -->\n<title>mgr Anna Pili\u0144ska - Instytut Filologii Angielskiej<\/title>\n<meta name=\"description\" content=\"Instytut Filologii Angielskiej Uniwersytetu Wroc\u0142awskiego \u2013 jednostka dydaktyczno-naukowa nale\u017c\u0105ca do struktur Wydzia\u0142u Filologicznego Uniwersytetu Wroc\u0142awskiego.\" \/>\n<meta name=\"robots\" content=\"index, follow, max-snippet:-1, max-image-preview:large, max-video-preview:-1\" \/>\n<link rel=\"canonical\" href=\"https:\/\/ifa.uwr.edu.pl\/en\/staff\/mgr-anna-pilinska\/\" \/>\n<meta property=\"og:locale\" content=\"en_US\" \/>\n<meta property=\"og:type\" content=\"article\" \/>\n<meta property=\"og:title\" content=\"mgr Anna Pili\u0144ska - Instytut Filologii Angielskiej\" \/>\n<meta property=\"og:description\" content=\"Instytut Filologii Angielskiej Uniwersytetu Wroc\u0142awskiego \u2013 jednostka dydaktyczno-naukowa nale\u017c\u0105ca do struktur Wydzia\u0142u Filologicznego Uniwersytetu Wroc\u0142awskiego.\" \/>\n<meta property=\"og:url\" content=\"https:\/\/ifa.uwr.edu.pl\/en\/staff\/mgr-anna-pilinska\/\" \/>\n<meta property=\"og:site_name\" content=\"Instytut Filologii Angielskiej\" \/>\n<meta property=\"article:modified_time\" content=\"2025-05-05T09:16:20+00:00\" \/>\n<meta property=\"og:image\" content=\"https:\/\/ifa.uwr.edu.pl\/wp-content\/uploads\/sites\/18\/2025\/05\/AP-foto-1.jpg\" \/>\n<meta name=\"twitter:card\" content=\"summary_large_image\" \/>\n<meta name=\"twitter:label1\" content=\"Est. reading time\" \/>\n\t<meta name=\"twitter:data1\" content=\"3 minutes\" \/>\n<script type=\"application\/ld+json\" class=\"yoast-schema-graph\">{\"@context\":\"https:\/\/schema.org\",\"@graph\":[{\"@type\":\"WebPage\",\"@id\":\"https:\/\/ifa.uwr.edu.pl\/en\/staff\/mgr-anna-pilinska\/\",\"url\":\"https:\/\/ifa.uwr.edu.pl\/en\/staff\/mgr-anna-pilinska\/\",\"name\":\"mgr Anna Pili\u0144ska - Instytut Filologii Angielskiej\",\"isPartOf\":{\"@id\":\"https:\/\/ifa.uwr.edu.pl\/#website\"},\"primaryImageOfPage\":{\"@id\":\"https:\/\/ifa.uwr.edu.pl\/en\/staff\/mgr-anna-pilinska\/#primaryimage\"},\"image\":{\"@id\":\"https:\/\/ifa.uwr.edu.pl\/en\/staff\/mgr-anna-pilinska\/#primaryimage\"},\"thumbnailUrl\":\"https:\/\/ifa.uwr.edu.pl\/wp-content\/uploads\/sites\/18\/2025\/05\/AP-foto-1.jpg\",\"datePublished\":\"2025-05-05T09:16:12+00:00\",\"dateModified\":\"2025-05-05T09:16:20+00:00\",\"description\":\"Instytut Filologii Angielskiej Uniwersytetu Wroc\u0142awskiego \u2013 jednostka dydaktyczno-naukowa nale\u017c\u0105ca do struktur Wydzia\u0142u Filologicznego Uniwersytetu Wroc\u0142awskiego.\",\"breadcrumb\":{\"@id\":\"https:\/\/ifa.uwr.edu.pl\/en\/staff\/mgr-anna-pilinska\/#breadcrumb\"},\"inLanguage\":\"en-US\",\"potentialAction\":[{\"@type\":\"ReadAction\",\"target\":[\"https:\/\/ifa.uwr.edu.pl\/en\/staff\/mgr-anna-pilinska\/\"]}]},{\"@type\":\"ImageObject\",\"inLanguage\":\"en-US\",\"@id\":\"https:\/\/ifa.uwr.edu.pl\/en\/staff\/mgr-anna-pilinska\/#primaryimage\",\"url\":\"https:\/\/ifa.uwr.edu.pl\/wp-content\/uploads\/sites\/18\/2025\/05\/AP-foto-1.jpg\",\"contentUrl\":\"https:\/\/ifa.uwr.edu.pl\/wp-content\/uploads\/sites\/18\/2025\/05\/AP-foto-1.jpg\"},{\"@type\":\"BreadcrumbList\",\"@id\":\"https:\/\/ifa.uwr.edu.pl\/en\/staff\/mgr-anna-pilinska\/#breadcrumb\",\"itemListElement\":[{\"@type\":\"ListItem\",\"position\":1,\"name\":\"Strona g\u0142\u00f3wna\",\"item\":\"https:\/\/ifa.uwr.edu.pl\/en\/\"},{\"@type\":\"ListItem\",\"position\":2,\"name\":\"Staff\",\"item\":\"https:\/\/ifa.uwr.edu.pl\/en\/staff\/\"},{\"@type\":\"ListItem\",\"position\":3,\"name\":\"mgr Anna Pili\u0144ska\"}]},{\"@type\":\"WebSite\",\"@id\":\"https:\/\/ifa.uwr.edu.pl\/#website\",\"url\":\"https:\/\/ifa.uwr.edu.pl\/\",\"name\":\"Instytut Filologii Angielskiej\",\"description\":\"Instytut Filologii Angielskiej\",\"publisher\":{\"@id\":\"https:\/\/ifa.uwr.edu.pl\/#organization\"},\"potentialAction\":[{\"@type\":\"SearchAction\",\"target\":{\"@type\":\"EntryPoint\",\"urlTemplate\":\"https:\/\/ifa.uwr.edu.pl\/?s={search_term_string}\"},\"query-input\":{\"@type\":\"PropertyValueSpecification\",\"valueRequired\":true,\"valueName\":\"search_term_string\"}}],\"inLanguage\":\"en-US\"},{\"@type\":\"Organization\",\"@id\":\"https:\/\/ifa.uwr.edu.pl\/#organization\",\"name\":\"Instytut Filologii Angielskiej\",\"url\":\"https:\/\/ifa.uwr.edu.pl\/\",\"logo\":{\"@type\":\"ImageObject\",\"inLanguage\":\"en-US\",\"@id\":\"https:\/\/ifa.uwr.edu.pl\/#\/schema\/logo\/image\/\",\"url\":\"https:\/\/ifa.uwr.edu.pl\/wp-content\/uploads\/sites\/18\/2025\/10\/cropped-UWr-logotyp-2025.png\",\"contentUrl\":\"https:\/\/ifa.uwr.edu.pl\/wp-content\/uploads\/sites\/18\/2025\/10\/cropped-UWr-logotyp-2025.png\",\"width\":764,\"height\":269,\"caption\":\"Instytut Filologii Angielskiej\"},\"image\":{\"@id\":\"https:\/\/ifa.uwr.edu.pl\/#\/schema\/logo\/image\/\"}}]}<\/script>\n<!-- \/ Yoast SEO plugin. -->","yoast_head_json":{"title":"mgr Anna Pili\u0144ska - Instytut Filologii Angielskiej","description":"Instytut Filologii Angielskiej Uniwersytetu Wroc\u0142awskiego \u2013 jednostka dydaktyczno-naukowa nale\u017c\u0105ca do struktur Wydzia\u0142u Filologicznego Uniwersytetu Wroc\u0142awskiego.","robots":{"index":"index","follow":"follow","max-snippet":"max-snippet:-1","max-image-preview":"max-image-preview:large","max-video-preview":"max-video-preview:-1"},"canonical":"https:\/\/ifa.uwr.edu.pl\/en\/staff\/mgr-anna-pilinska\/","og_locale":"en_US","og_type":"article","og_title":"mgr Anna Pili\u0144ska - Instytut Filologii Angielskiej","og_description":"Instytut Filologii Angielskiej Uniwersytetu Wroc\u0142awskiego \u2013 jednostka dydaktyczno-naukowa nale\u017c\u0105ca do struktur Wydzia\u0142u Filologicznego Uniwersytetu Wroc\u0142awskiego.","og_url":"https:\/\/ifa.uwr.edu.pl\/en\/staff\/mgr-anna-pilinska\/","og_site_name":"Instytut Filologii Angielskiej","article_modified_time":"2025-05-05T09:16:20+00:00","og_image":[{"url":"https:\/\/ifa.uwr.edu.pl\/wp-content\/uploads\/sites\/18\/2025\/05\/AP-foto-1.jpg","type":"","width":"","height":""}],"twitter_card":"summary_large_image","twitter_misc":{"Est. reading time":"3 minutes"},"schema":{"@context":"https:\/\/schema.org","@graph":[{"@type":"WebPage","@id":"https:\/\/ifa.uwr.edu.pl\/en\/staff\/mgr-anna-pilinska\/","url":"https:\/\/ifa.uwr.edu.pl\/en\/staff\/mgr-anna-pilinska\/","name":"mgr Anna Pili\u0144ska - Instytut Filologii Angielskiej","isPartOf":{"@id":"https:\/\/ifa.uwr.edu.pl\/#website"},"primaryImageOfPage":{"@id":"https:\/\/ifa.uwr.edu.pl\/en\/staff\/mgr-anna-pilinska\/#primaryimage"},"image":{"@id":"https:\/\/ifa.uwr.edu.pl\/en\/staff\/mgr-anna-pilinska\/#primaryimage"},"thumbnailUrl":"https:\/\/ifa.uwr.edu.pl\/wp-content\/uploads\/sites\/18\/2025\/05\/AP-foto-1.jpg","datePublished":"2025-05-05T09:16:12+00:00","dateModified":"2025-05-05T09:16:20+00:00","description":"Instytut Filologii Angielskiej Uniwersytetu Wroc\u0142awskiego \u2013 jednostka dydaktyczno-naukowa nale\u017c\u0105ca do struktur Wydzia\u0142u Filologicznego Uniwersytetu Wroc\u0142awskiego.","breadcrumb":{"@id":"https:\/\/ifa.uwr.edu.pl\/en\/staff\/mgr-anna-pilinska\/#breadcrumb"},"inLanguage":"en-US","potentialAction":[{"@type":"ReadAction","target":["https:\/\/ifa.uwr.edu.pl\/en\/staff\/mgr-anna-pilinska\/"]}]},{"@type":"ImageObject","inLanguage":"en-US","@id":"https:\/\/ifa.uwr.edu.pl\/en\/staff\/mgr-anna-pilinska\/#primaryimage","url":"https:\/\/ifa.uwr.edu.pl\/wp-content\/uploads\/sites\/18\/2025\/05\/AP-foto-1.jpg","contentUrl":"https:\/\/ifa.uwr.edu.pl\/wp-content\/uploads\/sites\/18\/2025\/05\/AP-foto-1.jpg"},{"@type":"BreadcrumbList","@id":"https:\/\/ifa.uwr.edu.pl\/en\/staff\/mgr-anna-pilinska\/#breadcrumb","itemListElement":[{"@type":"ListItem","position":1,"name":"Strona g\u0142\u00f3wna","item":"https:\/\/ifa.uwr.edu.pl\/en\/"},{"@type":"ListItem","position":2,"name":"Staff","item":"https:\/\/ifa.uwr.edu.pl\/en\/staff\/"},{"@type":"ListItem","position":3,"name":"mgr Anna Pili\u0144ska"}]},{"@type":"WebSite","@id":"https:\/\/ifa.uwr.edu.pl\/#website","url":"https:\/\/ifa.uwr.edu.pl\/","name":"Instytut Filologii Angielskiej","description":"Instytut Filologii Angielskiej","publisher":{"@id":"https:\/\/ifa.uwr.edu.pl\/#organization"},"potentialAction":[{"@type":"SearchAction","target":{"@type":"EntryPoint","urlTemplate":"https:\/\/ifa.uwr.edu.pl\/?s={search_term_string}"},"query-input":{"@type":"PropertyValueSpecification","valueRequired":true,"valueName":"search_term_string"}}],"inLanguage":"en-US"},{"@type":"Organization","@id":"https:\/\/ifa.uwr.edu.pl\/#organization","name":"Instytut Filologii Angielskiej","url":"https:\/\/ifa.uwr.edu.pl\/","logo":{"@type":"ImageObject","inLanguage":"en-US","@id":"https:\/\/ifa.uwr.edu.pl\/#\/schema\/logo\/image\/","url":"https:\/\/ifa.uwr.edu.pl\/wp-content\/uploads\/sites\/18\/2025\/10\/cropped-UWr-logotyp-2025.png","contentUrl":"https:\/\/ifa.uwr.edu.pl\/wp-content\/uploads\/sites\/18\/2025\/10\/cropped-UWr-logotyp-2025.png","width":764,"height":269,"caption":"Instytut Filologii Angielskiej"},"image":{"@id":"https:\/\/ifa.uwr.edu.pl\/#\/schema\/logo\/image\/"}}]}},"publishpress_future_action":{"enabled":false,"date":"2026-04-19 00:52:48","action":"change-status","newStatus":"draft","terms":[],"taxonomy":"category","extraData":[]},"publishpress_future_workflow_manual_trigger":{"enabledWorkflows":[]},"_links":{"self":[{"href":"https:\/\/ifa.uwr.edu.pl\/en\/wp-json\/wp\/v2\/pages\/28894\/"}],"collection":[{"href":"https:\/\/ifa.uwr.edu.pl\/en\/wp-json\/wp\/v2\/pages\/"}],"about":[{"href":"https:\/\/ifa.uwr.edu.pl\/en\/wp-json\/wp\/v2\/types\/page\/"}],"author":[{"embeddable":true,"href":"https:\/\/ifa.uwr.edu.pl\/en\/wp-json\/wp\/v2\/users\/57\/"}],"replies":[{"embeddable":true,"href":"https:\/\/ifa.uwr.edu.pl\/en\/wp-json\/wp\/v2\/comments\/?post=28894"}],"version-history":[{"count":1,"href":"https:\/\/ifa.uwr.edu.pl\/en\/wp-json\/wp\/v2\/pages\/28894\/revisions\/"}],"predecessor-version":[{"id":28903,"href":"https:\/\/ifa.uwr.edu.pl\/en\/wp-json\/wp\/v2\/pages\/28894\/revisions\/28903\/"}],"up":[{"embeddable":true,"href":"https:\/\/ifa.uwr.edu.pl\/en\/wp-json\/wp\/v2\/pages\/19530\/"}],"wp:attachment":[{"href":"https:\/\/ifa.uwr.edu.pl\/en\/wp-json\/wp\/v2\/media\/?parent=28894"}],"wp:term":[{"taxonomy":"category","embeddable":true,"href":"https:\/\/ifa.uwr.edu.pl\/en\/wp-json\/wp\/v2\/categories\/?post=28894"},{"taxonomy":"post_tag","embeddable":true,"href":"https:\/\/ifa.uwr.edu.pl\/en\/wp-json\/wp\/v2\/tags\/?post=28894"}],"curies":[{"name":"wp","href":"https:\/\/api.w.org\/{rel}","templated":true}]}}