{"id":30222,"date":"2025-10-03T10:57:21","date_gmt":"2025-10-03T08:57:21","guid":{"rendered":"https:\/\/ifa.uwr.edu.pl\/?page_id=30222"},"modified":"2025-10-08T14:54:04","modified_gmt":"2025-10-08T12:54:04","slug":"mgr-zofia-pigon","status":"publish","type":"page","link":"https:\/\/ifa.uwr.edu.pl\/en\/staff\/mgr-zofia-pigon\/","title":{"rendered":"mgr Zofia Pigo\u0144"},"content":{"rendered":"\n<div class=\"wp-block-ugb-container ugb-container ugb-8dda971 ugb-container--v2 ugb-container--design-plain ugb-main-block\"><div class=\"ugb-inner-block\"><div class=\"ugb-block-content\"><div class=\"ugb-container__wrapper ugb-8dda971-wrapper\"><div class=\"ugb-container__side\"><div class=\"ugb-container__content-wrapper ugb-8dda971-content-wrapper\">\n<div class=\"wp-block-columns bs-news-page is-layout-flex wp-block-columns-is-layout-flex\">\n<div class=\"wp-block-column bs-kontakt-photo is-layout-flow wp-block-column-is-layout-flow\"><\/div>\n\n\n\n<div class=\"wp-block-column bs-contact-right-column is-layout-flow wp-block-column-is-layout-flow\">\n<div class=\"wp-block-bonasoft-modular-breadcrumbs-block\"><div class=\"bs_add_breadcrumb_trail\"><\/div><\/div>\n\n\n\n<hr class=\"wp-block-separator has-text-color has-black-color has-css-opacity has-black-background-color has-background is-style-wide bs-border-kontakt\"\/>\n\n\n\n<h1 class=\"wp-block-heading bs-naglowek-podstrony\" id=\"prof-dr-hab-anna-michonska-stadnik\"><strong><strong>mgr Zofia Pigo\u0144<\/strong><\/strong><\/h1>\n\n\n\n<p>Department of English Literature and Comparative Studies<\/p>\n\n\n\n<p><a href=\"mailto:zofia.pigon2@uwr.edu.pl\">zofia.pigon2@uwr.edu.pl<\/a><\/p>\n<\/div>\n<\/div>\n\n\n\n<div class=\"wp-block-ugb-container ugb-container bs-news-page-under ugb-f8694ce ugb-container--v2 ugb-container--design-plain ugb-main-block\"><div class=\"ugb-inner-block\"><div class=\"ugb-block-content\"><div class=\"ugb-container__wrapper ugb-f8694ce-wrapper\"><div class=\"ugb-container__side\"><div class=\"ugb-container__content-wrapper ugb-f8694ce-content-wrapper\">\n<p>Zofia Pigo\u0144 is a teaching assistant in the Department of English Literature at the Institute of English Studies. She is a double graduate of the Master\u2019s studies at the University of Wroc\u0142aw. In 2022, she received a Master\u2019s degree in French philology, with her thesis supervised by professor Maja Paw\u0142owska and focused on the theme of longing in the letters of Madame de S\u00e9vign\u00e9. In 2024, she received a Master\u2019s degree in English philology. Her second thesis, supervised by professor Wojciech Dr\u0105g, concerned the cruelty of nature in the selected works of Thomas Hardy (these being <em>The Woodlanders<\/em>, <em>The Return of the Native<\/em> and <em>Two on a Tower<\/em>). The thesis received recognition in the <em>Excellence&nbsp;in Students\u2019 Research <\/em>competition. In 2025 she began her doctoral studies at the University of Wroc\u0142aw. The subject of her PhD thesis will concern the depiction of the world of nature in the novels by Thomas Hardy, set against the philosophical thought of Gaston Bachelard.<\/p>\n\n\n\n<p>Her academic interests centre around 19th-century literature, particularly the works of Thomas Hardy, as well as the depiction of nature, folklore and the supernatural.<\/p>\n\n\n\n<p>She took part in the Erasmus programme at the University of Lille in 2021 and at the University of Le Mans in 2023.<\/p>\n\n\n\n<p><strong>Articles in journals:<\/strong><\/p>\n\n\n\n<p>Pigo\u0144, Zofia. Unearthly Nature: The Strangeness of Arbospaces in Thomas Hardy\u2019s <em>The Woodlanders. Text Matters<\/em> 14, 2024: 433-450.<\/p>\n\n\n\n<p>Pigo\u0144, Zofia. Of Trees and Men: Arboreal Kinship in Thomas Hardy\u2019s <em>The Woodlanders<\/em> and George Eliot\u2019s <em>Adam Bede<\/em>. Orbis Linguarum 59, 2025.<\/p>\n\n\n\n<p><strong>Conference papers:<\/strong><\/p>\n\n\n\n<p>\u201eSurveiller&nbsp;et punir : le probl\u00e8me des violences polici\u00e8res en France\u201d, students\u2019 conference at the Institute of Romance Philology: \u201eLe&nbsp;citoyen&nbsp;moderne&nbsp;: entre les contraints du syst\u00e8me et la libert\u00e9 du choix\u201d, 26.05.2021;<\/p>\n\n\n\n<p>\u201eFrancuski szyk na polskich ulicach\u201d, students\u2019 conference at &nbsp;the Institute of Romance Philology: \u201eR\u00f3\u017cne oblicza Francji w kontek\u015bcie wielokulturowo\u015bci\u201d, 17.05.2019.<\/p>\n<\/div><\/div><\/div><\/div><\/div><\/div>\n<\/div><\/div><\/div><\/div><\/div><\/div>\n","protected":false},"excerpt":{"rendered":"<p>mgr Zofia Pigo\u0144 Department of English Literature and Comparative Studies zofia.pigon2@uwr.edu.pl Zofia Pigo\u0144 is a teaching assistant in the Department of English Literature at the Institute of English Studies. She is a double graduate of the Master\u2019s studies at the University of Wroc\u0142aw. In 2022, she received a Master\u2019s degree in French philology, with her [&hellip;]<\/p>\n","protected":false},"author":57,"featured_media":0,"parent":19530,"menu_order":0,"comment_status":"closed","ping_status":"closed","template":"","meta":{"_acf_changed":false,"inline_featured_image":false,"site-sidebar-layout":"","site-content-layout":"","ast-site-content-layout":"default","site-content-style":"default","site-sidebar-style":"default","ast-global-header-display":"","ast-banner-title-visibility":"","ast-main-header-display":"","ast-hfb-above-header-display":"","ast-hfb-below-header-display":"","ast-hfb-mobile-header-display":"","site-post-title":"","ast-breadcrumbs-content":"","ast-featured-img":"","footer-sml-layout":"","ast-disable-related-posts":"","theme-transparent-header-meta":"","adv-header-id-meta":"","stick-header-meta":"","header-above-stick-meta":"","header-main-stick-meta":"","header-below-stick-meta":"","astra-migrate-meta-layouts":"set","ast-page-background-enabled":"default","ast-page-background-meta":{"desktop":{"background-color":"","background-image":"","background-repeat":"repeat","background-position":"center center","background-size":"auto","background-attachment":"scroll","background-type":"","background-media":"","overlay-type":"","overlay-color":"","overlay-opacity":"","overlay-gradient":""},"tablet":{"background-color":"","background-image":"","background-repeat":"repeat","background-position":"center center","background-size":"auto","background-attachment":"scroll","background-type":"","background-media":"","overlay-type":"","overlay-color":"","overlay-opacity":"","overlay-gradient":""},"mobile":{"background-color":"","background-image":"","background-repeat":"repeat","background-position":"center center","background-size":"auto","background-attachment":"scroll","background-type":"","background-media":"","overlay-type":"","overlay-color":"","overlay-opacity":"","overlay-gradient":""}},"ast-content-background-meta":{"desktop":{"background-color":"var(--ast-global-color-5)","background-image":"","background-repeat":"repeat","background-position":"center center","background-size":"auto","background-attachment":"scroll","background-type":"","background-media":"","overlay-type":"","overlay-color":"","overlay-opacity":"","overlay-gradient":""},"tablet":{"background-color":"var(--ast-global-color-5)","background-image":"","background-repeat":"repeat","background-position":"center center","background-size":"auto","background-attachment":"scroll","background-type":"","background-media":"","overlay-type":"","overlay-color":"","overlay-opacity":"","overlay-gradient":""},"mobile":{"background-color":"var(--ast-global-color-5)","background-image":"","background-repeat":"repeat","background-position":"center center","background-size":"auto","background-attachment":"scroll","background-type":"","background-media":"","overlay-type":"","overlay-color":"","overlay-opacity":"","overlay-gradient":""}},"footnotes":""},"categories":[],"tags":[],"class_list":["post-30222","page","type-page","status-publish","hentry"],"featured_image_urls_v2":{"full":"","thumbnail":"","medium":"","medium_large":"","large":"","1536x1536":"","2048x2048":"","menu-24x24":"","menu-36x36":"","menu-48x48":""},"post_excerpt_stackable_v2":"<p>mgr Zofia Pigo\u0144 Department of English Literature and Comparative Studies zofia.pigon2@uwr.edu.pl Zofia Pigo\u0144 is a teaching assistant in the Department of English Literature at the Institute of English Studies. She is a double graduate of the Master\u2019s studies at the University of Wroc\u0142aw. In 2022, she received a Master\u2019s degree in French philology, with her thesis supervised by professor Maja Paw\u0142owska and focused on the theme of longing in the letters of Madame de S\u00e9vign\u00e9. In 2024, she received a Master\u2019s degree in English philology. Her second thesis, supervised by professor Wojciech Dr\u0105g, concerned the cruelty of nature in the&hellip;<\/p>\n","category_list_v2":"Uncategorized","author_info_v2":{"name":"ikubon","url":"https:\/\/ifa.uwr.edu.pl\/en\/author\/ikubon\/"},"comments_num_v2":"0 comments","acf":[],"yoast_head":"<!-- This site is optimized with the Yoast SEO plugin v27.1.1 - https:\/\/yoast.com\/product\/yoast-seo-wordpress\/ -->\n<title>mgr Zofia Pigo\u0144 - Instytut Filologii Angielskiej<\/title>\n<meta name=\"description\" content=\"Instytut Filologii Angielskiej Uniwersytetu Wroc\u0142awskiego \u2013 jednostka dydaktyczno-naukowa nale\u017c\u0105ca do struktur Wydzia\u0142u Filologicznego Uniwersytetu Wroc\u0142awskiego.\" \/>\n<meta name=\"robots\" content=\"index, follow, max-snippet:-1, max-image-preview:large, max-video-preview:-1\" \/>\n<link rel=\"canonical\" href=\"https:\/\/ifa.uwr.edu.pl\/en\/staff\/mgr-zofia-pigon\/\" \/>\n<meta property=\"og:locale\" content=\"en_US\" \/>\n<meta property=\"og:type\" content=\"article\" \/>\n<meta property=\"og:title\" content=\"mgr Zofia Pigo\u0144 - Instytut Filologii Angielskiej\" \/>\n<meta property=\"og:description\" content=\"Instytut Filologii Angielskiej Uniwersytetu Wroc\u0142awskiego \u2013 jednostka dydaktyczno-naukowa nale\u017c\u0105ca do struktur Wydzia\u0142u Filologicznego Uniwersytetu Wroc\u0142awskiego.\" \/>\n<meta property=\"og:url\" content=\"https:\/\/ifa.uwr.edu.pl\/en\/staff\/mgr-zofia-pigon\/\" \/>\n<meta property=\"og:site_name\" content=\"Instytut Filologii Angielskiej\" \/>\n<meta property=\"article:modified_time\" content=\"2025-10-08T12:54:04+00:00\" \/>\n<meta name=\"twitter:card\" content=\"summary_large_image\" \/>\n<meta name=\"twitter:label1\" content=\"Est. reading time\" \/>\n\t<meta name=\"twitter:data1\" content=\"2 minutes\" \/>\n<script type=\"application\/ld+json\" class=\"yoast-schema-graph\">{\"@context\":\"https:\/\/schema.org\",\"@graph\":[{\"@type\":\"WebPage\",\"@id\":\"https:\/\/ifa.uwr.edu.pl\/en\/staff\/mgr-zofia-pigon\/\",\"url\":\"https:\/\/ifa.uwr.edu.pl\/en\/staff\/mgr-zofia-pigon\/\",\"name\":\"mgr Zofia Pigo\u0144 - Instytut Filologii Angielskiej\",\"isPartOf\":{\"@id\":\"https:\/\/ifa.uwr.edu.pl\/#website\"},\"datePublished\":\"2025-10-03T08:57:21+00:00\",\"dateModified\":\"2025-10-08T12:54:04+00:00\",\"description\":\"Instytut Filologii Angielskiej Uniwersytetu Wroc\u0142awskiego \u2013 jednostka dydaktyczno-naukowa nale\u017c\u0105ca do struktur Wydzia\u0142u Filologicznego Uniwersytetu Wroc\u0142awskiego.\",\"breadcrumb\":{\"@id\":\"https:\/\/ifa.uwr.edu.pl\/en\/staff\/mgr-zofia-pigon\/#breadcrumb\"},\"inLanguage\":\"en-US\",\"potentialAction\":[{\"@type\":\"ReadAction\",\"target\":[\"https:\/\/ifa.uwr.edu.pl\/en\/staff\/mgr-zofia-pigon\/\"]}]},{\"@type\":\"BreadcrumbList\",\"@id\":\"https:\/\/ifa.uwr.edu.pl\/en\/staff\/mgr-zofia-pigon\/#breadcrumb\",\"itemListElement\":[{\"@type\":\"ListItem\",\"position\":1,\"name\":\"Strona g\u0142\u00f3wna\",\"item\":\"https:\/\/ifa.uwr.edu.pl\/en\/\"},{\"@type\":\"ListItem\",\"position\":2,\"name\":\"Staff\",\"item\":\"https:\/\/ifa.uwr.edu.pl\/en\/staff\/\"},{\"@type\":\"ListItem\",\"position\":3,\"name\":\"mgr Zofia Pigo\u0144\"}]},{\"@type\":\"WebSite\",\"@id\":\"https:\/\/ifa.uwr.edu.pl\/#website\",\"url\":\"https:\/\/ifa.uwr.edu.pl\/\",\"name\":\"Instytut Filologii Angielskiej\",\"description\":\"Instytut Filologii Angielskiej\",\"publisher\":{\"@id\":\"https:\/\/ifa.uwr.edu.pl\/#organization\"},\"potentialAction\":[{\"@type\":\"SearchAction\",\"target\":{\"@type\":\"EntryPoint\",\"urlTemplate\":\"https:\/\/ifa.uwr.edu.pl\/?s={search_term_string}\"},\"query-input\":{\"@type\":\"PropertyValueSpecification\",\"valueRequired\":true,\"valueName\":\"search_term_string\"}}],\"inLanguage\":\"en-US\"},{\"@type\":\"Organization\",\"@id\":\"https:\/\/ifa.uwr.edu.pl\/#organization\",\"name\":\"Instytut Filologii Angielskiej\",\"url\":\"https:\/\/ifa.uwr.edu.pl\/\",\"logo\":{\"@type\":\"ImageObject\",\"inLanguage\":\"en-US\",\"@id\":\"https:\/\/ifa.uwr.edu.pl\/#\/schema\/logo\/image\/\",\"url\":\"https:\/\/ifa.uwr.edu.pl\/wp-content\/uploads\/sites\/18\/2025\/10\/cropped-UWr-logotyp-2025.png\",\"contentUrl\":\"https:\/\/ifa.uwr.edu.pl\/wp-content\/uploads\/sites\/18\/2025\/10\/cropped-UWr-logotyp-2025.png\",\"width\":764,\"height\":269,\"caption\":\"Instytut Filologii Angielskiej\"},\"image\":{\"@id\":\"https:\/\/ifa.uwr.edu.pl\/#\/schema\/logo\/image\/\"}}]}<\/script>\n<!-- \/ Yoast SEO plugin. -->","yoast_head_json":{"title":"mgr Zofia Pigo\u0144 - Instytut Filologii Angielskiej","description":"Instytut Filologii Angielskiej Uniwersytetu Wroc\u0142awskiego \u2013 jednostka dydaktyczno-naukowa nale\u017c\u0105ca do struktur Wydzia\u0142u Filologicznego Uniwersytetu Wroc\u0142awskiego.","robots":{"index":"index","follow":"follow","max-snippet":"max-snippet:-1","max-image-preview":"max-image-preview:large","max-video-preview":"max-video-preview:-1"},"canonical":"https:\/\/ifa.uwr.edu.pl\/en\/staff\/mgr-zofia-pigon\/","og_locale":"en_US","og_type":"article","og_title":"mgr Zofia Pigo\u0144 - Instytut Filologii Angielskiej","og_description":"Instytut Filologii Angielskiej Uniwersytetu Wroc\u0142awskiego \u2013 jednostka dydaktyczno-naukowa nale\u017c\u0105ca do struktur Wydzia\u0142u Filologicznego Uniwersytetu Wroc\u0142awskiego.","og_url":"https:\/\/ifa.uwr.edu.pl\/en\/staff\/mgr-zofia-pigon\/","og_site_name":"Instytut Filologii Angielskiej","article_modified_time":"2025-10-08T12:54:04+00:00","twitter_card":"summary_large_image","twitter_misc":{"Est. reading time":"2 minutes"},"schema":{"@context":"https:\/\/schema.org","@graph":[{"@type":"WebPage","@id":"https:\/\/ifa.uwr.edu.pl\/en\/staff\/mgr-zofia-pigon\/","url":"https:\/\/ifa.uwr.edu.pl\/en\/staff\/mgr-zofia-pigon\/","name":"mgr Zofia Pigo\u0144 - Instytut Filologii Angielskiej","isPartOf":{"@id":"https:\/\/ifa.uwr.edu.pl\/#website"},"datePublished":"2025-10-03T08:57:21+00:00","dateModified":"2025-10-08T12:54:04+00:00","description":"Instytut Filologii Angielskiej Uniwersytetu Wroc\u0142awskiego \u2013 jednostka dydaktyczno-naukowa nale\u017c\u0105ca do struktur Wydzia\u0142u Filologicznego Uniwersytetu Wroc\u0142awskiego.","breadcrumb":{"@id":"https:\/\/ifa.uwr.edu.pl\/en\/staff\/mgr-zofia-pigon\/#breadcrumb"},"inLanguage":"en-US","potentialAction":[{"@type":"ReadAction","target":["https:\/\/ifa.uwr.edu.pl\/en\/staff\/mgr-zofia-pigon\/"]}]},{"@type":"BreadcrumbList","@id":"https:\/\/ifa.uwr.edu.pl\/en\/staff\/mgr-zofia-pigon\/#breadcrumb","itemListElement":[{"@type":"ListItem","position":1,"name":"Strona g\u0142\u00f3wna","item":"https:\/\/ifa.uwr.edu.pl\/en\/"},{"@type":"ListItem","position":2,"name":"Staff","item":"https:\/\/ifa.uwr.edu.pl\/en\/staff\/"},{"@type":"ListItem","position":3,"name":"mgr Zofia Pigo\u0144"}]},{"@type":"WebSite","@id":"https:\/\/ifa.uwr.edu.pl\/#website","url":"https:\/\/ifa.uwr.edu.pl\/","name":"Instytut Filologii Angielskiej","description":"Instytut Filologii Angielskiej","publisher":{"@id":"https:\/\/ifa.uwr.edu.pl\/#organization"},"potentialAction":[{"@type":"SearchAction","target":{"@type":"EntryPoint","urlTemplate":"https:\/\/ifa.uwr.edu.pl\/?s={search_term_string}"},"query-input":{"@type":"PropertyValueSpecification","valueRequired":true,"valueName":"search_term_string"}}],"inLanguage":"en-US"},{"@type":"Organization","@id":"https:\/\/ifa.uwr.edu.pl\/#organization","name":"Instytut Filologii Angielskiej","url":"https:\/\/ifa.uwr.edu.pl\/","logo":{"@type":"ImageObject","inLanguage":"en-US","@id":"https:\/\/ifa.uwr.edu.pl\/#\/schema\/logo\/image\/","url":"https:\/\/ifa.uwr.edu.pl\/wp-content\/uploads\/sites\/18\/2025\/10\/cropped-UWr-logotyp-2025.png","contentUrl":"https:\/\/ifa.uwr.edu.pl\/wp-content\/uploads\/sites\/18\/2025\/10\/cropped-UWr-logotyp-2025.png","width":764,"height":269,"caption":"Instytut Filologii Angielskiej"},"image":{"@id":"https:\/\/ifa.uwr.edu.pl\/#\/schema\/logo\/image\/"}}]}},"publishpress_future_action":{"enabled":false,"date":"2026-04-18 21:56:34","action":"change-status","newStatus":"draft","terms":[],"taxonomy":"category","extraData":[]},"publishpress_future_workflow_manual_trigger":{"enabledWorkflows":[]},"_links":{"self":[{"href":"https:\/\/ifa.uwr.edu.pl\/en\/wp-json\/wp\/v2\/pages\/30222\/"}],"collection":[{"href":"https:\/\/ifa.uwr.edu.pl\/en\/wp-json\/wp\/v2\/pages\/"}],"about":[{"href":"https:\/\/ifa.uwr.edu.pl\/en\/wp-json\/wp\/v2\/types\/page\/"}],"author":[{"embeddable":true,"href":"https:\/\/ifa.uwr.edu.pl\/en\/wp-json\/wp\/v2\/users\/57\/"}],"replies":[{"embeddable":true,"href":"https:\/\/ifa.uwr.edu.pl\/en\/wp-json\/wp\/v2\/comments\/?post=30222"}],"version-history":[{"count":2,"href":"https:\/\/ifa.uwr.edu.pl\/en\/wp-json\/wp\/v2\/pages\/30222\/revisions\/"}],"predecessor-version":[{"id":30344,"href":"https:\/\/ifa.uwr.edu.pl\/en\/wp-json\/wp\/v2\/pages\/30222\/revisions\/30344\/"}],"up":[{"embeddable":true,"href":"https:\/\/ifa.uwr.edu.pl\/en\/wp-json\/wp\/v2\/pages\/19530\/"}],"wp:attachment":[{"href":"https:\/\/ifa.uwr.edu.pl\/en\/wp-json\/wp\/v2\/media\/?parent=30222"}],"wp:term":[{"taxonomy":"category","embeddable":true,"href":"https:\/\/ifa.uwr.edu.pl\/en\/wp-json\/wp\/v2\/categories\/?post=30222"},{"taxonomy":"post_tag","embeddable":true,"href":"https:\/\/ifa.uwr.edu.pl\/en\/wp-json\/wp\/v2\/tags\/?post=30222"}],"curies":[{"name":"wp","href":"https:\/\/api.w.org\/{rel}","templated":true}]}}